{"id":10,"date":"2015-07-19T11:49:50","date_gmt":"2015-07-19T09:49:50","guid":{"rendered":"https:\/\/berndfischer.com\/?page_id=10"},"modified":"2015-10-19T21:03:52","modified_gmt":"2015-10-19T19:03:52","slug":"commissioned-works","status":"publish","type":"page","link":"https:\/\/berndfischer.com\/en\/commissioned-works\/","title":{"rendered":"Commissioned works"},"content":{"rendered":"<div id=\"new-royalslider-41\" class=\"royalSlider new-royalslider-41 rsMinW rsContentSlider\" style=\"width:100%;height:350px;;\" data-rs-options='{&quot;template&quot;:&quot;default&quot;,&quot;image_generation&quot;:{&quot;imageWidth&quot;:&quot;&quot;,&quot;imageHeight&quot;:&quot;&quot;,&quot;thumbImageWidth&quot;:&quot;&quot;,&quot;thumbImageHeight&quot;:&quot;&quot;},&quot;thumbs&quot;:{&quot;thumbWidth&quot;:96,&quot;thumbHeight&quot;:72},&quot;autoPlay&quot;:{&quot;enabled&quot;:&quot;true&quot;,&quot;delay&quot;:2400,&quot;stopAtAction&quot;:&quot;false&quot;,&quot;pauseOnHover&quot;:&quot;false&quot;},&quot;fullscreen&quot;:{&quot;nativeFS&quot;:&quot;true&quot;},&quot;deeplinking&quot;:{&quot;change&quot;:&quot;true&quot;,&quot;prefix&quot;:&quot;rasterweiten-1&quot;},&quot;block&quot;:{&quot;fadeEffect&quot;:&quot;false&quot;,&quot;moveOffset&quot;:20,&quot;speed&quot;:400,&quot;delay&quot;:200},&quot;width&quot;:&quot;100%&quot;,&quot;height&quot;:&quot;350px&quot;,&quot;autoScaleSlider&quot;:&quot;true&quot;,&quot;autoScaleSliderWidth&quot;:560,&quot;autoScaleSliderHeight&quot;:550,&quot;imageScaleMode&quot;:&quot;fit&quot;,&quot;imageAlignCenter&quot;:&quot;false&quot;,&quot;imageScalePadding&quot;:0,&quot;controlNavigation&quot;:&quot;none&quot;,&quot;arrowsNav&quot;:&quot;false&quot;,&quot;arrowsNavAutoHide&quot;:&quot;false&quot;,&quot;arrowsNavHideOnTouch&quot;:&quot;true&quot;,&quot;globalCaptionInside&quot;:&quot;true&quot;,&quot;transitionType&quot;:&quot;fade&quot;,&quot;transitionSpeed&quot;:1500,&quot;loop&quot;:&quot;true&quot;,&quot;keyboardNavEnabled&quot;:&quot;true&quot;,&quot;fadeinLoadedSlide&quot;:&quot;false&quot;,&quot;controlsInside&quot;:&quot;false&quot;,&quot;allowCSS3&quot;:&quot;false&quot;}'>\n<div class=\"rsSlideRoot\">\n  <img decoding=\"async\" class=\"rsImg\" src=\"https:\/\/berndfischer.com\/en\/wp-content\/uploads\/sites\/3\/2017\/12\/Bernd-Fischer_Auftragsarbeiten_Polizei-Hessen.jpg\" alt=\"Memorial plaque Polizei-Hessen\"\/>\n  \n  \n  <h3>Memorial plaque Polizei-Hessen<\/h3>\n  <p>2017, In memory of the officers of the Hessen State Police Force<\/br>\r\n<a href=\"https:\/\/berndfischer.com\/en\/commissioned-works\/commemorative-plaques\/polizei-hessen-memorial-plaque\/\">\u00bb view<\/a><\/p>\n  \n<\/div>\n<div class=\"rsSlideRoot\">\n  <img decoding=\"async\" class=\"rsImg\" src=\"https:\/\/berndfischer.com\/en\/wp-content\/uploads\/sites\/3\/2015\/09\/Bernd-Fischer-Auftragsarbeiten_-Glasfries-Kreissparkasse-Starnberg.jpg\" alt=\"Glass fries for the meeting room\"\/>\n  \n  \n  <h3>Glass fries for the meeting room<\/h3>\n  <p>2008, ceramic paints on whiteglass<\/br>\r\n<a href=\"https:\/\/berndfischer.com\/en\/commissioned-works\/architecture-related-works\/glass-fries-for-the-meeting-room-at-the-central-office\/\">\u00bb view<\/a><\/p>\n  \n<\/div>\n<div class=\"rsSlideRoot\">\n  <img decoding=\"async\" class=\"rsImg\" src=\"https:\/\/berndfischer.com\/en\/wp-content\/uploads\/sites\/3\/2015\/10\/Bernd-Fischer-Auftragsarbeiten-Hufeland-Haus.jpg\" alt=\"Glass painting for the chapel in Hufelandhaus\"\/>\n  \n  \n  <h3>Glass painting for the chapel in Hufelandhaus<\/h3>\n  <p>2010, h\u00f6chst lichtechte Schmelzfarben auf partiell sandgestrahlten Wei\u00dfglasfl\u00e4chen<\/br>\r\n<a href=\"https:\/\/berndfischer.com\/en\/commissioned-works\/architecture-related-works\/glass-painting-for-the-chapel-in-hufelandhaus\/\">\u00bb view<\/a><\/p>\n  \n<\/div>\n<div class=\"rsSlideRoot\">\n  <img decoding=\"async\" class=\"rsImg\" src=\"https:\/\/berndfischer.com\/en\/wp-content\/uploads\/sites\/3\/2015\/09\/Bernd-Fischer-Auftragsarbeiten_Investorpreis.jpg\" alt=\"Sculpture for the Award for Innovative Personnel\"\/>\n  \n  \n  <h3>Sculpture for the Award for Innovative Personnel<\/h3>\n  <p>2012, metal<\/br>\r\n<a href=\"https:\/\/berndfischer.com\/en\/commissioned-works\/artworks-to-award-outstanding-achievement\/sculpture-for-the-award-for-innovative-personnel\/\">\u00bb view<\/a><\/p>\n  \n<\/div>\n<div class=\"rsSlideRoot\">\n  <img decoding=\"async\" class=\"rsImg\" src=\"https:\/\/berndfischer.com\/en\/wp-content\/uploads\/sites\/3\/2015\/09\/Bernd-Fischer-Auftragsarbeiten_2009-Alte-Oper.jpg\" alt=\"The sculpture of the first Innovation Award world wide\"\/>\n  \n  \n  <h3>The sculpture of the first Innovation Award world wide<\/h3>\n  <p>1979, engraved carrier plate with added steel elements<\/br>\r\n<a href=\"https:\/\/berndfischer.com\/en\/commissioned-works\/artworks-to-award-outstanding-achievement\/the-sculpture-of-the-first-innovation-award-world-wide\/\">\u00bb view<\/a><\/p>\n  \n<\/div>\n<div class=\"rsSlideRoot\">\n  <img decoding=\"async\" class=\"rsImg\" src=\"https:\/\/berndfischer.com\/en\/wp-content\/uploads\/sites\/3\/2015\/09\/Bernd-Fischer-Auftragsarbeiten_Preise-2.jpg\" alt=\"German Job Investor Award\"\/>\n  \n  \n  <h3>German Job Investor Award<\/h3>\n  <p>1997 and 2009, Screen print on aluminum<\/br>\r\n<a href=\"https:\/\/berndfischer.com\/en\/commissioned-works\/artworks-to-award-outstanding-achievement\/german-job-investor-award\/\">\u00bb view<\/a><\/p>\n  \n<\/div>\n<div class=\"rsSlideRoot\">\n  <img decoding=\"async\" class=\"rsImg\" src=\"https:\/\/berndfischer.com\/en\/wp-content\/uploads\/sites\/3\/2015\/09\/Bernd-Fischer-AuftragsarbeitenSankt-Peter.jpg\" alt=\"Chapel room Saint Peter Youth Culture Church\"\/>\n  \n  \n  <h3>Chapel room Saint Peter Youth Culture Church<\/h3>\n  <p>2007, Interior design<\/br>\r\n<a href=\"https:\/\/berndfischer.com\/en\/commissioned-works\/sacral-interior-design-and-objects\/chapel-room-saint-peter-youth-culture-church\/\">\u00bb view<\/a><\/p>\n  \n<\/div>\n<div class=\"rsSlideRoot\">\n  <img decoding=\"async\" class=\"rsImg\" src=\"https:\/\/berndfischer.com\/en\/wp-content\/uploads\/sites\/3\/2015\/09\/Bernd-Fischer-Auftragsarbeiten_Attika-Dobergmuseum.jpg\" alt=\"Glass painting for the parapet, Doberg Museum in B\u00fcnde\"\/>\n  \n  \n  <h3>Glass painting for the parapet, Doberg Museum in B\u00fcnde<\/h3>\n  <p>2011, Handgemalte Hinterglasmalerei<\/br>\r\n<a href=\"https:\/\/berndfischer.com\/en\/commissioned-works\/architecture-related-works\/glass-painting-for-the-parapet-doberg-museum-in-bunde\/\">\u00bb view<\/a><\/p>\n  \n<\/div>\n<div class=\"rsSlideRoot\">\n  <img decoding=\"async\" class=\"rsImg\" src=\"https:\/\/berndfischer.com\/en\/wp-content\/uploads\/sites\/3\/2017\/12\/Bernd-Fischer_Auftragsarbeiten-Wicherngemeinde.jpg\" alt=\"Community Hall of the Protestant Wicherngemeinde\"\/>\n  \n  \n  <h3>Community Hall of the Protestant Wicherngemeinde<\/h3>\n  <p>Installation: 2017<\/br>\r\n<a href=\"https:\/\/berndfischer.com\/en\/commissioned-works\/sacral-interior-design-and-objects\/new-design-community-hall-protestant-wicherngemeinde\/\">\u00bb view<\/a><\/p>\n  \n<\/div>\n<div class=\"rsSlideRoot\">\n  <img decoding=\"async\" class=\"rsImg\" src=\"https:\/\/berndfischer.com\/en\/wp-content\/uploads\/sites\/3\/2015\/09\/Bernd-Fischer-Auftragsarbeiten_Philanthropin.jpg\" alt=\"Philanthropin\"\/>\n  \n  \n  <h3>Philanthropin<\/h3>\n  <p>2013, Memorial Plaque for the Lichtigfeld School<\/br>\r\n<a href=\"https:\/\/berndfischer.com\/en\/commissioned-works\/commemorative-plaques\/gedenktafel-am-philanthropin-frankfurt-am-main\/\">\u00bb view<\/a><\/p>\n  \n<\/div>\n<div class=\"rsSlideRoot\">\n  <img decoding=\"async\" class=\"rsImg\" src=\"https:\/\/berndfischer.com\/en\/wp-content\/uploads\/sites\/3\/2015\/09\/Bernd-Fischer-Auftragsarbeiten_Gedenktafel-Freudenberger.jpg\" alt=\"Memorial Plaque for Dr. Rudolf Freudenberger\"\/>\n  \n  \n  <h3>Memorial Plaque for Dr. Rudolf Freudenberger<\/h3>\n  <p>2014, Messingtafel, Emailfarbe<\/br>\r\n<a href=\"https:\/\/berndfischer.com\/auftragsarbeiten\/gedenktafeln\/dr-rudolf-freudenberger-gedenktafel\/\">\u00bb ansehen<\/a><\/p>\n  \n<\/div>\n<div class=\"rsSlideRoot\">\n  <img decoding=\"async\" class=\"rsImg\" src=\"https:\/\/berndfischer.com\/en\/wp-content\/uploads\/sites\/3\/2015\/09\/Bernd-Fischer-Auftragsarbeiten_GT-Bergen-Enkheim.jpg\" alt=\"Gedenktafel f\u00fcr die J\u00fcdische Gemeinde Bergen-Enkheim\"\/>\n  \n  \n  <h3>Gedenktafel f\u00fcr die J\u00fcdische Gemeinde Bergen-Enkheim<\/h3>\n  <p>2009, vier Stahlb\u00e4nder durchziehen eine Metalltafel<\/br>\r\n<a href=\"https:\/\/berndfischer.com\/auftragsarbeiten\/gedenktafeln\/gedenktafel-juedische-gemeinde-bergen-enkheim\/\">\u00bb ansehen<\/a><\/p>\n  \n<\/div>\n<div class=\"rsSlideRoot\">\n  <img decoding=\"async\" class=\"rsImg\" src=\"https:\/\/berndfischer.com\/en\/wp-content\/uploads\/sites\/3\/2015\/09\/Bernd-Fischer-Auftragsarbeiten_Anne-Frank-Marbachweg.jpg\" alt=\"Anne-Frank-Gedenkstele\"\/>\n  \n  \n  <h3>Anne-Frank-Gedenkstele<\/h3>\n  <p>2009, Sicherheitsglasscheiben, Edelstahlprofil<\/br>\r\n<a href=\"https:\/\/berndfischer.com\/auftragsarbeiten\/gedenktafeln\/anne-frank-stele-am-marbachweg\/\">\u00bb ansehen<\/a><\/p>\n  \n<\/div>\n<div class=\"rsSlideRoot\">\n  <img decoding=\"async\" class=\"rsImg\" src=\"https:\/\/berndfischer.com\/en\/wp-content\/uploads\/sites\/3\/2015\/09\/Bernd-Fischer-Auftragsarbeiten_Marktkirche-.jpg\" alt=\"Marktkirche Wiesbaden\"\/>\n  \n  \n  <h3>Marktkirche Wiesbaden<\/h3>\n  <p>2010, Neugestaltung der Kerzen- und Andachtsecke im rechten Seitenschiff der Marktkirche<\/br>\r\n<a href=\"https:\/\/berndfischer.com\/auftragsarbeiten\/sakrale-innenarchitektur-und-gegenstaende\/neugestaltung-der-kerzen-und-andachtsecke-im-rechten-seitenschiff-der-marktkirche\/\">\u00bb ansehen<\/a><\/p>\n  \n<\/div>\n<div class=\"rsSlideRoot\">\n  <img decoding=\"async\" class=\"rsImg\" src=\"https:\/\/berndfischer.com\/en\/wp-content\/uploads\/sites\/3\/2015\/09\/Bernd-Fischer-Freie-Arbeiten-Portrait.jpg\" alt=\"Dr. Ernst Gloede\"\/>\n  \n  \n  <h3>Dr. Ernst Gloede<\/h3>\n  <p>1996, Siebdruck auf Holztafel<\/br>\r\n<a href=\"https:\/\/berndfischer.com\/blog\/dr-ernst-gloede\/\">\u00bb ansehen<\/a><\/p>\n  \n<\/div>\n<div class=\"rsSlideRoot\">\n  <img decoding=\"async\" class=\"rsImg\" src=\"https:\/\/berndfischer.com\/en\/wp-content\/uploads\/sites\/3\/2015\/09\/Bernd-Fischer-Auftragsarbeiten_Bueroglastuer.jpg\" alt=\"Ganzglast\u00fcr f\u00fcr ein B\u00fcro\"\/>\n  \n  \n  <h3>Ganzglast\u00fcr f\u00fcr ein B\u00fcro<\/h3>\n  <p>Keramische Glasfarben auf Sicherheitsglas<\/br>\r\n<a href=\"https:\/\/berndfischer.com\/auftragsarbeiten\/architekturbezogene-werke\/ganzglastuer-fuer-ein-buero\/\">\u00bb ansehen<\/a><\/p>\n  \n<\/div>\n\n<\/div>\n\n","protected":false},"excerpt":{"rendered":"","protected":false},"author":1,"featured_media":1533,"parent":0,"menu_order":200,"comment_status":"closed","ping_status":"closed","template":"page-auftragsarbeiten.php","meta":{"_acf_changed":false,"footnotes":""},"class_list":["post-10","page","type-page","status-publish","has-post-thumbnail","hentry"],"acf":[],"yoast_head":"<!-- This site is optimized with the Yoast SEO plugin v26.9 - https:\/\/yoast.com\/product\/yoast-seo-wordpress\/ -->\n<title>Commissioned works - Bernd Fischer EN<\/title>\n<meta name=\"robots\" content=\"index, follow, max-snippet:-1, max-image-preview:large, max-video-preview:-1\" \/>\n<link rel=\"canonical\" href=\"https:\/\/berndfischer.com\/en\/commissioned-works\/\" \/>\n<meta property=\"og:locale\" content=\"en_GB\" \/>\n<meta property=\"og:type\" content=\"article\" \/>\n<meta property=\"og:title\" content=\"Commissioned works - Bernd Fischer EN\" \/>\n<meta property=\"og:url\" content=\"https:\/\/berndfischer.com\/en\/commissioned-works\/\" \/>\n<meta property=\"og:site_name\" content=\"Bernd Fischer EN\" \/>\n<meta property=\"article:modified_time\" content=\"2015-10-19T19:03:52+00:00\" \/>\n<meta property=\"og:image\" content=\"https:\/\/berndfischer.com\/en\/wp-content\/uploads\/sites\/3\/2015\/07\/Thumb-Auftragswerke-1.jpg\" \/>\n\t<meta property=\"og:image:width\" content=\"130\" \/>\n\t<meta property=\"og:image:height\" content=\"130\" \/>\n\t<meta property=\"og:image:type\" content=\"image\/jpeg\" \/>\n<meta name=\"twitter:card\" content=\"summary_large_image\" \/>\n<script type=\"application\/ld+json\" class=\"yoast-schema-graph\">{\"@context\":\"https:\/\/schema.org\",\"@graph\":[{\"@type\":\"WebPage\",\"@id\":\"https:\/\/berndfischer.com\/en\/commissioned-works\/\",\"url\":\"https:\/\/berndfischer.com\/en\/commissioned-works\/\",\"name\":\"Commissioned works - Bernd Fischer EN\",\"isPartOf\":{\"@id\":\"https:\/\/berndfischer.com\/en\/#website\"},\"primaryImageOfPage\":{\"@id\":\"https:\/\/berndfischer.com\/en\/commissioned-works\/#primaryimage\"},\"image\":{\"@id\":\"https:\/\/berndfischer.com\/en\/commissioned-works\/#primaryimage\"},\"thumbnailUrl\":\"https:\/\/berndfischer.com\/en\/wp-content\/uploads\/sites\/3\/2015\/07\/Thumb-Auftragswerke-1.jpg\",\"datePublished\":\"2015-07-19T09:49:50+00:00\",\"dateModified\":\"2015-10-19T19:03:52+00:00\",\"breadcrumb\":{\"@id\":\"https:\/\/berndfischer.com\/en\/commissioned-works\/#breadcrumb\"},\"inLanguage\":\"en-GB\",\"potentialAction\":[{\"@type\":\"ReadAction\",\"target\":[\"https:\/\/berndfischer.com\/en\/commissioned-works\/\"]}]},{\"@type\":\"ImageObject\",\"inLanguage\":\"en-GB\",\"@id\":\"https:\/\/berndfischer.com\/en\/commissioned-works\/#primaryimage\",\"url\":\"https:\/\/berndfischer.com\/en\/wp-content\/uploads\/sites\/3\/2015\/07\/Thumb-Auftragswerke-1.jpg\",\"contentUrl\":\"https:\/\/berndfischer.com\/en\/wp-content\/uploads\/sites\/3\/2015\/07\/Thumb-Auftragswerke-1.jpg\",\"width\":130,\"height\":130,\"caption\":\"Auftragsarbeiten\"},{\"@type\":\"BreadcrumbList\",\"@id\":\"https:\/\/berndfischer.com\/en\/commissioned-works\/#breadcrumb\",\"itemListElement\":[{\"@type\":\"ListItem\",\"position\":1,\"name\":\"Home\",\"item\":\"https:\/\/berndfischer.com\/en\/\"},{\"@type\":\"ListItem\",\"position\":2,\"name\":\"Commissioned works\"}]},{\"@type\":\"WebSite\",\"@id\":\"https:\/\/berndfischer.com\/en\/#website\",\"url\":\"https:\/\/berndfischer.com\/en\/\",\"name\":\"Bernd Fischer EN\",\"description\":\"Painted and printed colour\",\"potentialAction\":[{\"@type\":\"SearchAction\",\"target\":{\"@type\":\"EntryPoint\",\"urlTemplate\":\"https:\/\/berndfischer.com\/en\/?s={search_term_string}\"},\"query-input\":{\"@type\":\"PropertyValueSpecification\",\"valueRequired\":true,\"valueName\":\"search_term_string\"}}],\"inLanguage\":\"en-GB\"}]}<\/script>\n<!-- \/ Yoast SEO plugin. -->","yoast_head_json":{"title":"Commissioned works - Bernd Fischer EN","robots":{"index":"index","follow":"follow","max-snippet":"max-snippet:-1","max-image-preview":"max-image-preview:large","max-video-preview":"max-video-preview:-1"},"canonical":"https:\/\/berndfischer.com\/en\/commissioned-works\/","og_locale":"en_GB","og_type":"article","og_title":"Commissioned works - Bernd Fischer EN","og_url":"https:\/\/berndfischer.com\/en\/commissioned-works\/","og_site_name":"Bernd Fischer EN","article_modified_time":"2015-10-19T19:03:52+00:00","og_image":[{"width":130,"height":130,"url":"https:\/\/berndfischer.com\/en\/wp-content\/uploads\/sites\/3\/2015\/07\/Thumb-Auftragswerke-1.jpg","type":"image\/jpeg"}],"twitter_card":"summary_large_image","schema":{"@context":"https:\/\/schema.org","@graph":[{"@type":"WebPage","@id":"https:\/\/berndfischer.com\/en\/commissioned-works\/","url":"https:\/\/berndfischer.com\/en\/commissioned-works\/","name":"Commissioned works - Bernd Fischer EN","isPartOf":{"@id":"https:\/\/berndfischer.com\/en\/#website"},"primaryImageOfPage":{"@id":"https:\/\/berndfischer.com\/en\/commissioned-works\/#primaryimage"},"image":{"@id":"https:\/\/berndfischer.com\/en\/commissioned-works\/#primaryimage"},"thumbnailUrl":"https:\/\/berndfischer.com\/en\/wp-content\/uploads\/sites\/3\/2015\/07\/Thumb-Auftragswerke-1.jpg","datePublished":"2015-07-19T09:49:50+00:00","dateModified":"2015-10-19T19:03:52+00:00","breadcrumb":{"@id":"https:\/\/berndfischer.com\/en\/commissioned-works\/#breadcrumb"},"inLanguage":"en-GB","potentialAction":[{"@type":"ReadAction","target":["https:\/\/berndfischer.com\/en\/commissioned-works\/"]}]},{"@type":"ImageObject","inLanguage":"en-GB","@id":"https:\/\/berndfischer.com\/en\/commissioned-works\/#primaryimage","url":"https:\/\/berndfischer.com\/en\/wp-content\/uploads\/sites\/3\/2015\/07\/Thumb-Auftragswerke-1.jpg","contentUrl":"https:\/\/berndfischer.com\/en\/wp-content\/uploads\/sites\/3\/2015\/07\/Thumb-Auftragswerke-1.jpg","width":130,"height":130,"caption":"Auftragsarbeiten"},{"@type":"BreadcrumbList","@id":"https:\/\/berndfischer.com\/en\/commissioned-works\/#breadcrumb","itemListElement":[{"@type":"ListItem","position":1,"name":"Home","item":"https:\/\/berndfischer.com\/en\/"},{"@type":"ListItem","position":2,"name":"Commissioned works"}]},{"@type":"WebSite","@id":"https:\/\/berndfischer.com\/en\/#website","url":"https:\/\/berndfischer.com\/en\/","name":"Bernd Fischer EN","description":"Painted and printed colour","potentialAction":[{"@type":"SearchAction","target":{"@type":"EntryPoint","urlTemplate":"https:\/\/berndfischer.com\/en\/?s={search_term_string}"},"query-input":{"@type":"PropertyValueSpecification","valueRequired":true,"valueName":"search_term_string"}}],"inLanguage":"en-GB"}]}},"_links":{"self":[{"href":"https:\/\/berndfischer.com\/en\/wp-json\/wp\/v2\/pages\/10","targetHints":{"allow":["GET"]}}],"collection":[{"href":"https:\/\/berndfischer.com\/en\/wp-json\/wp\/v2\/pages"}],"about":[{"href":"https:\/\/berndfischer.com\/en\/wp-json\/wp\/v2\/types\/page"}],"author":[{"embeddable":true,"href":"https:\/\/berndfischer.com\/en\/wp-json\/wp\/v2\/users\/1"}],"replies":[{"embeddable":true,"href":"https:\/\/berndfischer.com\/en\/wp-json\/wp\/v2\/comments?post=10"}],"version-history":[{"count":2,"href":"https:\/\/berndfischer.com\/en\/wp-json\/wp\/v2\/pages\/10\/revisions"}],"predecessor-version":[{"id":4271,"href":"https:\/\/berndfischer.com\/en\/wp-json\/wp\/v2\/pages\/10\/revisions\/4271"}],"wp:featuredmedia":[{"embeddable":true,"href":"https:\/\/berndfischer.com\/en\/wp-json\/wp\/v2\/media\/1533"}],"wp:attachment":[{"href":"https:\/\/berndfischer.com\/en\/wp-json\/wp\/v2\/media?parent=10"}],"curies":[{"name":"wp","href":"https:\/\/api.w.org\/{rel}","templated":true}]}}