{"id":1036,"date":"2015-08-04T17:37:25","date_gmt":"2015-08-04T15:37:25","guid":{"rendered":"https:\/\/berndfischer.com\/?page_id=1036"},"modified":"2017-11-09T09:52:22","modified_gmt":"2017-11-09T08:52:22","slug":"glass-painting-for-the-parapet-doberg-museum-in-bunde","status":"publish","type":"page","link":"https:\/\/berndfischer.com\/en\/commissioned-works\/architecture-related-works\/glass-painting-for-the-parapet-doberg-museum-in-bunde\/","title":{"rendered":"Glass painting for the parapet, Doberg Museum in B\u00fcnde"},"content":{"rendered":"<div id=\"new-royalslider-22\" class=\"royalSlider new-royalslider-22 rsMinW rs-default-template\" style=\"width:100%;;\" data-rs-options='{&quot;template&quot;:&quot;default&quot;,&quot;image_generation&quot;:{&quot;imageWidth&quot;:&quot;&quot;,&quot;imageHeight&quot;:&quot;&quot;,&quot;thumbImageWidth&quot;:&quot;&quot;,&quot;thumbImageHeight&quot;:&quot;&quot;},&quot;thumbs&quot;:{&quot;thumbWidth&quot;:96,&quot;thumbHeight&quot;:72},&quot;autoPlay&quot;:{&quot;enabled&quot;:&quot;true&quot;,&quot;delay&quot;:2400,&quot;stopAtAction&quot;:&quot;false&quot;},&quot;visibleNearby&quot;:{&quot;hiddenOverflow&quot;:&quot;false&quot;},&quot;block&quot;:{&quot;fadeEffect&quot;:&quot;false&quot;,&quot;moveOffset&quot;:20,&quot;speed&quot;:400,&quot;delay&quot;:200},&quot;width&quot;:&quot;100%&quot;,&quot;height&quot;:&quot;&quot;,&quot;autoScaleSlider&quot;:&quot;true&quot;,&quot;autoScaleSliderWidth&quot;:700,&quot;autoScaleSliderHeight&quot;:380,&quot;slidesSpacing&quot;:0,&quot;imageScaleMode&quot;:&quot;fit&quot;,&quot;imageAlignCenter&quot;:&quot;false&quot;,&quot;imageScalePadding&quot;:0,&quot;controlNavigation&quot;:&quot;none&quot;,&quot;arrowsNav&quot;:&quot;false&quot;,&quot;transitionType&quot;:&quot;fade&quot;,&quot;transitionSpeed&quot;:1500,&quot;loop&quot;:&quot;true&quot;,&quot;fadeinLoadedSlide&quot;:&quot;false&quot;,&quot;allowCSS3&quot;:&quot;false&quot;}'>\n<div class=\"rsContent\">\n  <img decoding=\"async\" class=\"rsImg\" src=\"https:\/\/berndfischer.com\/en\/wp-content\/uploads\/sites\/3\/2015\/08\/Dobergmuseum-B\u00fcnde-2-700x350.jpg\" alt=\"Dobergmuseum B\u00fcnde-2\"\/>\n  \n  \n  \n<\/div>\n<div class=\"rsContent\">\n  <img decoding=\"async\" class=\"rsImg\" src=\"https:\/\/berndfischer.com\/en\/wp-content\/uploads\/sites\/3\/2015\/08\/Dobergmuseum-B\u00fcnde-8-700x350.jpg\" alt=\"Dobergmuseum B\u00fcnde-8\"\/>\n  \n  \n  \n<\/div>\n<div class=\"rsContent\">\n  <img decoding=\"async\" class=\"rsImg\" src=\"https:\/\/berndfischer.com\/en\/wp-content\/uploads\/sites\/3\/2015\/08\/Dobergmuseum-B\u00fcnde-9-700x350.jpg\" alt=\"Dobergmuseum B\u00fcnde-9\"\/>\n  \n  \n  \n<\/div>\n<div class=\"rsContent\">\n  <img decoding=\"async\" class=\"rsImg\" src=\"https:\/\/berndfischer.com\/en\/wp-content\/uploads\/sites\/3\/2015\/08\/Dobergmuseum-B\u00fcnde-4-700x350.jpg\" alt=\"Dobergmuseum B\u00fcnde-4\"\/>\n  \n  \n  \n<\/div>\n<div class=\"rsContent\">\n  <img decoding=\"async\" class=\"rsImg\" src=\"https:\/\/berndfischer.com\/en\/wp-content\/uploads\/sites\/3\/2015\/08\/Dobergmuseum-B\u00fcnde-5-700x350.jpg\" alt=\"Dobergmuseum B\u00fcnde-5\"\/>\n  \n  \n  \n<\/div>\n<div class=\"rsContent\">\n  <img decoding=\"async\" class=\"rsImg\" src=\"https:\/\/berndfischer.com\/en\/wp-content\/uploads\/sites\/3\/2015\/08\/Dobergmuseum-B\u00fcnde-6-700x350.jpg\" alt=\"Dobergmuseum B\u00fcnde-6\"\/>\n  \n  \n  \n<\/div>\n<div class=\"rsContent\">\n  <img decoding=\"async\" class=\"rsImg\" src=\"https:\/\/berndfischer.com\/en\/wp-content\/uploads\/sites\/3\/2015\/08\/Dobergmuseum-B\u00fcnde-7-700x350.jpg\" alt=\"Dobergmuseum B\u00fcnde-7\"\/>\n  \n  \n  \n<\/div>\n\n<\/div>\n\n<p><strong>Client:<\/strong> City of B\u00fcnde<br \/>\n<strong>Architects:<\/strong> Katja Fl\u00f6rke + Andreas Krys, Architekten, B\u00fcnde<br \/>\n<strong>Glass painting:<\/strong> Design by Bernd Fischer, Offenbach\/Main<br \/>\n<strong>Execution of hand-painting behind glass:<\/strong> Eduard Schizle, Glas und R\u00e4ume,\u00a0Paderborn-Neuenbeken and Bernd Fischer<br \/>\n<strong>Execution, technical planning and installation:<\/strong> Glasmalerei Peters, Paderborn<br \/>\n<strong>Completion:<\/strong> November 2011<\/p>\n<h3>Definition of assignment<\/h3>\n<p>The collection of the Doberg Museum &#8211; Geological Museum in Eastern Westphalia-Lippe &#8211; consists mainly of fossil finds from nearby Doberg. As part of the extensive renovation work the architects sought a design for the glass parapet which can be viewed from below, one which harmonized with the architecture and function of the Doberg Museum.<br \/>\nThe parapet is approx. 1.16 m high and 125 m long. It surrounds the entire low building at a height\u00a0of between 3.20 m and 4.50 m.<\/p>\n<div style=\"width: 700px;\" class=\"wp-video\"><video class=\"wp-video-shortcode\" id=\"video-1036-1\" width=\"700\" height=\"200\" loop autoplay preload=\"none\" controls=\"controls\"><source type=\"video\/mp4\" src=\"https:\/\/berndfischer.com\/en\/wp-content\/uploads\/sites\/3\/2015\/08\/Attika-Dobergmuseum-2.mp4?_=1\" \/><a href=\"https:\/\/berndfischer.com\/en\/wp-content\/uploads\/sites\/3\/2015\/08\/Attika-Dobergmuseum-2.mp4\">https:\/\/berndfischer.com\/en\/wp-content\/uploads\/sites\/3\/2015\/08\/Attika-Dobergmuseum-2.mp4<\/a><\/video><\/div>\n<p>&nbsp;<\/p>\n<h3>Artistic solution<\/h3>\n<p>Bernd Fischer suggested a hand-painted depiction of \u201cthe heart\u201d of our galaxy to be mounted behind glass over the four sides of the architecture. For his design Fischer also suggested a line pattern on the downward-facing side of the glass in order to limit the shininess and reflection of the glass. The lines which would be applied by sandblasting derive from the drawing of Nodosaria albatrossi, a fossil similar to that in the Doberg Museum collection.<\/p>\n<p>Bernd Fischer considered the depiction of cosmic detail to be very fitting for this design task &#8211; both in terms of content and aesthetic effect. An almost inconceivably large time frame is thus also inscribed in the visualized galactic space. It stretches back beyond the time when the Doberg Museum exhibits came into being but also conjures up the future.<br \/>\nThe fossil motifs make a concrete reference to the collection while, from a design perspective, consolidating the aesthetic structure of the glass painting.<\/p>\n<p>By using these two motifs of extremely different scale Bernd Fischer&#8217;s design represents a precise openness. One can draw associations with exhibitions of prehistoric finds as well as present and future themes.<br \/>\nThe diversity of the hand-drawn galactic occurrence is an offering for the eyes, as well as a silent invitation to observe and meander around the building.<\/p>\n<h3>Execution<\/h3>\n<p>Painting behind glass which can be seen from below, with partial sandblasting on the downward-facing side. The design stretches over 50 panes. The highly lightfast and weatherproof ceramic colors are inseparably and permanently merged with the clear glass at a firing temperature of 630 degrees.<br \/>\nAll the glass panes have been made into safety glass. Specially made samples were tested on location and matchded to the existing conditions.<\/p>\n<p><img loading=\"lazy\" decoding=\"async\" class=\"alignleft size-full wp-image-1677\" src=\"https:\/\/berndfischer.com\/wp-content\/uploads\/2015\/08\/Dobergmuseum-B\u00fcnde-10.jpg\" alt=\"Milchstra\u00dfe\" width=\"700\" height=\"138\" srcset=\"https:\/\/berndfischer.com\/en\/wp-content\/uploads\/sites\/3\/2015\/08\/Dobergmuseum-B\u00fcnde-10.jpg 700w, https:\/\/berndfischer.com\/en\/wp-content\/uploads\/sites\/3\/2015\/08\/Dobergmuseum-B\u00fcnde-10-330x65.jpg 330w\" sizes=\"auto, (max-width: 700px) 100vw, 700px\" \/><\/p>\n<p><em><br \/>\nFigure: Model for glass painting: The heart of our galaxy, photo mosaic by IRAS\/NASA. The middle of the image is also the center of the Miky Way. The two light horizontal rectangles show details of the painting behind glass. More than 300 light years or 2.85 billion kilometers are represented.<br \/>\n<\/em><\/p>\n<p><img loading=\"lazy\" decoding=\"async\" class=\"alignleft wp-image-1681 size-full\" src=\"https:\/\/berndfischer.com\/wp-content\/uploads\/2015\/08\/Dobergmuseum-B\u00fcnde-12.jpg\" alt=\"Nodosaria albatrossi\" width=\"700\" height=\"199\" srcset=\"https:\/\/berndfischer.com\/en\/wp-content\/uploads\/sites\/3\/2015\/08\/Dobergmuseum-B\u00fcnde-12.jpg 700w, https:\/\/berndfischer.com\/en\/wp-content\/uploads\/sites\/3\/2015\/08\/Dobergmuseum-B\u00fcnde-12-330x94.jpg 330w\" sizes=\"auto, (max-width: 700px) 100vw, 700px\" \/><\/p>\n<p><em><br \/>\nFigure: Nodosaria albatrossi, length approx. 2.58 mm.<br \/>\n<\/em><\/p>\n<p><img loading=\"lazy\" decoding=\"async\" class=\"alignleft wp-image-1682 size-full\" src=\"https:\/\/berndfischer.com\/wp-content\/uploads\/2015\/08\/Dobergmuseum-B\u00fcnde-13.jpg\" alt=\"Nodosaria albatrossi und Milchstrassenzentrum\" width=\"700\" height=\"206\" srcset=\"https:\/\/berndfischer.com\/en\/wp-content\/uploads\/sites\/3\/2015\/08\/Dobergmuseum-B\u00fcnde-13.jpg 700w, https:\/\/berndfischer.com\/en\/wp-content\/uploads\/sites\/3\/2015\/08\/Dobergmuseum-B\u00fcnde-13-330x97.jpg 330w\" sizes=\"auto, (max-width: 700px) 100vw, 700px\" \/><br \/>\n<em>Figure: The entire drawing of Nodosaria albatrossi over the entire glass painting of the center of the Milky Way (dark strip above the horizintal center line).\u00a0<\/em><\/p>\n<p>&nbsp;<\/p>\n<p><a href=\"https:\/\/berndfischer.com\/wp-content\/uploads\/2015\/08\/presse-dobergmuseumsattika.pdf\" target=\"_blank\" rel=\"noopener\">\u00bb Presseberichte (pdf)<\/a><br \/>\n<a class=\"exlink\" href=\"http:\/\/www.museum.buende.de\/\" target=\"_blank\" rel=\"noopener\">\u00bb\u00a0Museum B\u00fcnde<\/a><\/p>\n","protected":false},"excerpt":{"rendered":"<p>Client: City of B\u00fcnde Architects: Katja Fl\u00f6rke + Andreas Krys, Architekten, B\u00fcnde Glass painting: Design by Bernd Fischer, Offenbach\/Main Execution of hand-painting behind glass: Eduard Schizle, Glas und R\u00e4ume,\u00a0Paderborn-Neuenbeken and &#8230;<\/p>\n","protected":false},"author":1,"featured_media":1684,"parent":41,"menu_order":222,"comment_status":"closed","ping_status":"closed","template":"","meta":{"_acf_changed":false,"footnotes":""},"class_list":["post-1036","page","type-page","status-publish","has-post-thumbnail","hentry"],"acf":[],"yoast_head":"<!-- This site is optimized with the Yoast SEO plugin v26.9 - https:\/\/yoast.com\/product\/yoast-seo-wordpress\/ -->\n<title>Glass painting for the parapet, Doberg Museum in B\u00fcnde - Bernd Fischer EN<\/title>\n<meta name=\"robots\" content=\"index, follow, max-snippet:-1, max-image-preview:large, max-video-preview:-1\" \/>\n<link rel=\"canonical\" href=\"https:\/\/berndfischer.com\/en\/commissioned-works\/architecture-related-works\/glass-painting-for-the-parapet-doberg-museum-in-bunde\/\" \/>\n<meta property=\"og:locale\" content=\"en_GB\" \/>\n<meta property=\"og:type\" content=\"article\" \/>\n<meta property=\"og:title\" content=\"Glass painting for the parapet, Doberg Museum in B\u00fcnde - Bernd Fischer EN\" \/>\n<meta property=\"og:description\" content=\"Client: City of B\u00fcnde Architects: Katja Fl\u00f6rke + Andreas Krys, Architekten, B\u00fcnde Glass painting: Design by Bernd Fischer, Offenbach\/Main Execution of hand-painting behind glass: Eduard Schizle, Glas und R\u00e4ume,\u00a0Paderborn-Neuenbeken and ...\" \/>\n<meta property=\"og:url\" content=\"https:\/\/berndfischer.com\/en\/commissioned-works\/architecture-related-works\/glass-painting-for-the-parapet-doberg-museum-in-bunde\/\" \/>\n<meta property=\"og:site_name\" content=\"Bernd Fischer EN\" \/>\n<meta property=\"article:modified_time\" content=\"2017-11-09T08:52:22+00:00\" \/>\n<meta property=\"og:image\" content=\"https:\/\/berndfischer.com\/en\/wp-content\/uploads\/sites\/3\/2015\/08\/Thumb-Attika.jpg\" \/>\n\t<meta property=\"og:image:width\" content=\"130\" \/>\n\t<meta property=\"og:image:height\" content=\"130\" \/>\n\t<meta property=\"og:image:type\" content=\"image\/jpeg\" \/>\n<meta name=\"twitter:card\" content=\"summary_large_image\" \/>\n<meta name=\"twitter:label1\" content=\"Estimated reading time\" \/>\n\t<meta name=\"twitter:data1\" content=\"3 minutes\" \/>\n<script type=\"application\/ld+json\" class=\"yoast-schema-graph\">{\"@context\":\"https:\/\/schema.org\",\"@graph\":[{\"@type\":\"WebPage\",\"@id\":\"https:\/\/berndfischer.com\/en\/commissioned-works\/architecture-related-works\/glass-painting-for-the-parapet-doberg-museum-in-bunde\/\",\"url\":\"https:\/\/berndfischer.com\/en\/commissioned-works\/architecture-related-works\/glass-painting-for-the-parapet-doberg-museum-in-bunde\/\",\"name\":\"Glass painting for the parapet, Doberg Museum in B\u00fcnde - Bernd Fischer EN\",\"isPartOf\":{\"@id\":\"https:\/\/berndfischer.com\/en\/#website\"},\"primaryImageOfPage\":{\"@id\":\"https:\/\/berndfischer.com\/en\/commissioned-works\/architecture-related-works\/glass-painting-for-the-parapet-doberg-museum-in-bunde\/#primaryimage\"},\"image\":{\"@id\":\"https:\/\/berndfischer.com\/en\/commissioned-works\/architecture-related-works\/glass-painting-for-the-parapet-doberg-museum-in-bunde\/#primaryimage\"},\"thumbnailUrl\":\"https:\/\/berndfischer.com\/en\/wp-content\/uploads\/sites\/3\/2015\/08\/Thumb-Attika.jpg\",\"datePublished\":\"2015-08-04T15:37:25+00:00\",\"dateModified\":\"2017-11-09T08:52:22+00:00\",\"breadcrumb\":{\"@id\":\"https:\/\/berndfischer.com\/en\/commissioned-works\/architecture-related-works\/glass-painting-for-the-parapet-doberg-museum-in-bunde\/#breadcrumb\"},\"inLanguage\":\"en-GB\",\"potentialAction\":[{\"@type\":\"ReadAction\",\"target\":[\"https:\/\/berndfischer.com\/en\/commissioned-works\/architecture-related-works\/glass-painting-for-the-parapet-doberg-museum-in-bunde\/\"]}]},{\"@type\":\"ImageObject\",\"inLanguage\":\"en-GB\",\"@id\":\"https:\/\/berndfischer.com\/en\/commissioned-works\/architecture-related-works\/glass-painting-for-the-parapet-doberg-museum-in-bunde\/#primaryimage\",\"url\":\"https:\/\/berndfischer.com\/en\/wp-content\/uploads\/sites\/3\/2015\/08\/Thumb-Attika.jpg\",\"contentUrl\":\"https:\/\/berndfischer.com\/en\/wp-content\/uploads\/sites\/3\/2015\/08\/Thumb-Attika.jpg\",\"width\":130,\"height\":130,\"caption\":\"Dobergmuseum B\u00fcnde\"},{\"@type\":\"BreadcrumbList\",\"@id\":\"https:\/\/berndfischer.com\/en\/commissioned-works\/architecture-related-works\/glass-painting-for-the-parapet-doberg-museum-in-bunde\/#breadcrumb\",\"itemListElement\":[{\"@type\":\"ListItem\",\"position\":1,\"name\":\"Home\",\"item\":\"https:\/\/berndfischer.com\/en\/\"},{\"@type\":\"ListItem\",\"position\":2,\"name\":\"Commissioned works\",\"item\":\"https:\/\/berndfischer.com\/en\/commissioned-works\/\"},{\"@type\":\"ListItem\",\"position\":3,\"name\":\"Architecture-related works\",\"item\":\"https:\/\/berndfischer.com\/en\/commissioned-works\/architecture-related-works\/\"},{\"@type\":\"ListItem\",\"position\":4,\"name\":\"Glass painting for the parapet, Doberg Museum in B\u00fcnde\"}]},{\"@type\":\"WebSite\",\"@id\":\"https:\/\/berndfischer.com\/en\/#website\",\"url\":\"https:\/\/berndfischer.com\/en\/\",\"name\":\"Bernd Fischer EN\",\"description\":\"Painted and printed colour\",\"potentialAction\":[{\"@type\":\"SearchAction\",\"target\":{\"@type\":\"EntryPoint\",\"urlTemplate\":\"https:\/\/berndfischer.com\/en\/?s={search_term_string}\"},\"query-input\":{\"@type\":\"PropertyValueSpecification\",\"valueRequired\":true,\"valueName\":\"search_term_string\"}}],\"inLanguage\":\"en-GB\"}]}<\/script>\n<!-- \/ Yoast SEO plugin. -->","yoast_head_json":{"title":"Glass painting for the parapet, Doberg Museum in B\u00fcnde - Bernd Fischer EN","robots":{"index":"index","follow":"follow","max-snippet":"max-snippet:-1","max-image-preview":"max-image-preview:large","max-video-preview":"max-video-preview:-1"},"canonical":"https:\/\/berndfischer.com\/en\/commissioned-works\/architecture-related-works\/glass-painting-for-the-parapet-doberg-museum-in-bunde\/","og_locale":"en_GB","og_type":"article","og_title":"Glass painting for the parapet, Doberg Museum in B\u00fcnde - Bernd Fischer EN","og_description":"Client: City of B\u00fcnde Architects: Katja Fl\u00f6rke + Andreas Krys, Architekten, B\u00fcnde Glass painting: Design by Bernd Fischer, Offenbach\/Main Execution of hand-painting behind glass: Eduard Schizle, Glas und R\u00e4ume,\u00a0Paderborn-Neuenbeken and ...","og_url":"https:\/\/berndfischer.com\/en\/commissioned-works\/architecture-related-works\/glass-painting-for-the-parapet-doberg-museum-in-bunde\/","og_site_name":"Bernd Fischer EN","article_modified_time":"2017-11-09T08:52:22+00:00","og_image":[{"width":130,"height":130,"url":"https:\/\/berndfischer.com\/en\/wp-content\/uploads\/sites\/3\/2015\/08\/Thumb-Attika.jpg","type":"image\/jpeg"}],"twitter_card":"summary_large_image","twitter_misc":{"Estimated reading time":"3 minutes"},"schema":{"@context":"https:\/\/schema.org","@graph":[{"@type":"WebPage","@id":"https:\/\/berndfischer.com\/en\/commissioned-works\/architecture-related-works\/glass-painting-for-the-parapet-doberg-museum-in-bunde\/","url":"https:\/\/berndfischer.com\/en\/commissioned-works\/architecture-related-works\/glass-painting-for-the-parapet-doberg-museum-in-bunde\/","name":"Glass painting for the parapet, Doberg Museum in B\u00fcnde - Bernd Fischer EN","isPartOf":{"@id":"https:\/\/berndfischer.com\/en\/#website"},"primaryImageOfPage":{"@id":"https:\/\/berndfischer.com\/en\/commissioned-works\/architecture-related-works\/glass-painting-for-the-parapet-doberg-museum-in-bunde\/#primaryimage"},"image":{"@id":"https:\/\/berndfischer.com\/en\/commissioned-works\/architecture-related-works\/glass-painting-for-the-parapet-doberg-museum-in-bunde\/#primaryimage"},"thumbnailUrl":"https:\/\/berndfischer.com\/en\/wp-content\/uploads\/sites\/3\/2015\/08\/Thumb-Attika.jpg","datePublished":"2015-08-04T15:37:25+00:00","dateModified":"2017-11-09T08:52:22+00:00","breadcrumb":{"@id":"https:\/\/berndfischer.com\/en\/commissioned-works\/architecture-related-works\/glass-painting-for-the-parapet-doberg-museum-in-bunde\/#breadcrumb"},"inLanguage":"en-GB","potentialAction":[{"@type":"ReadAction","target":["https:\/\/berndfischer.com\/en\/commissioned-works\/architecture-related-works\/glass-painting-for-the-parapet-doberg-museum-in-bunde\/"]}]},{"@type":"ImageObject","inLanguage":"en-GB","@id":"https:\/\/berndfischer.com\/en\/commissioned-works\/architecture-related-works\/glass-painting-for-the-parapet-doberg-museum-in-bunde\/#primaryimage","url":"https:\/\/berndfischer.com\/en\/wp-content\/uploads\/sites\/3\/2015\/08\/Thumb-Attika.jpg","contentUrl":"https:\/\/berndfischer.com\/en\/wp-content\/uploads\/sites\/3\/2015\/08\/Thumb-Attika.jpg","width":130,"height":130,"caption":"Dobergmuseum B\u00fcnde"},{"@type":"BreadcrumbList","@id":"https:\/\/berndfischer.com\/en\/commissioned-works\/architecture-related-works\/glass-painting-for-the-parapet-doberg-museum-in-bunde\/#breadcrumb","itemListElement":[{"@type":"ListItem","position":1,"name":"Home","item":"https:\/\/berndfischer.com\/en\/"},{"@type":"ListItem","position":2,"name":"Commissioned works","item":"https:\/\/berndfischer.com\/en\/commissioned-works\/"},{"@type":"ListItem","position":3,"name":"Architecture-related works","item":"https:\/\/berndfischer.com\/en\/commissioned-works\/architecture-related-works\/"},{"@type":"ListItem","position":4,"name":"Glass painting for the parapet, Doberg Museum in B\u00fcnde"}]},{"@type":"WebSite","@id":"https:\/\/berndfischer.com\/en\/#website","url":"https:\/\/berndfischer.com\/en\/","name":"Bernd Fischer EN","description":"Painted and printed colour","potentialAction":[{"@type":"SearchAction","target":{"@type":"EntryPoint","urlTemplate":"https:\/\/berndfischer.com\/en\/?s={search_term_string}"},"query-input":{"@type":"PropertyValueSpecification","valueRequired":true,"valueName":"search_term_string"}}],"inLanguage":"en-GB"}]}},"_links":{"self":[{"href":"https:\/\/berndfischer.com\/en\/wp-json\/wp\/v2\/pages\/1036","targetHints":{"allow":["GET"]}}],"collection":[{"href":"https:\/\/berndfischer.com\/en\/wp-json\/wp\/v2\/pages"}],"about":[{"href":"https:\/\/berndfischer.com\/en\/wp-json\/wp\/v2\/types\/page"}],"author":[{"embeddable":true,"href":"https:\/\/berndfischer.com\/en\/wp-json\/wp\/v2\/users\/1"}],"replies":[{"embeddable":true,"href":"https:\/\/berndfischer.com\/en\/wp-json\/wp\/v2\/comments?post=1036"}],"version-history":[{"count":19,"href":"https:\/\/berndfischer.com\/en\/wp-json\/wp\/v2\/pages\/1036\/revisions"}],"predecessor-version":[{"id":4917,"href":"https:\/\/berndfischer.com\/en\/wp-json\/wp\/v2\/pages\/1036\/revisions\/4917"}],"up":[{"embeddable":true,"href":"https:\/\/berndfischer.com\/en\/wp-json\/wp\/v2\/pages\/41"}],"wp:featuredmedia":[{"embeddable":true,"href":"https:\/\/berndfischer.com\/en\/wp-json\/wp\/v2\/media\/1684"}],"wp:attachment":[{"href":"https:\/\/berndfischer.com\/en\/wp-json\/wp\/v2\/media?parent=1036"}],"curies":[{"name":"wp","href":"https:\/\/api.w.org\/{rel}","templated":true}]}}