{"id":1071,"date":"2015-08-05T09:16:21","date_gmt":"2015-08-05T07:16:21","guid":{"rendered":"https:\/\/berndfischer.com\/?page_id=1071"},"modified":"2017-11-09T10:56:51","modified_gmt":"2017-11-09T09:56:51","slug":"presseinformations","status":"publish","type":"page","link":"https:\/\/berndfischer.com\/en\/independent-works\/people-18-portraits\/presseinformations\/","title":{"rendered":"Presseinformations"},"content":{"rendered":"<p><span style=\"text-decoration: underline;\"><strong>Menschen.<\/strong><\/span><\/p>\n<h1>Presseinformationen zur Ausstellung im Klingspor Museum Offenbach<\/h1>\n<h2>Resonanzen<\/h2>\n<p><a href=\"https:\/\/berndfischer.com\/wp-content\/uploads\/2015\/08\/Menschen_Janos-Erkens_FR_09-05-2014.pdf\" target=\"_blank\">\u00bb Frankfurter Rundschau:\u00a0Das B\u00f6se ist nicht zu sehen, Janos Erkens, 9.5.2014 (pdf)<\/a><br \/>\n<a href=\"https:\/\/berndfischer.com\/wp-content\/uploads\/2015\/08\/Menschen_M-Terharn_OP_09-05-2014.pdf\" target=\"_blank\">\u00bb Offenbach Post:\u00a0Dem B\u00f6sen ein Gesicht geben, M. Terharn, 9.5.2014 (pdf)<\/a><br \/>\n<a href=\"https:\/\/berndfischer.com\/wp-content\/uploads\/2015\/08\/Menschen._A-Weinberger_F.A.Z._09-05-14.pdf\" target=\"_blank\">\u00bb F.A.Z.:\u00a0Menschen wie wir, A. Weinberger, 9.5.2014 (pdf)<\/a><br \/>\n<a href=\"https:\/\/berndfischer.com\/wp-content\/uploads\/2015\/08\/OP_Teege_24.05.14.pdf\" target=\"_blank\">\u00bb Offenbach Post:\u00a0Enkelin eines KZ-Schl\u00e4chters stellt Buch vor, H. Richter, 24.05.2015 (pdf)<\/a><br \/>\n<a href=\"https:\/\/berndfischer.com\/wp-content\/uploads\/2015\/08\/Menschen_R-Gries_Offenbach-Post_29-05-2014.pdf\" target=\"_blank\">\u00bb Offenbach Post: Kein Unrechtsbewusstsein, R. Gries, 29.05.2015 (pdf)<\/a><br \/>\n<a href=\"https:\/\/berndfischer.com\/wp-content\/uploads\/2017\/11\/FAZ_Gesichter-des-Boesen_26.1.16.pdf\" target=\"_blank\" rel=\"noopener\">\u00bb F.A.Z.: Gesichter der B\u00f6sen, 26.01.2016 (pdf)<\/a><\/p>\n<h2>Erkl\u00e4rungen<\/h2>\n<p>Am Samstag, den 10. Mai 2014 um 19 Uhr, er\u00f6ffnet auf Einladung des st\u00e4dtischen Kulturb\u00fcros die Ausstellung <span style=\"text-decoration: underline;\">Menschen.<\/span> von Bernd Fischer im Klingspor Museum Offenbach innerhalb der diesj\u00e4hrigen \u201eNacht der Museen\u201c.<\/p>\n<p>Die Ausstellung ist bis einschlie\u00dflich 13. Juli zu sehen und wird erg\u00e4nzt durch eine Vortragsreihe namhafter Referenten aus den Bereichen Philosophie, Psychoanalyse, Strafrecht und Kunstwissenschaft:<\/p>\n<p>15.05.2014\u00a0<strong>Dr. Bettina Stangneth:\u00a0<\/strong>Das B\u00f6se<br \/>\n22.05.2014\u00a0<strong>Jennifer Teege:\u00a0<\/strong>Amon. Mein Gro\u00dfvater h\u00e4tte mich erschossen, Lesung<br \/>\n12.06.2014\u00a0<strong>Prof. Dr. Hans-J\u00fcrgen Wirth:\u00a0<\/strong>Kollektives T\u00f6ten. Versuch, das radikal B\u00f6se zu verstehen<br \/>\n03.07.2014\u00a0<strong>Dr. Vasco Reuss:\u00a0<\/strong>Ohne Ansehen der Person? &#8211; Strafrecht, Kunst und V\u00f6lkermord<br \/>\n10.07.2014\u00a0<strong>Ulrike Kuschel, M.A.:\u00a0<\/strong>Dem B\u00f6sen ein Gesicht geben.\u00a0Kunstwissenschaftliche Aspekte von Bernd Fischers Zyklus Menschen<\/p>\n<p>Das ausf\u00fchrliche Gesamtprogramm zur Ausstellung ist erh\u00e4ltlich im Klingspor Museum Offenbach, Herrnstr. 80, und <a href=\"https:\/\/berndfischer.com\/wp-content\/uploads\/2015\/08\/begleitprogramm_menschen_klingspormuseum.pdf\" target=\"_blank\">hier<\/a> als PDF zum Herunterladen.<\/p>\n<p><a href=\"https:\/\/berndfischer.com\/wp-content\/uploads\/2015\/08\/presseerkl\u00e4rung-von-bernd-fischer-zu-menschen.pdf\" target=\"_blank\">\u00bb\u00a0Presseerkl\u00e4rung von Bernd Fischer zu Menschen (pdf)<\/a><br \/>\n<a href=\"https:\/\/berndfischer.com\/wp-content\/uploads\/2015\/08\/ausstellung_menschen_klingspormuseum.pdf\" target=\"_blank\">\u00bb\u00a0Presseerkl\u00e4rung vom Kulturamt der Stadt Offenbach (pdf)<\/a><br \/>\n<a href=\"https:\/\/berndfischer.com\/wp-content\/uploads\/2015\/08\/bernd-fischer_biografie_auswahl-menschen.pdf\" target=\"_blank\">\u00bb\u00a0Presseauswahl Biografie Bernd Fischer (pdf)<\/a><br \/>\n<a href=\"https:\/\/berndfischer.com\/wp-content\/uploads\/2017\/11\/Pressemitteilung-Vortragsreihe_Jan-Feb2016.pdf\" target=\"_blank\" rel=\"noopener\">\u00bb Pressemitteilung, Vortragsreihe im Klingspor Museum Jan\/Feb 2016 (pdf)<\/a><\/p>\n<h2><\/h2>\n","protected":false},"excerpt":{"rendered":"<p>Menschen. Presseinformationen zur Ausstellung im Klingspor Museum Offenbach Resonanzen \u00bb Frankfurter Rundschau:\u00a0Das B\u00f6se ist nicht zu sehen, Janos Erkens, 9.5.2014 (pdf) \u00bb Offenbach Post:\u00a0Dem B\u00f6sen ein Gesicht geben, M. Terharn, &#8230;<\/p>\n","protected":false},"author":1,"featured_media":0,"parent":22,"menu_order":118,"comment_status":"closed","ping_status":"closed","template":"page-menschen.php","meta":{"_acf_changed":false,"footnotes":""},"class_list":["post-1071","page","type-page","status-publish","hentry"],"acf":[],"yoast_head":"<!-- This site is optimized with the Yoast SEO plugin v26.9 - https:\/\/yoast.com\/product\/yoast-seo-wordpress\/ -->\n<title>Presseinformations - Bernd Fischer EN<\/title>\n<meta name=\"robots\" content=\"index, follow, max-snippet:-1, max-image-preview:large, max-video-preview:-1\" \/>\n<link rel=\"canonical\" href=\"https:\/\/berndfischer.com\/en\/independent-works\/people-18-portraits\/presseinformations\/\" \/>\n<meta property=\"og:locale\" content=\"en_GB\" \/>\n<meta property=\"og:type\" content=\"article\" \/>\n<meta property=\"og:title\" content=\"Presseinformations - Bernd Fischer EN\" \/>\n<meta property=\"og:description\" content=\"Menschen. Presseinformationen zur Ausstellung im Klingspor Museum Offenbach Resonanzen \u00bb Frankfurter Rundschau:\u00a0Das B\u00f6se ist nicht zu sehen, Janos Erkens, 9.5.2014 (pdf) \u00bb Offenbach Post:\u00a0Dem B\u00f6sen ein Gesicht geben, M. Terharn, ...\" \/>\n<meta property=\"og:url\" content=\"https:\/\/berndfischer.com\/en\/independent-works\/people-18-portraits\/presseinformations\/\" \/>\n<meta property=\"og:site_name\" content=\"Bernd Fischer EN\" \/>\n<meta property=\"article:modified_time\" content=\"2017-11-09T09:56:51+00:00\" \/>\n<meta name=\"twitter:card\" content=\"summary_large_image\" \/>\n<meta name=\"twitter:label1\" content=\"Estimated reading time\" \/>\n\t<meta name=\"twitter:data1\" content=\"1 minute\" \/>\n<script type=\"application\/ld+json\" class=\"yoast-schema-graph\">{\"@context\":\"https:\/\/schema.org\",\"@graph\":[{\"@type\":\"WebPage\",\"@id\":\"https:\/\/berndfischer.com\/en\/independent-works\/people-18-portraits\/presseinformations\/\",\"url\":\"https:\/\/berndfischer.com\/en\/independent-works\/people-18-portraits\/presseinformations\/\",\"name\":\"Presseinformations - Bernd Fischer EN\",\"isPartOf\":{\"@id\":\"https:\/\/berndfischer.com\/en\/#website\"},\"datePublished\":\"2015-08-05T07:16:21+00:00\",\"dateModified\":\"2017-11-09T09:56:51+00:00\",\"breadcrumb\":{\"@id\":\"https:\/\/berndfischer.com\/en\/independent-works\/people-18-portraits\/presseinformations\/#breadcrumb\"},\"inLanguage\":\"en-GB\",\"potentialAction\":[{\"@type\":\"ReadAction\",\"target\":[\"https:\/\/berndfischer.com\/en\/independent-works\/people-18-portraits\/presseinformations\/\"]}]},{\"@type\":\"BreadcrumbList\",\"@id\":\"https:\/\/berndfischer.com\/en\/independent-works\/people-18-portraits\/presseinformations\/#breadcrumb\",\"itemListElement\":[{\"@type\":\"ListItem\",\"position\":1,\"name\":\"Home\",\"item\":\"https:\/\/berndfischer.com\/en\/\"},{\"@type\":\"ListItem\",\"position\":2,\"name\":\"Independent works\",\"item\":\"https:\/\/berndfischer.com\/en\/independent-works\/\"},{\"@type\":\"ListItem\",\"position\":3,\"name\":\"People, 18 Portraits\",\"item\":\"https:\/\/berndfischer.com\/en\/independent-works\/people-18-portraits\/\"},{\"@type\":\"ListItem\",\"position\":4,\"name\":\"Presseinformations\"}]},{\"@type\":\"WebSite\",\"@id\":\"https:\/\/berndfischer.com\/en\/#website\",\"url\":\"https:\/\/berndfischer.com\/en\/\",\"name\":\"Bernd Fischer EN\",\"description\":\"Painted and printed colour\",\"potentialAction\":[{\"@type\":\"SearchAction\",\"target\":{\"@type\":\"EntryPoint\",\"urlTemplate\":\"https:\/\/berndfischer.com\/en\/?s={search_term_string}\"},\"query-input\":{\"@type\":\"PropertyValueSpecification\",\"valueRequired\":true,\"valueName\":\"search_term_string\"}}],\"inLanguage\":\"en-GB\"}]}<\/script>\n<!-- \/ Yoast SEO plugin. -->","yoast_head_json":{"title":"Presseinformations - Bernd Fischer EN","robots":{"index":"index","follow":"follow","max-snippet":"max-snippet:-1","max-image-preview":"max-image-preview:large","max-video-preview":"max-video-preview:-1"},"canonical":"https:\/\/berndfischer.com\/en\/independent-works\/people-18-portraits\/presseinformations\/","og_locale":"en_GB","og_type":"article","og_title":"Presseinformations - Bernd Fischer EN","og_description":"Menschen. Presseinformationen zur Ausstellung im Klingspor Museum Offenbach Resonanzen \u00bb Frankfurter Rundschau:\u00a0Das B\u00f6se ist nicht zu sehen, Janos Erkens, 9.5.2014 (pdf) \u00bb Offenbach Post:\u00a0Dem B\u00f6sen ein Gesicht geben, M. Terharn, ...","og_url":"https:\/\/berndfischer.com\/en\/independent-works\/people-18-portraits\/presseinformations\/","og_site_name":"Bernd Fischer EN","article_modified_time":"2017-11-09T09:56:51+00:00","twitter_card":"summary_large_image","twitter_misc":{"Estimated reading time":"1 minute"},"schema":{"@context":"https:\/\/schema.org","@graph":[{"@type":"WebPage","@id":"https:\/\/berndfischer.com\/en\/independent-works\/people-18-portraits\/presseinformations\/","url":"https:\/\/berndfischer.com\/en\/independent-works\/people-18-portraits\/presseinformations\/","name":"Presseinformations - Bernd Fischer EN","isPartOf":{"@id":"https:\/\/berndfischer.com\/en\/#website"},"datePublished":"2015-08-05T07:16:21+00:00","dateModified":"2017-11-09T09:56:51+00:00","breadcrumb":{"@id":"https:\/\/berndfischer.com\/en\/independent-works\/people-18-portraits\/presseinformations\/#breadcrumb"},"inLanguage":"en-GB","potentialAction":[{"@type":"ReadAction","target":["https:\/\/berndfischer.com\/en\/independent-works\/people-18-portraits\/presseinformations\/"]}]},{"@type":"BreadcrumbList","@id":"https:\/\/berndfischer.com\/en\/independent-works\/people-18-portraits\/presseinformations\/#breadcrumb","itemListElement":[{"@type":"ListItem","position":1,"name":"Home","item":"https:\/\/berndfischer.com\/en\/"},{"@type":"ListItem","position":2,"name":"Independent works","item":"https:\/\/berndfischer.com\/en\/independent-works\/"},{"@type":"ListItem","position":3,"name":"People, 18 Portraits","item":"https:\/\/berndfischer.com\/en\/independent-works\/people-18-portraits\/"},{"@type":"ListItem","position":4,"name":"Presseinformations"}]},{"@type":"WebSite","@id":"https:\/\/berndfischer.com\/en\/#website","url":"https:\/\/berndfischer.com\/en\/","name":"Bernd Fischer EN","description":"Painted and printed colour","potentialAction":[{"@type":"SearchAction","target":{"@type":"EntryPoint","urlTemplate":"https:\/\/berndfischer.com\/en\/?s={search_term_string}"},"query-input":{"@type":"PropertyValueSpecification","valueRequired":true,"valueName":"search_term_string"}}],"inLanguage":"en-GB"}]}},"_links":{"self":[{"href":"https:\/\/berndfischer.com\/en\/wp-json\/wp\/v2\/pages\/1071","targetHints":{"allow":["GET"]}}],"collection":[{"href":"https:\/\/berndfischer.com\/en\/wp-json\/wp\/v2\/pages"}],"about":[{"href":"https:\/\/berndfischer.com\/en\/wp-json\/wp\/v2\/types\/page"}],"author":[{"embeddable":true,"href":"https:\/\/berndfischer.com\/en\/wp-json\/wp\/v2\/users\/1"}],"replies":[{"embeddable":true,"href":"https:\/\/berndfischer.com\/en\/wp-json\/wp\/v2\/comments?post=1071"}],"version-history":[{"count":3,"href":"https:\/\/berndfischer.com\/en\/wp-json\/wp\/v2\/pages\/1071\/revisions"}],"predecessor-version":[{"id":4920,"href":"https:\/\/berndfischer.com\/en\/wp-json\/wp\/v2\/pages\/1071\/revisions\/4920"}],"up":[{"embeddable":true,"href":"https:\/\/berndfischer.com\/en\/wp-json\/wp\/v2\/pages\/22"}],"wp:attachment":[{"href":"https:\/\/berndfischer.com\/en\/wp-json\/wp\/v2\/media?parent=1071"}],"curies":[{"name":"wp","href":"https:\/\/api.w.org\/{rel}","templated":true}]}}