{"id":1167,"date":"2015-08-10T13:00:08","date_gmt":"2015-08-10T11:00:08","guid":{"rendered":"https:\/\/berndfischer.com\/?page_id=1167"},"modified":"2019-11-14T11:07:23","modified_gmt":"2019-11-14T10:07:23","slug":"stripping-of-doctor-titles-giesen","status":"publish","type":"page","link":"https:\/\/berndfischer.com\/en\/commissioned-works\/commemorative-plaques\/stripping-of-doctor-titles-giesen\/","title":{"rendered":"Stripping of doctor titles, Gie\u00dfen"},"content":{"rendered":"<h1>Stripping of doctor titles<\/h1>\n<p><img loading=\"lazy\" decoding=\"async\" class=\"alignleft wp-image-1712 size-full\" src=\"https:\/\/berndfischer.com\/wp-content\/uploads\/2015\/08\/Gedenktafel-Justus-Liebig-Uni-Gie\u00dfen-2.jpg\" alt=\"\" width=\"700\" height=\"298\" srcset=\"https:\/\/berndfischer.com\/en\/wp-content\/uploads\/sites\/3\/2015\/08\/Gedenktafel-Justus-Liebig-Uni-Gie\u00dfen-2.jpg 700w, https:\/\/berndfischer.com\/en\/wp-content\/uploads\/sites\/3\/2015\/08\/Gedenktafel-Justus-Liebig-Uni-Gie\u00dfen-2-330x140.jpg 330w\" sizes=\"auto, (max-width: 700px) 100vw, 700px\" \/><em>The Memorial plaque for the stripping of doctor titles,<br \/>\nGustav Kr\u00fcger Auditorium of the Justus Liebig University of Giessen<br \/>\n2008<\/em><\/p>\n<p>&nbsp;<\/p>\n<p>In the Nazi era Giessen University (Ludoviciana) revoked or denied 49 academics a doctoral degree for political or racist reasons. In 2006, Justus Liebig University publicly restored the degrees to these victims. In two cases Giessen University awarded doctor\u2019s degrees posthumously which were not awarded during the Nazi regime in spite of the successful completion of doctorate procedures. background research on the denial of doctoral degrees also revealed that during the Third Reich the university was not compelled to revoke the doctoral degrees. The protest by Professor of Protestant Theology, Gustav Kr\u00fcger, refers to alternative channels of action. Justus Liebig University saw in these findings the opportunity to publicly restore the doctoral degrees which were revoked for political or racist reasons and at the same time to draw attention to the responsibility and duty of the members of an academic institution as regards academic freedom. The assignment was described as such: To link the reinstatement with civil courage.<\/p>\n<div id=\"attachment_1713\" style=\"width: 340px\" class=\"wp-caption alignleft\"><a href=\"https:\/\/berndfischer.com\/wp-content\/uploads\/2015\/08\/Gedenktafel-Justus-Liebig-Uni-Gie\u00dfen-3.jpg\"><img loading=\"lazy\" decoding=\"async\" aria-describedby=\"caption-attachment-1713\" class=\"wp-image-1713 size-medium\" src=\"https:\/\/berndfischer.com\/wp-content\/uploads\/2015\/08\/Gedenktafel-Justus-Liebig-Uni-Gie\u00dfen-3-330x186.jpg\" alt=\"Der Universit\u00e4tskanzler, Dr. Michael Breitbach; der Universit\u00e4tspr\u00e4sident, Prof. Dr. phil. habil. Stefan Hormuth\" width=\"330\" height=\"186\" srcset=\"https:\/\/berndfischer.com\/en\/wp-content\/uploads\/sites\/3\/2015\/08\/Gedenktafel-Justus-Liebig-Uni-Gie\u00dfen-3-330x186.jpg 330w, https:\/\/berndfischer.com\/en\/wp-content\/uploads\/sites\/3\/2015\/08\/Gedenktafel-Justus-Liebig-Uni-Gie\u00dfen-3.jpg 700w\" sizes=\"auto, (max-width: 330px) 100vw, 330px\" \/><\/a><p id=\"caption-attachment-1713\" class=\"wp-caption-text\">Dr. Breitbach, Prof. Dr. phil. habil. Hormuth<\/p><\/div>\n<div id=\"attachment_1711\" style=\"width: 340px\" class=\"wp-caption alignright\"><a href=\"https:\/\/berndfischer.com\/wp-content\/uploads\/2015\/08\/Gedenktafel-Justus-Liebig-Uni-Gie\u00dfen-1.jpg\"><img loading=\"lazy\" decoding=\"async\" aria-describedby=\"caption-attachment-1711\" class=\"wp-image-1711 size-medium\" src=\"https:\/\/berndfischer.com\/wp-content\/uploads\/2015\/08\/Gedenktafel-Justus-Liebig-Uni-Gie\u00dfen-1-330x186.jpg\" alt=\"Der Universit\u00e4tskanzler, Dr. Michael Breitbach; Leiterin des Universit\u00e4tsarchivs, Dr. Eva-Marie Felschow; der erste Universit\u00e4tsvizepr\u00e4sident, Prof. Dr. Joybrato Mukherjee\" width=\"330\" height=\"186\" srcset=\"https:\/\/berndfischer.com\/en\/wp-content\/uploads\/sites\/3\/2015\/08\/Gedenktafel-Justus-Liebig-Uni-Gie\u00dfen-1-330x186.jpg 330w, https:\/\/berndfischer.com\/en\/wp-content\/uploads\/sites\/3\/2015\/08\/Gedenktafel-Justus-Liebig-Uni-Gie\u00dfen-1.jpg 700w\" sizes=\"auto, (max-width: 330px) 100vw, 330px\" \/><\/a><p id=\"caption-attachment-1711\" class=\"wp-caption-text\">Dr. Breitbach, Dr. Felschow, Prof. Dr. Mukherjee<\/p><\/div>\n<p>&nbsp;<\/p>\n<h3>Assignment<\/h3>\n<p>The assignment was to conceive, design and realize a plaque in which the above was concisely included and represented in an appropriate sense.<\/p>\n<h3>Text<\/h3>\n<p style=\"padding-left: 30px;\">A doctorate is defined by academic<br \/>\nstanding and ethical responsibility.<br \/>\nSince the second half of the 19th century it has been<br \/>\nthe law to revoke the title from persons<br \/>\nagainst whom criminal proceedings have been instigated.<br \/>\nThe Nazi regime broke with this constitutional tradition<br \/>\nand revoked this academic title for racist<br \/>\nand political reasons.<\/p>\n<p style=\"padding-left: 30px;\">In 1967, the University Senate declared<br \/>\nthe stripping of doctor titles decreed<br \/>\nin Giessen during the Nazi<br \/>\ndictatorship to be null<br \/>\nand void from the start.<br \/>\nIn 2006, in two cases the university<br \/>\nposthumously reinstated the denied doctor title.<\/p>\n<p style=\"padding-left: 30px;\">The universities were not \u2013 as has been repeatedly<br \/>\nstated \u2013 merely objects caught up in<br \/>\nsomething ominous that was basically distant and alien to them.<br \/>\nRather, they were themselves an element of an unjust system<br \/>\nand made their own contribution to its efficiency and duration.<\/p>\n<p style=\"padding-left: 30px;\">In an address to the Senate of the University of Giessen on 14 June, 1933<br \/>\nart historian Professor Gustav Kr\u00fcger resigned from his seat on the Senate.<br \/>\nHe justified his decision with the ending of academic freedom by the<br \/>\nNazi regime: \u201cI leave this room in which for over 40 years<br \/>\nI have been involved in the independent government of our alma mater,<br \/>\nI leave it with the words profiteor, professor sum, profitebor\u201d. \u2013 he was dealt no punishment.<\/p>\n<div class=\"colum-2\" style=\"margin-bottom: 15px;\">Dr. Albert Aaron<br \/>\nDr. Erich Alexander<br \/>\nDr. Richard Aninger<br \/>\nDr. Max Baumgart<br \/>\nDr. Karl Becht (posthum)<br \/>\nDr. Fritz Bernius<br \/>\nDr. Gustav Birkmann<br \/>\n(posthum)<br \/>\nDr. Felix Cahn<br \/>\nDr. Karl Dahl<br \/>\nDr. Alfred Dang<br \/>\nDr. Hans Ebeling<br \/>\nDr. Ludwig Ehrmann<br \/>\nDr. Walter Eisen<br \/>\nDr. Theodor Engel<br \/>\nDr. Erich Escher<br \/>\nDr. Walter Fabian<br \/>\nDr. Heinrich Flachsbarth<br \/>\nDr. Rudolf Frank<br \/>\nDr. Eugen Goldberg<br \/>\nDr. Walter Gottschalk<br \/>\nDr. Walter von Hahn<br \/>\nDr. Heinrich Hanau<br \/>\nDr. Leo Hirschland<br \/>\nDr. Hermann Holzer<\/div>\n<div class=\"colum-2\" style=\"margin-bottom: 15px;\">Dr. Wilhelm Hopmann<br \/>\nDr. Ernst Israel<br \/>\nDr. Werner Joseph<br \/>\nProf. Dr. Ernst Paul Kahle<br \/>\nDr. Max Katten<br \/>\nDr. Moritz Katz<br \/>\nDr. Theodor Keller<br \/>\nDr. Siegfried Klein<br \/>\nDr. Hans Marcuse<br \/>\nDr. Ferdinand Meyer<br \/>\nDr. Ernst Morgenroth<br \/>\nDr. Walter Oppenheimer<br \/>\nDr. Joachim Prinz<br \/>\nDr. Friedrich Quack<br \/>\nDr. Felix R\u00f6ttgen<br \/>\nDr. Paul Rosenbaum<br \/>\nDr. Walter Schirren<br \/>\nDr. Johannes Schneider<br \/>\nDr. Joseph Straeter<br \/>\nDr. Hugo Strauss<br \/>\nDr. Frieda Vogel<br \/>\nDr. Franz Wasiak<br \/>\nDr. Julius Weinberg<br \/>\nDr. Gustav Wendel<br \/>\nDr. Walter Zabolitzky<\/div>\n<p style=\"padding-left: 30px;\">Concept and design of the memorial plaque: Bernd Fischer, www.fischerkuenstler.de<br \/>\nIllustration: Heinrich Wilhelm Kranz (first from right as rector, in the gown and chain of office, with representatives of the Nazi regime at a university celebration (1940), photo: Justus-Liebig University. Text sources used: Uni-Forum No.1\/16.02.200<\/p>\n<h3>Design<\/h3>\n<p>Deciding on a transparent carrier material meant the content could be represented on various levels. In this way the complex request could be structured in an understandable way and designed with a differentiated interplay of the two focuses (reinstatement and civil courage).<br \/>\nThe glass composite creation consists of three panes. A visible and perceptible spatial depth is created in this way which finds parallels in the period of focus.<\/p>\n<h3>Execution<\/h3>\n<p>Ceramic glass colors on white glass,\u00a0as laminated safety glass<br \/>\nFree-standing in front of wall<br \/>\nSize of plaque: H 60 cm\u00a0x W 142 cm x approx. D 2.5 cm<\/p>\n<p><a href=\"https:\/\/berndfischer.com\/wp-content\/uploads\/2015\/08\/jlu_uniforum.pdf\" target=\"_blank\" rel=\"noopener noreferrer\">\u00bb\u00a0Interview von Charlotte Br\u00fcckner-Ihl mit Bernd Fischer im Uniforum (pdf)<\/a><br \/>\n<a href=\"http:\/\/www.giessener-hochschulgesellschaft.de\/resources\/GUB-42-2009.pdf\" target=\"_blank\" rel=\"noopener noreferrer\">\u00bb Auszug aus dem GUB-42-2009 (pdf)<\/a><\/p>\n","protected":false},"excerpt":{"rendered":"<p>Stripping of doctor titles The Memorial plaque for the stripping of doctor titles, Gustav Kr\u00fcger Auditorium of the Justus Liebig University of Giessen 2008 &nbsp; In the Nazi era Giessen &#8230;<\/p>\n","protected":false},"author":1,"featured_media":1715,"parent":43,"menu_order":248,"comment_status":"closed","ping_status":"closed","template":"page-ohne-headline.php","meta":{"_acf_changed":false,"footnotes":""},"class_list":["post-1167","page","type-page","status-publish","has-post-thumbnail","hentry"],"acf":[],"yoast_head":"<!-- This site is optimized with the Yoast SEO plugin v26.9 - https:\/\/yoast.com\/product\/yoast-seo-wordpress\/ -->\n<title>Stripping of doctor titles, Gie\u00dfen - Bernd Fischer EN<\/title>\n<meta name=\"robots\" content=\"index, follow, max-snippet:-1, max-image-preview:large, max-video-preview:-1\" \/>\n<link rel=\"canonical\" href=\"https:\/\/berndfischer.com\/en\/commissioned-works\/commemorative-plaques\/stripping-of-doctor-titles-giesen\/\" \/>\n<meta property=\"og:locale\" content=\"en_GB\" \/>\n<meta property=\"og:type\" content=\"article\" \/>\n<meta property=\"og:title\" content=\"Stripping of doctor titles, Gie\u00dfen - Bernd Fischer EN\" \/>\n<meta property=\"og:description\" content=\"Stripping of doctor titles The Memorial plaque for the stripping of doctor titles, Gustav Kr\u00fcger Auditorium of the Justus Liebig University of Giessen 2008 &nbsp; In the Nazi era Giessen ...\" \/>\n<meta property=\"og:url\" content=\"https:\/\/berndfischer.com\/en\/commissioned-works\/commemorative-plaques\/stripping-of-doctor-titles-giesen\/\" \/>\n<meta property=\"og:site_name\" content=\"Bernd Fischer EN\" \/>\n<meta property=\"article:modified_time\" content=\"2019-11-14T10:07:23+00:00\" \/>\n<meta property=\"og:image\" content=\"https:\/\/berndfischer.com\/en\/wp-content\/uploads\/sites\/3\/2015\/08\/Thumb-Justus-Liebig-Uni-Gie\u00dfen.jpg\" \/>\n\t<meta property=\"og:image:width\" content=\"130\" \/>\n\t<meta property=\"og:image:height\" content=\"130\" \/>\n\t<meta property=\"og:image:type\" content=\"image\/jpeg\" \/>\n<meta name=\"twitter:card\" content=\"summary_large_image\" \/>\n<meta name=\"twitter:label1\" content=\"Estimated reading time\" \/>\n\t<meta name=\"twitter:data1\" content=\"4 minutes\" \/>\n<script type=\"application\/ld+json\" class=\"yoast-schema-graph\">{\"@context\":\"https:\/\/schema.org\",\"@graph\":[{\"@type\":\"WebPage\",\"@id\":\"https:\/\/berndfischer.com\/en\/commissioned-works\/commemorative-plaques\/stripping-of-doctor-titles-giesen\/\",\"url\":\"https:\/\/berndfischer.com\/en\/commissioned-works\/commemorative-plaques\/stripping-of-doctor-titles-giesen\/\",\"name\":\"Stripping of doctor titles, Gie\u00dfen - Bernd Fischer EN\",\"isPartOf\":{\"@id\":\"https:\/\/berndfischer.com\/en\/#website\"},\"primaryImageOfPage\":{\"@id\":\"https:\/\/berndfischer.com\/en\/commissioned-works\/commemorative-plaques\/stripping-of-doctor-titles-giesen\/#primaryimage\"},\"image\":{\"@id\":\"https:\/\/berndfischer.com\/en\/commissioned-works\/commemorative-plaques\/stripping-of-doctor-titles-giesen\/#primaryimage\"},\"thumbnailUrl\":\"https:\/\/berndfischer.com\/en\/wp-content\/uploads\/sites\/3\/2015\/08\/Thumb-Justus-Liebig-Uni-Gie\u00dfen.jpg\",\"datePublished\":\"2015-08-10T11:00:08+00:00\",\"dateModified\":\"2019-11-14T10:07:23+00:00\",\"breadcrumb\":{\"@id\":\"https:\/\/berndfischer.com\/en\/commissioned-works\/commemorative-plaques\/stripping-of-doctor-titles-giesen\/#breadcrumb\"},\"inLanguage\":\"en-GB\",\"potentialAction\":[{\"@type\":\"ReadAction\",\"target\":[\"https:\/\/berndfischer.com\/en\/commissioned-works\/commemorative-plaques\/stripping-of-doctor-titles-giesen\/\"]}]},{\"@type\":\"ImageObject\",\"inLanguage\":\"en-GB\",\"@id\":\"https:\/\/berndfischer.com\/en\/commissioned-works\/commemorative-plaques\/stripping-of-doctor-titles-giesen\/#primaryimage\",\"url\":\"https:\/\/berndfischer.com\/en\/wp-content\/uploads\/sites\/3\/2015\/08\/Thumb-Justus-Liebig-Uni-Gie\u00dfen.jpg\",\"contentUrl\":\"https:\/\/berndfischer.com\/en\/wp-content\/uploads\/sites\/3\/2015\/08\/Thumb-Justus-Liebig-Uni-Gie\u00dfen.jpg\",\"width\":130,\"height\":130,\"caption\":\"Justus Liebig Uni Gie\u00dfen\"},{\"@type\":\"BreadcrumbList\",\"@id\":\"https:\/\/berndfischer.com\/en\/commissioned-works\/commemorative-plaques\/stripping-of-doctor-titles-giesen\/#breadcrumb\",\"itemListElement\":[{\"@type\":\"ListItem\",\"position\":1,\"name\":\"Home\",\"item\":\"https:\/\/berndfischer.com\/en\/\"},{\"@type\":\"ListItem\",\"position\":2,\"name\":\"Commissioned works\",\"item\":\"https:\/\/berndfischer.com\/en\/commissioned-works\/\"},{\"@type\":\"ListItem\",\"position\":3,\"name\":\"Commemorative plaques\",\"item\":\"https:\/\/berndfischer.com\/en\/commissioned-works\/commemorative-plaques\/\"},{\"@type\":\"ListItem\",\"position\":4,\"name\":\"Stripping of doctor titles, Gie\u00dfen\"}]},{\"@type\":\"WebSite\",\"@id\":\"https:\/\/berndfischer.com\/en\/#website\",\"url\":\"https:\/\/berndfischer.com\/en\/\",\"name\":\"Bernd Fischer EN\",\"description\":\"Painted and printed colour\",\"potentialAction\":[{\"@type\":\"SearchAction\",\"target\":{\"@type\":\"EntryPoint\",\"urlTemplate\":\"https:\/\/berndfischer.com\/en\/?s={search_term_string}\"},\"query-input\":{\"@type\":\"PropertyValueSpecification\",\"valueRequired\":true,\"valueName\":\"search_term_string\"}}],\"inLanguage\":\"en-GB\"}]}<\/script>\n<!-- \/ Yoast SEO plugin. -->","yoast_head_json":{"title":"Stripping of doctor titles, Gie\u00dfen - Bernd Fischer EN","robots":{"index":"index","follow":"follow","max-snippet":"max-snippet:-1","max-image-preview":"max-image-preview:large","max-video-preview":"max-video-preview:-1"},"canonical":"https:\/\/berndfischer.com\/en\/commissioned-works\/commemorative-plaques\/stripping-of-doctor-titles-giesen\/","og_locale":"en_GB","og_type":"article","og_title":"Stripping of doctor titles, Gie\u00dfen - Bernd Fischer EN","og_description":"Stripping of doctor titles The Memorial plaque for the stripping of doctor titles, Gustav Kr\u00fcger Auditorium of the Justus Liebig University of Giessen 2008 &nbsp; In the Nazi era Giessen ...","og_url":"https:\/\/berndfischer.com\/en\/commissioned-works\/commemorative-plaques\/stripping-of-doctor-titles-giesen\/","og_site_name":"Bernd Fischer EN","article_modified_time":"2019-11-14T10:07:23+00:00","og_image":[{"width":130,"height":130,"url":"https:\/\/berndfischer.com\/en\/wp-content\/uploads\/sites\/3\/2015\/08\/Thumb-Justus-Liebig-Uni-Gie\u00dfen.jpg","type":"image\/jpeg"}],"twitter_card":"summary_large_image","twitter_misc":{"Estimated reading time":"4 minutes"},"schema":{"@context":"https:\/\/schema.org","@graph":[{"@type":"WebPage","@id":"https:\/\/berndfischer.com\/en\/commissioned-works\/commemorative-plaques\/stripping-of-doctor-titles-giesen\/","url":"https:\/\/berndfischer.com\/en\/commissioned-works\/commemorative-plaques\/stripping-of-doctor-titles-giesen\/","name":"Stripping of doctor titles, Gie\u00dfen - Bernd Fischer EN","isPartOf":{"@id":"https:\/\/berndfischer.com\/en\/#website"},"primaryImageOfPage":{"@id":"https:\/\/berndfischer.com\/en\/commissioned-works\/commemorative-plaques\/stripping-of-doctor-titles-giesen\/#primaryimage"},"image":{"@id":"https:\/\/berndfischer.com\/en\/commissioned-works\/commemorative-plaques\/stripping-of-doctor-titles-giesen\/#primaryimage"},"thumbnailUrl":"https:\/\/berndfischer.com\/en\/wp-content\/uploads\/sites\/3\/2015\/08\/Thumb-Justus-Liebig-Uni-Gie\u00dfen.jpg","datePublished":"2015-08-10T11:00:08+00:00","dateModified":"2019-11-14T10:07:23+00:00","breadcrumb":{"@id":"https:\/\/berndfischer.com\/en\/commissioned-works\/commemorative-plaques\/stripping-of-doctor-titles-giesen\/#breadcrumb"},"inLanguage":"en-GB","potentialAction":[{"@type":"ReadAction","target":["https:\/\/berndfischer.com\/en\/commissioned-works\/commemorative-plaques\/stripping-of-doctor-titles-giesen\/"]}]},{"@type":"ImageObject","inLanguage":"en-GB","@id":"https:\/\/berndfischer.com\/en\/commissioned-works\/commemorative-plaques\/stripping-of-doctor-titles-giesen\/#primaryimage","url":"https:\/\/berndfischer.com\/en\/wp-content\/uploads\/sites\/3\/2015\/08\/Thumb-Justus-Liebig-Uni-Gie\u00dfen.jpg","contentUrl":"https:\/\/berndfischer.com\/en\/wp-content\/uploads\/sites\/3\/2015\/08\/Thumb-Justus-Liebig-Uni-Gie\u00dfen.jpg","width":130,"height":130,"caption":"Justus Liebig Uni Gie\u00dfen"},{"@type":"BreadcrumbList","@id":"https:\/\/berndfischer.com\/en\/commissioned-works\/commemorative-plaques\/stripping-of-doctor-titles-giesen\/#breadcrumb","itemListElement":[{"@type":"ListItem","position":1,"name":"Home","item":"https:\/\/berndfischer.com\/en\/"},{"@type":"ListItem","position":2,"name":"Commissioned works","item":"https:\/\/berndfischer.com\/en\/commissioned-works\/"},{"@type":"ListItem","position":3,"name":"Commemorative plaques","item":"https:\/\/berndfischer.com\/en\/commissioned-works\/commemorative-plaques\/"},{"@type":"ListItem","position":4,"name":"Stripping of doctor titles, Gie\u00dfen"}]},{"@type":"WebSite","@id":"https:\/\/berndfischer.com\/en\/#website","url":"https:\/\/berndfischer.com\/en\/","name":"Bernd Fischer EN","description":"Painted and printed colour","potentialAction":[{"@type":"SearchAction","target":{"@type":"EntryPoint","urlTemplate":"https:\/\/berndfischer.com\/en\/?s={search_term_string}"},"query-input":{"@type":"PropertyValueSpecification","valueRequired":true,"valueName":"search_term_string"}}],"inLanguage":"en-GB"}]}},"_links":{"self":[{"href":"https:\/\/berndfischer.com\/en\/wp-json\/wp\/v2\/pages\/1167","targetHints":{"allow":["GET"]}}],"collection":[{"href":"https:\/\/berndfischer.com\/en\/wp-json\/wp\/v2\/pages"}],"about":[{"href":"https:\/\/berndfischer.com\/en\/wp-json\/wp\/v2\/types\/page"}],"author":[{"embeddable":true,"href":"https:\/\/berndfischer.com\/en\/wp-json\/wp\/v2\/users\/1"}],"replies":[{"embeddable":true,"href":"https:\/\/berndfischer.com\/en\/wp-json\/wp\/v2\/comments?post=1167"}],"version-history":[{"count":10,"href":"https:\/\/berndfischer.com\/en\/wp-json\/wp\/v2\/pages\/1167\/revisions"}],"predecessor-version":[{"id":5343,"href":"https:\/\/berndfischer.com\/en\/wp-json\/wp\/v2\/pages\/1167\/revisions\/5343"}],"up":[{"embeddable":true,"href":"https:\/\/berndfischer.com\/en\/wp-json\/wp\/v2\/pages\/43"}],"wp:featuredmedia":[{"embeddable":true,"href":"https:\/\/berndfischer.com\/en\/wp-json\/wp\/v2\/media\/1715"}],"wp:attachment":[{"href":"https:\/\/berndfischer.com\/en\/wp-json\/wp\/v2\/media?parent=1167"}],"curies":[{"name":"wp","href":"https:\/\/api.w.org\/{rel}","templated":true}]}}