{"id":1194,"date":"2015-08-10T19:42:45","date_gmt":"2015-08-10T17:42:45","guid":{"rendered":"https:\/\/berndfischer.com\/?page_id=1194"},"modified":"2015-11-03T16:19:50","modified_gmt":"2015-11-03T15:19:50","slug":"gedenktafel-perlenfabrik","status":"publish","type":"page","link":"https:\/\/berndfischer.com\/en\/commissioned-works\/commemorative-plaques\/gedenktafel-perlenfabrik\/","title":{"rendered":"Perlenfabrik, Frankfurt\/Main"},"content":{"rendered":"<h1>Perlenfabrik<\/h1>\n<div id=\"new-royalslider-28\" class=\"royalSlider new-royalslider-28 rsMinW rs-default-template\" style=\"width:100%;height:438px;;\" data-rs-options='{&quot;template&quot;:&quot;default&quot;,&quot;image_generation&quot;:{&quot;imageWidth&quot;:&quot;&quot;,&quot;imageHeight&quot;:&quot;&quot;,&quot;thumbImageWidth&quot;:&quot;&quot;,&quot;thumbImageHeight&quot;:&quot;&quot;},&quot;thumbs&quot;:{&quot;thumbWidth&quot;:96,&quot;thumbHeight&quot;:72},&quot;autoPlay&quot;:{&quot;enabled&quot;:&quot;true&quot;,&quot;delay&quot;:2400,&quot;stopAtAction&quot;:&quot;false&quot;},&quot;visibleNearby&quot;:{&quot;hiddenOverflow&quot;:&quot;false&quot;},&quot;block&quot;:{&quot;fadeEffect&quot;:&quot;false&quot;,&quot;moveOffset&quot;:20,&quot;speed&quot;:400,&quot;delay&quot;:200},&quot;width&quot;:&quot;100%&quot;,&quot;height&quot;:&quot;438px&quot;,&quot;autoScaleSlider&quot;:&quot;true&quot;,&quot;autoScaleSliderWidth&quot;:700,&quot;autoScaleSliderHeight&quot;:448,&quot;slidesSpacing&quot;:0,&quot;imageScaleMode&quot;:&quot;fit&quot;,&quot;imageAlignCenter&quot;:&quot;false&quot;,&quot;imageScalePadding&quot;:0,&quot;controlNavigation&quot;:&quot;none&quot;,&quot;arrowsNav&quot;:&quot;false&quot;,&quot;transitionType&quot;:&quot;fade&quot;,&quot;transitionSpeed&quot;:1500,&quot;loop&quot;:&quot;true&quot;,&quot;fadeinLoadedSlide&quot;:&quot;false&quot;,&quot;allowCSS3&quot;:&quot;false&quot;}'>\n<div class=\"rsContent\">\n  <img decoding=\"async\" class=\"rsImg\" src=\"https:\/\/berndfischer.com\/en\/wp-content\/uploads\/sites\/3\/2015\/08\/Gedenktafel-Studentenwohnheim-1-700x438.jpg\" alt=\"Gedenktafel  Studentenwohnheim-1\"\/>\n  \n  \n  \n<\/div>\n<div class=\"rsContent\">\n  <img decoding=\"async\" class=\"rsImg\" src=\"https:\/\/berndfischer.com\/en\/wp-content\/uploads\/sites\/3\/2015\/11\/Gedenktafel-Studentenwohnheim-3-700x438.jpg\" alt=\"Gedenktafel  Studentenwohnheim-3\"\/>\n  \n  \n  \n<\/div>\n<div class=\"rsContent\">\n  <img decoding=\"async\" class=\"rsImg\" src=\"https:\/\/berndfischer.com\/en\/wp-content\/uploads\/sites\/3\/2015\/08\/Gedenktafel-Studentenwohnheim-2-700x438.jpg\" alt=\"Gedenktafel  Studentenwohnheim-2\"\/>\n  \n  \n  \n<\/div>\n\n<\/div>\n\n<p><em>memorial plaque, in memoriam first concentration camp in South Hessen,<\/em><br \/>\n<em> Ginnheimer Landstra\u00dfe 40-42, Frankfurt am Main<\/em><\/p>\n<p>&nbsp;<\/p>\n<h3>The principal function of the memorial plaque<\/h3>\n<p>is, in my opinion, to provide information on history \/ on the way that a site was used at a particular time in the Third Reich. The people affected by the Nazis criminal actions are not mentioned in person in the text but are assigned to specific groups in society.<\/p>\n<h3>The location of the memorial plaque<\/h3>\n<p>is a student hostel, a place of temporary residence for young, educated people. Its sophisticated, contemporary design has been realized in a simple way.<\/p>\n<h3>The design<\/h3>\n<p>takes its cue from this understanding of both the plaque\u2019s function and its location.<br \/>\nThe design avoids the received aesthetic approach, which hinges on premium materials of outstanding quality for memorial plaques. Instead, an approach was chosen that used \u201cordinary\u201d materials and an \u201cordinary\u201d design, and is reminiscent of the usual signposts while offering a completely new interpretation in the form of the plaque\u2019s specific design.<br \/>\nThe person contemplating the plaque sees something that is at once familiar and strange. As I see it, in this location an unpretentious look seems to be the best possible solution for a plaque with this kind of content.<br \/>\nThe dimensions and the font of the German writing on the sign comply with the DIN standard for road signs while the actual size of the plaque does not. The English-language text does not meet the DIN standard but has different dimensions (it is three times as long).<\/p>\n<p>Similarly, unlike most customary signage, the surface of the plaques does not resort to the use of color. With their natural hue, the two epoxy-coated aluminum plaques are weatherproof and, with their simple, gray appearance, are in complete character with their sorrowful contents and dimensions. Mounted so they seem to be hovering in front of the wall, the plaques can be attached without visible screw heads.<\/p>\n<h3>Text<\/h3>\n<p>Supplied by client:<\/p>\n<p style=\"padding-left: 30px;\">Hier, auf dem Gel\u00e4nde eines ehemaligen Erziehungsheimes, im Volksmund \u201ePerlenfabrik\u201c genannt, errichtete 1933 die SA nur wenige Monate nach der nationalsozialistischen Machtergreifung das erste Konzentrationslager in S\u00fcdhessen. Vor allem Gewerkschafter, Sozialdemokraten und Kommunisten wurden hier inhaftiert, gefoltert und gequ\u00e4lt. Das KZ bestand nur kurze Zeit und wurde im Sommer 1933 aufgel\u00f6st. Zahlreiche der verbliebenen H\u00e4ftlinge kamen in andere Konzentrationslager, vor allem nach Osthofen (heute Rheinland-Pfalz) und Dachau.<\/p>\n<p style=\"padding-left: 30px;\">In 1933, only a few months after the Nazis seized power, the SA set up the first concentration camp in South Hessen here, on the grounds of what was once an approved school that the locals called the \u201cPerlenfabrik\u201d (bead factory). First and foremost, trade unionists, Social Democrats and Communists were imprisoned here, tortured and tormented. The concentration camp existed only briefly as was closed down in summer 1933. Many of the remaining inmates were deported to other concentration camps, mainly to Osthofen (Rhineland-Palatinate) and Dachau (Bavaria).<\/p>\n<p style=\"padding-left: 30px;\">\n<h3>The dimensions<\/h3>\n<p>German-language sign h 567 x w 869 mm, font size 25 mm<br \/>\nEnglish-language sign h 365 x w 1579 mm, font size 25 mm<\/p>\n<p>Period of project:\u00a0March through November 2014<\/p>\n","protected":false},"excerpt":{"rendered":"<p>Perlenfabrik memorial plaque, in memoriam first concentration camp in South Hessen, Ginnheimer Landstra\u00dfe 40-42, Frankfurt am Main &nbsp; The principal function of the memorial plaque is, in my opinion, to &#8230;<\/p>\n","protected":false},"author":1,"featured_media":1774,"parent":43,"menu_order":245,"comment_status":"closed","ping_status":"closed","template":"page-ohne-headline.php","meta":{"_acf_changed":false,"footnotes":""},"class_list":["post-1194","page","type-page","status-publish","has-post-thumbnail","hentry"],"acf":[],"yoast_head":"<!-- This site is optimized with the Yoast SEO plugin v27.5 - https:\/\/yoast.com\/product\/yoast-seo-wordpress\/ -->\n<title>Perlenfabrik, Frankfurt\/Main - Bernd Fischer EN<\/title>\n<meta name=\"robots\" content=\"index, follow, max-snippet:-1, max-image-preview:large, max-video-preview:-1\" \/>\n<link rel=\"canonical\" href=\"https:\/\/berndfischer.com\/en\/commissioned-works\/commemorative-plaques\/gedenktafel-perlenfabrik\/\" \/>\n<meta property=\"og:locale\" content=\"en_GB\" \/>\n<meta property=\"og:type\" content=\"article\" \/>\n<meta property=\"og:title\" content=\"Perlenfabrik, Frankfurt\/Main - Bernd Fischer EN\" \/>\n<meta property=\"og:description\" content=\"Perlenfabrik memorial plaque, in memoriam first concentration camp in South Hessen, Ginnheimer Landstra\u00dfe 40-42, Frankfurt am Main &nbsp; The principal function of the memorial plaque is, in my opinion, to ...\" \/>\n<meta property=\"og:url\" content=\"https:\/\/berndfischer.com\/en\/commissioned-works\/commemorative-plaques\/gedenktafel-perlenfabrik\/\" \/>\n<meta property=\"og:site_name\" content=\"Bernd Fischer EN\" \/>\n<meta property=\"article:modified_time\" content=\"2015-11-03T15:19:50+00:00\" \/>\n<meta property=\"og:image\" content=\"https:\/\/berndfischer.com\/en\/wp-content\/uploads\/sites\/3\/2015\/08\/Thumb-Studentenwohnheim.jpg\" \/>\n\t<meta property=\"og:image:width\" content=\"130\" \/>\n\t<meta property=\"og:image:height\" content=\"130\" \/>\n\t<meta property=\"og:image:type\" content=\"image\/jpeg\" \/>\n<meta name=\"twitter:card\" content=\"summary_large_image\" \/>\n<meta name=\"twitter:label1\" content=\"Estimated reading time\" \/>\n\t<meta name=\"twitter:data1\" content=\"3 minutes\" \/>\n<script type=\"application\/ld+json\" class=\"yoast-schema-graph\">{\"@context\":\"https:\\\/\\\/schema.org\",\"@graph\":[{\"@type\":\"WebPage\",\"@id\":\"https:\\\/\\\/berndfischer.com\\\/en\\\/commissioned-works\\\/commemorative-plaques\\\/gedenktafel-perlenfabrik\\\/\",\"url\":\"https:\\\/\\\/berndfischer.com\\\/en\\\/commissioned-works\\\/commemorative-plaques\\\/gedenktafel-perlenfabrik\\\/\",\"name\":\"Perlenfabrik, Frankfurt\\\/Main - Bernd Fischer EN\",\"isPartOf\":{\"@id\":\"https:\\\/\\\/berndfischer.com\\\/en\\\/#website\"},\"primaryImageOfPage\":{\"@id\":\"https:\\\/\\\/berndfischer.com\\\/en\\\/commissioned-works\\\/commemorative-plaques\\\/gedenktafel-perlenfabrik\\\/#primaryimage\"},\"image\":{\"@id\":\"https:\\\/\\\/berndfischer.com\\\/en\\\/commissioned-works\\\/commemorative-plaques\\\/gedenktafel-perlenfabrik\\\/#primaryimage\"},\"thumbnailUrl\":\"https:\\\/\\\/berndfischer.com\\\/en\\\/wp-content\\\/uploads\\\/sites\\\/3\\\/2015\\\/08\\\/Thumb-Studentenwohnheim.jpg\",\"datePublished\":\"2015-08-10T17:42:45+00:00\",\"dateModified\":\"2015-11-03T15:19:50+00:00\",\"breadcrumb\":{\"@id\":\"https:\\\/\\\/berndfischer.com\\\/en\\\/commissioned-works\\\/commemorative-plaques\\\/gedenktafel-perlenfabrik\\\/#breadcrumb\"},\"inLanguage\":\"en-GB\",\"potentialAction\":[{\"@type\":\"ReadAction\",\"target\":[\"https:\\\/\\\/berndfischer.com\\\/en\\\/commissioned-works\\\/commemorative-plaques\\\/gedenktafel-perlenfabrik\\\/\"]}]},{\"@type\":\"ImageObject\",\"inLanguage\":\"en-GB\",\"@id\":\"https:\\\/\\\/berndfischer.com\\\/en\\\/commissioned-works\\\/commemorative-plaques\\\/gedenktafel-perlenfabrik\\\/#primaryimage\",\"url\":\"https:\\\/\\\/berndfischer.com\\\/en\\\/wp-content\\\/uploads\\\/sites\\\/3\\\/2015\\\/08\\\/Thumb-Studentenwohnheim.jpg\",\"contentUrl\":\"https:\\\/\\\/berndfischer.com\\\/en\\\/wp-content\\\/uploads\\\/sites\\\/3\\\/2015\\\/08\\\/Thumb-Studentenwohnheim.jpg\",\"width\":130,\"height\":130,\"caption\":\"Gedenktafel Studentenwohnheim\"},{\"@type\":\"BreadcrumbList\",\"@id\":\"https:\\\/\\\/berndfischer.com\\\/en\\\/commissioned-works\\\/commemorative-plaques\\\/gedenktafel-perlenfabrik\\\/#breadcrumb\",\"itemListElement\":[{\"@type\":\"ListItem\",\"position\":1,\"name\":\"Home\",\"item\":\"https:\\\/\\\/berndfischer.com\\\/en\\\/\"},{\"@type\":\"ListItem\",\"position\":2,\"name\":\"Commissioned works\",\"item\":\"https:\\\/\\\/berndfischer.com\\\/en\\\/commissioned-works\\\/\"},{\"@type\":\"ListItem\",\"position\":3,\"name\":\"Commemorative plaques\",\"item\":\"https:\\\/\\\/berndfischer.com\\\/en\\\/commissioned-works\\\/commemorative-plaques\\\/\"},{\"@type\":\"ListItem\",\"position\":4,\"name\":\"Perlenfabrik, Frankfurt\\\/Main\"}]},{\"@type\":\"WebSite\",\"@id\":\"https:\\\/\\\/berndfischer.com\\\/en\\\/#website\",\"url\":\"https:\\\/\\\/berndfischer.com\\\/en\\\/\",\"name\":\"Bernd Fischer EN\",\"description\":\"Painted and printed colour\",\"potentialAction\":[{\"@type\":\"SearchAction\",\"target\":{\"@type\":\"EntryPoint\",\"urlTemplate\":\"https:\\\/\\\/berndfischer.com\\\/en\\\/?s={search_term_string}\"},\"query-input\":{\"@type\":\"PropertyValueSpecification\",\"valueRequired\":true,\"valueName\":\"search_term_string\"}}],\"inLanguage\":\"en-GB\"}]}<\/script>\n<!-- \/ Yoast SEO plugin. -->","yoast_head_json":{"title":"Perlenfabrik, Frankfurt\/Main - Bernd Fischer EN","robots":{"index":"index","follow":"follow","max-snippet":"max-snippet:-1","max-image-preview":"max-image-preview:large","max-video-preview":"max-video-preview:-1"},"canonical":"https:\/\/berndfischer.com\/en\/commissioned-works\/commemorative-plaques\/gedenktafel-perlenfabrik\/","og_locale":"en_GB","og_type":"article","og_title":"Perlenfabrik, Frankfurt\/Main - Bernd Fischer EN","og_description":"Perlenfabrik memorial plaque, in memoriam first concentration camp in South Hessen, Ginnheimer Landstra\u00dfe 40-42, Frankfurt am Main &nbsp; The principal function of the memorial plaque is, in my opinion, to ...","og_url":"https:\/\/berndfischer.com\/en\/commissioned-works\/commemorative-plaques\/gedenktafel-perlenfabrik\/","og_site_name":"Bernd Fischer EN","article_modified_time":"2015-11-03T15:19:50+00:00","og_image":[{"width":130,"height":130,"url":"https:\/\/berndfischer.com\/en\/wp-content\/uploads\/sites\/3\/2015\/08\/Thumb-Studentenwohnheim.jpg","type":"image\/jpeg"}],"twitter_card":"summary_large_image","twitter_misc":{"Estimated reading time":"3 minutes"},"schema":{"@context":"https:\/\/schema.org","@graph":[{"@type":"WebPage","@id":"https:\/\/berndfischer.com\/en\/commissioned-works\/commemorative-plaques\/gedenktafel-perlenfabrik\/","url":"https:\/\/berndfischer.com\/en\/commissioned-works\/commemorative-plaques\/gedenktafel-perlenfabrik\/","name":"Perlenfabrik, Frankfurt\/Main - Bernd Fischer EN","isPartOf":{"@id":"https:\/\/berndfischer.com\/en\/#website"},"primaryImageOfPage":{"@id":"https:\/\/berndfischer.com\/en\/commissioned-works\/commemorative-plaques\/gedenktafel-perlenfabrik\/#primaryimage"},"image":{"@id":"https:\/\/berndfischer.com\/en\/commissioned-works\/commemorative-plaques\/gedenktafel-perlenfabrik\/#primaryimage"},"thumbnailUrl":"https:\/\/berndfischer.com\/en\/wp-content\/uploads\/sites\/3\/2015\/08\/Thumb-Studentenwohnheim.jpg","datePublished":"2015-08-10T17:42:45+00:00","dateModified":"2015-11-03T15:19:50+00:00","breadcrumb":{"@id":"https:\/\/berndfischer.com\/en\/commissioned-works\/commemorative-plaques\/gedenktafel-perlenfabrik\/#breadcrumb"},"inLanguage":"en-GB","potentialAction":[{"@type":"ReadAction","target":["https:\/\/berndfischer.com\/en\/commissioned-works\/commemorative-plaques\/gedenktafel-perlenfabrik\/"]}]},{"@type":"ImageObject","inLanguage":"en-GB","@id":"https:\/\/berndfischer.com\/en\/commissioned-works\/commemorative-plaques\/gedenktafel-perlenfabrik\/#primaryimage","url":"https:\/\/berndfischer.com\/en\/wp-content\/uploads\/sites\/3\/2015\/08\/Thumb-Studentenwohnheim.jpg","contentUrl":"https:\/\/berndfischer.com\/en\/wp-content\/uploads\/sites\/3\/2015\/08\/Thumb-Studentenwohnheim.jpg","width":130,"height":130,"caption":"Gedenktafel Studentenwohnheim"},{"@type":"BreadcrumbList","@id":"https:\/\/berndfischer.com\/en\/commissioned-works\/commemorative-plaques\/gedenktafel-perlenfabrik\/#breadcrumb","itemListElement":[{"@type":"ListItem","position":1,"name":"Home","item":"https:\/\/berndfischer.com\/en\/"},{"@type":"ListItem","position":2,"name":"Commissioned works","item":"https:\/\/berndfischer.com\/en\/commissioned-works\/"},{"@type":"ListItem","position":3,"name":"Commemorative plaques","item":"https:\/\/berndfischer.com\/en\/commissioned-works\/commemorative-plaques\/"},{"@type":"ListItem","position":4,"name":"Perlenfabrik, Frankfurt\/Main"}]},{"@type":"WebSite","@id":"https:\/\/berndfischer.com\/en\/#website","url":"https:\/\/berndfischer.com\/en\/","name":"Bernd Fischer EN","description":"Painted and printed colour","potentialAction":[{"@type":"SearchAction","target":{"@type":"EntryPoint","urlTemplate":"https:\/\/berndfischer.com\/en\/?s={search_term_string}"},"query-input":{"@type":"PropertyValueSpecification","valueRequired":true,"valueName":"search_term_string"}}],"inLanguage":"en-GB"}]}},"_links":{"self":[{"href":"https:\/\/berndfischer.com\/en\/wp-json\/wp\/v2\/pages\/1194","targetHints":{"allow":["GET"]}}],"collection":[{"href":"https:\/\/berndfischer.com\/en\/wp-json\/wp\/v2\/pages"}],"about":[{"href":"https:\/\/berndfischer.com\/en\/wp-json\/wp\/v2\/types\/page"}],"author":[{"embeddable":true,"href":"https:\/\/berndfischer.com\/en\/wp-json\/wp\/v2\/users\/1"}],"replies":[{"embeddable":true,"href":"https:\/\/berndfischer.com\/en\/wp-json\/wp\/v2\/comments?post=1194"}],"version-history":[{"count":3,"href":"https:\/\/berndfischer.com\/en\/wp-json\/wp\/v2\/pages\/1194\/revisions"}],"predecessor-version":[{"id":4891,"href":"https:\/\/berndfischer.com\/en\/wp-json\/wp\/v2\/pages\/1194\/revisions\/4891"}],"up":[{"embeddable":true,"href":"https:\/\/berndfischer.com\/en\/wp-json\/wp\/v2\/pages\/43"}],"wp:featuredmedia":[{"embeddable":true,"href":"https:\/\/berndfischer.com\/en\/wp-json\/wp\/v2\/media\/1774"}],"wp:attachment":[{"href":"https:\/\/berndfischer.com\/en\/wp-json\/wp\/v2\/media?parent=1194"}],"curies":[{"name":"wp","href":"https:\/\/api.w.org\/{rel}","templated":true}]}}