{"id":12,"date":"2015-07-19T11:50:30","date_gmt":"2015-07-19T09:50:30","guid":{"rendered":"https:\/\/berndfischer.com\/?page_id=12"},"modified":"2019-11-29T08:06:45","modified_gmt":"2019-11-29T07:06:45","slug":"teaching","status":"publish","type":"page","link":"https:\/\/berndfischer.com\/en\/teaching\/","title":{"rendered":"Teaching"},"content":{"rendered":"<h2>Art Academy<\/h2>\n<p>1995 &#8211; 2010 Lecturer for figure drawing and painting<br \/>\nCo-founder of the summer and spring academy at the St\u00e4del School (St\u00e4del School)<br \/>\nState academy of fine arts, St\u00e4delschule Adult Education department, Frankfurt\/Main<br \/>\n<a href=\"https:\/\/berndfischer.com\/en\/teaching\/art-academy\/\">\u00bb more<\/a><\/p>\n<h2>General-education schools<\/h2>\n<p>Directed two study groups in the context of a memorial in two Frankfurt schools.<br \/>\nLesson form &#8211; study group, pupils aged 14 to 16.<br \/>\n<a href=\"https:\/\/berndfischer.com\/en\/teaching\/albert-schweitzer-school\/\">\u00bb Albert-Schweizer-School, Offenbach<\/a><br \/>\n<a class=\"redlink\" href=\"https:\/\/berndfischer.com\/en\/teaching\/anne-frank-schule\/\">\u00bb\u00a0Anne-Frank-Schule, Frankfurt\/Main<\/a><br \/>\n<a class=\"redlink\" href=\"https:\/\/berndfischer.com\/en\/teaching\/georg-buechner-schule\/\">\u00bb\u00a0Georg-B\u00fcchner-Schule, Frankfurt\/Main<\/a><\/p>\n<h2>Business<\/h2>\n<p>Commissioned by businesses to conceive and hold creative workshops.<br \/>\n\u2022 Heraeus Quarzglas GmbH &amp; Co. KG<br \/>\n\u2022 3K Agentur f\u00fcr Kommunikation GmbH<br \/>\n\u2022 Fidelity Investment Services GmbH<br \/>\n\u2022 The Boston Consulting Group GmbH<br \/>\n<a href=\"https:\/\/berndfischer.com\/en\/teaching\/business\/\">\u00bb more<\/a><\/p>\n<h2>BILDUNG+PROJEKTE<\/h2>\n<p>2011 Gr\u00fcndung von BILDUNG+PROJEKTE.<br \/>\nDas Ziel ist ein qualifiziertes und vielf\u00e4ltiges Programm mit praktischen und theoretischen Kursen, Vortr\u00e4gen und Ausstellungen.<br \/>\nDie Idee ist, dass von professionell arbeitenden K\u00fcnstlern, zum Teil mit Lehr Erfahrung im Hochschulbereich, in jeweils eigener Verantwortung und eigener Organisation Angebote im Erwachsenenbildungsbereich ausgeschrieben und durchgef\u00fchrt werden.<br \/>\n<a class=\"exlink\" href=\"http:\/\/www.werkstatthaus-offenbach.de\/\" target=\"_blank\" rel=\"noopener noreferrer\">\u00bb\u00a0www.werkstatthaus-offenbach.de<\/a><\/p>\n","protected":false},"excerpt":{"rendered":"<p>Art Academy 1995 &#8211; 2010 Lecturer for figure drawing and painting Co-founder of the summer and spring academy at the St\u00e4del School (St\u00e4del School) State academy of fine arts, St\u00e4delschule &#8230;<\/p>\n","protected":false},"author":1,"featured_media":1532,"parent":0,"menu_order":300,"comment_status":"closed","ping_status":"closed","template":"","meta":{"_acf_changed":false,"footnotes":""},"class_list":["post-12","page","type-page","status-publish","has-post-thumbnail","hentry"],"acf":[],"yoast_head":"<!-- This site is optimized with the Yoast SEO plugin v26.9 - https:\/\/yoast.com\/product\/yoast-seo-wordpress\/ -->\n<title>Teaching - Bernd Fischer EN<\/title>\n<meta name=\"description\" content=\"Konzeption und Durchf\u00fchrung von Kreativ-Workshops.\" \/>\n<meta name=\"robots\" content=\"index, follow, max-snippet:-1, max-image-preview:large, max-video-preview:-1\" \/>\n<link rel=\"canonical\" href=\"https:\/\/berndfischer.com\/en\/teaching\/\" \/>\n<meta property=\"og:locale\" content=\"en_GB\" \/>\n<meta property=\"og:type\" content=\"article\" \/>\n<meta property=\"og:title\" content=\"Teaching - Bernd Fischer EN\" \/>\n<meta property=\"og:description\" content=\"Konzeption und Durchf\u00fchrung von Kreativ-Workshops.\" \/>\n<meta property=\"og:url\" content=\"https:\/\/berndfischer.com\/en\/teaching\/\" \/>\n<meta property=\"og:site_name\" content=\"Bernd Fischer EN\" \/>\n<meta property=\"article:modified_time\" content=\"2019-11-29T07:06:45+00:00\" \/>\n<meta property=\"og:image\" content=\"https:\/\/berndfischer.com\/en\/wp-content\/uploads\/sites\/3\/2015\/08\/Thumb-Lehrt\u00e4tigkeit-1.jpg\" \/>\n\t<meta property=\"og:image:width\" content=\"130\" \/>\n\t<meta property=\"og:image:height\" content=\"130\" \/>\n\t<meta property=\"og:image:type\" content=\"image\/jpeg\" \/>\n<meta name=\"twitter:card\" content=\"summary_large_image\" \/>\n<meta name=\"twitter:label1\" content=\"Estimated reading time\" \/>\n\t<meta name=\"twitter:data1\" content=\"1 minute\" \/>\n<script type=\"application\/ld+json\" class=\"yoast-schema-graph\">{\"@context\":\"https:\/\/schema.org\",\"@graph\":[{\"@type\":\"WebPage\",\"@id\":\"https:\/\/berndfischer.com\/en\/teaching\/\",\"url\":\"https:\/\/berndfischer.com\/en\/teaching\/\",\"name\":\"Teaching - Bernd Fischer EN\",\"isPartOf\":{\"@id\":\"https:\/\/berndfischer.com\/en\/#website\"},\"primaryImageOfPage\":{\"@id\":\"https:\/\/berndfischer.com\/en\/teaching\/#primaryimage\"},\"image\":{\"@id\":\"https:\/\/berndfischer.com\/en\/teaching\/#primaryimage\"},\"thumbnailUrl\":\"https:\/\/berndfischer.com\/en\/wp-content\/uploads\/sites\/3\/2015\/08\/Thumb-Lehrt\u00e4tigkeit-1.jpg\",\"datePublished\":\"2015-07-19T09:50:30+00:00\",\"dateModified\":\"2019-11-29T07:06:45+00:00\",\"description\":\"Konzeption und Durchf\u00fchrung von Kreativ-Workshops.\",\"breadcrumb\":{\"@id\":\"https:\/\/berndfischer.com\/en\/teaching\/#breadcrumb\"},\"inLanguage\":\"en-GB\",\"potentialAction\":[{\"@type\":\"ReadAction\",\"target\":[\"https:\/\/berndfischer.com\/en\/teaching\/\"]}]},{\"@type\":\"ImageObject\",\"inLanguage\":\"en-GB\",\"@id\":\"https:\/\/berndfischer.com\/en\/teaching\/#primaryimage\",\"url\":\"https:\/\/berndfischer.com\/en\/wp-content\/uploads\/sites\/3\/2015\/08\/Thumb-Lehrt\u00e4tigkeit-1.jpg\",\"contentUrl\":\"https:\/\/berndfischer.com\/en\/wp-content\/uploads\/sites\/3\/2015\/08\/Thumb-Lehrt\u00e4tigkeit-1.jpg\",\"width\":130,\"height\":130,\"caption\":\"Lehrt\u00e4tigkeit\"},{\"@type\":\"BreadcrumbList\",\"@id\":\"https:\/\/berndfischer.com\/en\/teaching\/#breadcrumb\",\"itemListElement\":[{\"@type\":\"ListItem\",\"position\":1,\"name\":\"Home\",\"item\":\"https:\/\/berndfischer.com\/en\/\"},{\"@type\":\"ListItem\",\"position\":2,\"name\":\"Teaching\"}]},{\"@type\":\"WebSite\",\"@id\":\"https:\/\/berndfischer.com\/en\/#website\",\"url\":\"https:\/\/berndfischer.com\/en\/\",\"name\":\"Bernd Fischer EN\",\"description\":\"Painted and printed colour\",\"potentialAction\":[{\"@type\":\"SearchAction\",\"target\":{\"@type\":\"EntryPoint\",\"urlTemplate\":\"https:\/\/berndfischer.com\/en\/?s={search_term_string}\"},\"query-input\":{\"@type\":\"PropertyValueSpecification\",\"valueRequired\":true,\"valueName\":\"search_term_string\"}}],\"inLanguage\":\"en-GB\"}]}<\/script>\n<!-- \/ Yoast SEO plugin. -->","yoast_head_json":{"title":"Teaching - Bernd Fischer EN","description":"Konzeption und Durchf\u00fchrung von Kreativ-Workshops.","robots":{"index":"index","follow":"follow","max-snippet":"max-snippet:-1","max-image-preview":"max-image-preview:large","max-video-preview":"max-video-preview:-1"},"canonical":"https:\/\/berndfischer.com\/en\/teaching\/","og_locale":"en_GB","og_type":"article","og_title":"Teaching - Bernd Fischer EN","og_description":"Konzeption und Durchf\u00fchrung von Kreativ-Workshops.","og_url":"https:\/\/berndfischer.com\/en\/teaching\/","og_site_name":"Bernd Fischer EN","article_modified_time":"2019-11-29T07:06:45+00:00","og_image":[{"width":130,"height":130,"url":"https:\/\/berndfischer.com\/en\/wp-content\/uploads\/sites\/3\/2015\/08\/Thumb-Lehrt\u00e4tigkeit-1.jpg","type":"image\/jpeg"}],"twitter_card":"summary_large_image","twitter_misc":{"Estimated reading time":"1 minute"},"schema":{"@context":"https:\/\/schema.org","@graph":[{"@type":"WebPage","@id":"https:\/\/berndfischer.com\/en\/teaching\/","url":"https:\/\/berndfischer.com\/en\/teaching\/","name":"Teaching - Bernd Fischer EN","isPartOf":{"@id":"https:\/\/berndfischer.com\/en\/#website"},"primaryImageOfPage":{"@id":"https:\/\/berndfischer.com\/en\/teaching\/#primaryimage"},"image":{"@id":"https:\/\/berndfischer.com\/en\/teaching\/#primaryimage"},"thumbnailUrl":"https:\/\/berndfischer.com\/en\/wp-content\/uploads\/sites\/3\/2015\/08\/Thumb-Lehrt\u00e4tigkeit-1.jpg","datePublished":"2015-07-19T09:50:30+00:00","dateModified":"2019-11-29T07:06:45+00:00","description":"Konzeption und Durchf\u00fchrung von Kreativ-Workshops.","breadcrumb":{"@id":"https:\/\/berndfischer.com\/en\/teaching\/#breadcrumb"},"inLanguage":"en-GB","potentialAction":[{"@type":"ReadAction","target":["https:\/\/berndfischer.com\/en\/teaching\/"]}]},{"@type":"ImageObject","inLanguage":"en-GB","@id":"https:\/\/berndfischer.com\/en\/teaching\/#primaryimage","url":"https:\/\/berndfischer.com\/en\/wp-content\/uploads\/sites\/3\/2015\/08\/Thumb-Lehrt\u00e4tigkeit-1.jpg","contentUrl":"https:\/\/berndfischer.com\/en\/wp-content\/uploads\/sites\/3\/2015\/08\/Thumb-Lehrt\u00e4tigkeit-1.jpg","width":130,"height":130,"caption":"Lehrt\u00e4tigkeit"},{"@type":"BreadcrumbList","@id":"https:\/\/berndfischer.com\/en\/teaching\/#breadcrumb","itemListElement":[{"@type":"ListItem","position":1,"name":"Home","item":"https:\/\/berndfischer.com\/en\/"},{"@type":"ListItem","position":2,"name":"Teaching"}]},{"@type":"WebSite","@id":"https:\/\/berndfischer.com\/en\/#website","url":"https:\/\/berndfischer.com\/en\/","name":"Bernd Fischer EN","description":"Painted and printed colour","potentialAction":[{"@type":"SearchAction","target":{"@type":"EntryPoint","urlTemplate":"https:\/\/berndfischer.com\/en\/?s={search_term_string}"},"query-input":{"@type":"PropertyValueSpecification","valueRequired":true,"valueName":"search_term_string"}}],"inLanguage":"en-GB"}]}},"_links":{"self":[{"href":"https:\/\/berndfischer.com\/en\/wp-json\/wp\/v2\/pages\/12","targetHints":{"allow":["GET"]}}],"collection":[{"href":"https:\/\/berndfischer.com\/en\/wp-json\/wp\/v2\/pages"}],"about":[{"href":"https:\/\/berndfischer.com\/en\/wp-json\/wp\/v2\/types\/page"}],"author":[{"embeddable":true,"href":"https:\/\/berndfischer.com\/en\/wp-json\/wp\/v2\/users\/1"}],"replies":[{"embeddable":true,"href":"https:\/\/berndfischer.com\/en\/wp-json\/wp\/v2\/comments?post=12"}],"version-history":[{"count":7,"href":"https:\/\/berndfischer.com\/en\/wp-json\/wp\/v2\/pages\/12\/revisions"}],"predecessor-version":[{"id":5393,"href":"https:\/\/berndfischer.com\/en\/wp-json\/wp\/v2\/pages\/12\/revisions\/5393"}],"wp:featuredmedia":[{"embeddable":true,"href":"https:\/\/berndfischer.com\/en\/wp-json\/wp\/v2\/media\/1532"}],"wp:attachment":[{"href":"https:\/\/berndfischer.com\/en\/wp-json\/wp\/v2\/media?parent=12"}],"curies":[{"name":"wp","href":"https:\/\/api.w.org\/{rel}","templated":true}]}}