{"id":197,"date":"2015-07-19T19:04:08","date_gmt":"2015-07-19T17:04:08","guid":{"rendered":"https:\/\/berndfischer.com\/?page_id=197"},"modified":"2026-02-16T17:09:26","modified_gmt":"2026-02-16T16:09:26","slug":"imprint","status":"publish","type":"page","link":"https:\/\/berndfischer.com\/en\/imprint\/","title":{"rendered":"Imprint"},"content":{"rendered":"<p><span class=\"blocksatz\">The figue captions show the title first, followed by the year of creation, the material, the size and the owner.<\/span> <span class=\"blocksatz\">For sizes the height is always given first. If not differently denoted the given size is the size of the whole object (not only of parts). When no owner is given the object is owned by the artist himself.<\/span><br \/>\nI would like to thank the authors for the permission to use excerpts of their texts. And Edith Strommen (E.S.), Susan Riedel (S.R.) and Lisa Gardiner (L.G.) for the English translation.<\/p>\n<p><span class=\"blocksatz\">I thank Museum W\u00fcrth for kindly supplying the illustration.\u00a0<\/span><a href=\"http:\/\/www.kunst.wuerth.com\/\" target=\"_blank\" rel=\"noopener noreferrer\">museum-wuerth.de<\/a><\/p>\n<p>Photography: Art photography Walter Breitinger, Frankfurt\/Main, van Baschang, Munich: (figure collection W\u00fcrth), Klaus Stra\u00dfheim (Pupils in front of the memorial plate, Georg B\u00fcchner School), Institut f\u00fcr Stadtgeschichte, (Commemorative-plaque Lore Breslau, with flowers) Pfr. Rasmus Bertram (confirmands in the chapel, jugend-kultur-sankt peter), Heidi Feldmann (opening ceremony &#8220;Kunsttreppe&#8221;), Alexander Beck, Frankfurt\/Main, Gudrun Klotzek, Gudrun Klotzek and Peter Rau (opening ceremony Anne-Frank-Stele), Max Schr\u00f6der (Anne-Frank-Stele), Jonas Endres (Anne-Frank-foto-commemorative plaque), Bernd Fischer (Reproduktionen der Arbeiten, summer-, springacademy), Christian Hummel (commemorative plaque Bergen-Enkheim\/Helmut Ulsh\u00f6fer), Alex Kraus, (direktor of Photographs at Frankfurter Rundschau), Lisette Mrowka, Christian von B\u00fclow, Stefan Reis, Christoph Boeckheler, www.boeckheler.de, Bernd Georg, www.georg-foto.de, Claus Nintzel and Renate Hempelmann (portrait photos), Wirtschaftsclub Rhein-Main (2010, German Job Investor Award), Ulrich Jung (summeracademy), Doris Simonsen (summeracademy, Wolfgang Fuhrmannek (Landesmuseum Darmstadt), F.A.Z., Architecture office\u00a0Perseus and Kreissparkasse M\u00fcnchen Starnberg, Dr. med. Davorin Wagner (big rhinoceros drawings).<\/p>\n<p>I would like to thank Max Schr\u00f6der for\u00a0designing, programming and installing the website.\u00a0<a href=\"http:\/\/www.dimensionale.de\" target=\"_blank\" rel=\"noopener noreferrer\">www.dimensionale.de<\/a><\/p>\n<p>&nbsp;<\/p>\n<h3>Bernd Fischer<\/h3>\n<p>Heusenstammer Weg 37<br \/>\nD-63071 Offenbach<br \/>\nPhone: +49 (0) 69 75 79 28 35<br \/>\nE-Mail: fischer@fischerkuenstler.de<\/p>\n<h3>Copyright<\/h3>\n<p>\u00a9 VG-Bild Kunst, the authors and Bernd Fischer<\/p>\n<h3>Disclaimer<\/h3>\n<p>This website contains current and relevant information of a general nature. I nevertheless cannot guarantee that the content is complete, correct, or up to date. Further, I am not liable for the contents of external websites linked to from my site. The content and design of the website are copyrighted. All rights are reserved. Information and data (text, images, graphics, sound, video, Flash or animations) on the website cannot be used in any form, in whole or in part, without the advance permission of Bernd Fischer.<\/p>\n","protected":false},"excerpt":{"rendered":"<p>The figue captions show the title first, followed by the year of creation, the material, the size and the owner. For sizes the height is always given first. If not &#8230;<\/p>\n","protected":false},"author":1,"featured_media":0,"parent":0,"menu_order":950,"comment_status":"closed","ping_status":"closed","template":"","meta":{"_acf_changed":false,"footnotes":""},"class_list":["post-197","page","type-page","status-publish","hentry"],"acf":[],"yoast_head":"<!-- This site is optimized with the Yoast SEO plugin v26.9 - https:\/\/yoast.com\/product\/yoast-seo-wordpress\/ -->\n<title>Imprint - Bernd Fischer EN<\/title>\n<meta name=\"robots\" content=\"index, follow, max-snippet:-1, max-image-preview:large, max-video-preview:-1\" \/>\n<link rel=\"canonical\" href=\"https:\/\/berndfischer.com\/en\/imprint\/\" \/>\n<meta property=\"og:locale\" content=\"en_GB\" \/>\n<meta property=\"og:type\" content=\"article\" \/>\n<meta property=\"og:title\" content=\"Imprint - Bernd Fischer EN\" \/>\n<meta property=\"og:description\" content=\"The figue captions show the title first, followed by the year of creation, the material, the size and the owner. For sizes the height is always given first. If not ...\" \/>\n<meta property=\"og:url\" content=\"https:\/\/berndfischer.com\/en\/imprint\/\" \/>\n<meta property=\"og:site_name\" content=\"Bernd Fischer EN\" \/>\n<meta property=\"article:modified_time\" content=\"2026-02-16T16:09:26+00:00\" \/>\n<meta name=\"twitter:card\" content=\"summary_large_image\" \/>\n<meta name=\"twitter:label1\" content=\"Estimated reading time\" \/>\n\t<meta name=\"twitter:data1\" content=\"2 minutes\" \/>\n<script type=\"application\/ld+json\" class=\"yoast-schema-graph\">{\"@context\":\"https:\/\/schema.org\",\"@graph\":[{\"@type\":\"WebPage\",\"@id\":\"https:\/\/berndfischer.com\/en\/imprint\/\",\"url\":\"https:\/\/berndfischer.com\/en\/imprint\/\",\"name\":\"Imprint - Bernd Fischer EN\",\"isPartOf\":{\"@id\":\"https:\/\/berndfischer.com\/en\/#website\"},\"datePublished\":\"2015-07-19T17:04:08+00:00\",\"dateModified\":\"2026-02-16T16:09:26+00:00\",\"breadcrumb\":{\"@id\":\"https:\/\/berndfischer.com\/en\/imprint\/#breadcrumb\"},\"inLanguage\":\"en-GB\",\"potentialAction\":[{\"@type\":\"ReadAction\",\"target\":[\"https:\/\/berndfischer.com\/en\/imprint\/\"]}]},{\"@type\":\"BreadcrumbList\",\"@id\":\"https:\/\/berndfischer.com\/en\/imprint\/#breadcrumb\",\"itemListElement\":[{\"@type\":\"ListItem\",\"position\":1,\"name\":\"Home\",\"item\":\"https:\/\/berndfischer.com\/en\/\"},{\"@type\":\"ListItem\",\"position\":2,\"name\":\"Imprint\"}]},{\"@type\":\"WebSite\",\"@id\":\"https:\/\/berndfischer.com\/en\/#website\",\"url\":\"https:\/\/berndfischer.com\/en\/\",\"name\":\"Bernd Fischer EN\",\"description\":\"Painted and printed colour\",\"potentialAction\":[{\"@type\":\"SearchAction\",\"target\":{\"@type\":\"EntryPoint\",\"urlTemplate\":\"https:\/\/berndfischer.com\/en\/?s={search_term_string}\"},\"query-input\":{\"@type\":\"PropertyValueSpecification\",\"valueRequired\":true,\"valueName\":\"search_term_string\"}}],\"inLanguage\":\"en-GB\"}]}<\/script>\n<!-- \/ Yoast SEO plugin. -->","yoast_head_json":{"title":"Imprint - Bernd Fischer EN","robots":{"index":"index","follow":"follow","max-snippet":"max-snippet:-1","max-image-preview":"max-image-preview:large","max-video-preview":"max-video-preview:-1"},"canonical":"https:\/\/berndfischer.com\/en\/imprint\/","og_locale":"en_GB","og_type":"article","og_title":"Imprint - Bernd Fischer EN","og_description":"The figue captions show the title first, followed by the year of creation, the material, the size and the owner. For sizes the height is always given first. If not ...","og_url":"https:\/\/berndfischer.com\/en\/imprint\/","og_site_name":"Bernd Fischer EN","article_modified_time":"2026-02-16T16:09:26+00:00","twitter_card":"summary_large_image","twitter_misc":{"Estimated reading time":"2 minutes"},"schema":{"@context":"https:\/\/schema.org","@graph":[{"@type":"WebPage","@id":"https:\/\/berndfischer.com\/en\/imprint\/","url":"https:\/\/berndfischer.com\/en\/imprint\/","name":"Imprint - Bernd Fischer EN","isPartOf":{"@id":"https:\/\/berndfischer.com\/en\/#website"},"datePublished":"2015-07-19T17:04:08+00:00","dateModified":"2026-02-16T16:09:26+00:00","breadcrumb":{"@id":"https:\/\/berndfischer.com\/en\/imprint\/#breadcrumb"},"inLanguage":"en-GB","potentialAction":[{"@type":"ReadAction","target":["https:\/\/berndfischer.com\/en\/imprint\/"]}]},{"@type":"BreadcrumbList","@id":"https:\/\/berndfischer.com\/en\/imprint\/#breadcrumb","itemListElement":[{"@type":"ListItem","position":1,"name":"Home","item":"https:\/\/berndfischer.com\/en\/"},{"@type":"ListItem","position":2,"name":"Imprint"}]},{"@type":"WebSite","@id":"https:\/\/berndfischer.com\/en\/#website","url":"https:\/\/berndfischer.com\/en\/","name":"Bernd Fischer EN","description":"Painted and printed colour","potentialAction":[{"@type":"SearchAction","target":{"@type":"EntryPoint","urlTemplate":"https:\/\/berndfischer.com\/en\/?s={search_term_string}"},"query-input":{"@type":"PropertyValueSpecification","valueRequired":true,"valueName":"search_term_string"}}],"inLanguage":"en-GB"}]}},"_links":{"self":[{"href":"https:\/\/berndfischer.com\/en\/wp-json\/wp\/v2\/pages\/197","targetHints":{"allow":["GET"]}}],"collection":[{"href":"https:\/\/berndfischer.com\/en\/wp-json\/wp\/v2\/pages"}],"about":[{"href":"https:\/\/berndfischer.com\/en\/wp-json\/wp\/v2\/types\/page"}],"author":[{"embeddable":true,"href":"https:\/\/berndfischer.com\/en\/wp-json\/wp\/v2\/users\/1"}],"replies":[{"embeddable":true,"href":"https:\/\/berndfischer.com\/en\/wp-json\/wp\/v2\/comments?post=197"}],"version-history":[{"count":9,"href":"https:\/\/berndfischer.com\/en\/wp-json\/wp\/v2\/pages\/197\/revisions"}],"predecessor-version":[{"id":5541,"href":"https:\/\/berndfischer.com\/en\/wp-json\/wp\/v2\/pages\/197\/revisions\/5541"}],"wp:attachment":[{"href":"https:\/\/berndfischer.com\/en\/wp-json\/wp\/v2\/media?parent=197"}],"curies":[{"name":"wp","href":"https:\/\/api.w.org\/{rel}","templated":true}]}}