{"id":211,"date":"2015-07-19T22:00:44","date_gmt":"2015-07-19T20:00:44","guid":{"rendered":"https:\/\/berndfischer.com\/?page_id=211"},"modified":"2015-07-21T15:09:44","modified_gmt":"2015-07-21T13:09:44","slug":"bildungprojekte","status":"publish","type":"page","link":"https:\/\/berndfischer.com\/en\/teaching\/bildungprojekte\/","title":{"rendered":"BILDUNG+PROJEKTE"},"content":{"rendered":"<h2>Wirtschaft<\/h2>\n<p>Beauftragungen von Wirtschaftsunternehmen zur Konzeption und Durchf\u00fchrung<br \/>\nvon Kreativ Workshops.<\/p>\n<p>\u2022 Heraeus Quarzglas GmbH &amp; Co. KG<br \/>\n\u2022 3K Agentur f\u00fcr Kommunikation GmbH<br \/>\n\u2022 Fidelity Investment Services GmbH<br \/>\n\u2022 The Boston Consulting Group GmbH<\/p>\n<p><a href=\"https:\/\/berndfischer.com\/lehrtaetigkeit\/wirtschaft\/\">\u00bb mehr<\/a><\/p>\n<h2><\/h2>\n<h2>Kunsthochschule<\/h2>\n<p>1995 &#8211; 2011 Dozent f\u00fcr Aktzeichnen und Malen,<br \/>\nStaatliche Hochschule f\u00fcr Bildende K\u00fcnste, St\u00e4delschule,<br \/>\nErwachsenbildungsbereich, Frankfurt\/Main<br \/>\nMitbegr\u00fcnder der Sommer- und Fr\u00fchjahrsakademie der St\u00e4delschule<\/p>\n<p><a href=\"https:\/\/berndfischer.com\/lehrtaetigkeit\/kunsthochschule\/\">\u00bb mehr<\/a><\/p>\n<div><img decoding=\"async\" src=\"https:\/\/berndfischer.com\/files\/blind.gif\" alt=\"\" height=\"30\" \/><\/div>\n<h2>Allgemeinbildende Schulen<\/h2>\n<div>Leitung von zwei Arbeitsgemeinschaften im Zusammenhang<br \/>\nvon Gedenkst\u00e4ttengestaltung in zwei Frankfurter Schulen.<br \/>\nUnterrichtsform AG, Alter der Sch\u00fcler und Sch\u00fclerinnen 14 bis 16 Jahre<\/div>\n<div><\/div>\n<div><a class=\"redlink\" href=\"https:\/\/berndfischer.com\/index.php?article_id=557&amp;clang=1&amp;clang=0\">\u00bb\u00a0Anne-Frank-Schule, Frankfurt\/Main<\/a><\/div>\n<div><a class=\"redlink\" href=\"https:\/\/berndfischer.com\/index.php?article_id=558&amp;clang=1&amp;clang=0\">\u00bb\u00a0Georg-B\u00fcchner-Schule, Frankfurt\/Main<\/a><\/div>\n<div><img decoding=\"async\" src=\"https:\/\/berndfischer.com\/files\/blind.gif\" alt=\"\" height=\"30\" \/><\/div>\n<h2>BILDUNG+PROJEKTE<\/h2>\n<div>2011 Gr\u00fcndung von BILDUNG+PROJEKTE.<br \/>\nDas Ziel ist ein qualifiziertes und vielf\u00e4ltiges Programm mit praktischen und theoretischen Kursen, Vortr\u00e4gen und Ausstellungen.<br \/>\nDie Idee ist, dass von professionell arbeitenden K\u00fcnstlern, zum Teil mit Lehr Erfahrung im Hochschulbereich, in jeweils eigener Verantwortung und eigener Organisation Angebote im Erwachsenenbildungsbereich ausgeschrieben und durchgef\u00fchrt werden.<\/div>\n<div><\/div>\n<div><span style=\"color: #cccccc;\"><a class=\"whitelink\" style=\"color: #cccccc;\" href=\"http:\/\/www.werkstatthaus-offenbach.de\/\" target=\"_blank\">\u00bb\u00a0www.werkstatthaus-offenbach.de<\/a><\/span><\/div>\n","protected":false},"excerpt":{"rendered":"<p>Wirtschaft Beauftragungen von Wirtschaftsunternehmen zur Konzeption und Durchf\u00fchrung von Kreativ Workshops. \u2022 Heraeus Quarzglas GmbH &amp; Co. KG \u2022 3K Agentur f\u00fcr Kommunikation GmbH \u2022 Fidelity Investment Services GmbH \u2022 &#8230;<\/p>\n","protected":false},"author":1,"featured_media":0,"parent":12,"menu_order":440,"comment_status":"closed","ping_status":"closed","template":"","meta":{"_acf_changed":false,"footnotes":""},"class_list":["post-211","page","type-page","status-publish","hentry"],"acf":[],"yoast_head":"<!-- This site is optimized with the Yoast SEO plugin v26.9 - https:\/\/yoast.com\/product\/yoast-seo-wordpress\/ -->\n<title>BILDUNG+PROJEKTE - Bernd Fischer EN<\/title>\n<meta name=\"robots\" content=\"index, follow, max-snippet:-1, max-image-preview:large, max-video-preview:-1\" \/>\n<link rel=\"canonical\" href=\"https:\/\/berndfischer.com\/en\/teaching\/bildungprojekte\/\" \/>\n<meta property=\"og:locale\" content=\"en_GB\" \/>\n<meta property=\"og:type\" content=\"article\" \/>\n<meta property=\"og:title\" content=\"BILDUNG+PROJEKTE - Bernd Fischer EN\" \/>\n<meta property=\"og:description\" content=\"Wirtschaft Beauftragungen von Wirtschaftsunternehmen zur Konzeption und Durchf\u00fchrung von Kreativ Workshops. \u2022 Heraeus Quarzglas GmbH &amp; Co. KG \u2022 3K Agentur f\u00fcr Kommunikation GmbH \u2022 Fidelity Investment Services GmbH \u2022 ...\" \/>\n<meta property=\"og:url\" content=\"https:\/\/berndfischer.com\/en\/teaching\/bildungprojekte\/\" \/>\n<meta property=\"og:site_name\" content=\"Bernd Fischer EN\" \/>\n<meta property=\"article:modified_time\" content=\"2015-07-21T13:09:44+00:00\" \/>\n<meta property=\"og:image\" content=\"https:\/\/berndfischer.com\/files\/blind.gif\" \/>\n<meta name=\"twitter:card\" content=\"summary_large_image\" \/>\n<meta name=\"twitter:label1\" content=\"Estimated reading time\" \/>\n\t<meta name=\"twitter:data1\" content=\"1 minute\" \/>\n<script type=\"application\/ld+json\" class=\"yoast-schema-graph\">{\"@context\":\"https:\/\/schema.org\",\"@graph\":[{\"@type\":\"WebPage\",\"@id\":\"https:\/\/berndfischer.com\/en\/teaching\/bildungprojekte\/\",\"url\":\"https:\/\/berndfischer.com\/en\/teaching\/bildungprojekte\/\",\"name\":\"BILDUNG+PROJEKTE - Bernd Fischer EN\",\"isPartOf\":{\"@id\":\"https:\/\/berndfischer.com\/en\/#website\"},\"primaryImageOfPage\":{\"@id\":\"https:\/\/berndfischer.com\/en\/teaching\/bildungprojekte\/#primaryimage\"},\"image\":{\"@id\":\"https:\/\/berndfischer.com\/en\/teaching\/bildungprojekte\/#primaryimage\"},\"thumbnailUrl\":\"https:\/\/berndfischer.com\/files\/blind.gif\",\"datePublished\":\"2015-07-19T20:00:44+00:00\",\"dateModified\":\"2015-07-21T13:09:44+00:00\",\"breadcrumb\":{\"@id\":\"https:\/\/berndfischer.com\/en\/teaching\/bildungprojekte\/#breadcrumb\"},\"inLanguage\":\"en-GB\",\"potentialAction\":[{\"@type\":\"ReadAction\",\"target\":[\"https:\/\/berndfischer.com\/en\/teaching\/bildungprojekte\/\"]}]},{\"@type\":\"ImageObject\",\"inLanguage\":\"en-GB\",\"@id\":\"https:\/\/berndfischer.com\/en\/teaching\/bildungprojekte\/#primaryimage\",\"url\":\"https:\/\/berndfischer.com\/files\/blind.gif\",\"contentUrl\":\"https:\/\/berndfischer.com\/files\/blind.gif\"},{\"@type\":\"BreadcrumbList\",\"@id\":\"https:\/\/berndfischer.com\/en\/teaching\/bildungprojekte\/#breadcrumb\",\"itemListElement\":[{\"@type\":\"ListItem\",\"position\":1,\"name\":\"Home\",\"item\":\"https:\/\/berndfischer.com\/en\/\"},{\"@type\":\"ListItem\",\"position\":2,\"name\":\"Teaching\",\"item\":\"https:\/\/berndfischer.com\/en\/teaching\/\"},{\"@type\":\"ListItem\",\"position\":3,\"name\":\"BILDUNG+PROJEKTE\"}]},{\"@type\":\"WebSite\",\"@id\":\"https:\/\/berndfischer.com\/en\/#website\",\"url\":\"https:\/\/berndfischer.com\/en\/\",\"name\":\"Bernd Fischer EN\",\"description\":\"Painted and printed colour\",\"potentialAction\":[{\"@type\":\"SearchAction\",\"target\":{\"@type\":\"EntryPoint\",\"urlTemplate\":\"https:\/\/berndfischer.com\/en\/?s={search_term_string}\"},\"query-input\":{\"@type\":\"PropertyValueSpecification\",\"valueRequired\":true,\"valueName\":\"search_term_string\"}}],\"inLanguage\":\"en-GB\"}]}<\/script>\n<!-- \/ Yoast SEO plugin. -->","yoast_head_json":{"title":"BILDUNG+PROJEKTE - Bernd Fischer EN","robots":{"index":"index","follow":"follow","max-snippet":"max-snippet:-1","max-image-preview":"max-image-preview:large","max-video-preview":"max-video-preview:-1"},"canonical":"https:\/\/berndfischer.com\/en\/teaching\/bildungprojekte\/","og_locale":"en_GB","og_type":"article","og_title":"BILDUNG+PROJEKTE - Bernd Fischer EN","og_description":"Wirtschaft Beauftragungen von Wirtschaftsunternehmen zur Konzeption und Durchf\u00fchrung von Kreativ Workshops. \u2022 Heraeus Quarzglas GmbH &amp; Co. KG \u2022 3K Agentur f\u00fcr Kommunikation GmbH \u2022 Fidelity Investment Services GmbH \u2022 ...","og_url":"https:\/\/berndfischer.com\/en\/teaching\/bildungprojekte\/","og_site_name":"Bernd Fischer EN","article_modified_time":"2015-07-21T13:09:44+00:00","og_image":[{"url":"https:\/\/berndfischer.com\/files\/blind.gif","type":"","width":"","height":""}],"twitter_card":"summary_large_image","twitter_misc":{"Estimated reading time":"1 minute"},"schema":{"@context":"https:\/\/schema.org","@graph":[{"@type":"WebPage","@id":"https:\/\/berndfischer.com\/en\/teaching\/bildungprojekte\/","url":"https:\/\/berndfischer.com\/en\/teaching\/bildungprojekte\/","name":"BILDUNG+PROJEKTE - Bernd Fischer EN","isPartOf":{"@id":"https:\/\/berndfischer.com\/en\/#website"},"primaryImageOfPage":{"@id":"https:\/\/berndfischer.com\/en\/teaching\/bildungprojekte\/#primaryimage"},"image":{"@id":"https:\/\/berndfischer.com\/en\/teaching\/bildungprojekte\/#primaryimage"},"thumbnailUrl":"https:\/\/berndfischer.com\/files\/blind.gif","datePublished":"2015-07-19T20:00:44+00:00","dateModified":"2015-07-21T13:09:44+00:00","breadcrumb":{"@id":"https:\/\/berndfischer.com\/en\/teaching\/bildungprojekte\/#breadcrumb"},"inLanguage":"en-GB","potentialAction":[{"@type":"ReadAction","target":["https:\/\/berndfischer.com\/en\/teaching\/bildungprojekte\/"]}]},{"@type":"ImageObject","inLanguage":"en-GB","@id":"https:\/\/berndfischer.com\/en\/teaching\/bildungprojekte\/#primaryimage","url":"https:\/\/berndfischer.com\/files\/blind.gif","contentUrl":"https:\/\/berndfischer.com\/files\/blind.gif"},{"@type":"BreadcrumbList","@id":"https:\/\/berndfischer.com\/en\/teaching\/bildungprojekte\/#breadcrumb","itemListElement":[{"@type":"ListItem","position":1,"name":"Home","item":"https:\/\/berndfischer.com\/en\/"},{"@type":"ListItem","position":2,"name":"Teaching","item":"https:\/\/berndfischer.com\/en\/teaching\/"},{"@type":"ListItem","position":3,"name":"BILDUNG+PROJEKTE"}]},{"@type":"WebSite","@id":"https:\/\/berndfischer.com\/en\/#website","url":"https:\/\/berndfischer.com\/en\/","name":"Bernd Fischer EN","description":"Painted and printed colour","potentialAction":[{"@type":"SearchAction","target":{"@type":"EntryPoint","urlTemplate":"https:\/\/berndfischer.com\/en\/?s={search_term_string}"},"query-input":{"@type":"PropertyValueSpecification","valueRequired":true,"valueName":"search_term_string"}}],"inLanguage":"en-GB"}]}},"_links":{"self":[{"href":"https:\/\/berndfischer.com\/en\/wp-json\/wp\/v2\/pages\/211","targetHints":{"allow":["GET"]}}],"collection":[{"href":"https:\/\/berndfischer.com\/en\/wp-json\/wp\/v2\/pages"}],"about":[{"href":"https:\/\/berndfischer.com\/en\/wp-json\/wp\/v2\/types\/page"}],"author":[{"embeddable":true,"href":"https:\/\/berndfischer.com\/en\/wp-json\/wp\/v2\/users\/1"}],"replies":[{"embeddable":true,"href":"https:\/\/berndfischer.com\/en\/wp-json\/wp\/v2\/comments?post=211"}],"version-history":[{"count":0,"href":"https:\/\/berndfischer.com\/en\/wp-json\/wp\/v2\/pages\/211\/revisions"}],"up":[{"embeddable":true,"href":"https:\/\/berndfischer.com\/en\/wp-json\/wp\/v2\/pages\/12"}],"wp:attachment":[{"href":"https:\/\/berndfischer.com\/en\/wp-json\/wp\/v2\/media?parent=211"}],"curies":[{"name":"wp","href":"https:\/\/api.w.org\/{rel}","templated":true}]}}