{"id":3018,"date":"2015-08-26T08:44:55","date_gmt":"2015-08-26T06:44:55","guid":{"rendered":"https:\/\/berndfischer.com\/?page_id=3018"},"modified":"2015-10-19T20:58:32","modified_gmt":"2015-10-19T18:58:32","slug":"snapfilms-2007-2010","status":"publish","type":"page","link":"https:\/\/berndfischer.com\/en\/independent-works\/snapfilms\/snapfilms-2007-2010\/","title":{"rendered":"Snapfilms 2007-2010"},"content":{"rendered":"<div class=\"wp-playlist wp-video-playlist wp-playlist-light\">\n\t\t<video controls=\"controls\" preload=\"none\" width=\"678\"\n\t\t height=\"509\"\t><\/video>\n\t<div class=\"wp-playlist-next\"><\/div>\n\t<div class=\"wp-playlist-prev\"><\/div>\n\t<noscript>\n\t<ol>\n\t\t<li><a href='https:\/\/berndfischer.com\/en\/wp-content\/uploads\/sites\/3\/2015\/08\/Bretagne-08.2009.mp4'>Bretagne 08.2009<\/a><\/li><li><a href='https:\/\/berndfischer.com\/en\/wp-content\/uploads\/sites\/3\/2015\/08\/Kuehkopf-09.2008.mp4'>K\u00fchkopf, 09.2008<\/a><\/li><li><a href='https:\/\/berndfischer.com\/en\/wp-content\/uploads\/sites\/3\/2015\/08\/Porto-Rafael-05.2008.mp4'>Porto Rafael-05.2008<\/a><\/li><li><a href='https:\/\/berndfischer.com\/en\/wp-content\/uploads\/sites\/3\/2015\/08\/Oktoberfest-Laemmerspiel-09.2008.mp4'>Oktoberfest-Laemmerspiel-09.2008<\/a><\/li><li><a href='https:\/\/berndfischer.com\/en\/wp-content\/uploads\/sites\/3\/2015\/08\/Zoo-02.2009-1.mp4'>Zoo-02.2009-1<\/a><\/li><li><a href='https:\/\/berndfischer.com\/en\/wp-content\/uploads\/sites\/3\/2015\/08\/Oktoberfest-in-L\u00e4mmerspiel-09.2008.mp4'>Oktoberfest in L\u00e4mmerspiel-09.2008<\/a><\/li><li><a href='https:\/\/berndfischer.com\/en\/wp-content\/uploads\/sites\/3\/2015\/08\/St\u00e4del-Abg\u00e4nger-Ausstellung-09.2008.mp4'>St\u00e4del-Abg\u00e4nger-Ausstellung-09.2008<\/a><\/li><li><a href='https:\/\/berndfischer.com\/en\/wp-content\/uploads\/sites\/3\/2015\/08\/Cimetiere-du-montparnasse-paris-03.2010.mp4'>Cimetiere-du-montparnasse-paris-03.2010<\/a><\/li><li><a href='https:\/\/berndfischer.com\/en\/wp-content\/uploads\/sites\/3\/2015\/08\/Zoo-01.2009.mp4'>Zoo-01.2009<\/a><\/li><li><a href='https:\/\/berndfischer.com\/en\/wp-content\/uploads\/sites\/3\/2015\/08\/Aosta-05.2008.mp4'>Aosta-05.2008<\/a><\/li><li><a href='https:\/\/berndfischer.com\/en\/wp-content\/uploads\/sites\/3\/2015\/08\/Holocaustdenkmal-Berlinmemorial-07.2008.mp4'>Holocaustdenkmal-Berlinmemorial-07.2008<\/a><\/li><li><a href='https:\/\/berndfischer.com\/en\/wp-content\/uploads\/sites\/3\/2015\/08\/Aosta-06.2008.mp4'>Aosta-06.2008<\/a><\/li><li><a href='https:\/\/berndfischer.com\/en\/wp-content\/uploads\/sites\/3\/2015\/08\/Schlosspark-Wolfsgarten-05.2009.mp4'>Schlosspark-Wolfsgarten-05.2009<\/a><\/li><li><a href='https:\/\/berndfischer.com\/en\/wp-content\/uploads\/sites\/3\/2015\/08\/Zoo-02.2009-2.mp4'>Zoo-02.2009-2<\/a><\/li><li><a href='https:\/\/berndfischer.com\/en\/wp-content\/uploads\/sites\/3\/2015\/08\/Madrid-10.2008-1.mp4'>Madrid-10.2008-1<\/a><\/li><li><a href='https:\/\/berndfischer.com\/en\/wp-content\/uploads\/sites\/3\/2015\/08\/M\u00fcnchen_Englischer-Garten-05.2009.mp4'>M\u00fcnchen_Englischer-Garten-05.2009<\/a><\/li><li><a href='https:\/\/berndfischer.com\/en\/wp-content\/uploads\/sites\/3\/2015\/08\/Madrid-10.2008-2.mp4'>Madrid-10.2008-2<\/a><\/li><li><a href='https:\/\/berndfischer.com\/en\/wp-content\/uploads\/sites\/3\/2015\/08\/Madrid-10.2008-3.mp4'>Madrid-10.2008-3<\/a><\/li><li><a href='https:\/\/berndfischer.com\/en\/wp-content\/uploads\/sites\/3\/2015\/08\/Paris-03.2010-1.mp4'>Paris-03.2010-1<\/a><\/li>\t<\/ol>\n\t<\/noscript>\n\t<script type=\"application\/json\" class=\"wp-playlist-script\">{\"type\":\"video\",\"tracklist\":true,\"tracknumbers\":true,\"images\":true,\"artists\":true,\"tracks\":[{\"src\":\"https:\/\/berndfischer.com\/en\/wp-content\/uploads\/sites\/3\/2015\/08\/Bretagne-08.2009.mp4\",\"type\":\"video\/mp4\",\"title\":\"Bretagne 08.2009\",\"caption\":\"Chartres, 08.2009\",\"description\":\"\",\"meta\":{\"length_formatted\":\"0:16\"},\"dimensions\":{\"original\":{\"width\":1024,\"height\":768},\"resized\":{\"width\":678,\"height\":509}},\"image\":{\"src\":\"https:\/\/berndfischer.com\/en\/wp-content\/uploads\/sites\/3\/2015\/08\/bgrd-schnappfilme.gif\",\"width\":960,\"height\":720},\"thumb\":{\"src\":\"https:\/\/berndfischer.com\/en\/wp-content\/uploads\/sites\/3\/2015\/08\/bgrd-schnappfilme-100x100.gif\",\"width\":100,\"height\":100}},{\"src\":\"https:\/\/berndfischer.com\/en\/wp-content\/uploads\/sites\/3\/2015\/08\/Kuehkopf-09.2008.mp4\",\"type\":\"video\/mp4\",\"title\":\"K\\u00fchkopf, 09.2008\",\"caption\":\"K\\u00fchkopf, 09.2008\",\"description\":\"\",\"meta\":{\"length_formatted\":\"0:15\"},\"dimensions\":{\"original\":{\"width\":640,\"height\":480},\"resized\":{\"width\":678,\"height\":509}},\"image\":{\"src\":\"https:\/\/berndfischer.com\/en\/wp-includes\/images\/media\/video.svg\",\"width\":48,\"height\":64},\"thumb\":{\"src\":\"https:\/\/berndfischer.com\/en\/wp-includes\/images\/media\/video.svg\",\"width\":48,\"height\":64}},{\"src\":\"https:\/\/berndfischer.com\/en\/wp-content\/uploads\/sites\/3\/2015\/08\/Porto-Rafael-05.2008.mp4\",\"type\":\"video\/mp4\",\"title\":\"Porto Rafael-05.2008\",\"caption\":\"Porto Rafael, 05.2008\",\"description\":\"\",\"meta\":{\"length_formatted\":\"0:16\"},\"dimensions\":{\"original\":{\"width\":640,\"height\":480},\"resized\":{\"width\":678,\"height\":509}},\"image\":{\"src\":\"https:\/\/berndfischer.com\/en\/wp-includes\/images\/media\/video.svg\",\"width\":48,\"height\":64},\"thumb\":{\"src\":\"https:\/\/berndfischer.com\/en\/wp-includes\/images\/media\/video.svg\",\"width\":48,\"height\":64}},{\"src\":\"https:\/\/berndfischer.com\/en\/wp-content\/uploads\/sites\/3\/2015\/08\/Oktoberfest-Laemmerspiel-09.2008.mp4\",\"type\":\"video\/mp4\",\"title\":\"Oktoberfest-Laemmerspiel-09.2008\",\"caption\":\"Oktoberfest in L\\u00e4mmerspiel, 09.2008\",\"description\":\"\",\"meta\":{\"length_formatted\":\"0:15\"},\"dimensions\":{\"original\":{\"width\":640,\"height\":480},\"resized\":{\"width\":678,\"height\":509}},\"image\":{\"src\":\"https:\/\/berndfischer.com\/en\/wp-includes\/images\/media\/video.svg\",\"width\":48,\"height\":64},\"thumb\":{\"src\":\"https:\/\/berndfischer.com\/en\/wp-includes\/images\/media\/video.svg\",\"width\":48,\"height\":64}},{\"src\":\"https:\/\/berndfischer.com\/en\/wp-content\/uploads\/sites\/3\/2015\/08\/Zoo-02.2009-1.mp4\",\"type\":\"video\/mp4\",\"title\":\"Zoo-02.2009-1\",\"caption\":\"Zoo, 02.2009\",\"description\":\"\",\"meta\":{\"length_formatted\":\"0:16\"},\"dimensions\":{\"original\":{\"width\":640,\"height\":480},\"resized\":{\"width\":678,\"height\":509}},\"image\":{\"src\":\"https:\/\/berndfischer.com\/en\/wp-includes\/images\/media\/video.svg\",\"width\":48,\"height\":64},\"thumb\":{\"src\":\"https:\/\/berndfischer.com\/en\/wp-includes\/images\/media\/video.svg\",\"width\":48,\"height\":64}},{\"src\":\"https:\/\/berndfischer.com\/en\/wp-content\/uploads\/sites\/3\/2015\/08\/Oktoberfest-in-L\\u00e4mmerspiel-09.2008.mp4\",\"type\":\"video\/mp4\",\"title\":\"Oktoberfest in L\\u00e4mmerspiel-09.2008\",\"caption\":\"Oktoberfest in L\\u00e4mmerspiel, 09.2008\",\"description\":\"\",\"meta\":{\"length_formatted\":\"0:15\"},\"dimensions\":{\"original\":{\"width\":640,\"height\":480},\"resized\":{\"width\":678,\"height\":509}},\"image\":{\"src\":\"https:\/\/berndfischer.com\/en\/wp-includes\/images\/media\/video.svg\",\"width\":48,\"height\":64},\"thumb\":{\"src\":\"https:\/\/berndfischer.com\/en\/wp-includes\/images\/media\/video.svg\",\"width\":48,\"height\":64}},{\"src\":\"https:\/\/berndfischer.com\/en\/wp-content\/uploads\/sites\/3\/2015\/08\/St\\u00e4del-Abg\\u00e4nger-Ausstellung-09.2008.mp4\",\"type\":\"video\/mp4\",\"title\":\"St\\u00e4del-Abg\\u00e4nger-Ausstellung-09.2008\",\"caption\":\"St\\u00e4del-Abg\\u00e4nger-Ausstellung, 09.2008\",\"description\":\"\",\"meta\":{\"length_formatted\":\"0:15\"},\"dimensions\":{\"original\":{\"width\":640,\"height\":480},\"resized\":{\"width\":678,\"height\":509}},\"image\":{\"src\":\"https:\/\/berndfischer.com\/en\/wp-includes\/images\/media\/video.svg\",\"width\":48,\"height\":64},\"thumb\":{\"src\":\"https:\/\/berndfischer.com\/en\/wp-includes\/images\/media\/video.svg\",\"width\":48,\"height\":64}},{\"src\":\"https:\/\/berndfischer.com\/en\/wp-content\/uploads\/sites\/3\/2015\/08\/Cimetiere-du-montparnasse-paris-03.2010.mp4\",\"type\":\"video\/mp4\",\"title\":\"Cimetiere-du-montparnasse-paris-03.2010\",\"caption\":\"Cimetiere du Montparnasse, Paris, 03.2010\",\"description\":\"\",\"meta\":{\"length_formatted\":\"0:16\"},\"dimensions\":{\"original\":{\"width\":1024,\"height\":768},\"resized\":{\"width\":678,\"height\":509}},\"image\":{\"src\":\"https:\/\/berndfischer.com\/en\/wp-includes\/images\/media\/video.svg\",\"width\":48,\"height\":64},\"thumb\":{\"src\":\"https:\/\/berndfischer.com\/en\/wp-includes\/images\/media\/video.svg\",\"width\":48,\"height\":64}},{\"src\":\"https:\/\/berndfischer.com\/en\/wp-content\/uploads\/sites\/3\/2015\/08\/Zoo-01.2009.mp4\",\"type\":\"video\/mp4\",\"title\":\"Zoo-01.2009\",\"caption\":\"Zoo, 01.2009\",\"description\":\"\",\"meta\":{\"length_formatted\":\"0:15\"},\"dimensions\":{\"original\":{\"width\":640,\"height\":480},\"resized\":{\"width\":678,\"height\":509}},\"image\":{\"src\":\"https:\/\/berndfischer.com\/en\/wp-includes\/images\/media\/video.svg\",\"width\":48,\"height\":64},\"thumb\":{\"src\":\"https:\/\/berndfischer.com\/en\/wp-includes\/images\/media\/video.svg\",\"width\":48,\"height\":64}},{\"src\":\"https:\/\/berndfischer.com\/en\/wp-content\/uploads\/sites\/3\/2015\/08\/Aosta-05.2008.mp4\",\"type\":\"video\/mp4\",\"title\":\"Aosta-05.2008\",\"caption\":\"Aosta, 05.2008\",\"description\":\"\",\"meta\":{\"length_formatted\":\"0:15\"},\"dimensions\":{\"original\":{\"width\":640,\"height\":480},\"resized\":{\"width\":678,\"height\":509}},\"image\":{\"src\":\"https:\/\/berndfischer.com\/en\/wp-includes\/images\/media\/video.svg\",\"width\":48,\"height\":64},\"thumb\":{\"src\":\"https:\/\/berndfischer.com\/en\/wp-includes\/images\/media\/video.svg\",\"width\":48,\"height\":64}},{\"src\":\"https:\/\/berndfischer.com\/en\/wp-content\/uploads\/sites\/3\/2015\/08\/Holocaustdenkmal-Berlinmemorial-07.2008.mp4\",\"type\":\"video\/mp4\",\"title\":\"Holocaustdenkmal-Berlinmemorial-07.2008\",\"caption\":\"Holocaustdenkmal Berlinmemorial, 07.2008\",\"description\":\"\",\"meta\":{\"length_formatted\":\"0:15\"},\"dimensions\":{\"original\":{\"width\":640,\"height\":480},\"resized\":{\"width\":678,\"height\":509}},\"image\":{\"src\":\"https:\/\/berndfischer.com\/en\/wp-includes\/images\/media\/video.svg\",\"width\":48,\"height\":64},\"thumb\":{\"src\":\"https:\/\/berndfischer.com\/en\/wp-includes\/images\/media\/video.svg\",\"width\":48,\"height\":64}},{\"src\":\"https:\/\/berndfischer.com\/en\/wp-content\/uploads\/sites\/3\/2015\/08\/Aosta-06.2008.mp4\",\"type\":\"video\/mp4\",\"title\":\"Aosta-06.2008\",\"caption\":\"Aosta, 06.2008\",\"description\":\"\",\"meta\":{\"length_formatted\":\"0:14\"},\"dimensions\":{\"original\":{\"width\":640,\"height\":480},\"resized\":{\"width\":678,\"height\":509}},\"image\":{\"src\":\"https:\/\/berndfischer.com\/en\/wp-includes\/images\/media\/video.svg\",\"width\":48,\"height\":64},\"thumb\":{\"src\":\"https:\/\/berndfischer.com\/en\/wp-includes\/images\/media\/video.svg\",\"width\":48,\"height\":64}},{\"src\":\"https:\/\/berndfischer.com\/en\/wp-content\/uploads\/sites\/3\/2015\/08\/Schlosspark-Wolfsgarten-05.2009.mp4\",\"type\":\"video\/mp4\",\"title\":\"Schlosspark-Wolfsgarten-05.2009\",\"caption\":\"Schlosspark Wolfsgarten, 05.2009\",\"description\":\"\",\"meta\":{\"length_formatted\":\"0:16\"},\"dimensions\":{\"original\":{\"width\":1024,\"height\":768},\"resized\":{\"width\":678,\"height\":509}},\"image\":{\"src\":\"https:\/\/berndfischer.com\/en\/wp-includes\/images\/media\/video.svg\",\"width\":48,\"height\":64},\"thumb\":{\"src\":\"https:\/\/berndfischer.com\/en\/wp-includes\/images\/media\/video.svg\",\"width\":48,\"height\":64}},{\"src\":\"https:\/\/berndfischer.com\/en\/wp-content\/uploads\/sites\/3\/2015\/08\/Zoo-02.2009-2.mp4\",\"type\":\"video\/mp4\",\"title\":\"Zoo-02.2009-2\",\"caption\":\"Zoo, 02.2009\",\"description\":\"\",\"meta\":{\"length_formatted\":\"0:15\"},\"dimensions\":{\"original\":{\"width\":640,\"height\":480},\"resized\":{\"width\":678,\"height\":509}},\"image\":{\"src\":\"https:\/\/berndfischer.com\/en\/wp-includes\/images\/media\/video.svg\",\"width\":48,\"height\":64},\"thumb\":{\"src\":\"https:\/\/berndfischer.com\/en\/wp-includes\/images\/media\/video.svg\",\"width\":48,\"height\":64}},{\"src\":\"https:\/\/berndfischer.com\/en\/wp-content\/uploads\/sites\/3\/2015\/08\/Madrid-10.2008-1.mp4\",\"type\":\"video\/mp4\",\"title\":\"Madrid-10.2008-1\",\"caption\":\"Madrid, 10.2008\",\"description\":\"\",\"meta\":{\"length_formatted\":\"0:15\"},\"dimensions\":{\"original\":{\"width\":640,\"height\":480},\"resized\":{\"width\":678,\"height\":509}},\"image\":{\"src\":\"https:\/\/berndfischer.com\/en\/wp-includes\/images\/media\/video.svg\",\"width\":48,\"height\":64},\"thumb\":{\"src\":\"https:\/\/berndfischer.com\/en\/wp-includes\/images\/media\/video.svg\",\"width\":48,\"height\":64}},{\"src\":\"https:\/\/berndfischer.com\/en\/wp-content\/uploads\/sites\/3\/2015\/08\/M\\u00fcnchen_Englischer-Garten-05.2009.mp4\",\"type\":\"video\/mp4\",\"title\":\"M\\u00fcnchen_Englischer-Garten-05.2009\",\"caption\":\"Englischer Garten, M\\u00fcnchen, 05.2009\",\"description\":\"\",\"meta\":{\"length_formatted\":\"0:16\"},\"dimensions\":{\"original\":{\"width\":1024,\"height\":768},\"resized\":{\"width\":678,\"height\":509}},\"image\":{\"src\":\"https:\/\/berndfischer.com\/en\/wp-includes\/images\/media\/video.svg\",\"width\":48,\"height\":64},\"thumb\":{\"src\":\"https:\/\/berndfischer.com\/en\/wp-includes\/images\/media\/video.svg\",\"width\":48,\"height\":64}},{\"src\":\"https:\/\/berndfischer.com\/en\/wp-content\/uploads\/sites\/3\/2015\/08\/Madrid-10.2008-2.mp4\",\"type\":\"video\/mp4\",\"title\":\"Madrid-10.2008-2\",\"caption\":\"Madrid, 10.2008\",\"description\":\"\",\"meta\":{\"length_formatted\":\"0:15\"},\"dimensions\":{\"original\":{\"width\":640,\"height\":480},\"resized\":{\"width\":678,\"height\":509}},\"image\":{\"src\":\"https:\/\/berndfischer.com\/en\/wp-includes\/images\/media\/video.svg\",\"width\":48,\"height\":64},\"thumb\":{\"src\":\"https:\/\/berndfischer.com\/en\/wp-includes\/images\/media\/video.svg\",\"width\":48,\"height\":64}},{\"src\":\"https:\/\/berndfischer.com\/en\/wp-content\/uploads\/sites\/3\/2015\/08\/Madrid-10.2008-3.mp4\",\"type\":\"video\/mp4\",\"title\":\"Madrid-10.2008-3\",\"caption\":\"Madrid, 10.2008\",\"description\":\"\",\"meta\":{\"length_formatted\":\"0:15\"},\"dimensions\":{\"original\":{\"width\":640,\"height\":480},\"resized\":{\"width\":678,\"height\":509}},\"image\":{\"src\":\"https:\/\/berndfischer.com\/en\/wp-includes\/images\/media\/video.svg\",\"width\":48,\"height\":64},\"thumb\":{\"src\":\"https:\/\/berndfischer.com\/en\/wp-includes\/images\/media\/video.svg\",\"width\":48,\"height\":64}},{\"src\":\"https:\/\/berndfischer.com\/en\/wp-content\/uploads\/sites\/3\/2015\/08\/Paris-03.2010-1.mp4\",\"type\":\"video\/mp4\",\"title\":\"Paris-03.2010-1\",\"caption\":\"Paris, 03.2010\",\"description\":\"\",\"meta\":{\"length_formatted\":\"0:16\"},\"dimensions\":{\"original\":{\"width\":1024,\"height\":768},\"resized\":{\"width\":678,\"height\":509}},\"image\":{\"src\":\"https:\/\/berndfischer.com\/en\/wp-includes\/images\/media\/video.svg\",\"width\":48,\"height\":64},\"thumb\":{\"src\":\"https:\/\/berndfischer.com\/en\/wp-includes\/images\/media\/video.svg\",\"width\":48,\"height\":64}}]}<\/script>\n<\/div>\n\t\n","protected":false},"excerpt":{"rendered":"","protected":false},"author":1,"featured_media":3140,"parent":35,"menu_order":168,"comment_status":"closed","ping_status":"closed","template":"","meta":{"_acf_changed":false,"footnotes":""},"class_list":["post-3018","page","type-page","status-publish","has-post-thumbnail","hentry"],"acf":[],"yoast_head":"<!-- This site is optimized with the Yoast SEO plugin v26.9 - https:\/\/yoast.com\/product\/yoast-seo-wordpress\/ -->\n<title>Snapfilms 2007-2010 - Bernd Fischer EN<\/title>\n<meta name=\"robots\" content=\"index, follow, max-snippet:-1, max-image-preview:large, max-video-preview:-1\" \/>\n<link rel=\"canonical\" href=\"https:\/\/berndfischer.com\/en\/independent-works\/snapfilms\/snapfilms-2007-2010\/\" \/>\n<meta property=\"og:locale\" content=\"en_GB\" \/>\n<meta property=\"og:type\" content=\"article\" \/>\n<meta property=\"og:title\" content=\"Snapfilms 2007-2010 - Bernd Fischer EN\" \/>\n<meta property=\"og:url\" content=\"https:\/\/berndfischer.com\/en\/independent-works\/snapfilms\/snapfilms-2007-2010\/\" \/>\n<meta property=\"og:site_name\" content=\"Bernd Fischer EN\" \/>\n<meta property=\"article:modified_time\" content=\"2015-10-19T18:58:32+00:00\" \/>\n<meta property=\"og:image\" content=\"https:\/\/berndfischer.com\/en\/wp-content\/uploads\/sites\/3\/2015\/08\/Thumb-Schnappfilme-bis-2010.jpg\" \/>\n\t<meta property=\"og:image:width\" content=\"130\" \/>\n\t<meta property=\"og:image:height\" content=\"130\" \/>\n\t<meta property=\"og:image:type\" content=\"image\/jpeg\" \/>\n<meta name=\"twitter:card\" content=\"summary_large_image\" \/>\n<script type=\"application\/ld+json\" class=\"yoast-schema-graph\">{\"@context\":\"https:\/\/schema.org\",\"@graph\":[{\"@type\":\"WebPage\",\"@id\":\"https:\/\/berndfischer.com\/en\/independent-works\/snapfilms\/snapfilms-2007-2010\/\",\"url\":\"https:\/\/berndfischer.com\/en\/independent-works\/snapfilms\/snapfilms-2007-2010\/\",\"name\":\"Snapfilms 2007-2010 - Bernd Fischer EN\",\"isPartOf\":{\"@id\":\"https:\/\/berndfischer.com\/en\/#website\"},\"primaryImageOfPage\":{\"@id\":\"https:\/\/berndfischer.com\/en\/independent-works\/snapfilms\/snapfilms-2007-2010\/#primaryimage\"},\"image\":{\"@id\":\"https:\/\/berndfischer.com\/en\/independent-works\/snapfilms\/snapfilms-2007-2010\/#primaryimage\"},\"thumbnailUrl\":\"https:\/\/berndfischer.com\/en\/wp-content\/uploads\/sites\/3\/2015\/08\/Thumb-Schnappfilme-bis-2010.jpg\",\"datePublished\":\"2015-08-26T06:44:55+00:00\",\"dateModified\":\"2015-10-19T18:58:32+00:00\",\"breadcrumb\":{\"@id\":\"https:\/\/berndfischer.com\/en\/independent-works\/snapfilms\/snapfilms-2007-2010\/#breadcrumb\"},\"inLanguage\":\"en-GB\",\"potentialAction\":[{\"@type\":\"ReadAction\",\"target\":[\"https:\/\/berndfischer.com\/en\/independent-works\/snapfilms\/snapfilms-2007-2010\/\"]}]},{\"@type\":\"ImageObject\",\"inLanguage\":\"en-GB\",\"@id\":\"https:\/\/berndfischer.com\/en\/independent-works\/snapfilms\/snapfilms-2007-2010\/#primaryimage\",\"url\":\"https:\/\/berndfischer.com\/en\/wp-content\/uploads\/sites\/3\/2015\/08\/Thumb-Schnappfilme-bis-2010.jpg\",\"contentUrl\":\"https:\/\/berndfischer.com\/en\/wp-content\/uploads\/sites\/3\/2015\/08\/Thumb-Schnappfilme-bis-2010.jpg\",\"width\":130,\"height\":130},{\"@type\":\"BreadcrumbList\",\"@id\":\"https:\/\/berndfischer.com\/en\/independent-works\/snapfilms\/snapfilms-2007-2010\/#breadcrumb\",\"itemListElement\":[{\"@type\":\"ListItem\",\"position\":1,\"name\":\"Home\",\"item\":\"https:\/\/berndfischer.com\/en\/\"},{\"@type\":\"ListItem\",\"position\":2,\"name\":\"Independent works\",\"item\":\"https:\/\/berndfischer.com\/en\/independent-works\/\"},{\"@type\":\"ListItem\",\"position\":3,\"name\":\"Snapfilms\",\"item\":\"https:\/\/berndfischer.com\/en\/independent-works\/snapfilms\/\"},{\"@type\":\"ListItem\",\"position\":4,\"name\":\"Snapfilms 2007-2010\"}]},{\"@type\":\"WebSite\",\"@id\":\"https:\/\/berndfischer.com\/en\/#website\",\"url\":\"https:\/\/berndfischer.com\/en\/\",\"name\":\"Bernd Fischer EN\",\"description\":\"Painted and printed colour\",\"potentialAction\":[{\"@type\":\"SearchAction\",\"target\":{\"@type\":\"EntryPoint\",\"urlTemplate\":\"https:\/\/berndfischer.com\/en\/?s={search_term_string}\"},\"query-input\":{\"@type\":\"PropertyValueSpecification\",\"valueRequired\":true,\"valueName\":\"search_term_string\"}}],\"inLanguage\":\"en-GB\"}]}<\/script>\n<!-- \/ Yoast SEO plugin. -->","yoast_head_json":{"title":"Snapfilms 2007-2010 - Bernd Fischer EN","robots":{"index":"index","follow":"follow","max-snippet":"max-snippet:-1","max-image-preview":"max-image-preview:large","max-video-preview":"max-video-preview:-1"},"canonical":"https:\/\/berndfischer.com\/en\/independent-works\/snapfilms\/snapfilms-2007-2010\/","og_locale":"en_GB","og_type":"article","og_title":"Snapfilms 2007-2010 - Bernd Fischer EN","og_url":"https:\/\/berndfischer.com\/en\/independent-works\/snapfilms\/snapfilms-2007-2010\/","og_site_name":"Bernd Fischer EN","article_modified_time":"2015-10-19T18:58:32+00:00","og_image":[{"width":130,"height":130,"url":"https:\/\/berndfischer.com\/en\/wp-content\/uploads\/sites\/3\/2015\/08\/Thumb-Schnappfilme-bis-2010.jpg","type":"image\/jpeg"}],"twitter_card":"summary_large_image","schema":{"@context":"https:\/\/schema.org","@graph":[{"@type":"WebPage","@id":"https:\/\/berndfischer.com\/en\/independent-works\/snapfilms\/snapfilms-2007-2010\/","url":"https:\/\/berndfischer.com\/en\/independent-works\/snapfilms\/snapfilms-2007-2010\/","name":"Snapfilms 2007-2010 - Bernd Fischer EN","isPartOf":{"@id":"https:\/\/berndfischer.com\/en\/#website"},"primaryImageOfPage":{"@id":"https:\/\/berndfischer.com\/en\/independent-works\/snapfilms\/snapfilms-2007-2010\/#primaryimage"},"image":{"@id":"https:\/\/berndfischer.com\/en\/independent-works\/snapfilms\/snapfilms-2007-2010\/#primaryimage"},"thumbnailUrl":"https:\/\/berndfischer.com\/en\/wp-content\/uploads\/sites\/3\/2015\/08\/Thumb-Schnappfilme-bis-2010.jpg","datePublished":"2015-08-26T06:44:55+00:00","dateModified":"2015-10-19T18:58:32+00:00","breadcrumb":{"@id":"https:\/\/berndfischer.com\/en\/independent-works\/snapfilms\/snapfilms-2007-2010\/#breadcrumb"},"inLanguage":"en-GB","potentialAction":[{"@type":"ReadAction","target":["https:\/\/berndfischer.com\/en\/independent-works\/snapfilms\/snapfilms-2007-2010\/"]}]},{"@type":"ImageObject","inLanguage":"en-GB","@id":"https:\/\/berndfischer.com\/en\/independent-works\/snapfilms\/snapfilms-2007-2010\/#primaryimage","url":"https:\/\/berndfischer.com\/en\/wp-content\/uploads\/sites\/3\/2015\/08\/Thumb-Schnappfilme-bis-2010.jpg","contentUrl":"https:\/\/berndfischer.com\/en\/wp-content\/uploads\/sites\/3\/2015\/08\/Thumb-Schnappfilme-bis-2010.jpg","width":130,"height":130},{"@type":"BreadcrumbList","@id":"https:\/\/berndfischer.com\/en\/independent-works\/snapfilms\/snapfilms-2007-2010\/#breadcrumb","itemListElement":[{"@type":"ListItem","position":1,"name":"Home","item":"https:\/\/berndfischer.com\/en\/"},{"@type":"ListItem","position":2,"name":"Independent works","item":"https:\/\/berndfischer.com\/en\/independent-works\/"},{"@type":"ListItem","position":3,"name":"Snapfilms","item":"https:\/\/berndfischer.com\/en\/independent-works\/snapfilms\/"},{"@type":"ListItem","position":4,"name":"Snapfilms 2007-2010"}]},{"@type":"WebSite","@id":"https:\/\/berndfischer.com\/en\/#website","url":"https:\/\/berndfischer.com\/en\/","name":"Bernd Fischer EN","description":"Painted and printed colour","potentialAction":[{"@type":"SearchAction","target":{"@type":"EntryPoint","urlTemplate":"https:\/\/berndfischer.com\/en\/?s={search_term_string}"},"query-input":{"@type":"PropertyValueSpecification","valueRequired":true,"valueName":"search_term_string"}}],"inLanguage":"en-GB"}]}},"_links":{"self":[{"href":"https:\/\/berndfischer.com\/en\/wp-json\/wp\/v2\/pages\/3018","targetHints":{"allow":["GET"]}}],"collection":[{"href":"https:\/\/berndfischer.com\/en\/wp-json\/wp\/v2\/pages"}],"about":[{"href":"https:\/\/berndfischer.com\/en\/wp-json\/wp\/v2\/types\/page"}],"author":[{"embeddable":true,"href":"https:\/\/berndfischer.com\/en\/wp-json\/wp\/v2\/users\/1"}],"replies":[{"embeddable":true,"href":"https:\/\/berndfischer.com\/en\/wp-json\/wp\/v2\/comments?post=3018"}],"version-history":[{"count":1,"href":"https:\/\/berndfischer.com\/en\/wp-json\/wp\/v2\/pages\/3018\/revisions"}],"predecessor-version":[{"id":4266,"href":"https:\/\/berndfischer.com\/en\/wp-json\/wp\/v2\/pages\/3018\/revisions\/4266"}],"up":[{"embeddable":true,"href":"https:\/\/berndfischer.com\/en\/wp-json\/wp\/v2\/pages\/35"}],"wp:featuredmedia":[{"embeddable":true,"href":"https:\/\/berndfischer.com\/en\/wp-json\/wp\/v2\/media\/3140"}],"wp:attachment":[{"href":"https:\/\/berndfischer.com\/en\/wp-json\/wp\/v2\/media?parent=3018"}],"curies":[{"name":"wp","href":"https:\/\/api.w.org\/{rel}","templated":true}]}}