{"id":4097,"date":"2015-10-07T08:20:40","date_gmt":"2015-10-07T06:20:40","guid":{"rendered":"https:\/\/berndfischer.com\/?page_id=4097"},"modified":"2015-10-21T13:16:38","modified_gmt":"2015-10-21T11:16:38","slug":"informations-to-the-innovation-prize","status":"publish","type":"page","link":"https:\/\/berndfischer.com\/en\/commissioned-works\/artworks-to-award-outstanding-achievement\/the-sculpture-of-the-first-innovation-award-world-wide\/informations-to-the-innovation-prize\/","title":{"rendered":"Informations to the Innovation Prize"},"content":{"rendered":"<div style=\"width: 700px;\" class=\"wp-video\"><video class=\"wp-video-shortcode\" id=\"video-4097-1\" width=\"700\" height=\"525\" preload=\"metadata\" controls=\"controls\"><source type=\"video\/mp4\" src=\"https:\/\/berndfischer.com\/wp-content\/uploads\/2015\/10\/Innovationspreisgala_110404.mp4?_=1\" \/><a href=\"https:\/\/berndfischer.com\/wp-content\/uploads\/2015\/10\/Innovationspreisgala_110404.mp4\">https:\/\/berndfischer.com\/wp-content\/uploads\/2015\/10\/Innovationspreisgala_110404.mp4<\/a><\/video><\/div>\n<p>Interview von Edmund St\u00f6ssel mit Bernd Fischer und Dr. Theo J\u00fclich zur \u00dcbergabe\u00a0 des Innovationspreises an das Hessische Landesmuseum Darmstadt.<br \/>\nRheinMain.TV vom 19.02.2011<\/p>\n<p>&nbsp;<\/p>\n<h2>F\u00fchrung durch die Baustelle im\u00a0Landesmuseum Darmstadt<\/h2>\n<p>Dr. Theo J\u00fclich, Direktor des Landesmuseums Darmstadt f\u00fchrt, am 10 Mai 2012 Vertreter des Wirtschaftsclubs Rhein-Main, einen Vertreter der Siemes AG (Innovationspreistr\u00e4ger 2011) und den K\u00fcnstler durch die Baustelle des Landesmuseums.\u00a0Hier soll\u00a0die Innovationspreis-Skulptur pr\u00e4sentiert werden.<\/p>\n<p><a href=\"https:\/\/berndfischer.com\/wp-content\/uploads\/2015\/08\/Baustelle-im-Landesmuseums-Darmstadt-1.jpg\"><img loading=\"lazy\" decoding=\"async\" class=\"alignleft wp-image-1811 size-medium\" src=\"https:\/\/berndfischer.com\/wp-content\/uploads\/2015\/08\/Baustelle-im-Landesmuseums-Darmstadt-1-330x206.jpg\" alt=\"Dr. Theo J\u00fclich, Direktor des Landesmuseums Darmstadt (rechts) zeigt Bernd Fischer (mitte) und Dr. Klaus Willnow, Siemens AG (links) den f\u00fcr die Skulptur des Innovationspreis vorgesehen Platz.\" width=\"330\" height=\"206\" srcset=\"https:\/\/berndfischer.com\/en\/wp-content\/uploads\/sites\/3\/2015\/08\/Baustelle-im-Landesmuseums-Darmstadt-1-330x206.jpg 330w, https:\/\/berndfischer.com\/en\/wp-content\/uploads\/sites\/3\/2015\/08\/Baustelle-im-Landesmuseums-Darmstadt-1.jpg 700w\" sizes=\"auto, (max-width: 330px) 100vw, 330px\" \/><\/a><\/p>\n<p><a href=\"https:\/\/berndfischer.com\/wp-content\/uploads\/2015\/08\/Baustelle-im-Landesmuseums-Darmstadt-2.jpg\"><img loading=\"lazy\" decoding=\"async\" class=\"alignleft wp-image-1812 size-medium\" src=\"https:\/\/berndfischer.com\/wp-content\/uploads\/2015\/08\/Baustelle-im-Landesmuseums-Darmstadt-2-330x206.jpg\" alt=\"von links: Dr. Ernst Gloede, Pr\u00e4sident des Wirtschaftsclubs Rhein-Main, von ihm stammt die Idee einen Innovationspreis auszuloben, Dr. Klaus Willnow, Vertreter der Siemens AG, die 2011\/12 mit dem Innovationspreis ausgezeichnet worden ist, Markus Gahlmann, Mitglied des Vorstands der Freunde des Landesmuseums Darmstadt e.V., Dr. Theo J\u00fclich, Direktor des Landesmuseums Darmstadt, Bernd Fischer, K\u00fcnstler und Entwickler der Innovationspreis-Skulptur, Heidrun K. Besters, Gesch\u00e4ftsf\u00fchrung und Programmkommission, Wirtschaftsclub Rhein-Main\" width=\"330\" height=\"206\" srcset=\"https:\/\/berndfischer.com\/en\/wp-content\/uploads\/sites\/3\/2015\/08\/Baustelle-im-Landesmuseums-Darmstadt-2-330x206.jpg 330w, https:\/\/berndfischer.com\/en\/wp-content\/uploads\/sites\/3\/2015\/08\/Baustelle-im-Landesmuseums-Darmstadt-2.jpg 700w\" sizes=\"auto, (max-width: 330px) 100vw, 330px\" \/><\/a><em>Fotos: Wolfgang Fuhrmannek, Fotograf HLMDA<\/em><\/p>\n<p>&nbsp;<\/p>\n<h3 class=\"entry-title\">Eine besondere Auszeichnung im Landesmuseum Darmstadt<\/h3>\n<div id=\"attachment_1819\" style=\"width: 340px\" class=\"wp-caption alignleft\"><a href=\"https:\/\/berndfischer.com\/wp-content\/uploads\/2015\/08\/Landesmuseum-Darmstadt.jpg\"><img loading=\"lazy\" decoding=\"async\" aria-describedby=\"caption-attachment-1819\" class=\"wp-image-1819 size-medium\" src=\"https:\/\/berndfischer.com\/wp-content\/uploads\/2015\/08\/Landesmuseum-Darmstadt-330x279.jpg\" alt=\"Aaron Oskar und Nikolai Anton Leisering am 14. August 2015 vor dem Kunstwerk\" width=\"330\" height=\"279\" srcset=\"https:\/\/berndfischer.com\/en\/wp-content\/uploads\/sites\/3\/2015\/08\/Landesmuseum-Darmstadt-330x279.jpg 330w, https:\/\/berndfischer.com\/en\/wp-content\/uploads\/sites\/3\/2015\/08\/Landesmuseum-Darmstadt.jpg 700w\" sizes=\"auto, (max-width: 330px) 100vw, 330px\" \/><\/a><p id=\"caption-attachment-1819\" class=\"wp-caption-text\">Fotos: Renate Hempelmann<\/p><\/div>\n<p>&nbsp;<\/p>\n","protected":false},"excerpt":{"rendered":"<p>Interview von Edmund St\u00f6ssel mit Bernd Fischer und Dr. Theo J\u00fclich zur \u00dcbergabe\u00a0 des Innovationspreises an das Hessische Landesmuseum Darmstadt. RheinMain.TV vom 19.02.2011 &nbsp; F\u00fchrung durch die Baustelle im\u00a0Landesmuseum Darmstadt &#8230;<\/p>\n","protected":false},"author":1,"featured_media":0,"parent":985,"menu_order":219,"comment_status":"closed","ping_status":"closed","template":"","meta":{"_acf_changed":false,"footnotes":""},"class_list":["post-4097","page","type-page","status-publish","hentry"],"acf":[],"yoast_head":"<!-- This site is optimized with the Yoast SEO plugin v26.9 - https:\/\/yoast.com\/product\/yoast-seo-wordpress\/ -->\n<title>Informations to the Innovation Prize - Bernd Fischer EN<\/title>\n<meta name=\"robots\" content=\"index, follow, max-snippet:-1, max-image-preview:large, max-video-preview:-1\" \/>\n<link rel=\"canonical\" href=\"https:\/\/berndfischer.com\/en\/commissioned-works\/artworks-to-award-outstanding-achievement\/the-sculpture-of-the-first-innovation-award-world-wide\/informations-to-the-innovation-prize\/\" \/>\n<meta property=\"og:locale\" content=\"en_GB\" \/>\n<meta property=\"og:type\" content=\"article\" \/>\n<meta property=\"og:title\" content=\"Informations to the Innovation Prize - Bernd Fischer EN\" \/>\n<meta property=\"og:description\" content=\"Interview von Edmund St\u00f6ssel mit Bernd Fischer und Dr. Theo J\u00fclich zur \u00dcbergabe\u00a0 des Innovationspreises an das Hessische Landesmuseum Darmstadt. RheinMain.TV vom 19.02.2011 &nbsp; F\u00fchrung durch die Baustelle im\u00a0Landesmuseum Darmstadt ...\" \/>\n<meta property=\"og:url\" content=\"https:\/\/berndfischer.com\/en\/commissioned-works\/artworks-to-award-outstanding-achievement\/the-sculpture-of-the-first-innovation-award-world-wide\/informations-to-the-innovation-prize\/\" \/>\n<meta property=\"og:site_name\" content=\"Bernd Fischer EN\" \/>\n<meta property=\"article:modified_time\" content=\"2015-10-21T11:16:38+00:00\" \/>\n<meta property=\"og:image\" content=\"https:\/\/berndfischer.com\/en\/wp-content\/uploads\/sites\/3\/2015\/08\/Baustelle-im-Landesmuseums-Darmstadt-1.jpg\" \/>\n\t<meta property=\"og:image:width\" content=\"700\" \/>\n\t<meta property=\"og:image:height\" content=\"437\" \/>\n\t<meta property=\"og:image:type\" content=\"image\/jpeg\" \/>\n<meta name=\"twitter:card\" content=\"summary_large_image\" \/>\n<meta name=\"twitter:label1\" content=\"Estimated reading time\" \/>\n\t<meta name=\"twitter:data1\" content=\"1 minute\" \/>\n<script type=\"application\/ld+json\" class=\"yoast-schema-graph\">{\"@context\":\"https:\/\/schema.org\",\"@graph\":[{\"@type\":\"WebPage\",\"@id\":\"https:\/\/berndfischer.com\/en\/commissioned-works\/artworks-to-award-outstanding-achievement\/the-sculpture-of-the-first-innovation-award-world-wide\/informations-to-the-innovation-prize\/\",\"url\":\"https:\/\/berndfischer.com\/en\/commissioned-works\/artworks-to-award-outstanding-achievement\/the-sculpture-of-the-first-innovation-award-world-wide\/informations-to-the-innovation-prize\/\",\"name\":\"Informations to the Innovation Prize - Bernd Fischer EN\",\"isPartOf\":{\"@id\":\"https:\/\/berndfischer.com\/en\/#website\"},\"primaryImageOfPage\":{\"@id\":\"https:\/\/berndfischer.com\/en\/commissioned-works\/artworks-to-award-outstanding-achievement\/the-sculpture-of-the-first-innovation-award-world-wide\/informations-to-the-innovation-prize\/#primaryimage\"},\"image\":{\"@id\":\"https:\/\/berndfischer.com\/en\/commissioned-works\/artworks-to-award-outstanding-achievement\/the-sculpture-of-the-first-innovation-award-world-wide\/informations-to-the-innovation-prize\/#primaryimage\"},\"thumbnailUrl\":\"https:\/\/berndfischer.com\/wp-content\/uploads\/2015\/08\/Baustelle-im-Landesmuseums-Darmstadt-1-330x206.jpg\",\"datePublished\":\"2015-10-07T06:20:40+00:00\",\"dateModified\":\"2015-10-21T11:16:38+00:00\",\"breadcrumb\":{\"@id\":\"https:\/\/berndfischer.com\/en\/commissioned-works\/artworks-to-award-outstanding-achievement\/the-sculpture-of-the-first-innovation-award-world-wide\/informations-to-the-innovation-prize\/#breadcrumb\"},\"inLanguage\":\"en-GB\",\"potentialAction\":[{\"@type\":\"ReadAction\",\"target\":[\"https:\/\/berndfischer.com\/en\/commissioned-works\/artworks-to-award-outstanding-achievement\/the-sculpture-of-the-first-innovation-award-world-wide\/informations-to-the-innovation-prize\/\"]}]},{\"@type\":\"ImageObject\",\"inLanguage\":\"en-GB\",\"@id\":\"https:\/\/berndfischer.com\/en\/commissioned-works\/artworks-to-award-outstanding-achievement\/the-sculpture-of-the-first-innovation-award-world-wide\/informations-to-the-innovation-prize\/#primaryimage\",\"url\":\"https:\/\/berndfischer.com\/wp-content\/uploads\/2015\/08\/Baustelle-im-Landesmuseums-Darmstadt-1-330x206.jpg\",\"contentUrl\":\"https:\/\/berndfischer.com\/wp-content\/uploads\/2015\/08\/Baustelle-im-Landesmuseums-Darmstadt-1-330x206.jpg\"},{\"@type\":\"BreadcrumbList\",\"@id\":\"https:\/\/berndfischer.com\/en\/commissioned-works\/artworks-to-award-outstanding-achievement\/the-sculpture-of-the-first-innovation-award-world-wide\/informations-to-the-innovation-prize\/#breadcrumb\",\"itemListElement\":[{\"@type\":\"ListItem\",\"position\":1,\"name\":\"Home\",\"item\":\"https:\/\/berndfischer.com\/en\/\"},{\"@type\":\"ListItem\",\"position\":2,\"name\":\"Commissioned works\",\"item\":\"https:\/\/berndfischer.com\/en\/commissioned-works\/\"},{\"@type\":\"ListItem\",\"position\":3,\"name\":\"Artworks to award outstanding achievement\",\"item\":\"https:\/\/berndfischer.com\/en\/commissioned-works\/artworks-to-award-outstanding-achievement\/\"},{\"@type\":\"ListItem\",\"position\":4,\"name\":\"The sculpture of the first Innovation Award world wide\",\"item\":\"https:\/\/berndfischer.com\/en\/commissioned-works\/artworks-to-award-outstanding-achievement\/the-sculpture-of-the-first-innovation-award-world-wide\/\"},{\"@type\":\"ListItem\",\"position\":5,\"name\":\"Informations to the Innovation Prize\"}]},{\"@type\":\"WebSite\",\"@id\":\"https:\/\/berndfischer.com\/en\/#website\",\"url\":\"https:\/\/berndfischer.com\/en\/\",\"name\":\"Bernd Fischer EN\",\"description\":\"Painted and printed colour\",\"potentialAction\":[{\"@type\":\"SearchAction\",\"target\":{\"@type\":\"EntryPoint\",\"urlTemplate\":\"https:\/\/berndfischer.com\/en\/?s={search_term_string}\"},\"query-input\":{\"@type\":\"PropertyValueSpecification\",\"valueRequired\":true,\"valueName\":\"search_term_string\"}}],\"inLanguage\":\"en-GB\"}]}<\/script>\n<!-- \/ Yoast SEO plugin. -->","yoast_head_json":{"title":"Informations to the Innovation Prize - Bernd Fischer EN","robots":{"index":"index","follow":"follow","max-snippet":"max-snippet:-1","max-image-preview":"max-image-preview:large","max-video-preview":"max-video-preview:-1"},"canonical":"https:\/\/berndfischer.com\/en\/commissioned-works\/artworks-to-award-outstanding-achievement\/the-sculpture-of-the-first-innovation-award-world-wide\/informations-to-the-innovation-prize\/","og_locale":"en_GB","og_type":"article","og_title":"Informations to the Innovation Prize - Bernd Fischer EN","og_description":"Interview von Edmund St\u00f6ssel mit Bernd Fischer und Dr. Theo J\u00fclich zur \u00dcbergabe\u00a0 des Innovationspreises an das Hessische Landesmuseum Darmstadt. RheinMain.TV vom 19.02.2011 &nbsp; F\u00fchrung durch die Baustelle im\u00a0Landesmuseum Darmstadt ...","og_url":"https:\/\/berndfischer.com\/en\/commissioned-works\/artworks-to-award-outstanding-achievement\/the-sculpture-of-the-first-innovation-award-world-wide\/informations-to-the-innovation-prize\/","og_site_name":"Bernd Fischer EN","article_modified_time":"2015-10-21T11:16:38+00:00","og_image":[{"width":700,"height":437,"url":"https:\/\/berndfischer.com\/en\/wp-content\/uploads\/sites\/3\/2015\/08\/Baustelle-im-Landesmuseums-Darmstadt-1.jpg","type":"image\/jpeg"}],"twitter_card":"summary_large_image","twitter_misc":{"Estimated reading time":"1 minute"},"schema":{"@context":"https:\/\/schema.org","@graph":[{"@type":"WebPage","@id":"https:\/\/berndfischer.com\/en\/commissioned-works\/artworks-to-award-outstanding-achievement\/the-sculpture-of-the-first-innovation-award-world-wide\/informations-to-the-innovation-prize\/","url":"https:\/\/berndfischer.com\/en\/commissioned-works\/artworks-to-award-outstanding-achievement\/the-sculpture-of-the-first-innovation-award-world-wide\/informations-to-the-innovation-prize\/","name":"Informations to the Innovation Prize - Bernd Fischer EN","isPartOf":{"@id":"https:\/\/berndfischer.com\/en\/#website"},"primaryImageOfPage":{"@id":"https:\/\/berndfischer.com\/en\/commissioned-works\/artworks-to-award-outstanding-achievement\/the-sculpture-of-the-first-innovation-award-world-wide\/informations-to-the-innovation-prize\/#primaryimage"},"image":{"@id":"https:\/\/berndfischer.com\/en\/commissioned-works\/artworks-to-award-outstanding-achievement\/the-sculpture-of-the-first-innovation-award-world-wide\/informations-to-the-innovation-prize\/#primaryimage"},"thumbnailUrl":"https:\/\/berndfischer.com\/wp-content\/uploads\/2015\/08\/Baustelle-im-Landesmuseums-Darmstadt-1-330x206.jpg","datePublished":"2015-10-07T06:20:40+00:00","dateModified":"2015-10-21T11:16:38+00:00","breadcrumb":{"@id":"https:\/\/berndfischer.com\/en\/commissioned-works\/artworks-to-award-outstanding-achievement\/the-sculpture-of-the-first-innovation-award-world-wide\/informations-to-the-innovation-prize\/#breadcrumb"},"inLanguage":"en-GB","potentialAction":[{"@type":"ReadAction","target":["https:\/\/berndfischer.com\/en\/commissioned-works\/artworks-to-award-outstanding-achievement\/the-sculpture-of-the-first-innovation-award-world-wide\/informations-to-the-innovation-prize\/"]}]},{"@type":"ImageObject","inLanguage":"en-GB","@id":"https:\/\/berndfischer.com\/en\/commissioned-works\/artworks-to-award-outstanding-achievement\/the-sculpture-of-the-first-innovation-award-world-wide\/informations-to-the-innovation-prize\/#primaryimage","url":"https:\/\/berndfischer.com\/wp-content\/uploads\/2015\/08\/Baustelle-im-Landesmuseums-Darmstadt-1-330x206.jpg","contentUrl":"https:\/\/berndfischer.com\/wp-content\/uploads\/2015\/08\/Baustelle-im-Landesmuseums-Darmstadt-1-330x206.jpg"},{"@type":"BreadcrumbList","@id":"https:\/\/berndfischer.com\/en\/commissioned-works\/artworks-to-award-outstanding-achievement\/the-sculpture-of-the-first-innovation-award-world-wide\/informations-to-the-innovation-prize\/#breadcrumb","itemListElement":[{"@type":"ListItem","position":1,"name":"Home","item":"https:\/\/berndfischer.com\/en\/"},{"@type":"ListItem","position":2,"name":"Commissioned works","item":"https:\/\/berndfischer.com\/en\/commissioned-works\/"},{"@type":"ListItem","position":3,"name":"Artworks to award outstanding achievement","item":"https:\/\/berndfischer.com\/en\/commissioned-works\/artworks-to-award-outstanding-achievement\/"},{"@type":"ListItem","position":4,"name":"The sculpture of the first Innovation Award world wide","item":"https:\/\/berndfischer.com\/en\/commissioned-works\/artworks-to-award-outstanding-achievement\/the-sculpture-of-the-first-innovation-award-world-wide\/"},{"@type":"ListItem","position":5,"name":"Informations to the Innovation Prize"}]},{"@type":"WebSite","@id":"https:\/\/berndfischer.com\/en\/#website","url":"https:\/\/berndfischer.com\/en\/","name":"Bernd Fischer EN","description":"Painted and printed colour","potentialAction":[{"@type":"SearchAction","target":{"@type":"EntryPoint","urlTemplate":"https:\/\/berndfischer.com\/en\/?s={search_term_string}"},"query-input":{"@type":"PropertyValueSpecification","valueRequired":true,"valueName":"search_term_string"}}],"inLanguage":"en-GB"}]}},"_links":{"self":[{"href":"https:\/\/berndfischer.com\/en\/wp-json\/wp\/v2\/pages\/4097","targetHints":{"allow":["GET"]}}],"collection":[{"href":"https:\/\/berndfischer.com\/en\/wp-json\/wp\/v2\/pages"}],"about":[{"href":"https:\/\/berndfischer.com\/en\/wp-json\/wp\/v2\/types\/page"}],"author":[{"embeddable":true,"href":"https:\/\/berndfischer.com\/en\/wp-json\/wp\/v2\/users\/1"}],"replies":[{"embeddable":true,"href":"https:\/\/berndfischer.com\/en\/wp-json\/wp\/v2\/comments?post=4097"}],"version-history":[{"count":2,"href":"https:\/\/berndfischer.com\/en\/wp-json\/wp\/v2\/pages\/4097\/revisions"}],"predecessor-version":[{"id":4798,"href":"https:\/\/berndfischer.com\/en\/wp-json\/wp\/v2\/pages\/4097\/revisions\/4798"}],"up":[{"embeddable":true,"href":"https:\/\/berndfischer.com\/en\/wp-json\/wp\/v2\/pages\/985"}],"wp:attachment":[{"href":"https:\/\/berndfischer.com\/en\/wp-json\/wp\/v2\/media?parent=4097"}],"curies":[{"name":"wp","href":"https:\/\/api.w.org\/{rel}","templated":true}]}}