{"id":4933,"date":"2017-11-15T10:26:29","date_gmt":"2017-11-15T09:26:29","guid":{"rendered":"https:\/\/berndfischer.com\/en\/?page_id=4933"},"modified":"2019-01-23T11:38:40","modified_gmt":"2019-01-23T10:38:40","slug":"polizei-hessen-memorial-plaque","status":"publish","type":"page","link":"https:\/\/berndfischer.com\/en\/commissioned-works\/commemorative-plaques\/polizei-hessen-memorial-plaque\/","title":{"rendered":"Polizei Hessen, Memorial plaque"},"content":{"rendered":"<h1>In memory of the officers of the Hessen State Police Force killed in the line of duty<\/h1>\n<div id=\"new-royalslider-47\" class=\"royalSlider new-royalslider-47 rsMinW rs-default-template\" style=\"width:100%;;\" data-rs-options='{&quot;template&quot;:&quot;default&quot;,&quot;image_generation&quot;:{&quot;imageWidth&quot;:&quot;&quot;,&quot;imageHeight&quot;:&quot;&quot;,&quot;thumbImageWidth&quot;:&quot;&quot;,&quot;thumbImageHeight&quot;:&quot;&quot;},&quot;thumbs&quot;:{&quot;thumbWidth&quot;:96,&quot;thumbHeight&quot;:72},&quot;autoPlay&quot;:{&quot;enabled&quot;:&quot;true&quot;,&quot;delay&quot;:2400,&quot;stopAtAction&quot;:&quot;false&quot;},&quot;block&quot;:{&quot;moveOffset&quot;:20,&quot;speed&quot;:400,&quot;delay&quot;:200},&quot;width&quot;:&quot;100%&quot;,&quot;height&quot;:&quot;&quot;,&quot;autoScaleSlider&quot;:&quot;true&quot;,&quot;autoScaleSliderWidth&quot;:700,&quot;autoScaleSliderHeight&quot;:438,&quot;slidesSpacing&quot;:0,&quot;imageScaleMode&quot;:&quot;fit&quot;,&quot;imageAlignCenter&quot;:&quot;false&quot;,&quot;imageScalePadding&quot;:0,&quot;controlNavigation&quot;:&quot;none&quot;,&quot;arrowsNav&quot;:&quot;false&quot;,&quot;transitionType&quot;:&quot;fade&quot;,&quot;transitionSpeed&quot;:1500,&quot;loop&quot;:&quot;true&quot;}'>\n<div class=\"rsContent\">\n  <img decoding=\"async\" class=\"rsImg\" src=\"https:\/\/berndfischer.com\/en\/wp-content\/uploads\/sites\/3\/2017\/11\/GT-Polizei-Hessen-Slider01-700x438.jpg\" alt=\"GT-Polizei-Hessen-Slider01\"\/>\n  \n  \n  \n<\/div>\n<div class=\"rsContent\">\n  <img decoding=\"async\" class=\"rsImg\" src=\"https:\/\/berndfischer.com\/en\/wp-content\/uploads\/sites\/3\/2017\/11\/GT-Polizei-Hessen-Slider02-700x438.jpg\" alt=\"GT-Polizei-Hessen-Slider02\"\/>\n  \n  \n  \n<\/div>\n<div class=\"rsContent\">\n  <img decoding=\"async\" class=\"rsImg\" src=\"https:\/\/berndfischer.com\/en\/wp-content\/uploads\/sites\/3\/2017\/11\/GT-Polizei-Hessen-Slider04-700x438.jpg\" alt=\"GT-Polizei-Hessen-Slider04\"\/>\n  \n  \n  \n<\/div>\n<div class=\"rsContent\">\n  <img decoding=\"async\" class=\"rsImg\" src=\"https:\/\/berndfischer.com\/en\/wp-content\/uploads\/sites\/3\/2017\/11\/GT-Polizei-Hessen-Slider05-700x438.jpg\" alt=\"GT-Polizei-Hessen-Slider05\"\/>\n  \n  \n  \n<\/div>\n<div class=\"rsContent\">\n  <img decoding=\"async\" class=\"rsImg\" src=\"https:\/\/berndfischer.com\/en\/wp-content\/uploads\/sites\/3\/2017\/11\/GT-Polizei-Hessen-Slider06-700x438.jpg\" alt=\"GT-Polizei-Hessen-Slider06\"\/>\n  \n  \n  \n<\/div>\n<div class=\"rsContent\">\n  <img decoding=\"async\" class=\"rsImg\" src=\"https:\/\/berndfischer.com\/en\/wp-content\/uploads\/sites\/3\/2017\/11\/GT-Polizei-Hessen-Slider07-700x438.jpg\" alt=\"GT-Polizei-Hessen-Slider07\"\/>\n  \n  \n  \n<\/div>\n<div class=\"rsContent\">\n  <img decoding=\"async\" class=\"rsImg\" src=\"https:\/\/berndfischer.com\/en\/wp-content\/uploads\/sites\/3\/2017\/11\/GT-Polizei-Hessen-Slider08-700x438.jpg\" alt=\"GT-Polizei-Hessen-Slider08\"\/>\n  \n  \n  \n<\/div>\n\n<\/div>\n\n<p><em>Memorial plaque for the commemoration of police officers of the State of Hessen who lost their lives in the line of duty.\u00a0Commissioned by the Hessen State Ministry of the Interior and Sports, Wiesbaden.<\/em><\/p>\n<h3>Guidelines<\/h3>\n<p>A prominent space in the Ministry building\u2019s central entrance area was set adise specially for the honorable mention of all those police officers who have died serving the State of Hessen.<br \/>\nThe text and names were provided and specified by the Hessen State Ministry of the Interior and Sports.<\/p>\n<h3>Definition of task<\/h3>\n<p>The task was to find a meaningful design in terms of shape and materials to appropriately visualize the remembrance of those who have perished in the line of duty.<\/p>\n<h3>Design<\/h3>\n<p>Anodized and polished aluminum panel, raised and incused engraving.<br \/>\nThe police officers\u2019 names are engraved into bars emanating outward from the stripes of the State of Hessen coat of arms with its lion. Inseparably linked to the shape of the Hessen emblem, the bars bearing the names reach out into the surrounding wall. A refined aluminum panel, milled to create a relief and indent effect, enduringly keeps alive the memory of the police officers who have lost their lives in the course of duty for the State of Hessen.<\/p>\n<h3><\/h3>\n<p>Height 69.5 cm x width 176 cm x thickness 3 cm<br \/>\nExecution: Schoder GmbH, Langen<br \/>\nPeriod of project: March through November 2014<\/p>\n<div id=\"attachment_4943\" style=\"width: 710px\" class=\"wp-caption alignleft\"><a href=\"https:\/\/berndfischer.com\/en\/wp-content\/uploads\/sites\/3\/2017\/11\/Einweihung_01.jpg\"><img loading=\"lazy\" decoding=\"async\" aria-describedby=\"caption-attachment-4943\" class=\"wp-image-4943 size-full\" src=\"https:\/\/berndfischer.com\/en\/wp-content\/uploads\/sites\/3\/2017\/11\/Einweihung_01.jpg\" alt=\"Einweihungsfeier, 2. November 2017; von links: Innenminister Peter Beuth, Landespolizeipr\u00e4sident Udo M\u00fcnch \u00a9 VG-Bild-Kunst\" width=\"700\" height=\"394\" srcset=\"https:\/\/berndfischer.com\/en\/wp-content\/uploads\/sites\/3\/2017\/11\/Einweihung_01.jpg 700w, https:\/\/berndfischer.com\/en\/wp-content\/uploads\/sites\/3\/2017\/11\/Einweihung_01-335x189.jpg 335w\" sizes=\"auto, (max-width: 700px) 100vw, 700px\" \/><\/a><p id=\"caption-attachment-4943\" class=\"wp-caption-text\">Einweihungsfeier, 2. November 2017; von links: Innenminister Peter Beuth, Landespolizeipr\u00e4sident Udo M\u00fcnch \u00a9 VG-Bild-Kunst<\/p><\/div>\n<div id=\"attachment_4944\" style=\"width: 710px\" class=\"wp-caption alignleft\"><a href=\"https:\/\/berndfischer.com\/en\/wp-content\/uploads\/sites\/3\/2017\/11\/Einweihung_02.jpg\"><img loading=\"lazy\" decoding=\"async\" aria-describedby=\"caption-attachment-4944\" class=\"wp-image-4944 size-full\" src=\"https:\/\/berndfischer.com\/en\/wp-content\/uploads\/sites\/3\/2017\/11\/Einweihung_02.jpg\" alt=\"Einweihungsfeier, 2. November 2017; von links: Frank Eichh\u00f6fer mit Polizeivizepr\u00e4sident Volker Pfeiffer, Eheleute Schwalm im Gespr\u00e4ch mit Pastoralreferent Joachim Michalik\" width=\"700\" height=\"394\" srcset=\"https:\/\/berndfischer.com\/en\/wp-content\/uploads\/sites\/3\/2017\/11\/Einweihung_02.jpg 700w, https:\/\/berndfischer.com\/en\/wp-content\/uploads\/sites\/3\/2017\/11\/Einweihung_02-335x189.jpg 335w\" sizes=\"auto, (max-width: 700px) 100vw, 700px\" \/><\/a><p id=\"caption-attachment-4944\" class=\"wp-caption-text\">Einweihungsfeier, 2. November 2017; von links: Frank Eichh\u00f6fer mit Polizeivizepr\u00e4sident Volker Pfeiffer, Eheleute Schwalm im Gespr\u00e4ch mit Pastoralreferent Joachim Michalik<\/p><\/div>\n<div id=\"attachment_4945\" style=\"width: 710px\" class=\"wp-caption alignleft\"><img loading=\"lazy\" decoding=\"async\" aria-describedby=\"caption-attachment-4945\" class=\"wp-image-4945 size-full\" src=\"https:\/\/berndfischer.com\/en\/wp-content\/uploads\/sites\/3\/2017\/11\/Einweihung_03.jpg\" alt=\"Einweihungsfeier, 2. November 2017; Pr\u00e4sident Karl Heinz Reinst\u00e4dt (re) im Gespr\u00e4ch.\" width=\"700\" height=\"394\" srcset=\"https:\/\/berndfischer.com\/en\/wp-content\/uploads\/sites\/3\/2017\/11\/Einweihung_03.jpg 700w, https:\/\/berndfischer.com\/en\/wp-content\/uploads\/sites\/3\/2017\/11\/Einweihung_03-335x189.jpg 335w\" sizes=\"auto, (max-width: 700px) 100vw, 700px\" \/><p id=\"caption-attachment-4945\" class=\"wp-caption-text\">Einweihungsfeier, 2. November 2017; Pr\u00e4sident Karl Heinz Reinst\u00e4dt (re) im Gespr\u00e4ch.<\/p><\/div>\n","protected":false},"excerpt":{"rendered":"<p>In memory of the officers of the Hessen State Police Force killed in the line of duty Memorial plaque for the commemoration of police officers of the State of Hessen &#8230;<\/p>\n","protected":false},"author":1,"featured_media":4950,"parent":43,"menu_order":244,"comment_status":"closed","ping_status":"closed","template":"page-ohne-headline.php","meta":{"_acf_changed":false,"footnotes":""},"class_list":["post-4933","page","type-page","status-publish","has-post-thumbnail","hentry"],"acf":[],"yoast_head":"<!-- This site is optimized with the Yoast SEO plugin v26.9 - https:\/\/yoast.com\/product\/yoast-seo-wordpress\/ -->\n<title>Polizei Hessen, Memorial plaque - Bernd Fischer EN<\/title>\n<meta name=\"robots\" content=\"index, follow, max-snippet:-1, max-image-preview:large, max-video-preview:-1\" \/>\n<link rel=\"canonical\" href=\"https:\/\/berndfischer.com\/en\/commissioned-works\/commemorative-plaques\/polizei-hessen-memorial-plaque\/\" \/>\n<meta property=\"og:locale\" content=\"en_GB\" \/>\n<meta property=\"og:type\" content=\"article\" \/>\n<meta property=\"og:title\" content=\"Polizei Hessen, Memorial plaque - Bernd Fischer EN\" \/>\n<meta property=\"og:description\" content=\"In memory of the officers of the Hessen State Police Force killed in the line of duty Memorial plaque for the commemoration of police officers of the State of Hessen ...\" \/>\n<meta property=\"og:url\" content=\"https:\/\/berndfischer.com\/en\/commissioned-works\/commemorative-plaques\/polizei-hessen-memorial-plaque\/\" \/>\n<meta property=\"og:site_name\" content=\"Bernd Fischer EN\" \/>\n<meta property=\"article:modified_time\" content=\"2019-01-23T10:38:40+00:00\" \/>\n<meta property=\"og:image\" content=\"https:\/\/berndfischer.com\/en\/wp-content\/uploads\/sites\/3\/2017\/11\/Thumb-Polizei-Hessen.jpg\" \/>\n\t<meta property=\"og:image:width\" content=\"200\" \/>\n\t<meta property=\"og:image:height\" content=\"200\" \/>\n\t<meta property=\"og:image:type\" content=\"image\/jpeg\" \/>\n<meta name=\"twitter:card\" content=\"summary_large_image\" \/>\n<meta name=\"twitter:label1\" content=\"Estimated reading time\" \/>\n\t<meta name=\"twitter:data1\" content=\"2 minutes\" \/>\n<script type=\"application\/ld+json\" class=\"yoast-schema-graph\">{\"@context\":\"https:\/\/schema.org\",\"@graph\":[{\"@type\":\"WebPage\",\"@id\":\"https:\/\/berndfischer.com\/en\/commissioned-works\/commemorative-plaques\/polizei-hessen-memorial-plaque\/\",\"url\":\"https:\/\/berndfischer.com\/en\/commissioned-works\/commemorative-plaques\/polizei-hessen-memorial-plaque\/\",\"name\":\"Polizei Hessen, Memorial plaque - Bernd Fischer EN\",\"isPartOf\":{\"@id\":\"https:\/\/berndfischer.com\/en\/#website\"},\"primaryImageOfPage\":{\"@id\":\"https:\/\/berndfischer.com\/en\/commissioned-works\/commemorative-plaques\/polizei-hessen-memorial-plaque\/#primaryimage\"},\"image\":{\"@id\":\"https:\/\/berndfischer.com\/en\/commissioned-works\/commemorative-plaques\/polizei-hessen-memorial-plaque\/#primaryimage\"},\"thumbnailUrl\":\"https:\/\/berndfischer.com\/en\/wp-content\/uploads\/sites\/3\/2017\/11\/Thumb-Polizei-Hessen.jpg\",\"datePublished\":\"2017-11-15T09:26:29+00:00\",\"dateModified\":\"2019-01-23T10:38:40+00:00\",\"breadcrumb\":{\"@id\":\"https:\/\/berndfischer.com\/en\/commissioned-works\/commemorative-plaques\/polizei-hessen-memorial-plaque\/#breadcrumb\"},\"inLanguage\":\"en-GB\",\"potentialAction\":[{\"@type\":\"ReadAction\",\"target\":[\"https:\/\/berndfischer.com\/en\/commissioned-works\/commemorative-plaques\/polizei-hessen-memorial-plaque\/\"]}]},{\"@type\":\"ImageObject\",\"inLanguage\":\"en-GB\",\"@id\":\"https:\/\/berndfischer.com\/en\/commissioned-works\/commemorative-plaques\/polizei-hessen-memorial-plaque\/#primaryimage\",\"url\":\"https:\/\/berndfischer.com\/en\/wp-content\/uploads\/sites\/3\/2017\/11\/Thumb-Polizei-Hessen.jpg\",\"contentUrl\":\"https:\/\/berndfischer.com\/en\/wp-content\/uploads\/sites\/3\/2017\/11\/Thumb-Polizei-Hessen.jpg\",\"width\":200,\"height\":200,\"caption\":\"Memorial plaque for the commemoration of police officers\"},{\"@type\":\"BreadcrumbList\",\"@id\":\"https:\/\/berndfischer.com\/en\/commissioned-works\/commemorative-plaques\/polizei-hessen-memorial-plaque\/#breadcrumb\",\"itemListElement\":[{\"@type\":\"ListItem\",\"position\":1,\"name\":\"Home\",\"item\":\"https:\/\/berndfischer.com\/en\/\"},{\"@type\":\"ListItem\",\"position\":2,\"name\":\"Commissioned works\",\"item\":\"https:\/\/berndfischer.com\/en\/commissioned-works\/\"},{\"@type\":\"ListItem\",\"position\":3,\"name\":\"Commemorative plaques\",\"item\":\"https:\/\/berndfischer.com\/en\/commissioned-works\/commemorative-plaques\/\"},{\"@type\":\"ListItem\",\"position\":4,\"name\":\"Polizei Hessen, Memorial plaque\"}]},{\"@type\":\"WebSite\",\"@id\":\"https:\/\/berndfischer.com\/en\/#website\",\"url\":\"https:\/\/berndfischer.com\/en\/\",\"name\":\"Bernd Fischer EN\",\"description\":\"Painted and printed colour\",\"potentialAction\":[{\"@type\":\"SearchAction\",\"target\":{\"@type\":\"EntryPoint\",\"urlTemplate\":\"https:\/\/berndfischer.com\/en\/?s={search_term_string}\"},\"query-input\":{\"@type\":\"PropertyValueSpecification\",\"valueRequired\":true,\"valueName\":\"search_term_string\"}}],\"inLanguage\":\"en-GB\"}]}<\/script>\n<!-- \/ Yoast SEO plugin. -->","yoast_head_json":{"title":"Polizei Hessen, Memorial plaque - Bernd Fischer EN","robots":{"index":"index","follow":"follow","max-snippet":"max-snippet:-1","max-image-preview":"max-image-preview:large","max-video-preview":"max-video-preview:-1"},"canonical":"https:\/\/berndfischer.com\/en\/commissioned-works\/commemorative-plaques\/polizei-hessen-memorial-plaque\/","og_locale":"en_GB","og_type":"article","og_title":"Polizei Hessen, Memorial plaque - Bernd Fischer EN","og_description":"In memory of the officers of the Hessen State Police Force killed in the line of duty Memorial plaque for the commemoration of police officers of the State of Hessen ...","og_url":"https:\/\/berndfischer.com\/en\/commissioned-works\/commemorative-plaques\/polizei-hessen-memorial-plaque\/","og_site_name":"Bernd Fischer EN","article_modified_time":"2019-01-23T10:38:40+00:00","og_image":[{"width":200,"height":200,"url":"https:\/\/berndfischer.com\/en\/wp-content\/uploads\/sites\/3\/2017\/11\/Thumb-Polizei-Hessen.jpg","type":"image\/jpeg"}],"twitter_card":"summary_large_image","twitter_misc":{"Estimated reading time":"2 minutes"},"schema":{"@context":"https:\/\/schema.org","@graph":[{"@type":"WebPage","@id":"https:\/\/berndfischer.com\/en\/commissioned-works\/commemorative-plaques\/polizei-hessen-memorial-plaque\/","url":"https:\/\/berndfischer.com\/en\/commissioned-works\/commemorative-plaques\/polizei-hessen-memorial-plaque\/","name":"Polizei Hessen, Memorial plaque - Bernd Fischer EN","isPartOf":{"@id":"https:\/\/berndfischer.com\/en\/#website"},"primaryImageOfPage":{"@id":"https:\/\/berndfischer.com\/en\/commissioned-works\/commemorative-plaques\/polizei-hessen-memorial-plaque\/#primaryimage"},"image":{"@id":"https:\/\/berndfischer.com\/en\/commissioned-works\/commemorative-plaques\/polizei-hessen-memorial-plaque\/#primaryimage"},"thumbnailUrl":"https:\/\/berndfischer.com\/en\/wp-content\/uploads\/sites\/3\/2017\/11\/Thumb-Polizei-Hessen.jpg","datePublished":"2017-11-15T09:26:29+00:00","dateModified":"2019-01-23T10:38:40+00:00","breadcrumb":{"@id":"https:\/\/berndfischer.com\/en\/commissioned-works\/commemorative-plaques\/polizei-hessen-memorial-plaque\/#breadcrumb"},"inLanguage":"en-GB","potentialAction":[{"@type":"ReadAction","target":["https:\/\/berndfischer.com\/en\/commissioned-works\/commemorative-plaques\/polizei-hessen-memorial-plaque\/"]}]},{"@type":"ImageObject","inLanguage":"en-GB","@id":"https:\/\/berndfischer.com\/en\/commissioned-works\/commemorative-plaques\/polizei-hessen-memorial-plaque\/#primaryimage","url":"https:\/\/berndfischer.com\/en\/wp-content\/uploads\/sites\/3\/2017\/11\/Thumb-Polizei-Hessen.jpg","contentUrl":"https:\/\/berndfischer.com\/en\/wp-content\/uploads\/sites\/3\/2017\/11\/Thumb-Polizei-Hessen.jpg","width":200,"height":200,"caption":"Memorial plaque for the commemoration of police officers"},{"@type":"BreadcrumbList","@id":"https:\/\/berndfischer.com\/en\/commissioned-works\/commemorative-plaques\/polizei-hessen-memorial-plaque\/#breadcrumb","itemListElement":[{"@type":"ListItem","position":1,"name":"Home","item":"https:\/\/berndfischer.com\/en\/"},{"@type":"ListItem","position":2,"name":"Commissioned works","item":"https:\/\/berndfischer.com\/en\/commissioned-works\/"},{"@type":"ListItem","position":3,"name":"Commemorative plaques","item":"https:\/\/berndfischer.com\/en\/commissioned-works\/commemorative-plaques\/"},{"@type":"ListItem","position":4,"name":"Polizei Hessen, Memorial plaque"}]},{"@type":"WebSite","@id":"https:\/\/berndfischer.com\/en\/#website","url":"https:\/\/berndfischer.com\/en\/","name":"Bernd Fischer EN","description":"Painted and printed colour","potentialAction":[{"@type":"SearchAction","target":{"@type":"EntryPoint","urlTemplate":"https:\/\/berndfischer.com\/en\/?s={search_term_string}"},"query-input":{"@type":"PropertyValueSpecification","valueRequired":true,"valueName":"search_term_string"}}],"inLanguage":"en-GB"}]}},"_links":{"self":[{"href":"https:\/\/berndfischer.com\/en\/wp-json\/wp\/v2\/pages\/4933","targetHints":{"allow":["GET"]}}],"collection":[{"href":"https:\/\/berndfischer.com\/en\/wp-json\/wp\/v2\/pages"}],"about":[{"href":"https:\/\/berndfischer.com\/en\/wp-json\/wp\/v2\/types\/page"}],"author":[{"embeddable":true,"href":"https:\/\/berndfischer.com\/en\/wp-json\/wp\/v2\/users\/1"}],"replies":[{"embeddable":true,"href":"https:\/\/berndfischer.com\/en\/wp-json\/wp\/v2\/comments?post=4933"}],"version-history":[{"count":9,"href":"https:\/\/berndfischer.com\/en\/wp-json\/wp\/v2\/pages\/4933\/revisions"}],"predecessor-version":[{"id":5088,"href":"https:\/\/berndfischer.com\/en\/wp-json\/wp\/v2\/pages\/4933\/revisions\/5088"}],"up":[{"embeddable":true,"href":"https:\/\/berndfischer.com\/en\/wp-json\/wp\/v2\/pages\/43"}],"wp:featuredmedia":[{"embeddable":true,"href":"https:\/\/berndfischer.com\/en\/wp-json\/wp\/v2\/media\/4950"}],"wp:attachment":[{"href":"https:\/\/berndfischer.com\/en\/wp-json\/wp\/v2\/media?parent=4933"}],"curies":[{"name":"wp","href":"https:\/\/api.w.org\/{rel}","templated":true}]}}