{"id":5101,"date":"2019-01-23T11:38:14","date_gmt":"2019-01-23T10:38:14","guid":{"rendered":"https:\/\/berndfischer.com\/en\/commissioned-works\/commemorative-plaques\/polizei-hessen-memorial-plaque-copy\/"},"modified":"2019-01-23T12:24:33","modified_gmt":"2019-01-23T11:24:33","slug":"gedenkstatte-arbeitserziehungslager-heddernheim","status":"publish","type":"page","link":"https:\/\/berndfischer.com\/en\/commissioned-works\/commemorative-plaques\/gedenkstatte-arbeitserziehungslager-heddernheim\/","title":{"rendered":"Gedenkst\u00e4tte \u201eArbeitserziehungslager\u201c Heddernheim"},"content":{"rendered":"<h1>Gedenkst\u00e4tte \u201eArbeitserziehungslager\u201c Heddernheim<\/h1>\n<div style=\"width: 700px;\" class=\"wp-video\"><video class=\"wp-video-shortcode\" id=\"video-5101-1\" width=\"700\" height=\"393\" preload=\"metadata\" controls=\"controls\"><source type=\"video\/mp4\" src=\"https:\/\/berndfischer.com\/wp-content\/uploads\/2019\/01\/Gedenkstaette-Heddernheim.mp4?_=1\" \/><a href=\"https:\/\/berndfischer.com\/wp-content\/uploads\/2019\/01\/Gedenkstaette-Heddernheim.mp4\">https:\/\/berndfischer.com\/wp-content\/uploads\/2019\/01\/Gedenkstaette-Heddernheim.mp4<\/a><\/video><\/div>\n<p><em>Buber-Neumann-Weg \/ Ludwig-Reinheimer-Stra\u00dfe, Frankfurt am Main<\/em><\/p>\n<p>Textlaufger\u00e4t in einzeiliger Ausf\u00fchrung<br \/>\nGeh\u00e4use: Aluminium, schwarz lackiert, frontseitig mit Acrylglasabdeckung<br \/>\nH\u00f6he 16 cm x Breite 330 cm x Tiefe 10 cm<br \/>\nSchriftfeld: L\u00e4nge 315 cm, Zeichenh\u00f6he 7 cm<br \/>\nLED: Leuchtfarbe: Rot, St\u00e4rke 0,5 cm<\/p>\n<h3>Vorgabe und Aufgabenstellung<\/h3>\n<p>Zur Information \u00fcber das \u201eArbeitserziehungslager\u201c Heddernheim (1942\u22121945) sollte auf einem kleinen Teil des ehemaligen Lagergel\u00e4ndes eine neue Gedenksituation hergestellt werden.<\/p>\n<p>Das mitten in einem Wohngebiet gelegene Gel\u00e4nde hat mehrere Sitzm\u00f6glichkeiten, die neu angelegten Gr\u00fcnfl\u00e4chen und eine gro\u00dfz\u00fcgige Treppenanlage entsprechen einem Platz, an dem man verweilen und sich ausruhen kann. \u201eUnter\u201c dieser neu gestalteten Anlage liegt ein kleiner Teil des historischen Lagerbodens. Der andere Teil des ehemaligen Lagergel\u00e4ndes ist heute ununterscheidbar von der \u00fcbrigen Bebauung in dem Stadtteil aufgegangen.<\/p>\n<p>Die Gestaltung musste sich in die gegenw\u00e4rtige Platznutzung einf\u00fcgen und \u00fcber die Menschenrechtsverbrechen, die auf dem Platz einst begangen worden waren, informieren.<br \/>\nZur Aufgabe geh\u00f6rte es au\u00dferdem, den f\u00fcr eine Gedenktafel relativ umfangreichen Text so zu gestalten, dass die Besucher zum Lesen angeregt werden.<\/p>\n<h3>Gestaltung<\/h3>\n<p>Bernd Fischers Vorschlag war es, den Informationstext in dem einzigen, historisch erhaltenen Raum zu platzieren. Dieser wird im Volksmund \u201eBunker\u201c genannt. In diesem Gew\u00f6lbe soll das Lagergef\u00e4ngnis gewesen sein.<br \/>\nDie sehr d\u00fcstere Anmutung des \u201eBunkers\u201c erscheint wie eine Analogie des an diesem Ort Geschehenen.<br \/>\nDas Konzept, die sinnlich komplement\u00e4re Wirkung einer LED-Textlaufanzeige dem in mehrfacher Hinsicht dunklen Raum entgegenzusetzen, wurde realisiert.<\/p>\n<div id=\"attachment_5253\" style=\"width: 710px\" class=\"wp-caption alignleft\"><a href=\"https:\/\/berndfischer.com\/wp-content\/uploads\/2019\/01\/Einblick_Gedaekstaette-heddernheim.jpg\"><img loading=\"lazy\" decoding=\"async\" aria-describedby=\"caption-attachment-5253\" class=\"size-large wp-image-5253\" src=\"https:\/\/berndfischer.com\/wp-content\/uploads\/2019\/01\/Einblick_Gedaekstaette-heddernheim-700x394.jpg\" alt=\"Einblicke in die Gedenkst\u00e4tte Heddernheim\" width=\"700\" height=\"394\" \/><\/a><p id=\"caption-attachment-5253\" class=\"wp-caption-text\">Einblicke in die Gedenkst\u00e4tte Heddernheim<\/p><\/div>\n<p>Heute schauen die lesenden Besucher von au\u00dfen in den mit Gitterst\u00e4ben verschlossenen Bunker hinein. Sie sehen eine aus der schmutzigen Backsteinwand heraustretende Leuchtschrift, die das ehemalige Lager und die verbrecherischen Taten der Nationalsozialisten sachlich beschreibt. Hell leuchtend quert der aufkl\u00e4rerische Text in stetiger Bewegung den d\u00fcsteren Raum einstigen Leidens.<br \/>\nObwohl das installierte Textlaufger\u00e4t wie viele Werbe- und Informationsanzeigen aussieht, entfaltet es in diesem Ort und in dieser Funktion eine ganz andere Wirkung.<br \/>\nDas unerwartete Leuchten aus der Finsternis, die laufende Bewegung der Schrift machen neugierig und regen zum Lesen an.<\/p>\n<p>Zu Fischers Konzeption geh\u00f6rte, dass weitere Informationen im Internet zum einfachen Abrufen bereitgestellt werden. Ein an der Gedenkst\u00e4tte angebrachter QR-Code f\u00fchrt heute direkt auf die vom Institut f\u00fcr Stadtgeschichte ver\u00f6ffentlichten und betreuten Internetseiten zum Arbeitserziehungslager Heddernheim.<br \/>\nAu\u00dferdem regte Bernd Fischer an, dass eine Online-Weg-F\u00fchrung zu dem etwas versteckt gelegenen Areal im Internet bereitgestellt wird und zur Navigation aufgerufen werden kann.<\/p>\n<h3>Der Text<\/h3>\n<p style=\"padding-left: 30px;\">In der Zeit des Nationalsozialismus bestand im Frankfurter Stadtteil Heddernheim von April 1942 bis M\u00e4rz 1945 ein von der Geheimen Staatspolizei gef\u00fchrtes \u201eArbeitserziehungslager\u201c. Insgesamt etwa zehntausend Personen, fast ausschlie\u00dflich M\u00e4nner, waren hier interniert. Sie stammten \u00fcberwiegend aus den von der deutschen Wehrmacht besetzten L\u00e4ndern und leisteten Zwangsarbeit in der R\u00fcstungsindustrie und anderen Industriezweigen, in Gewerbebetrieben, in der Landwirtschaft, bei der Reichsbahn oder bei der Stadtverwaltung. Gesichert ist, dass mindestens 60 Frauen als Str\u00e4flinge in diesem Lager waren.<br \/>\nOffizielle Gr\u00fcnde f\u00fcr die Einweisung waren h\u00e4ufig angebliche Nichterf\u00fcllung der Arbeitspflicht und Verst\u00f6\u00dfe gegen erniedrigende Vorschriften, denen insbesondere Zwangsarbeiter aus Osteuropa unterworfen waren. Oft vollzog die Gestapo die Einweisung aufgrund einer Denunziation. Zu den Gefangenen z\u00e4hlten auch Deutsche, darunter Juden, Insassen des Polizeigef\u00e4ngnisses, Regimegegner sowie unangepasste Jugendliche.<\/p>\n<p style=\"padding-left: 30px;\">Ein Appellplatz mit Wachturm sowie ein sogenannter Bunker dienten der Bewachung, Einsch\u00fcchterung und Bestrafung. Drei Baracken, f\u00fcr 180 Personen geplant, waren zeitweilig mit \u00fcber 400 Gefangenen belegt. Sie mussten in Str\u00e4flingskleidung wochen- und monatelang bei unzureichender Ern\u00e4hrung Schwerstarbeit leisten, meist au\u00dferhalb des Lagers f\u00fcr verschiedene Firmen.<\/p>\n<p style=\"padding-left: 30px;\">In Anspielung auf eine ber\u00fcchtigte franz\u00f6sische Strafkolonie hie\u00df das Lager bei der Bev\u00f6lkerung \u201eCayenne\u201c. Tats\u00e4chlich aber herrschten hier einem Konzentrationslager \u00e4hnliche Lebensumst\u00e4nde. Fesselung und brutale Misshandlungen waren an der Tagesordnung, und mancher der H\u00e4ftlinge hat die Tortur der \u201eStraferziehung\u201c nicht \u00fcberlebt. Auch fanden im Lager mehrfach Hinrichtungen statt. Viele Insassen wurden vom Arbeitserziehungslager schlie\u00dflich in ein Konzentrationslager deportiert.<br \/>\nIm M\u00e4rz 1945 zwang man die H\u00e4ftlinge auf einen Evakuierungsmarsch in Richtung des Konzentrationslagers Buchenwald, der bis zum Vogelsberg gelangte. Der Sieg der Alliierten \u00fcber das \u201eDritte Reich\u201c beendete dieses grausame Kapitel nationalsozialistischer Herrschaft auf dem Boden der Stadt Frankfurt am Main.\u00a0<em>(Textlaufger\u00e4t, Stand: 11.2018)<\/em><\/p>\n\n\t\t<style type=\"text\/css\">\n\t\t\t#gallery-1 {\n\t\t\t\tmargin: auto;\n\t\t\t}\n\t\t\t#gallery-1 .gallery-item {\n\t\t\t\tfloat: left;\n\t\t\t\tmargin-top: 10px;\n\t\t\t\ttext-align: center;\n\t\t\t\twidth: 50%;\n\t\t\t}\n\t\t\t#gallery-1 img {\n\t\t\t\tborder: 2px solid #cfcfcf;\n\t\t\t}\n\t\t\t#gallery-1 .gallery-caption {\n\t\t\t\tmargin-left: 0;\n\t\t\t}\n\t\t\t\/* see gallery_shortcode() in wp-includes\/media.php *\/\n\t\t<\/style>\n\t\t<div id='gallery-1' class='gallery galleryid-5101 gallery-columns-2 gallery-size-medium'><dl class='gallery-item'>\n\t\t\t<dt class='gallery-icon landscape'>\n\t\t\t\t<a href='https:\/\/berndfischer.com\/en\/wp-content\/uploads\/sites\/3\/2019\/01\/Gedaekstaette-heddernheim-02.jpg'><img loading=\"lazy\" decoding=\"async\" width=\"335\" height=\"188\" src=\"https:\/\/berndfischer.com\/en\/wp-content\/uploads\/sites\/3\/2019\/01\/Gedaekstaette-heddernheim-02-335x188.jpg\" class=\"attachment-medium size-medium\" alt=\"\" srcset=\"https:\/\/berndfischer.com\/en\/wp-content\/uploads\/sites\/3\/2019\/01\/Gedaekstaette-heddernheim-02-335x188.jpg 335w, https:\/\/berndfischer.com\/en\/wp-content\/uploads\/sites\/3\/2019\/01\/Gedaekstaette-heddernheim-02-768x432.jpg 768w, https:\/\/berndfischer.com\/en\/wp-content\/uploads\/sites\/3\/2019\/01\/Gedaekstaette-heddernheim-02-700x394.jpg 700w, https:\/\/berndfischer.com\/en\/wp-content\/uploads\/sites\/3\/2019\/01\/Gedaekstaette-heddernheim-02.jpg 1200w\" sizes=\"auto, (max-width: 335px) 100vw, 335px\" data-copyright=\"\" data-headline=\"Gedaekstaette heddernheim 02\" data-description=\"\" \/><\/a>\n\t\t\t<\/dt><\/dl><dl class='gallery-item'>\n\t\t\t<dt class='gallery-icon landscape'>\n\t\t\t\t<a href='https:\/\/berndfischer.com\/en\/wp-content\/uploads\/sites\/3\/2019\/01\/Gedaekstaette-Heddernheim-03.jpg'><img loading=\"lazy\" decoding=\"async\" width=\"335\" height=\"188\" src=\"https:\/\/berndfischer.com\/en\/wp-content\/uploads\/sites\/3\/2019\/01\/Gedaekstaette-Heddernheim-03-335x188.jpg\" class=\"attachment-medium size-medium\" alt=\"\" srcset=\"https:\/\/berndfischer.com\/en\/wp-content\/uploads\/sites\/3\/2019\/01\/Gedaekstaette-Heddernheim-03-335x188.jpg 335w, https:\/\/berndfischer.com\/en\/wp-content\/uploads\/sites\/3\/2019\/01\/Gedaekstaette-Heddernheim-03-768x432.jpg 768w, https:\/\/berndfischer.com\/en\/wp-content\/uploads\/sites\/3\/2019\/01\/Gedaekstaette-Heddernheim-03-700x394.jpg 700w, https:\/\/berndfischer.com\/en\/wp-content\/uploads\/sites\/3\/2019\/01\/Gedaekstaette-Heddernheim-03.jpg 1200w\" sizes=\"auto, (max-width: 335px) 100vw, 335px\" data-copyright=\"\" data-headline=\"Gedaekstaette Heddernheim 03\" data-description=\"\" \/><\/a>\n\t\t\t<\/dt><\/dl><br style=\"clear: both\" \/><dl class='gallery-item'>\n\t\t\t<dt class='gallery-icon landscape'>\n\t\t\t\t<a href='https:\/\/berndfischer.com\/en\/wp-content\/uploads\/sites\/3\/2019\/01\/Gedaekstaette-Heddernheim-04.jpg'><img loading=\"lazy\" decoding=\"async\" width=\"335\" height=\"188\" src=\"https:\/\/berndfischer.com\/en\/wp-content\/uploads\/sites\/3\/2019\/01\/Gedaekstaette-Heddernheim-04-335x188.jpg\" class=\"attachment-medium size-medium\" alt=\"\" srcset=\"https:\/\/berndfischer.com\/en\/wp-content\/uploads\/sites\/3\/2019\/01\/Gedaekstaette-Heddernheim-04-335x188.jpg 335w, https:\/\/berndfischer.com\/en\/wp-content\/uploads\/sites\/3\/2019\/01\/Gedaekstaette-Heddernheim-04-768x432.jpg 768w, https:\/\/berndfischer.com\/en\/wp-content\/uploads\/sites\/3\/2019\/01\/Gedaekstaette-Heddernheim-04-700x394.jpg 700w, https:\/\/berndfischer.com\/en\/wp-content\/uploads\/sites\/3\/2019\/01\/Gedaekstaette-Heddernheim-04.jpg 1200w\" sizes=\"auto, (max-width: 335px) 100vw, 335px\" data-copyright=\"\" data-headline=\"Gedaekstaette Heddernheim 04\" data-description=\"\" \/><\/a>\n\t\t\t<\/dt><\/dl><dl class='gallery-item'>\n\t\t\t<dt class='gallery-icon landscape'>\n\t\t\t\t<a href='https:\/\/berndfischer.com\/en\/wp-content\/uploads\/sites\/3\/2019\/01\/Gedaekstaette-Heddernheim-05.jpg'><img loading=\"lazy\" decoding=\"async\" width=\"335\" height=\"188\" src=\"https:\/\/berndfischer.com\/en\/wp-content\/uploads\/sites\/3\/2019\/01\/Gedaekstaette-Heddernheim-05-335x188.jpg\" class=\"attachment-medium size-medium\" alt=\"\" srcset=\"https:\/\/berndfischer.com\/en\/wp-content\/uploads\/sites\/3\/2019\/01\/Gedaekstaette-Heddernheim-05-335x188.jpg 335w, https:\/\/berndfischer.com\/en\/wp-content\/uploads\/sites\/3\/2019\/01\/Gedaekstaette-Heddernheim-05-768x432.jpg 768w, https:\/\/berndfischer.com\/en\/wp-content\/uploads\/sites\/3\/2019\/01\/Gedaekstaette-Heddernheim-05-700x394.jpg 700w, https:\/\/berndfischer.com\/en\/wp-content\/uploads\/sites\/3\/2019\/01\/Gedaekstaette-Heddernheim-05.jpg 1200w\" sizes=\"auto, (max-width: 335px) 100vw, 335px\" data-copyright=\"\" data-headline=\"Gedaekstaette Heddernheim 05\" data-description=\"\" \/><\/a>\n\t\t\t<\/dt><\/dl><br style=\"clear: both\" \/>\n\t\t<\/div>\n\n<p>Auftraggeber: Kulturamt, Stadt Frankfurt am Main<br \/>\nGestaltungskonzeption: Bernd Fischer<br \/>\nText der LED-Anzeige und Internetseite: Institut f\u00fcr Stadtgeschichte, Stadt Frankfurt am Main<br \/>\nProjektsteuerung: Kulturamt Frankfurt am Main<br \/>\nAusf\u00fchrung der LED-Anzeige: Neon Zentgraf Lichtwerbung GmbH, Frankfurt am Main<br \/>\nProjektlaufzeit: Auftragserteilung 2012\/13, Fertigstellung 2016, Einweihung: 2018<\/p>\n<p><a href=\"https:\/\/berndfischer.com\/wp-content\/uploads\/2019\/01\/Bernd-Fischer_Gedenkstelen-Heddernheim.pdf\" target=\"_blank\" rel=\"noopener\">\u00bb Die nicht realisierten Gedenkstelen f\u00fcr die AEL-Gedenkst\u00e4tte in Heddernheim<\/a><\/p>\n","protected":false},"excerpt":{"rendered":"<p>Gedenkst\u00e4tte \u201eArbeitserziehungslager\u201c Heddernheim Buber-Neumann-Weg \/ Ludwig-Reinheimer-Stra\u00dfe, Frankfurt am Main Textlaufger\u00e4t in einzeiliger Ausf\u00fchrung Geh\u00e4use: Aluminium, schwarz lackiert, frontseitig mit Acrylglasabdeckung H\u00f6he 16 cm x Breite 330 cm x Tiefe 10 &#8230;<\/p>\n","protected":false},"author":1,"featured_media":5103,"parent":43,"menu_order":243,"comment_status":"closed","ping_status":"closed","template":"page-ohne-headline.php","meta":{"_acf_changed":false,"footnotes":""},"class_list":["post-5101","page","type-page","status-publish","has-post-thumbnail","hentry"],"acf":[],"yoast_head":"<!-- This site is optimized with the Yoast SEO plugin v27.5 - https:\/\/yoast.com\/product\/yoast-seo-wordpress\/ -->\n<title>Gedenkst\u00e4tte \u201eArbeitserziehungslager\u201c Heddernheim - Bernd Fischer EN<\/title>\n<meta name=\"robots\" content=\"index, follow, max-snippet:-1, max-image-preview:large, max-video-preview:-1\" \/>\n<link rel=\"canonical\" href=\"https:\/\/berndfischer.com\/en\/commissioned-works\/commemorative-plaques\/gedenkstatte-arbeitserziehungslager-heddernheim\/\" \/>\n<meta property=\"og:locale\" content=\"en_GB\" \/>\n<meta property=\"og:type\" content=\"article\" \/>\n<meta property=\"og:title\" content=\"Gedenkst\u00e4tte \u201eArbeitserziehungslager\u201c Heddernheim - Bernd Fischer EN\" \/>\n<meta property=\"og:description\" content=\"Gedenkst\u00e4tte \u201eArbeitserziehungslager\u201c Heddernheim Buber-Neumann-Weg \/ Ludwig-Reinheimer-Stra\u00dfe, Frankfurt am Main Textlaufger\u00e4t in einzeiliger Ausf\u00fchrung Geh\u00e4use: Aluminium, schwarz lackiert, frontseitig mit Acrylglasabdeckung H\u00f6he 16 cm x Breite 330 cm x Tiefe 10 ...\" \/>\n<meta property=\"og:url\" content=\"https:\/\/berndfischer.com\/en\/commissioned-works\/commemorative-plaques\/gedenkstatte-arbeitserziehungslager-heddernheim\/\" \/>\n<meta property=\"og:site_name\" content=\"Bernd Fischer EN\" \/>\n<meta property=\"article:modified_time\" content=\"2019-01-23T11:24:33+00:00\" \/>\n<meta property=\"og:image\" content=\"https:\/\/berndfischer.com\/en\/wp-content\/uploads\/sites\/3\/2019\/01\/Thumb-Gedenkstaette-Heddernheim.jpg\" \/>\n\t<meta property=\"og:image:width\" content=\"200\" \/>\n\t<meta property=\"og:image:height\" content=\"200\" \/>\n\t<meta property=\"og:image:type\" content=\"image\/jpeg\" \/>\n<meta name=\"twitter:card\" content=\"summary_large_image\" \/>\n<meta name=\"twitter:label1\" content=\"Estimated reading time\" \/>\n\t<meta name=\"twitter:data1\" content=\"4 minutes\" \/>\n<script type=\"application\/ld+json\" class=\"yoast-schema-graph\">{\"@context\":\"https:\\\/\\\/schema.org\",\"@graph\":[{\"@type\":\"WebPage\",\"@id\":\"https:\\\/\\\/berndfischer.com\\\/en\\\/commissioned-works\\\/commemorative-plaques\\\/gedenkstatte-arbeitserziehungslager-heddernheim\\\/\",\"url\":\"https:\\\/\\\/berndfischer.com\\\/en\\\/commissioned-works\\\/commemorative-plaques\\\/gedenkstatte-arbeitserziehungslager-heddernheim\\\/\",\"name\":\"Gedenkst\u00e4tte \u201eArbeitserziehungslager\u201c Heddernheim - Bernd Fischer EN\",\"isPartOf\":{\"@id\":\"https:\\\/\\\/berndfischer.com\\\/en\\\/#website\"},\"primaryImageOfPage\":{\"@id\":\"https:\\\/\\\/berndfischer.com\\\/en\\\/commissioned-works\\\/commemorative-plaques\\\/gedenkstatte-arbeitserziehungslager-heddernheim\\\/#primaryimage\"},\"image\":{\"@id\":\"https:\\\/\\\/berndfischer.com\\\/en\\\/commissioned-works\\\/commemorative-plaques\\\/gedenkstatte-arbeitserziehungslager-heddernheim\\\/#primaryimage\"},\"thumbnailUrl\":\"https:\\\/\\\/berndfischer.com\\\/en\\\/wp-content\\\/uploads\\\/sites\\\/3\\\/2019\\\/01\\\/Thumb-Gedenkstaette-Heddernheim.jpg\",\"datePublished\":\"2019-01-23T10:38:14+00:00\",\"dateModified\":\"2019-01-23T11:24:33+00:00\",\"breadcrumb\":{\"@id\":\"https:\\\/\\\/berndfischer.com\\\/en\\\/commissioned-works\\\/commemorative-plaques\\\/gedenkstatte-arbeitserziehungslager-heddernheim\\\/#breadcrumb\"},\"inLanguage\":\"en-GB\",\"potentialAction\":[{\"@type\":\"ReadAction\",\"target\":[\"https:\\\/\\\/berndfischer.com\\\/en\\\/commissioned-works\\\/commemorative-plaques\\\/gedenkstatte-arbeitserziehungslager-heddernheim\\\/\"]}]},{\"@type\":\"ImageObject\",\"inLanguage\":\"en-GB\",\"@id\":\"https:\\\/\\\/berndfischer.com\\\/en\\\/commissioned-works\\\/commemorative-plaques\\\/gedenkstatte-arbeitserziehungslager-heddernheim\\\/#primaryimage\",\"url\":\"https:\\\/\\\/berndfischer.com\\\/en\\\/wp-content\\\/uploads\\\/sites\\\/3\\\/2019\\\/01\\\/Thumb-Gedenkstaette-Heddernheim.jpg\",\"contentUrl\":\"https:\\\/\\\/berndfischer.com\\\/en\\\/wp-content\\\/uploads\\\/sites\\\/3\\\/2019\\\/01\\\/Thumb-Gedenkstaette-Heddernheim.jpg\",\"width\":200,\"height\":200},{\"@type\":\"BreadcrumbList\",\"@id\":\"https:\\\/\\\/berndfischer.com\\\/en\\\/commissioned-works\\\/commemorative-plaques\\\/gedenkstatte-arbeitserziehungslager-heddernheim\\\/#breadcrumb\",\"itemListElement\":[{\"@type\":\"ListItem\",\"position\":1,\"name\":\"Home\",\"item\":\"https:\\\/\\\/berndfischer.com\\\/en\\\/\"},{\"@type\":\"ListItem\",\"position\":2,\"name\":\"Commissioned works\",\"item\":\"https:\\\/\\\/berndfischer.com\\\/en\\\/commissioned-works\\\/\"},{\"@type\":\"ListItem\",\"position\":3,\"name\":\"Commemorative plaques\",\"item\":\"https:\\\/\\\/berndfischer.com\\\/en\\\/commissioned-works\\\/commemorative-plaques\\\/\"},{\"@type\":\"ListItem\",\"position\":4,\"name\":\"Gedenkst\u00e4tte \u201eArbeitserziehungslager\u201c Heddernheim\"}]},{\"@type\":\"WebSite\",\"@id\":\"https:\\\/\\\/berndfischer.com\\\/en\\\/#website\",\"url\":\"https:\\\/\\\/berndfischer.com\\\/en\\\/\",\"name\":\"Bernd Fischer EN\",\"description\":\"Painted and printed colour\",\"potentialAction\":[{\"@type\":\"SearchAction\",\"target\":{\"@type\":\"EntryPoint\",\"urlTemplate\":\"https:\\\/\\\/berndfischer.com\\\/en\\\/?s={search_term_string}\"},\"query-input\":{\"@type\":\"PropertyValueSpecification\",\"valueRequired\":true,\"valueName\":\"search_term_string\"}}],\"inLanguage\":\"en-GB\"}]}<\/script>\n<!-- \/ Yoast SEO plugin. -->","yoast_head_json":{"title":"Gedenkst\u00e4tte \u201eArbeitserziehungslager\u201c Heddernheim - Bernd Fischer EN","robots":{"index":"index","follow":"follow","max-snippet":"max-snippet:-1","max-image-preview":"max-image-preview:large","max-video-preview":"max-video-preview:-1"},"canonical":"https:\/\/berndfischer.com\/en\/commissioned-works\/commemorative-plaques\/gedenkstatte-arbeitserziehungslager-heddernheim\/","og_locale":"en_GB","og_type":"article","og_title":"Gedenkst\u00e4tte \u201eArbeitserziehungslager\u201c Heddernheim - Bernd Fischer EN","og_description":"Gedenkst\u00e4tte \u201eArbeitserziehungslager\u201c Heddernheim Buber-Neumann-Weg \/ Ludwig-Reinheimer-Stra\u00dfe, Frankfurt am Main Textlaufger\u00e4t in einzeiliger Ausf\u00fchrung Geh\u00e4use: Aluminium, schwarz lackiert, frontseitig mit Acrylglasabdeckung H\u00f6he 16 cm x Breite 330 cm x Tiefe 10 ...","og_url":"https:\/\/berndfischer.com\/en\/commissioned-works\/commemorative-plaques\/gedenkstatte-arbeitserziehungslager-heddernheim\/","og_site_name":"Bernd Fischer EN","article_modified_time":"2019-01-23T11:24:33+00:00","og_image":[{"width":200,"height":200,"url":"https:\/\/berndfischer.com\/en\/wp-content\/uploads\/sites\/3\/2019\/01\/Thumb-Gedenkstaette-Heddernheim.jpg","type":"image\/jpeg"}],"twitter_card":"summary_large_image","twitter_misc":{"Estimated reading time":"4 minutes"},"schema":{"@context":"https:\/\/schema.org","@graph":[{"@type":"WebPage","@id":"https:\/\/berndfischer.com\/en\/commissioned-works\/commemorative-plaques\/gedenkstatte-arbeitserziehungslager-heddernheim\/","url":"https:\/\/berndfischer.com\/en\/commissioned-works\/commemorative-plaques\/gedenkstatte-arbeitserziehungslager-heddernheim\/","name":"Gedenkst\u00e4tte \u201eArbeitserziehungslager\u201c Heddernheim - Bernd Fischer EN","isPartOf":{"@id":"https:\/\/berndfischer.com\/en\/#website"},"primaryImageOfPage":{"@id":"https:\/\/berndfischer.com\/en\/commissioned-works\/commemorative-plaques\/gedenkstatte-arbeitserziehungslager-heddernheim\/#primaryimage"},"image":{"@id":"https:\/\/berndfischer.com\/en\/commissioned-works\/commemorative-plaques\/gedenkstatte-arbeitserziehungslager-heddernheim\/#primaryimage"},"thumbnailUrl":"https:\/\/berndfischer.com\/en\/wp-content\/uploads\/sites\/3\/2019\/01\/Thumb-Gedenkstaette-Heddernheim.jpg","datePublished":"2019-01-23T10:38:14+00:00","dateModified":"2019-01-23T11:24:33+00:00","breadcrumb":{"@id":"https:\/\/berndfischer.com\/en\/commissioned-works\/commemorative-plaques\/gedenkstatte-arbeitserziehungslager-heddernheim\/#breadcrumb"},"inLanguage":"en-GB","potentialAction":[{"@type":"ReadAction","target":["https:\/\/berndfischer.com\/en\/commissioned-works\/commemorative-plaques\/gedenkstatte-arbeitserziehungslager-heddernheim\/"]}]},{"@type":"ImageObject","inLanguage":"en-GB","@id":"https:\/\/berndfischer.com\/en\/commissioned-works\/commemorative-plaques\/gedenkstatte-arbeitserziehungslager-heddernheim\/#primaryimage","url":"https:\/\/berndfischer.com\/en\/wp-content\/uploads\/sites\/3\/2019\/01\/Thumb-Gedenkstaette-Heddernheim.jpg","contentUrl":"https:\/\/berndfischer.com\/en\/wp-content\/uploads\/sites\/3\/2019\/01\/Thumb-Gedenkstaette-Heddernheim.jpg","width":200,"height":200},{"@type":"BreadcrumbList","@id":"https:\/\/berndfischer.com\/en\/commissioned-works\/commemorative-plaques\/gedenkstatte-arbeitserziehungslager-heddernheim\/#breadcrumb","itemListElement":[{"@type":"ListItem","position":1,"name":"Home","item":"https:\/\/berndfischer.com\/en\/"},{"@type":"ListItem","position":2,"name":"Commissioned works","item":"https:\/\/berndfischer.com\/en\/commissioned-works\/"},{"@type":"ListItem","position":3,"name":"Commemorative plaques","item":"https:\/\/berndfischer.com\/en\/commissioned-works\/commemorative-plaques\/"},{"@type":"ListItem","position":4,"name":"Gedenkst\u00e4tte \u201eArbeitserziehungslager\u201c Heddernheim"}]},{"@type":"WebSite","@id":"https:\/\/berndfischer.com\/en\/#website","url":"https:\/\/berndfischer.com\/en\/","name":"Bernd Fischer EN","description":"Painted and printed colour","potentialAction":[{"@type":"SearchAction","target":{"@type":"EntryPoint","urlTemplate":"https:\/\/berndfischer.com\/en\/?s={search_term_string}"},"query-input":{"@type":"PropertyValueSpecification","valueRequired":true,"valueName":"search_term_string"}}],"inLanguage":"en-GB"}]}},"_links":{"self":[{"href":"https:\/\/berndfischer.com\/en\/wp-json\/wp\/v2\/pages\/5101","targetHints":{"allow":["GET"]}}],"collection":[{"href":"https:\/\/berndfischer.com\/en\/wp-json\/wp\/v2\/pages"}],"about":[{"href":"https:\/\/berndfischer.com\/en\/wp-json\/wp\/v2\/types\/page"}],"author":[{"embeddable":true,"href":"https:\/\/berndfischer.com\/en\/wp-json\/wp\/v2\/users\/1"}],"replies":[{"embeddable":true,"href":"https:\/\/berndfischer.com\/en\/wp-json\/wp\/v2\/comments?post=5101"}],"version-history":[{"count":3,"href":"https:\/\/berndfischer.com\/en\/wp-json\/wp\/v2\/pages\/5101\/revisions"}],"predecessor-version":[{"id":5113,"href":"https:\/\/berndfischer.com\/en\/wp-json\/wp\/v2\/pages\/5101\/revisions\/5113"}],"up":[{"embeddable":true,"href":"https:\/\/berndfischer.com\/en\/wp-json\/wp\/v2\/pages\/43"}],"wp:featuredmedia":[{"embeddable":true,"href":"https:\/\/berndfischer.com\/en\/wp-json\/wp\/v2\/media\/5103"}],"wp:attachment":[{"href":"https:\/\/berndfischer.com\/en\/wp-json\/wp\/v2\/media?parent=5101"}],"curies":[{"name":"wp","href":"https:\/\/api.w.org\/{rel}","templated":true}]}}