{"id":5116,"date":"2019-02-14T14:00:06","date_gmt":"2019-02-14T13:00:06","guid":{"rendered":"https:\/\/berndfischer.com\/en\/?page_id=5116"},"modified":"2021-01-26T09:28:35","modified_gmt":"2021-01-26T08:28:35","slug":"publications","status":"publish","type":"page","link":"https:\/\/berndfischer.com\/en\/publications\/","title":{"rendered":"Publications"},"content":{"rendered":"<section class=\"full-width\" style=\"margin-top: 20px;\">\n<h1>Publications about Bernd Fischer<\/h1>\n<h3>\u201eSiehe! Zeitgen\u00f6ssische Kunst in evangelischen Kirchen\u201c<\/h3>\n<p>Hrsg. Markus Zink und Martin Benn, Textbeitrag von Martin Benn, Frankfurt\/Main, 2007<\/p>\n<h3>\u201eK\u00fcnstler mahnen Menschlichkeit an<\/h3>\n<p>Ausstellung Ludwig Meidner und Bernd Fischer\u201c, Wirtschaftsclub-Rhein-Main (Frankfurt), Ludwig Meidner Gesellschaft (Hofheim), Georg-B\u00fcchner-Schule (Frankfurt), St. Paulsgemeinde (Frankfurt), Textbeitr\u00e4ge von Dr. J\u00fcrgen Thimm und Gisela Haase, Frankfurt\/Main, 2001<\/p>\n<h3>\u201eblick\/wechsel\/blick\u201c<\/h3>\n<p>Ausstellungskatalog Neuer Kunstverein Aschaffenburg und Kunstfabrik Gro\u00df-Gerau,\u00a0Aschaffenburg, 2001<\/p>\n<h3>\u201eKreuz und Quer, Gegenwartskunst f\u00fcr Kirchen\u201c<\/h3>\n<p>Hrsg. Markus Zink, Institut f\u00fcr Kirchenbau und kirchliche Kunst der Gegenwart, Marburg, 1998<\/p>\n<h3>\u201eBernd Fischer,\u00a0Michael Mohr, Kitta-Kittel, Irmi Lang-Kummer\u201c<\/h3>\n<p>Wirtschaftsclub-Rhein-Main, Ausstellungsfaltblatt, Frankfurt\/Main, 1997<\/p>\n<h3>\u201eBernd Fischer,\u00a0<span style=\"font-size: 1em;\">Arbeiten 1982-1994\u201c<\/span><\/h3>\n<p><span style=\"font-size: 1em;\">Alte Oper, Ausstellungsfaltblatt, Frankfurt\/Main, 1995<\/span><\/p>\n<h3>\u201eK\u00fcnstler in Frankfurt\u201c<\/h3>\n<p>Deutsche Bank Frankfurt, Ausstellungskatalog, Frankfurt\/Main, 1994<\/p>\n<h3>\u201eArt Aid\u201c<\/h3>\n<p>Ausstellungskatalog, Frankfurt\/Main, 1992<\/p>\n<h3>\u201eZur Kunst in Frankfurt\u201c<\/h3>\n<p>Amt f\u00fcr Wissenschaft und Kunst, Ausstellungskatalog, Frankfurt\/Main, 1990<\/p>\n<h3>\u201eKunst aus Frankfurt\u201c<\/h3>\n<p>Sammlungskatalog Degussa AG, Textbeitrag von Ingrid M\u00f6ssinger, Frankfurt\/Main, 1989<\/p>\n<h3>&#8220;Zeitgen\u00f6ssische Kunst in der Deutschen Bank&#8221;<\/h3>\n<p>Sammlungskatalog der Deutschen Bank, Textbeitrag von Ingrid M\u00f6ssinger, Frankfurt\/Main, 1987<\/p>\n<h3>\u201eKunst in Frankfurt 1985\u201c<\/h3>\n<p>Ausstellungskatalog Frankfurter Kunstverein, Frankfurt\/Main, 1985<\/p>\n<\/section>\n","protected":false},"excerpt":{"rendered":"<p>Publications about Bernd Fischer \u201eSiehe! Zeitgen\u00f6ssische Kunst in evangelischen Kirchen\u201c Hrsg. Markus Zink und Martin Benn, Textbeitrag von Martin Benn, Frankfurt\/Main, 2007 \u201eK\u00fcnstler mahnen Menschlichkeit an Ausstellung Ludwig Meidner und &#8230;<\/p>\n","protected":false},"author":1,"featured_media":5529,"parent":0,"menu_order":1,"comment_status":"closed","ping_status":"closed","template":"page-publications.php","meta":{"_acf_changed":false,"footnotes":""},"class_list":["post-5116","page","type-page","status-publish","has-post-thumbnail","hentry"],"acf":[],"yoast_head":"<!-- This site is optimized with the Yoast SEO plugin v26.9 - https:\/\/yoast.com\/product\/yoast-seo-wordpress\/ -->\n<title>Publications - Bernd Fischer EN<\/title>\n<meta name=\"robots\" content=\"index, follow, max-snippet:-1, max-image-preview:large, max-video-preview:-1\" \/>\n<link rel=\"canonical\" href=\"https:\/\/berndfischer.com\/en\/publications\/\" \/>\n<meta property=\"og:locale\" content=\"en_GB\" \/>\n<meta property=\"og:type\" content=\"article\" \/>\n<meta property=\"og:title\" content=\"Publications - Bernd Fischer EN\" \/>\n<meta property=\"og:description\" content=\"Publications about Bernd Fischer \u201eSiehe! Zeitgen\u00f6ssische Kunst in evangelischen Kirchen\u201c Hrsg. Markus Zink und Martin Benn, Textbeitrag von Martin Benn, Frankfurt\/Main, 2007 \u201eK\u00fcnstler mahnen Menschlichkeit an Ausstellung Ludwig Meidner und ...\" \/>\n<meta property=\"og:url\" content=\"https:\/\/berndfischer.com\/en\/publications\/\" \/>\n<meta property=\"og:site_name\" content=\"Bernd Fischer EN\" \/>\n<meta property=\"article:modified_time\" content=\"2021-01-26T08:28:35+00:00\" \/>\n<meta property=\"og:image\" content=\"https:\/\/berndfischer.com\/en\/wp-content\/uploads\/sites\/3\/2021\/01\/kategorie-publikation-130.jpg\" \/>\n\t<meta property=\"og:image:width\" content=\"130\" \/>\n\t<meta property=\"og:image:height\" content=\"130\" \/>\n\t<meta property=\"og:image:type\" content=\"image\/jpeg\" \/>\n<meta name=\"twitter:card\" content=\"summary_large_image\" \/>\n<meta name=\"twitter:label1\" content=\"Estimated reading time\" \/>\n\t<meta name=\"twitter:data1\" content=\"1 minute\" \/>\n<script type=\"application\/ld+json\" class=\"yoast-schema-graph\">{\"@context\":\"https:\/\/schema.org\",\"@graph\":[{\"@type\":\"WebPage\",\"@id\":\"https:\/\/berndfischer.com\/en\/publications\/\",\"url\":\"https:\/\/berndfischer.com\/en\/publications\/\",\"name\":\"Publications - Bernd Fischer EN\",\"isPartOf\":{\"@id\":\"https:\/\/berndfischer.com\/en\/#website\"},\"primaryImageOfPage\":{\"@id\":\"https:\/\/berndfischer.com\/en\/publications\/#primaryimage\"},\"image\":{\"@id\":\"https:\/\/berndfischer.com\/en\/publications\/#primaryimage\"},\"thumbnailUrl\":\"https:\/\/berndfischer.com\/en\/wp-content\/uploads\/sites\/3\/2021\/01\/kategorie-publikation-130.jpg\",\"datePublished\":\"2019-02-14T13:00:06+00:00\",\"dateModified\":\"2021-01-26T08:28:35+00:00\",\"breadcrumb\":{\"@id\":\"https:\/\/berndfischer.com\/en\/publications\/#breadcrumb\"},\"inLanguage\":\"en-GB\",\"potentialAction\":[{\"@type\":\"ReadAction\",\"target\":[\"https:\/\/berndfischer.com\/en\/publications\/\"]}]},{\"@type\":\"ImageObject\",\"inLanguage\":\"en-GB\",\"@id\":\"https:\/\/berndfischer.com\/en\/publications\/#primaryimage\",\"url\":\"https:\/\/berndfischer.com\/en\/wp-content\/uploads\/sites\/3\/2021\/01\/kategorie-publikation-130.jpg\",\"contentUrl\":\"https:\/\/berndfischer.com\/en\/wp-content\/uploads\/sites\/3\/2021\/01\/kategorie-publikation-130.jpg\",\"width\":130,\"height\":130,\"caption\":\"Category Publications\"},{\"@type\":\"BreadcrumbList\",\"@id\":\"https:\/\/berndfischer.com\/en\/publications\/#breadcrumb\",\"itemListElement\":[{\"@type\":\"ListItem\",\"position\":1,\"name\":\"Home\",\"item\":\"https:\/\/berndfischer.com\/en\/\"},{\"@type\":\"ListItem\",\"position\":2,\"name\":\"Publications\"}]},{\"@type\":\"WebSite\",\"@id\":\"https:\/\/berndfischer.com\/en\/#website\",\"url\":\"https:\/\/berndfischer.com\/en\/\",\"name\":\"Bernd Fischer EN\",\"description\":\"Painted and printed colour\",\"potentialAction\":[{\"@type\":\"SearchAction\",\"target\":{\"@type\":\"EntryPoint\",\"urlTemplate\":\"https:\/\/berndfischer.com\/en\/?s={search_term_string}\"},\"query-input\":{\"@type\":\"PropertyValueSpecification\",\"valueRequired\":true,\"valueName\":\"search_term_string\"}}],\"inLanguage\":\"en-GB\"}]}<\/script>\n<!-- \/ Yoast SEO plugin. -->","yoast_head_json":{"title":"Publications - Bernd Fischer EN","robots":{"index":"index","follow":"follow","max-snippet":"max-snippet:-1","max-image-preview":"max-image-preview:large","max-video-preview":"max-video-preview:-1"},"canonical":"https:\/\/berndfischer.com\/en\/publications\/","og_locale":"en_GB","og_type":"article","og_title":"Publications - Bernd Fischer EN","og_description":"Publications about Bernd Fischer \u201eSiehe! Zeitgen\u00f6ssische Kunst in evangelischen Kirchen\u201c Hrsg. Markus Zink und Martin Benn, Textbeitrag von Martin Benn, Frankfurt\/Main, 2007 \u201eK\u00fcnstler mahnen Menschlichkeit an Ausstellung Ludwig Meidner und ...","og_url":"https:\/\/berndfischer.com\/en\/publications\/","og_site_name":"Bernd Fischer EN","article_modified_time":"2021-01-26T08:28:35+00:00","og_image":[{"width":130,"height":130,"url":"https:\/\/berndfischer.com\/en\/wp-content\/uploads\/sites\/3\/2021\/01\/kategorie-publikation-130.jpg","type":"image\/jpeg"}],"twitter_card":"summary_large_image","twitter_misc":{"Estimated reading time":"1 minute"},"schema":{"@context":"https:\/\/schema.org","@graph":[{"@type":"WebPage","@id":"https:\/\/berndfischer.com\/en\/publications\/","url":"https:\/\/berndfischer.com\/en\/publications\/","name":"Publications - Bernd Fischer EN","isPartOf":{"@id":"https:\/\/berndfischer.com\/en\/#website"},"primaryImageOfPage":{"@id":"https:\/\/berndfischer.com\/en\/publications\/#primaryimage"},"image":{"@id":"https:\/\/berndfischer.com\/en\/publications\/#primaryimage"},"thumbnailUrl":"https:\/\/berndfischer.com\/en\/wp-content\/uploads\/sites\/3\/2021\/01\/kategorie-publikation-130.jpg","datePublished":"2019-02-14T13:00:06+00:00","dateModified":"2021-01-26T08:28:35+00:00","breadcrumb":{"@id":"https:\/\/berndfischer.com\/en\/publications\/#breadcrumb"},"inLanguage":"en-GB","potentialAction":[{"@type":"ReadAction","target":["https:\/\/berndfischer.com\/en\/publications\/"]}]},{"@type":"ImageObject","inLanguage":"en-GB","@id":"https:\/\/berndfischer.com\/en\/publications\/#primaryimage","url":"https:\/\/berndfischer.com\/en\/wp-content\/uploads\/sites\/3\/2021\/01\/kategorie-publikation-130.jpg","contentUrl":"https:\/\/berndfischer.com\/en\/wp-content\/uploads\/sites\/3\/2021\/01\/kategorie-publikation-130.jpg","width":130,"height":130,"caption":"Category Publications"},{"@type":"BreadcrumbList","@id":"https:\/\/berndfischer.com\/en\/publications\/#breadcrumb","itemListElement":[{"@type":"ListItem","position":1,"name":"Home","item":"https:\/\/berndfischer.com\/en\/"},{"@type":"ListItem","position":2,"name":"Publications"}]},{"@type":"WebSite","@id":"https:\/\/berndfischer.com\/en\/#website","url":"https:\/\/berndfischer.com\/en\/","name":"Bernd Fischer EN","description":"Painted and printed colour","potentialAction":[{"@type":"SearchAction","target":{"@type":"EntryPoint","urlTemplate":"https:\/\/berndfischer.com\/en\/?s={search_term_string}"},"query-input":{"@type":"PropertyValueSpecification","valueRequired":true,"valueName":"search_term_string"}}],"inLanguage":"en-GB"}]}},"_links":{"self":[{"href":"https:\/\/berndfischer.com\/en\/wp-json\/wp\/v2\/pages\/5116","targetHints":{"allow":["GET"]}}],"collection":[{"href":"https:\/\/berndfischer.com\/en\/wp-json\/wp\/v2\/pages"}],"about":[{"href":"https:\/\/berndfischer.com\/en\/wp-json\/wp\/v2\/types\/page"}],"author":[{"embeddable":true,"href":"https:\/\/berndfischer.com\/en\/wp-json\/wp\/v2\/users\/1"}],"replies":[{"embeddable":true,"href":"https:\/\/berndfischer.com\/en\/wp-json\/wp\/v2\/comments?post=5116"}],"version-history":[{"count":3,"href":"https:\/\/berndfischer.com\/en\/wp-json\/wp\/v2\/pages\/5116\/revisions"}],"predecessor-version":[{"id":5527,"href":"https:\/\/berndfischer.com\/en\/wp-json\/wp\/v2\/pages\/5116\/revisions\/5527"}],"wp:featuredmedia":[{"embeddable":true,"href":"https:\/\/berndfischer.com\/en\/wp-json\/wp\/v2\/media\/5529"}],"wp:attachment":[{"href":"https:\/\/berndfischer.com\/en\/wp-json\/wp\/v2\/media?parent=5116"}],"curies":[{"name":"wp","href":"https:\/\/api.w.org\/{rel}","templated":true}]}}