{"id":5129,"date":"2019-02-14T14:15:00","date_gmt":"2019-02-14T13:15:00","guid":{"rendered":"https:\/\/berndfischer.com\/en\/?page_id=5129"},"modified":"2019-02-18T13:03:53","modified_gmt":"2019-02-18T12:03:53","slug":"kalusho-tsororo-and-me","status":"publish","type":"page","link":"https:\/\/berndfischer.com\/en\/publications\/kalusho-tsororo-and-me\/","title":{"rendered":"Kalusho, Tsororo and me"},"content":{"rendered":"<section class=\"full-width\" style=\"margin-top: 15px;\">\n<h1>Dann schwamm der Zwergtaucher ins Nashornhaus \u2013 Kalusho, Tsororo und ich<\/h1>\n<p><a href=\"https:\/\/berndfischer.com\/wp-content\/uploads\/2019\/02\/Kalusho-Tsororo-und-ich_Umschlag.jpg\"><img loading=\"lazy\" decoding=\"async\" class=\"alignleft size-large wp-image-7898\" src=\"https:\/\/berndfischer.com\/wp-content\/uploads\/2019\/02\/Kalusho-Tsororo-und-ich_Umschlag-700x433.jpg\" alt=\"Kalusho, Tsororo und ich\" width=\"700\" height=\"433\"><\/a><\/p>\n<p>Im Zentrum des Katalogs stehen Zeichnungen der beiden s\u00fcdafrikanischen Spitzmaulnash\u00f6rner Kalusho und Tsororo. Entstanden im Frankfurter Zoo, zwischen Februar 2007 und Oktober 2012. Begleitet werden die Zeichnungen von Texten zum k\u00fcnstlerischen Anliegen, einer Zoo-Erfahrungsbeschreibung und geschichtlichen Bez\u00fcgen zur Zeit der Aufkl\u00e4rung und dem Bild Clara von Jean-Baptiste Oudry.<br \/>\n<a href=\"https:\/\/berndfischer.com\/en\/independent-works\/works-on-paper\/watercolors-and-paintings-since-2000\/\">\u00bb Look also at watercolors &amp; paintings since 2000<\/a><\/p>\n<\/section>\n<section class=\"full-width\" style=\"margin-top: 20px;\"><\/section>\n\n\t\t<style type=\"text\/css\">\n\t\t\t#gallery-1 {\n\t\t\t\tmargin: auto;\n\t\t\t}\n\t\t\t#gallery-1 .gallery-item {\n\t\t\t\tfloat: left;\n\t\t\t\tmargin-top: 10px;\n\t\t\t\ttext-align: center;\n\t\t\t\twidth: 33%;\n\t\t\t}\n\t\t\t#gallery-1 img {\n\t\t\t\tborder: 2px solid #cfcfcf;\n\t\t\t}\n\t\t\t#gallery-1 .gallery-caption {\n\t\t\t\tmargin-left: 0;\n\t\t\t}\n\t\t\t\/* see gallery_shortcode() in wp-includes\/media.php *\/\n\t\t<\/style>\n\t\t<div id='gallery-1' class='gallery galleryid-5129 gallery-columns-3 gallery-size-medium'><dl class='gallery-item'>\n\t\t\t<dt class='gallery-icon landscape'>\n\t\t\t\t<a href='https:\/\/berndfischer.com\/en\/wp-content\/uploads\/sites\/3\/2019\/02\/Nashoerner-S06-07.jpg'><img loading=\"lazy\" decoding=\"async\" width=\"335\" height=\"210\" src=\"https:\/\/berndfischer.com\/en\/wp-content\/uploads\/sites\/3\/2019\/02\/Nashoerner-S06-07-335x210.jpg\" class=\"attachment-medium size-medium\" alt=\"Kalusho, Tsororo and me, page 6-7\" srcset=\"https:\/\/berndfischer.com\/en\/wp-content\/uploads\/sites\/3\/2019\/02\/Nashoerner-S06-07-335x210.jpg 335w, https:\/\/berndfischer.com\/en\/wp-content\/uploads\/sites\/3\/2019\/02\/Nashoerner-S06-07-768x481.jpg 768w, https:\/\/berndfischer.com\/en\/wp-content\/uploads\/sites\/3\/2019\/02\/Nashoerner-S06-07-700x438.jpg 700w, https:\/\/berndfischer.com\/en\/wp-content\/uploads\/sites\/3\/2019\/02\/Nashoerner-S06-07.jpg 1288w\" sizes=\"auto, (max-width: 335px) 100vw, 335px\" data-copyright=\"\" data-headline=\"Kalusho, Tsororo and me, page 6-7\" data-description=\"Kalusho, Tsororo and me, page 6-7\" \/><\/a>\n\t\t\t<\/dt><\/dl><dl class='gallery-item'>\n\t\t\t<dt class='gallery-icon landscape'>\n\t\t\t\t<a href='https:\/\/berndfischer.com\/en\/wp-content\/uploads\/sites\/3\/2019\/02\/Nashoerner-S08-09.jpg'><img loading=\"lazy\" decoding=\"async\" width=\"335\" height=\"210\" src=\"https:\/\/berndfischer.com\/en\/wp-content\/uploads\/sites\/3\/2019\/02\/Nashoerner-S08-09-335x210.jpg\" class=\"attachment-medium size-medium\" alt=\"Kalusho, Tsororo and me, page 8-9\" srcset=\"https:\/\/berndfischer.com\/en\/wp-content\/uploads\/sites\/3\/2019\/02\/Nashoerner-S08-09-335x210.jpg 335w, https:\/\/berndfischer.com\/en\/wp-content\/uploads\/sites\/3\/2019\/02\/Nashoerner-S08-09-768x481.jpg 768w, https:\/\/berndfischer.com\/en\/wp-content\/uploads\/sites\/3\/2019\/02\/Nashoerner-S08-09-700x438.jpg 700w, https:\/\/berndfischer.com\/en\/wp-content\/uploads\/sites\/3\/2019\/02\/Nashoerner-S08-09.jpg 1288w\" sizes=\"auto, (max-width: 335px) 100vw, 335px\" data-copyright=\"\" data-headline=\"Kalusho, Tsororo and me, page 8-9\" data-description=\"Kalusho, Tsororo and me, page 8-9\" \/><\/a>\n\t\t\t<\/dt><\/dl><dl class='gallery-item'>\n\t\t\t<dt class='gallery-icon landscape'>\n\t\t\t\t<a href='https:\/\/berndfischer.com\/en\/wp-content\/uploads\/sites\/3\/2019\/02\/Nashoerner-S14-15.jpg'><img loading=\"lazy\" decoding=\"async\" width=\"335\" height=\"210\" src=\"https:\/\/berndfischer.com\/en\/wp-content\/uploads\/sites\/3\/2019\/02\/Nashoerner-S14-15-335x210.jpg\" class=\"attachment-medium size-medium\" alt=\"Kalusho, Tsororo and me, page 14-15\" srcset=\"https:\/\/berndfischer.com\/en\/wp-content\/uploads\/sites\/3\/2019\/02\/Nashoerner-S14-15-335x210.jpg 335w, https:\/\/berndfischer.com\/en\/wp-content\/uploads\/sites\/3\/2019\/02\/Nashoerner-S14-15-768x481.jpg 768w, https:\/\/berndfischer.com\/en\/wp-content\/uploads\/sites\/3\/2019\/02\/Nashoerner-S14-15-700x438.jpg 700w, https:\/\/berndfischer.com\/en\/wp-content\/uploads\/sites\/3\/2019\/02\/Nashoerner-S14-15.jpg 1288w\" sizes=\"auto, (max-width: 335px) 100vw, 335px\" data-copyright=\"\" data-headline=\"Kalusho, Tsororo and me, page 14-15\" data-description=\"Kalusho, Tsororo and me, page 14-15\" \/><\/a>\n\t\t\t<\/dt><\/dl><br style=\"clear: both\" \/><dl class='gallery-item'>\n\t\t\t<dt class='gallery-icon landscape'>\n\t\t\t\t<a href='https:\/\/berndfischer.com\/en\/wp-content\/uploads\/sites\/3\/2019\/02\/Nashoerner-S18-19.jpg'><img loading=\"lazy\" decoding=\"async\" width=\"335\" height=\"210\" src=\"https:\/\/berndfischer.com\/en\/wp-content\/uploads\/sites\/3\/2019\/02\/Nashoerner-S18-19-335x210.jpg\" class=\"attachment-medium size-medium\" alt=\"Kalusho, Tsororo and me, page 18-19\" srcset=\"https:\/\/berndfischer.com\/en\/wp-content\/uploads\/sites\/3\/2019\/02\/Nashoerner-S18-19-335x210.jpg 335w, https:\/\/berndfischer.com\/en\/wp-content\/uploads\/sites\/3\/2019\/02\/Nashoerner-S18-19-768x481.jpg 768w, https:\/\/berndfischer.com\/en\/wp-content\/uploads\/sites\/3\/2019\/02\/Nashoerner-S18-19-700x438.jpg 700w, https:\/\/berndfischer.com\/en\/wp-content\/uploads\/sites\/3\/2019\/02\/Nashoerner-S18-19.jpg 1288w\" sizes=\"auto, (max-width: 335px) 100vw, 335px\" data-copyright=\"\" data-headline=\"Kalusho, Tsororo and me, page 18-19\" data-description=\"Kalusho, Tsororo and me, page 18-19\" \/><\/a>\n\t\t\t<\/dt><\/dl><dl class='gallery-item'>\n\t\t\t<dt class='gallery-icon landscape'>\n\t\t\t\t<a href='https:\/\/berndfischer.com\/en\/wp-content\/uploads\/sites\/3\/2019\/02\/Nashoerner-S24-25.jpg'><img loading=\"lazy\" decoding=\"async\" width=\"335\" height=\"210\" src=\"https:\/\/berndfischer.com\/en\/wp-content\/uploads\/sites\/3\/2019\/02\/Nashoerner-S24-25-335x210.jpg\" class=\"attachment-medium size-medium\" alt=\"Kalusho, Tsororo and me, page 24-25\" srcset=\"https:\/\/berndfischer.com\/en\/wp-content\/uploads\/sites\/3\/2019\/02\/Nashoerner-S24-25-335x210.jpg 335w, https:\/\/berndfischer.com\/en\/wp-content\/uploads\/sites\/3\/2019\/02\/Nashoerner-S24-25-768x481.jpg 768w, https:\/\/berndfischer.com\/en\/wp-content\/uploads\/sites\/3\/2019\/02\/Nashoerner-S24-25-700x438.jpg 700w, https:\/\/berndfischer.com\/en\/wp-content\/uploads\/sites\/3\/2019\/02\/Nashoerner-S24-25.jpg 1288w\" sizes=\"auto, (max-width: 335px) 100vw, 335px\" data-copyright=\"\" data-headline=\"Kalusho, Tsororo and me, page 24-25\" data-description=\"Kalusho, Tsororo and me, page 24-25\" \/><\/a>\n\t\t\t<\/dt><\/dl><dl class='gallery-item'>\n\t\t\t<dt class='gallery-icon landscape'>\n\t\t\t\t<a href='https:\/\/berndfischer.com\/en\/wp-content\/uploads\/sites\/3\/2019\/02\/Nashoerner-S30-31.jpg'><img loading=\"lazy\" decoding=\"async\" width=\"335\" height=\"210\" src=\"https:\/\/berndfischer.com\/en\/wp-content\/uploads\/sites\/3\/2019\/02\/Nashoerner-S30-31-335x210.jpg\" class=\"attachment-medium size-medium\" alt=\"Kalusho, Tsororo and me, page 30-*31\" srcset=\"https:\/\/berndfischer.com\/en\/wp-content\/uploads\/sites\/3\/2019\/02\/Nashoerner-S30-31-335x210.jpg 335w, https:\/\/berndfischer.com\/en\/wp-content\/uploads\/sites\/3\/2019\/02\/Nashoerner-S30-31-768x481.jpg 768w, https:\/\/berndfischer.com\/en\/wp-content\/uploads\/sites\/3\/2019\/02\/Nashoerner-S30-31-700x438.jpg 700w, https:\/\/berndfischer.com\/en\/wp-content\/uploads\/sites\/3\/2019\/02\/Nashoerner-S30-31.jpg 1288w\" sizes=\"auto, (max-width: 335px) 100vw, 335px\" data-copyright=\"\" data-headline=\"Kalusho, Tsororo and me, page 30-*31\" data-description=\"Kalusho, Tsororo and me, page 30-31\" \/><\/a>\n\t\t\t<\/dt><\/dl><br style=\"clear: both\" \/><dl class='gallery-item'>\n\t\t\t<dt class='gallery-icon landscape'>\n\t\t\t\t<a href='https:\/\/berndfischer.com\/en\/wp-content\/uploads\/sites\/3\/2019\/02\/Nashoerner-S36-37.jpg'><img loading=\"lazy\" decoding=\"async\" width=\"335\" height=\"210\" src=\"https:\/\/berndfischer.com\/en\/wp-content\/uploads\/sites\/3\/2019\/02\/Nashoerner-S36-37-335x210.jpg\" class=\"attachment-medium size-medium\" alt=\"Kalusho, Tsororo and me, page 36-37\" srcset=\"https:\/\/berndfischer.com\/en\/wp-content\/uploads\/sites\/3\/2019\/02\/Nashoerner-S36-37-335x210.jpg 335w, https:\/\/berndfischer.com\/en\/wp-content\/uploads\/sites\/3\/2019\/02\/Nashoerner-S36-37-768x481.jpg 768w, https:\/\/berndfischer.com\/en\/wp-content\/uploads\/sites\/3\/2019\/02\/Nashoerner-S36-37-700x438.jpg 700w, https:\/\/berndfischer.com\/en\/wp-content\/uploads\/sites\/3\/2019\/02\/Nashoerner-S36-37.jpg 1288w\" sizes=\"auto, (max-width: 335px) 100vw, 335px\" data-copyright=\"\" data-headline=\"Kalusho, Tsororo and me, page 36-37\" data-description=\"Kalusho, Tsororo and me, page 36-37\" \/><\/a>\n\t\t\t<\/dt><\/dl><dl class='gallery-item'>\n\t\t\t<dt class='gallery-icon landscape'>\n\t\t\t\t<a href='https:\/\/berndfischer.com\/en\/wp-content\/uploads\/sites\/3\/2019\/02\/Nashoerner-S48-49.jpg'><img loading=\"lazy\" decoding=\"async\" width=\"335\" height=\"210\" src=\"https:\/\/berndfischer.com\/en\/wp-content\/uploads\/sites\/3\/2019\/02\/Nashoerner-S48-49-335x210.jpg\" class=\"attachment-medium size-medium\" alt=\"Kalusho, Tsororo and me, page 48-49\" srcset=\"https:\/\/berndfischer.com\/en\/wp-content\/uploads\/sites\/3\/2019\/02\/Nashoerner-S48-49-335x210.jpg 335w, https:\/\/berndfischer.com\/en\/wp-content\/uploads\/sites\/3\/2019\/02\/Nashoerner-S48-49-768x481.jpg 768w, https:\/\/berndfischer.com\/en\/wp-content\/uploads\/sites\/3\/2019\/02\/Nashoerner-S48-49-700x438.jpg 700w, https:\/\/berndfischer.com\/en\/wp-content\/uploads\/sites\/3\/2019\/02\/Nashoerner-S48-49.jpg 1288w\" sizes=\"auto, (max-width: 335px) 100vw, 335px\" data-copyright=\"\" data-headline=\"Kalusho, Tsororo and me, page 48-49\" data-description=\"Kalusho, Tsororo and me, page 48-49\" \/><\/a>\n\t\t\t<\/dt><\/dl><dl class='gallery-item'>\n\t\t\t<dt class='gallery-icon landscape'>\n\t\t\t\t<a href='https:\/\/berndfischer.com\/en\/wp-content\/uploads\/sites\/3\/2019\/02\/Nashoerner-S52-53.jpg'><img loading=\"lazy\" decoding=\"async\" width=\"335\" height=\"210\" src=\"https:\/\/berndfischer.com\/en\/wp-content\/uploads\/sites\/3\/2019\/02\/Nashoerner-S52-53-335x210.jpg\" class=\"attachment-medium size-medium\" alt=\"Kalusho, Tsororo and me, page 52-53\" srcset=\"https:\/\/berndfischer.com\/en\/wp-content\/uploads\/sites\/3\/2019\/02\/Nashoerner-S52-53-335x210.jpg 335w, https:\/\/berndfischer.com\/en\/wp-content\/uploads\/sites\/3\/2019\/02\/Nashoerner-S52-53-768x481.jpg 768w, https:\/\/berndfischer.com\/en\/wp-content\/uploads\/sites\/3\/2019\/02\/Nashoerner-S52-53-700x438.jpg 700w, https:\/\/berndfischer.com\/en\/wp-content\/uploads\/sites\/3\/2019\/02\/Nashoerner-S52-53.jpg 1288w\" sizes=\"auto, (max-width: 335px) 100vw, 335px\" data-copyright=\"\" data-headline=\"Kalusho, Tsororo and me, page 52-53\" data-description=\"Kalusho, Tsororo and me, page 52-53\" \/><\/a>\n\t\t\t<\/dt><\/dl><br style=\"clear: both\" \/>\n\t\t<\/div>\n\n<p>Bernd Fischer, 2018<br \/>\nwebula-verlag, Offenbach\/Main<br \/>\nKatalog, Format: 22,5 x 28 cm, 72 Seiten<br \/>\nDigitaldruck, Softcover<br \/>\nGestaltung: Max Markus Schr\u00f6der, www.dimensionale.de<br \/>\nISBN 978-3-9820128-1-0<\/p>\n<p>Preis:&nbsp;\u20ac 19,90 (D), \u20ac 20,50 (AT), sfr 28,50 (CH)<\/p>\n<section class=\"full-width\" style=\"margin-top: 20px;\"><a href=\"https:\/\/berndfischer.com\/en\/publications\/\"><img loading=\"lazy\" decoding=\"async\" class=\"alignleft size-full\" src=\"https:\/\/berndfischer.com\/wp-content\/themes\/lapso\/images\/navi-button-up.png\" alt=\"Publikationen\" width=\"35\" height=\"35\"><\/a><a href=\"https:\/\/berndfischer.com\/en\/publications\/im-bestand\/\"><img loading=\"lazy\" decoding=\"async\" class=\"alignleft size-full\" src=\"https:\/\/berndfischer.com\/wp-content\/themes\/lapso\/images\/navi-button-ff.png\" alt=\"Vorw\u00e4rts\" width=\"35\" height=\"35\"><\/a><\/section>\n","protected":false},"excerpt":{"rendered":"<p>Dann schwamm der Zwergtaucher ins Nashornhaus \u2013 Kalusho, Tsororo und ich Im Zentrum des Katalogs stehen Zeichnungen der beiden s\u00fcdafrikanischen Spitzmaulnash\u00f6rner Kalusho und Tsororo. Entstanden im Frankfurter Zoo, zwischen Februar &#8230;<\/p>\n","protected":false},"author":1,"featured_media":0,"parent":5116,"menu_order":1,"comment_status":"closed","ping_status":"closed","template":"page-publications-sub.php","meta":{"_acf_changed":false,"footnotes":""},"class_list":["post-5129","page","type-page","status-publish","hentry"],"acf":[],"yoast_head":"<!-- This site is optimized with the Yoast SEO plugin v26.9 - https:\/\/yoast.com\/product\/yoast-seo-wordpress\/ -->\n<title>Kalusho, Tsororo and me - Bernd Fischer EN<\/title>\n<meta name=\"robots\" content=\"index, follow, max-snippet:-1, max-image-preview:large, max-video-preview:-1\" \/>\n<link rel=\"canonical\" href=\"https:\/\/berndfischer.com\/en\/publications\/kalusho-tsororo-and-me\/\" \/>\n<meta property=\"og:locale\" content=\"en_GB\" \/>\n<meta property=\"og:type\" content=\"article\" \/>\n<meta property=\"og:title\" content=\"Kalusho, Tsororo and me - Bernd Fischer EN\" \/>\n<meta property=\"og:description\" content=\"Dann schwamm der Zwergtaucher ins Nashornhaus \u2013 Kalusho, Tsororo und ich Im Zentrum des Katalogs stehen Zeichnungen der beiden s\u00fcdafrikanischen Spitzmaulnash\u00f6rner Kalusho und Tsororo. Entstanden im Frankfurter Zoo, zwischen Februar ...\" \/>\n<meta property=\"og:url\" content=\"https:\/\/berndfischer.com\/en\/publications\/kalusho-tsororo-and-me\/\" \/>\n<meta property=\"og:site_name\" content=\"Bernd Fischer EN\" \/>\n<meta property=\"article:modified_time\" content=\"2019-02-18T12:03:53+00:00\" \/>\n<meta property=\"og:image\" content=\"https:\/\/berndfischer.com\/en\/wp-content\/uploads\/sites\/3\/2019\/02\/Nashoerner-S06-07-335x210.jpg\" \/>\n<meta name=\"twitter:card\" content=\"summary_large_image\" \/>\n<meta name=\"twitter:label1\" content=\"Estimated reading time\" \/>\n\t<meta name=\"twitter:data1\" content=\"1 minute\" \/>\n<script type=\"application\/ld+json\" class=\"yoast-schema-graph\">{\"@context\":\"https:\/\/schema.org\",\"@graph\":[{\"@type\":\"WebPage\",\"@id\":\"https:\/\/berndfischer.com\/en\/publications\/kalusho-tsororo-and-me\/\",\"url\":\"https:\/\/berndfischer.com\/en\/publications\/kalusho-tsororo-and-me\/\",\"name\":\"Kalusho, Tsororo and me - Bernd Fischer EN\",\"isPartOf\":{\"@id\":\"https:\/\/berndfischer.com\/en\/#website\"},\"primaryImageOfPage\":{\"@id\":\"https:\/\/berndfischer.com\/en\/publications\/kalusho-tsororo-and-me\/#primaryimage\"},\"image\":{\"@id\":\"https:\/\/berndfischer.com\/en\/publications\/kalusho-tsororo-and-me\/#primaryimage\"},\"thumbnailUrl\":\"https:\/\/berndfischer.com\/wp-content\/uploads\/2019\/02\/Kalusho-Tsororo-und-ich_Umschlag-700x433.jpg\",\"datePublished\":\"2019-02-14T13:15:00+00:00\",\"dateModified\":\"2019-02-18T12:03:53+00:00\",\"breadcrumb\":{\"@id\":\"https:\/\/berndfischer.com\/en\/publications\/kalusho-tsororo-and-me\/#breadcrumb\"},\"inLanguage\":\"en-GB\",\"potentialAction\":[{\"@type\":\"ReadAction\",\"target\":[\"https:\/\/berndfischer.com\/en\/publications\/kalusho-tsororo-and-me\/\"]}]},{\"@type\":\"ImageObject\",\"inLanguage\":\"en-GB\",\"@id\":\"https:\/\/berndfischer.com\/en\/publications\/kalusho-tsororo-and-me\/#primaryimage\",\"url\":\"https:\/\/berndfischer.com\/wp-content\/uploads\/2019\/02\/Kalusho-Tsororo-und-ich_Umschlag-700x433.jpg\",\"contentUrl\":\"https:\/\/berndfischer.com\/wp-content\/uploads\/2019\/02\/Kalusho-Tsororo-und-ich_Umschlag-700x433.jpg\"},{\"@type\":\"BreadcrumbList\",\"@id\":\"https:\/\/berndfischer.com\/en\/publications\/kalusho-tsororo-and-me\/#breadcrumb\",\"itemListElement\":[{\"@type\":\"ListItem\",\"position\":1,\"name\":\"Home\",\"item\":\"https:\/\/berndfischer.com\/en\/\"},{\"@type\":\"ListItem\",\"position\":2,\"name\":\"Publications\",\"item\":\"https:\/\/berndfischer.com\/en\/publications\/\"},{\"@type\":\"ListItem\",\"position\":3,\"name\":\"Kalusho, Tsororo and me\"}]},{\"@type\":\"WebSite\",\"@id\":\"https:\/\/berndfischer.com\/en\/#website\",\"url\":\"https:\/\/berndfischer.com\/en\/\",\"name\":\"Bernd Fischer EN\",\"description\":\"Painted and printed colour\",\"potentialAction\":[{\"@type\":\"SearchAction\",\"target\":{\"@type\":\"EntryPoint\",\"urlTemplate\":\"https:\/\/berndfischer.com\/en\/?s={search_term_string}\"},\"query-input\":{\"@type\":\"PropertyValueSpecification\",\"valueRequired\":true,\"valueName\":\"search_term_string\"}}],\"inLanguage\":\"en-GB\"}]}<\/script>\n<!-- \/ Yoast SEO plugin. -->","yoast_head_json":{"title":"Kalusho, Tsororo and me - Bernd Fischer EN","robots":{"index":"index","follow":"follow","max-snippet":"max-snippet:-1","max-image-preview":"max-image-preview:large","max-video-preview":"max-video-preview:-1"},"canonical":"https:\/\/berndfischer.com\/en\/publications\/kalusho-tsororo-and-me\/","og_locale":"en_GB","og_type":"article","og_title":"Kalusho, Tsororo and me - Bernd Fischer EN","og_description":"Dann schwamm der Zwergtaucher ins Nashornhaus \u2013 Kalusho, Tsororo und ich Im Zentrum des Katalogs stehen Zeichnungen der beiden s\u00fcdafrikanischen Spitzmaulnash\u00f6rner Kalusho und Tsororo. Entstanden im Frankfurter Zoo, zwischen Februar ...","og_url":"https:\/\/berndfischer.com\/en\/publications\/kalusho-tsororo-and-me\/","og_site_name":"Bernd Fischer EN","article_modified_time":"2019-02-18T12:03:53+00:00","og_image":[{"url":"https:\/\/berndfischer.com\/en\/wp-content\/uploads\/sites\/3\/2019\/02\/Nashoerner-S06-07-335x210.jpg","type":"","width":"","height":""}],"twitter_card":"summary_large_image","twitter_misc":{"Estimated reading time":"1 minute"},"schema":{"@context":"https:\/\/schema.org","@graph":[{"@type":"WebPage","@id":"https:\/\/berndfischer.com\/en\/publications\/kalusho-tsororo-and-me\/","url":"https:\/\/berndfischer.com\/en\/publications\/kalusho-tsororo-and-me\/","name":"Kalusho, Tsororo and me - Bernd Fischer EN","isPartOf":{"@id":"https:\/\/berndfischer.com\/en\/#website"},"primaryImageOfPage":{"@id":"https:\/\/berndfischer.com\/en\/publications\/kalusho-tsororo-and-me\/#primaryimage"},"image":{"@id":"https:\/\/berndfischer.com\/en\/publications\/kalusho-tsororo-and-me\/#primaryimage"},"thumbnailUrl":"https:\/\/berndfischer.com\/wp-content\/uploads\/2019\/02\/Kalusho-Tsororo-und-ich_Umschlag-700x433.jpg","datePublished":"2019-02-14T13:15:00+00:00","dateModified":"2019-02-18T12:03:53+00:00","breadcrumb":{"@id":"https:\/\/berndfischer.com\/en\/publications\/kalusho-tsororo-and-me\/#breadcrumb"},"inLanguage":"en-GB","potentialAction":[{"@type":"ReadAction","target":["https:\/\/berndfischer.com\/en\/publications\/kalusho-tsororo-and-me\/"]}]},{"@type":"ImageObject","inLanguage":"en-GB","@id":"https:\/\/berndfischer.com\/en\/publications\/kalusho-tsororo-and-me\/#primaryimage","url":"https:\/\/berndfischer.com\/wp-content\/uploads\/2019\/02\/Kalusho-Tsororo-und-ich_Umschlag-700x433.jpg","contentUrl":"https:\/\/berndfischer.com\/wp-content\/uploads\/2019\/02\/Kalusho-Tsororo-und-ich_Umschlag-700x433.jpg"},{"@type":"BreadcrumbList","@id":"https:\/\/berndfischer.com\/en\/publications\/kalusho-tsororo-and-me\/#breadcrumb","itemListElement":[{"@type":"ListItem","position":1,"name":"Home","item":"https:\/\/berndfischer.com\/en\/"},{"@type":"ListItem","position":2,"name":"Publications","item":"https:\/\/berndfischer.com\/en\/publications\/"},{"@type":"ListItem","position":3,"name":"Kalusho, Tsororo and me"}]},{"@type":"WebSite","@id":"https:\/\/berndfischer.com\/en\/#website","url":"https:\/\/berndfischer.com\/en\/","name":"Bernd Fischer EN","description":"Painted and printed colour","potentialAction":[{"@type":"SearchAction","target":{"@type":"EntryPoint","urlTemplate":"https:\/\/berndfischer.com\/en\/?s={search_term_string}"},"query-input":{"@type":"PropertyValueSpecification","valueRequired":true,"valueName":"search_term_string"}}],"inLanguage":"en-GB"}]}},"_links":{"self":[{"href":"https:\/\/berndfischer.com\/en\/wp-json\/wp\/v2\/pages\/5129","targetHints":{"allow":["GET"]}}],"collection":[{"href":"https:\/\/berndfischer.com\/en\/wp-json\/wp\/v2\/pages"}],"about":[{"href":"https:\/\/berndfischer.com\/en\/wp-json\/wp\/v2\/types\/page"}],"author":[{"embeddable":true,"href":"https:\/\/berndfischer.com\/en\/wp-json\/wp\/v2\/users\/1"}],"replies":[{"embeddable":true,"href":"https:\/\/berndfischer.com\/en\/wp-json\/wp\/v2\/comments?post=5129"}],"version-history":[{"count":7,"href":"https:\/\/berndfischer.com\/en\/wp-json\/wp\/v2\/pages\/5129\/revisions"}],"predecessor-version":[{"id":5281,"href":"https:\/\/berndfischer.com\/en\/wp-json\/wp\/v2\/pages\/5129\/revisions\/5281"}],"up":[{"embeddable":true,"href":"https:\/\/berndfischer.com\/en\/wp-json\/wp\/v2\/pages\/5116"}],"wp:attachment":[{"href":"https:\/\/berndfischer.com\/en\/wp-json\/wp\/v2\/media?parent=5129"}],"curies":[{"name":"wp","href":"https:\/\/api.w.org\/{rel}","templated":true}]}}