{"id":5152,"date":"2019-02-14T14:45:25","date_gmt":"2019-02-14T13:45:25","guid":{"rendered":"https:\/\/berndfischer.com\/en\/?page_id=5152"},"modified":"2019-02-14T15:05:24","modified_gmt":"2019-02-14T14:05:24","slug":"im-bestand","status":"publish","type":"page","link":"https:\/\/berndfischer.com\/en\/publications\/im-bestand\/","title":{"rendered":"Im Bestand"},"content":{"rendered":"<section class=\"full-width\" style=\"margin-top: 15px;\">\n<h1>Im Bestand \u2013 Wirklich, Realiter<\/h1>\n<p><a href=\"https:\/\/berndfischer.com\/en\/wp-content\/uploads\/sites\/3\/2019\/02\/Im-Bestand_Umschlag.jpg\"><img loading=\"lazy\" decoding=\"async\" class=\"alignleft size-large wp-image-5157\" src=\"https:\/\/berndfischer.com\/en\/wp-content\/uploads\/sites\/3\/2019\/02\/Im-Bestand_Umschlag-700x430.jpg\" alt=\"Im Bestand, Wirklich, Realiter - Cover\" width=\"700\" height=\"430\" srcset=\"https:\/\/berndfischer.com\/en\/wp-content\/uploads\/sites\/3\/2019\/02\/Im-Bestand_Umschlag-700x430.jpg 700w, https:\/\/berndfischer.com\/en\/wp-content\/uploads\/sites\/3\/2019\/02\/Im-Bestand_Umschlag-335x206.jpg 335w, https:\/\/berndfischer.com\/en\/wp-content\/uploads\/sites\/3\/2019\/02\/Im-Bestand_Umschlag-768x472.jpg 768w, https:\/\/berndfischer.com\/en\/wp-content\/uploads\/sites\/3\/2019\/02\/Im-Bestand_Umschlag.jpg 1302w\" sizes=\"auto, (max-width: 700px) 100vw, 700px\" \/><\/a>Der Katalog zeigt haupts\u00e4chlich Zeichnungen von einem Baum. Im Wald gezeichnet, zwischen dem 26. Mai 2017 und dem 29. Mai 2018. Begleitet werden die Abbildungen von einem Text zum k\u00fcnstlerischen Anliegen und mehreren Gespr\u00e4chszitaten, die z.T. in die abendl\u00e4ndische Kultur pr\u00e4gende Sprachen \u00fcbersetzt sind.<br \/>\n<a href=\"https:\/\/berndfischer.com\/en\/independent-works\/works-on-paper\/watercolors-and-paintings-since-2000\/\">\u00bb Look also at watercolors &amp; paintings since 2000<\/a><\/p>\n<\/section>\n<section>\n\t\t<style type=\"text\/css\">\n\t\t\t#gallery-1 {\n\t\t\t\tmargin: auto;\n\t\t\t}\n\t\t\t#gallery-1 .gallery-item {\n\t\t\t\tfloat: left;\n\t\t\t\tmargin-top: 10px;\n\t\t\t\ttext-align: center;\n\t\t\t\twidth: 33%;\n\t\t\t}\n\t\t\t#gallery-1 img {\n\t\t\t\tborder: 2px solid #cfcfcf;\n\t\t\t}\n\t\t\t#gallery-1 .gallery-caption {\n\t\t\t\tmargin-left: 0;\n\t\t\t}\n\t\t\t\/* see gallery_shortcode() in wp-includes\/media.php *\/\n\t\t<\/style>\n\t\t<div id='gallery-1' class='gallery galleryid-5152 gallery-columns-3 gallery-size-medium'><dl class='gallery-item'>\n\t\t\t<dt class='gallery-icon landscape'>\n\t\t\t\t<a href='https:\/\/berndfischer.com\/en\/wp-content\/uploads\/sites\/3\/2019\/02\/Im-Bestand-S04-05.jpg'><img loading=\"lazy\" decoding=\"async\" width=\"335\" height=\"209\" src=\"https:\/\/berndfischer.com\/en\/wp-content\/uploads\/sites\/3\/2019\/02\/Im-Bestand-S04-05-335x209.jpg\" class=\"attachment-medium size-medium\" alt=\"Im Bestand, Wirklich, Realiter - page 4-5\" srcset=\"https:\/\/berndfischer.com\/en\/wp-content\/uploads\/sites\/3\/2019\/02\/Im-Bestand-S04-05-335x209.jpg 335w, https:\/\/berndfischer.com\/en\/wp-content\/uploads\/sites\/3\/2019\/02\/Im-Bestand-S04-05-768x479.jpg 768w, https:\/\/berndfischer.com\/en\/wp-content\/uploads\/sites\/3\/2019\/02\/Im-Bestand-S04-05-700x437.jpg 700w, https:\/\/berndfischer.com\/en\/wp-content\/uploads\/sites\/3\/2019\/02\/Im-Bestand-S04-05.jpg 1282w\" sizes=\"auto, (max-width: 335px) 100vw, 335px\" data-copyright=\"\" data-headline=\"Im Bestand, Wirklich, Realiter - page 4-5\" data-description=\"Im Bestand, Wirklich, Realiter - page 4-5\" \/><\/a>\n\t\t\t<\/dt><\/dl><dl class='gallery-item'>\n\t\t\t<dt class='gallery-icon landscape'>\n\t\t\t\t<a href='https:\/\/berndfischer.com\/en\/wp-content\/uploads\/sites\/3\/2019\/02\/Im-Bestand-S08-09.jpg'><img loading=\"lazy\" decoding=\"async\" width=\"335\" height=\"209\" src=\"https:\/\/berndfischer.com\/en\/wp-content\/uploads\/sites\/3\/2019\/02\/Im-Bestand-S08-09-335x209.jpg\" class=\"attachment-medium size-medium\" alt=\"Im Bestand, Wirklich, Realiter - page 8-9\" srcset=\"https:\/\/berndfischer.com\/en\/wp-content\/uploads\/sites\/3\/2019\/02\/Im-Bestand-S08-09-335x209.jpg 335w, https:\/\/berndfischer.com\/en\/wp-content\/uploads\/sites\/3\/2019\/02\/Im-Bestand-S08-09-768x479.jpg 768w, https:\/\/berndfischer.com\/en\/wp-content\/uploads\/sites\/3\/2019\/02\/Im-Bestand-S08-09-700x437.jpg 700w, https:\/\/berndfischer.com\/en\/wp-content\/uploads\/sites\/3\/2019\/02\/Im-Bestand-S08-09.jpg 1282w\" sizes=\"auto, (max-width: 335px) 100vw, 335px\" data-copyright=\"\" data-headline=\"Im Bestand, Wirklich, Realiter - page 8-9\" data-description=\"Im Bestand, Wirklich, Realiter - page 8-9\" \/><\/a>\n\t\t\t<\/dt><\/dl><dl class='gallery-item'>\n\t\t\t<dt class='gallery-icon landscape'>\n\t\t\t\t<a href='https:\/\/berndfischer.com\/en\/wp-content\/uploads\/sites\/3\/2019\/02\/Im-Bestand-S12-13.jpg'><img loading=\"lazy\" decoding=\"async\" width=\"335\" height=\"209\" src=\"https:\/\/berndfischer.com\/en\/wp-content\/uploads\/sites\/3\/2019\/02\/Im-Bestand-S12-13-335x209.jpg\" class=\"attachment-medium size-medium\" alt=\"Im Bestand, Wirklich, Realiter - page 12-13\" srcset=\"https:\/\/berndfischer.com\/en\/wp-content\/uploads\/sites\/3\/2019\/02\/Im-Bestand-S12-13-335x209.jpg 335w, https:\/\/berndfischer.com\/en\/wp-content\/uploads\/sites\/3\/2019\/02\/Im-Bestand-S12-13-768x479.jpg 768w, https:\/\/berndfischer.com\/en\/wp-content\/uploads\/sites\/3\/2019\/02\/Im-Bestand-S12-13-700x437.jpg 700w, https:\/\/berndfischer.com\/en\/wp-content\/uploads\/sites\/3\/2019\/02\/Im-Bestand-S12-13.jpg 1282w\" sizes=\"auto, (max-width: 335px) 100vw, 335px\" data-copyright=\"\" data-headline=\"Im Bestand, Wirklich, Realiter - page 12-13\" data-description=\"Im Bestand, Wirklich, Realiter - page 12-13\" \/><\/a>\n\t\t\t<\/dt><\/dl><br style=\"clear: both\" \/><dl class='gallery-item'>\n\t\t\t<dt class='gallery-icon landscape'>\n\t\t\t\t<a href='https:\/\/berndfischer.com\/en\/wp-content\/uploads\/sites\/3\/2019\/02\/Im-Bestand-S16-17.jpg'><img loading=\"lazy\" decoding=\"async\" width=\"335\" height=\"209\" src=\"https:\/\/berndfischer.com\/en\/wp-content\/uploads\/sites\/3\/2019\/02\/Im-Bestand-S16-17-335x209.jpg\" class=\"attachment-medium size-medium\" alt=\"Im Bestand, Wirklich, Realiter - page 16-17\" srcset=\"https:\/\/berndfischer.com\/en\/wp-content\/uploads\/sites\/3\/2019\/02\/Im-Bestand-S16-17-335x209.jpg 335w, https:\/\/berndfischer.com\/en\/wp-content\/uploads\/sites\/3\/2019\/02\/Im-Bestand-S16-17-768x479.jpg 768w, https:\/\/berndfischer.com\/en\/wp-content\/uploads\/sites\/3\/2019\/02\/Im-Bestand-S16-17-700x437.jpg 700w, https:\/\/berndfischer.com\/en\/wp-content\/uploads\/sites\/3\/2019\/02\/Im-Bestand-S16-17.jpg 1282w\" sizes=\"auto, (max-width: 335px) 100vw, 335px\" data-copyright=\"\" data-headline=\"Im Bestand, Wirklich, Realiter - page 16-17\" data-description=\"Im Bestand, Wirklich, Realiter - page 16-17\" \/><\/a>\n\t\t\t<\/dt><\/dl><dl class='gallery-item'>\n\t\t\t<dt class='gallery-icon landscape'>\n\t\t\t\t<a href='https:\/\/berndfischer.com\/en\/wp-content\/uploads\/sites\/3\/2019\/02\/Im-Bestand-S18-19.jpg'><img loading=\"lazy\" decoding=\"async\" width=\"335\" height=\"209\" src=\"https:\/\/berndfischer.com\/en\/wp-content\/uploads\/sites\/3\/2019\/02\/Im-Bestand-S18-19-335x209.jpg\" class=\"attachment-medium size-medium\" alt=\"Im Bestand, Wirklich, Realiter - page 18-19\" srcset=\"https:\/\/berndfischer.com\/en\/wp-content\/uploads\/sites\/3\/2019\/02\/Im-Bestand-S18-19-335x209.jpg 335w, https:\/\/berndfischer.com\/en\/wp-content\/uploads\/sites\/3\/2019\/02\/Im-Bestand-S18-19-768x479.jpg 768w, https:\/\/berndfischer.com\/en\/wp-content\/uploads\/sites\/3\/2019\/02\/Im-Bestand-S18-19-700x437.jpg 700w, https:\/\/berndfischer.com\/en\/wp-content\/uploads\/sites\/3\/2019\/02\/Im-Bestand-S18-19.jpg 1282w\" sizes=\"auto, (max-width: 335px) 100vw, 335px\" data-copyright=\"\" data-headline=\"Im Bestand, Wirklich, Realiter - page 18-19\" data-description=\"Im Bestand, Wirklich, Realiter - page 18-19\" \/><\/a>\n\t\t\t<\/dt><\/dl><dl class='gallery-item'>\n\t\t\t<dt class='gallery-icon landscape'>\n\t\t\t\t<a href='https:\/\/berndfischer.com\/en\/wp-content\/uploads\/sites\/3\/2019\/02\/Im-Bestand-S24-25.jpg'><img loading=\"lazy\" decoding=\"async\" width=\"335\" height=\"209\" src=\"https:\/\/berndfischer.com\/en\/wp-content\/uploads\/sites\/3\/2019\/02\/Im-Bestand-S24-25-335x209.jpg\" class=\"attachment-medium size-medium\" alt=\"Im Bestand, Wirklich, Realiter - page 24-25\" srcset=\"https:\/\/berndfischer.com\/en\/wp-content\/uploads\/sites\/3\/2019\/02\/Im-Bestand-S24-25-335x209.jpg 335w, https:\/\/berndfischer.com\/en\/wp-content\/uploads\/sites\/3\/2019\/02\/Im-Bestand-S24-25-768x479.jpg 768w, https:\/\/berndfischer.com\/en\/wp-content\/uploads\/sites\/3\/2019\/02\/Im-Bestand-S24-25-700x437.jpg 700w, https:\/\/berndfischer.com\/en\/wp-content\/uploads\/sites\/3\/2019\/02\/Im-Bestand-S24-25.jpg 1282w\" sizes=\"auto, (max-width: 335px) 100vw, 335px\" data-copyright=\"\" data-headline=\"Im Bestand, Wirklich, Realiter - page 24-25\" data-description=\"Im Bestand, Wirklich, Realiter - page 24-25\" \/><\/a>\n\t\t\t<\/dt><\/dl><br style=\"clear: both\" \/><dl class='gallery-item'>\n\t\t\t<dt class='gallery-icon landscape'>\n\t\t\t\t<a href='https:\/\/berndfischer.com\/en\/wp-content\/uploads\/sites\/3\/2019\/02\/Im-Bestand-S26-27.jpg'><img loading=\"lazy\" decoding=\"async\" width=\"335\" height=\"209\" src=\"https:\/\/berndfischer.com\/en\/wp-content\/uploads\/sites\/3\/2019\/02\/Im-Bestand-S26-27-335x209.jpg\" class=\"attachment-medium size-medium\" alt=\"Im Bestand, Wirklich, Realiter - page 26-27\" srcset=\"https:\/\/berndfischer.com\/en\/wp-content\/uploads\/sites\/3\/2019\/02\/Im-Bestand-S26-27-335x209.jpg 335w, https:\/\/berndfischer.com\/en\/wp-content\/uploads\/sites\/3\/2019\/02\/Im-Bestand-S26-27-768x479.jpg 768w, https:\/\/berndfischer.com\/en\/wp-content\/uploads\/sites\/3\/2019\/02\/Im-Bestand-S26-27-700x437.jpg 700w, https:\/\/berndfischer.com\/en\/wp-content\/uploads\/sites\/3\/2019\/02\/Im-Bestand-S26-27.jpg 1282w\" sizes=\"auto, (max-width: 335px) 100vw, 335px\" data-copyright=\"\" data-headline=\"Im Bestand, Wirklich, Realiter - page 26-27\" data-description=\"Im Bestand, Wirklich, Realiter - page 26-27\" \/><\/a>\n\t\t\t<\/dt><\/dl><dl class='gallery-item'>\n\t\t\t<dt class='gallery-icon landscape'>\n\t\t\t\t<a href='https:\/\/berndfischer.com\/en\/wp-content\/uploads\/sites\/3\/2019\/02\/Im-Bestand-S28-29.jpg'><img loading=\"lazy\" decoding=\"async\" width=\"335\" height=\"209\" src=\"https:\/\/berndfischer.com\/en\/wp-content\/uploads\/sites\/3\/2019\/02\/Im-Bestand-S28-29-335x209.jpg\" class=\"attachment-medium size-medium\" alt=\"Im Bestand, Wirklich, Realiter - page 28-29\" srcset=\"https:\/\/berndfischer.com\/en\/wp-content\/uploads\/sites\/3\/2019\/02\/Im-Bestand-S28-29-335x209.jpg 335w, https:\/\/berndfischer.com\/en\/wp-content\/uploads\/sites\/3\/2019\/02\/Im-Bestand-S28-29-768x479.jpg 768w, https:\/\/berndfischer.com\/en\/wp-content\/uploads\/sites\/3\/2019\/02\/Im-Bestand-S28-29-700x437.jpg 700w, https:\/\/berndfischer.com\/en\/wp-content\/uploads\/sites\/3\/2019\/02\/Im-Bestand-S28-29.jpg 1282w\" sizes=\"auto, (max-width: 335px) 100vw, 335px\" data-copyright=\"\" data-headline=\"Im Bestand, Wirklich, Realiter - page 28-29\" data-description=\"Im Bestand, Wirklich, Realiter - page 28-29\" \/><\/a>\n\t\t\t<\/dt><\/dl><dl class='gallery-item'>\n\t\t\t<dt class='gallery-icon landscape'>\n\t\t\t\t<a href='https:\/\/berndfischer.com\/en\/wp-content\/uploads\/sites\/3\/2019\/02\/Im-Bestand-S42-43.jpg'><img loading=\"lazy\" decoding=\"async\" width=\"335\" height=\"209\" src=\"https:\/\/berndfischer.com\/en\/wp-content\/uploads\/sites\/3\/2019\/02\/Im-Bestand-S42-43-335x209.jpg\" class=\"attachment-medium size-medium\" alt=\"Im Bestand, Wirklich, Realiter - page 42-43\" srcset=\"https:\/\/berndfischer.com\/en\/wp-content\/uploads\/sites\/3\/2019\/02\/Im-Bestand-S42-43-335x209.jpg 335w, https:\/\/berndfischer.com\/en\/wp-content\/uploads\/sites\/3\/2019\/02\/Im-Bestand-S42-43-768x479.jpg 768w, https:\/\/berndfischer.com\/en\/wp-content\/uploads\/sites\/3\/2019\/02\/Im-Bestand-S42-43-700x437.jpg 700w, https:\/\/berndfischer.com\/en\/wp-content\/uploads\/sites\/3\/2019\/02\/Im-Bestand-S42-43.jpg 1282w\" sizes=\"auto, (max-width: 335px) 100vw, 335px\" data-copyright=\"\" data-headline=\"Im Bestand, Wirklich, Realiter - page 42-43\" data-description=\"Im Bestand, Wirklich, Realiter - page 42-43\" \/><\/a>\n\t\t\t<\/dt><\/dl><br style=\"clear: both\" \/>\n\t\t<\/div>\n<\/p>\n<\/section>\n<p>Bernd Fischer, 2018<br \/>\nwebula-verlag, Offenbach\/Main<br \/>\nKatalog, Deutsch, Altgriechisch, Althebr\u00e4isch und Latein<br \/>\nFormat: 22,5 x 28 cm, 54 Seiten<br \/>\nDigitaldruck, Softcover<br \/>\nGestaltung: Max Markus Schr\u00f6der, www.dimensionale.de<br \/>\nISBN 978-3-9820128-0-3<\/p>\n<p>Preis:&nbsp;\u20ac 19,90 (D), \u20ac 20,50 (AT), sfr 28,50 (CH)<\/p>\n<section class=\"full-width\" style=\"margin-top: 20px;\"><a href=\"https:\/\/berndfischer.com\/en\/publications\/kalusho-tsororo-and-me\/\"><img loading=\"lazy\" decoding=\"async\" class=\"alignleft size-full\" src=\"https:\/\/berndfischer.com\/wp-content\/themes\/lapso\/images\/navi-button-rw.png\" alt=\"Zur\u00fcck\" width=\"35\" height=\"35\"><\/a><a href=\"https:\/\/berndfischer.com\/en\/publications\/\"><img loading=\"lazy\" decoding=\"async\" class=\"alignleft size-full\" src=\"https:\/\/berndfischer.com\/wp-content\/themes\/lapso\/images\/navi-button-up.png\" alt=\"Publikationen\" width=\"35\" height=\"35\"><\/a><a href=\"https:\/\/berndfischer.com\/publikationen\/menschen\/\"><img loading=\"lazy\" decoding=\"async\" class=\"alignleft size-full\" src=\"https:\/\/berndfischer.com\/wp-content\/themes\/lapso\/images\/navi-button-ff.png\" alt=\"Vorw\u00e4rts\" width=\"35\" height=\"35\"><\/a><\/section>\n","protected":false},"excerpt":{"rendered":"<p>Im Bestand \u2013 Wirklich, Realiter Der Katalog zeigt haupts\u00e4chlich Zeichnungen von einem Baum. Im Wald gezeichnet, zwischen dem 26. Mai 2017 und dem 29. Mai 2018. Begleitet werden die Abbildungen &#8230;<\/p>\n","protected":false},"author":1,"featured_media":0,"parent":5116,"menu_order":2,"comment_status":"closed","ping_status":"closed","template":"page-publications-sub.php","meta":{"_acf_changed":false,"footnotes":""},"class_list":["post-5152","page","type-page","status-publish","hentry"],"acf":[],"yoast_head":"<!-- This site is optimized with the Yoast SEO plugin v26.9 - https:\/\/yoast.com\/product\/yoast-seo-wordpress\/ -->\n<title>Im Bestand - Bernd Fischer EN<\/title>\n<meta name=\"robots\" content=\"index, follow, max-snippet:-1, max-image-preview:large, max-video-preview:-1\" \/>\n<link rel=\"canonical\" href=\"https:\/\/berndfischer.com\/en\/publications\/im-bestand\/\" \/>\n<meta property=\"og:locale\" content=\"en_GB\" \/>\n<meta property=\"og:type\" content=\"article\" \/>\n<meta property=\"og:title\" content=\"Im Bestand - Bernd Fischer EN\" \/>\n<meta property=\"og:description\" content=\"Im Bestand \u2013 Wirklich, Realiter Der Katalog zeigt haupts\u00e4chlich Zeichnungen von einem Baum. Im Wald gezeichnet, zwischen dem 26. Mai 2017 und dem 29. Mai 2018. Begleitet werden die Abbildungen ...\" \/>\n<meta property=\"og:url\" content=\"https:\/\/berndfischer.com\/en\/publications\/im-bestand\/\" \/>\n<meta property=\"og:site_name\" content=\"Bernd Fischer EN\" \/>\n<meta property=\"article:modified_time\" content=\"2019-02-14T14:05:24+00:00\" \/>\n<meta property=\"og:image\" content=\"https:\/\/berndfischer.com\/en\/wp-content\/uploads\/sites\/3\/2019\/02\/Im-Bestand-S04-05-335x209.jpg\" \/>\n<meta name=\"twitter:card\" content=\"summary_large_image\" \/>\n<meta name=\"twitter:label1\" content=\"Estimated reading time\" \/>\n\t<meta name=\"twitter:data1\" content=\"1 minute\" \/>\n<script type=\"application\/ld+json\" class=\"yoast-schema-graph\">{\"@context\":\"https:\/\/schema.org\",\"@graph\":[{\"@type\":\"WebPage\",\"@id\":\"https:\/\/berndfischer.com\/en\/publications\/im-bestand\/\",\"url\":\"https:\/\/berndfischer.com\/en\/publications\/im-bestand\/\",\"name\":\"Im Bestand - Bernd Fischer EN\",\"isPartOf\":{\"@id\":\"https:\/\/berndfischer.com\/en\/#website\"},\"primaryImageOfPage\":{\"@id\":\"https:\/\/berndfischer.com\/en\/publications\/im-bestand\/#primaryimage\"},\"image\":{\"@id\":\"https:\/\/berndfischer.com\/en\/publications\/im-bestand\/#primaryimage\"},\"thumbnailUrl\":\"https:\/\/berndfischer.com\/en\/wp-content\/uploads\/sites\/3\/2019\/02\/Im-Bestand_Umschlag-700x430.jpg\",\"datePublished\":\"2019-02-14T13:45:25+00:00\",\"dateModified\":\"2019-02-14T14:05:24+00:00\",\"breadcrumb\":{\"@id\":\"https:\/\/berndfischer.com\/en\/publications\/im-bestand\/#breadcrumb\"},\"inLanguage\":\"en-GB\",\"potentialAction\":[{\"@type\":\"ReadAction\",\"target\":[\"https:\/\/berndfischer.com\/en\/publications\/im-bestand\/\"]}]},{\"@type\":\"ImageObject\",\"inLanguage\":\"en-GB\",\"@id\":\"https:\/\/berndfischer.com\/en\/publications\/im-bestand\/#primaryimage\",\"url\":\"https:\/\/berndfischer.com\/en\/wp-content\/uploads\/sites\/3\/2019\/02\/Im-Bestand_Umschlag.jpg\",\"contentUrl\":\"https:\/\/berndfischer.com\/en\/wp-content\/uploads\/sites\/3\/2019\/02\/Im-Bestand_Umschlag.jpg\",\"width\":1302,\"height\":800,\"caption\":\"Im Bestand, Wirklich, Realiter - Cover\"},{\"@type\":\"BreadcrumbList\",\"@id\":\"https:\/\/berndfischer.com\/en\/publications\/im-bestand\/#breadcrumb\",\"itemListElement\":[{\"@type\":\"ListItem\",\"position\":1,\"name\":\"Home\",\"item\":\"https:\/\/berndfischer.com\/en\/\"},{\"@type\":\"ListItem\",\"position\":2,\"name\":\"Publications\",\"item\":\"https:\/\/berndfischer.com\/en\/publications\/\"},{\"@type\":\"ListItem\",\"position\":3,\"name\":\"Im Bestand\"}]},{\"@type\":\"WebSite\",\"@id\":\"https:\/\/berndfischer.com\/en\/#website\",\"url\":\"https:\/\/berndfischer.com\/en\/\",\"name\":\"Bernd Fischer EN\",\"description\":\"Painted and printed colour\",\"potentialAction\":[{\"@type\":\"SearchAction\",\"target\":{\"@type\":\"EntryPoint\",\"urlTemplate\":\"https:\/\/berndfischer.com\/en\/?s={search_term_string}\"},\"query-input\":{\"@type\":\"PropertyValueSpecification\",\"valueRequired\":true,\"valueName\":\"search_term_string\"}}],\"inLanguage\":\"en-GB\"}]}<\/script>\n<!-- \/ Yoast SEO plugin. -->","yoast_head_json":{"title":"Im Bestand - Bernd Fischer EN","robots":{"index":"index","follow":"follow","max-snippet":"max-snippet:-1","max-image-preview":"max-image-preview:large","max-video-preview":"max-video-preview:-1"},"canonical":"https:\/\/berndfischer.com\/en\/publications\/im-bestand\/","og_locale":"en_GB","og_type":"article","og_title":"Im Bestand - Bernd Fischer EN","og_description":"Im Bestand \u2013 Wirklich, Realiter Der Katalog zeigt haupts\u00e4chlich Zeichnungen von einem Baum. Im Wald gezeichnet, zwischen dem 26. Mai 2017 und dem 29. Mai 2018. Begleitet werden die Abbildungen ...","og_url":"https:\/\/berndfischer.com\/en\/publications\/im-bestand\/","og_site_name":"Bernd Fischer EN","article_modified_time":"2019-02-14T14:05:24+00:00","og_image":[{"url":"https:\/\/berndfischer.com\/en\/wp-content\/uploads\/sites\/3\/2019\/02\/Im-Bestand-S04-05-335x209.jpg","type":"","width":"","height":""}],"twitter_card":"summary_large_image","twitter_misc":{"Estimated reading time":"1 minute"},"schema":{"@context":"https:\/\/schema.org","@graph":[{"@type":"WebPage","@id":"https:\/\/berndfischer.com\/en\/publications\/im-bestand\/","url":"https:\/\/berndfischer.com\/en\/publications\/im-bestand\/","name":"Im Bestand - Bernd Fischer EN","isPartOf":{"@id":"https:\/\/berndfischer.com\/en\/#website"},"primaryImageOfPage":{"@id":"https:\/\/berndfischer.com\/en\/publications\/im-bestand\/#primaryimage"},"image":{"@id":"https:\/\/berndfischer.com\/en\/publications\/im-bestand\/#primaryimage"},"thumbnailUrl":"https:\/\/berndfischer.com\/en\/wp-content\/uploads\/sites\/3\/2019\/02\/Im-Bestand_Umschlag-700x430.jpg","datePublished":"2019-02-14T13:45:25+00:00","dateModified":"2019-02-14T14:05:24+00:00","breadcrumb":{"@id":"https:\/\/berndfischer.com\/en\/publications\/im-bestand\/#breadcrumb"},"inLanguage":"en-GB","potentialAction":[{"@type":"ReadAction","target":["https:\/\/berndfischer.com\/en\/publications\/im-bestand\/"]}]},{"@type":"ImageObject","inLanguage":"en-GB","@id":"https:\/\/berndfischer.com\/en\/publications\/im-bestand\/#primaryimage","url":"https:\/\/berndfischer.com\/en\/wp-content\/uploads\/sites\/3\/2019\/02\/Im-Bestand_Umschlag.jpg","contentUrl":"https:\/\/berndfischer.com\/en\/wp-content\/uploads\/sites\/3\/2019\/02\/Im-Bestand_Umschlag.jpg","width":1302,"height":800,"caption":"Im Bestand, Wirklich, Realiter - Cover"},{"@type":"BreadcrumbList","@id":"https:\/\/berndfischer.com\/en\/publications\/im-bestand\/#breadcrumb","itemListElement":[{"@type":"ListItem","position":1,"name":"Home","item":"https:\/\/berndfischer.com\/en\/"},{"@type":"ListItem","position":2,"name":"Publications","item":"https:\/\/berndfischer.com\/en\/publications\/"},{"@type":"ListItem","position":3,"name":"Im Bestand"}]},{"@type":"WebSite","@id":"https:\/\/berndfischer.com\/en\/#website","url":"https:\/\/berndfischer.com\/en\/","name":"Bernd Fischer EN","description":"Painted and printed colour","potentialAction":[{"@type":"SearchAction","target":{"@type":"EntryPoint","urlTemplate":"https:\/\/berndfischer.com\/en\/?s={search_term_string}"},"query-input":{"@type":"PropertyValueSpecification","valueRequired":true,"valueName":"search_term_string"}}],"inLanguage":"en-GB"}]}},"_links":{"self":[{"href":"https:\/\/berndfischer.com\/en\/wp-json\/wp\/v2\/pages\/5152","targetHints":{"allow":["GET"]}}],"collection":[{"href":"https:\/\/berndfischer.com\/en\/wp-json\/wp\/v2\/pages"}],"about":[{"href":"https:\/\/berndfischer.com\/en\/wp-json\/wp\/v2\/types\/page"}],"author":[{"embeddable":true,"href":"https:\/\/berndfischer.com\/en\/wp-json\/wp\/v2\/users\/1"}],"replies":[{"embeddable":true,"href":"https:\/\/berndfischer.com\/en\/wp-json\/wp\/v2\/comments?post=5152"}],"version-history":[{"count":4,"href":"https:\/\/berndfischer.com\/en\/wp-json\/wp\/v2\/pages\/5152\/revisions"}],"predecessor-version":[{"id":5173,"href":"https:\/\/berndfischer.com\/en\/wp-json\/wp\/v2\/pages\/5152\/revisions\/5173"}],"up":[{"embeddable":true,"href":"https:\/\/berndfischer.com\/en\/wp-json\/wp\/v2\/pages\/5116"}],"wp:attachment":[{"href":"https:\/\/berndfischer.com\/en\/wp-json\/wp\/v2\/media?parent=5152"}],"curies":[{"name":"wp","href":"https:\/\/api.w.org\/{rel}","templated":true}]}}