{"id":5215,"date":"2019-02-18T11:03:59","date_gmt":"2019-02-18T10:04:00","guid":{"rendered":"https:\/\/berndfischer.com\/en\/publications\/stories-without-words-copy\/"},"modified":"2019-02-19T09:13:25","modified_gmt":"2019-02-19T08:13:25","slug":"differentiated-touches","status":"publish","type":"page","link":"https:\/\/berndfischer.com\/en\/publications\/differentiated-touches\/","title":{"rendered":"Differentiated touches"},"content":{"rendered":"<section class=\"full-width\" style=\"margin-top: 15px;\">\n<h1>Differenzierte Ber\u00fchrung (Differentiated touches)<\/h1>\n<p><strong><a href=\"https:\/\/berndfischer.com\/wp-content\/uploads\/2019\/02\/DifBer-01.jpg\"><img loading=\"lazy\" decoding=\"async\" class=\"alignleft size-large wp-image-7650\" src=\"https:\/\/berndfischer.com\/wp-content\/uploads\/2019\/02\/DifBer-01-700x500.jpg\" alt=\"Differenzierte Ber\u00fchrung Umschlag\" width=\"700\" height=\"500\"><\/a><\/strong><br \/>\nDer Ausstellungskatalog Differenzierte Ber\u00fchrung zeigt die Ausstellung im Frankfurter Dominikanerkloster, so wie sie zu sehen gewesen ist.&nbsp;Die abgebildeten Arbeiten ber\u00fchren die Illusion, den K\u00f6rper und den Raum.&nbsp;Eine vergr\u00f6\u00dferte Fotografie bzw. eine in ein Negativ umgekehrte Montage aus Detailvergr\u00f6\u00dferungen von einem Foto sind aufgedruckt auf Farben, die \u00fcber die ganze Tafel oder Teile von ihr gemalt sind. Die Form des Bildk\u00f6rpers und Formen der gemalten und gedruckten Fl\u00e4chen bilden eine Einheit, welche die jeweiligen Umgebungen einbeziehen, in denen die Bilder aufgeh\u00e4ngt sind.<\/p>\n<\/section>\n<section class=\"full-width\">\n\t\t<style type=\"text\/css\">\n\t\t\t#gallery-1 {\n\t\t\t\tmargin: auto;\n\t\t\t}\n\t\t\t#gallery-1 .gallery-item {\n\t\t\t\tfloat: left;\n\t\t\t\tmargin-top: 10px;\n\t\t\t\ttext-align: center;\n\t\t\t\twidth: 33%;\n\t\t\t}\n\t\t\t#gallery-1 img {\n\t\t\t\tborder: 2px solid #cfcfcf;\n\t\t\t}\n\t\t\t#gallery-1 .gallery-caption {\n\t\t\t\tmargin-left: 0;\n\t\t\t}\n\t\t\t\/* see gallery_shortcode() in wp-includes\/media.php *\/\n\t\t<\/style>\n\t\t<div id='gallery-1' class='gallery galleryid-5215 gallery-columns-3 gallery-size-medium'><dl class='gallery-item'>\n\t\t\t<dt class='gallery-icon landscape'>\n\t\t\t\t<a href='https:\/\/berndfischer.com\/en\/wp-content\/uploads\/sites\/3\/2019\/02\/DifBer-01.jpg'><img loading=\"lazy\" decoding=\"async\" width=\"335\" height=\"240\" src=\"https:\/\/berndfischer.com\/en\/wp-content\/uploads\/sites\/3\/2019\/02\/DifBer-01-335x240.jpg\" class=\"attachment-medium size-medium\" alt=\"Differenzierte Ber\u00fchrungen, Bernd Fischer\" srcset=\"https:\/\/berndfischer.com\/en\/wp-content\/uploads\/sites\/3\/2019\/02\/DifBer-01-335x240.jpg 335w, https:\/\/berndfischer.com\/en\/wp-content\/uploads\/sites\/3\/2019\/02\/DifBer-01-768x549.jpg 768w, https:\/\/berndfischer.com\/en\/wp-content\/uploads\/sites\/3\/2019\/02\/DifBer-01-700x501.jpg 700w, https:\/\/berndfischer.com\/en\/wp-content\/uploads\/sites\/3\/2019\/02\/DifBer-01.jpg 1116w\" sizes=\"auto, (max-width: 335px) 100vw, 335px\" data-copyright=\"\" data-headline=\"Differenzierte Ber\u00fchrungen, Bernd Fischer\" data-description=\"Differenzierte Ber\u00fchrungen, Bernd Fischer\" \/><\/a>\n\t\t\t<\/dt><\/dl><dl class='gallery-item'>\n\t\t\t<dt class='gallery-icon landscape'>\n\t\t\t\t<a href='https:\/\/berndfischer.com\/en\/wp-content\/uploads\/sites\/3\/2019\/02\/DifBer-02.jpg'><img loading=\"lazy\" decoding=\"async\" width=\"335\" height=\"240\" src=\"https:\/\/berndfischer.com\/en\/wp-content\/uploads\/sites\/3\/2019\/02\/DifBer-02-335x240.jpg\" class=\"attachment-medium size-medium\" alt=\"Differenzierte Ber\u00fchrungen, Bernd Fischer\" srcset=\"https:\/\/berndfischer.com\/en\/wp-content\/uploads\/sites\/3\/2019\/02\/DifBer-02-335x240.jpg 335w, https:\/\/berndfischer.com\/en\/wp-content\/uploads\/sites\/3\/2019\/02\/DifBer-02-768x549.jpg 768w, https:\/\/berndfischer.com\/en\/wp-content\/uploads\/sites\/3\/2019\/02\/DifBer-02-700x501.jpg 700w, https:\/\/berndfischer.com\/en\/wp-content\/uploads\/sites\/3\/2019\/02\/DifBer-02.jpg 1116w\" sizes=\"auto, (max-width: 335px) 100vw, 335px\" data-copyright=\"\" data-headline=\"Differenzierte Ber\u00fchrungen, Bernd Fischer\" data-description=\"Differenzierte Ber\u00fchrungen, Bernd Fischer\" \/><\/a>\n\t\t\t<\/dt><\/dl><dl class='gallery-item'>\n\t\t\t<dt class='gallery-icon landscape'>\n\t\t\t\t<a href='https:\/\/berndfischer.com\/en\/wp-content\/uploads\/sites\/3\/2019\/02\/DifBer-03.jpg'><img loading=\"lazy\" decoding=\"async\" width=\"335\" height=\"240\" src=\"https:\/\/berndfischer.com\/en\/wp-content\/uploads\/sites\/3\/2019\/02\/DifBer-03-335x240.jpg\" class=\"attachment-medium size-medium\" alt=\"Differenzierte Ber\u00fchrungen, Bernd Fischer\" srcset=\"https:\/\/berndfischer.com\/en\/wp-content\/uploads\/sites\/3\/2019\/02\/DifBer-03-335x240.jpg 335w, https:\/\/berndfischer.com\/en\/wp-content\/uploads\/sites\/3\/2019\/02\/DifBer-03-768x549.jpg 768w, https:\/\/berndfischer.com\/en\/wp-content\/uploads\/sites\/3\/2019\/02\/DifBer-03-700x501.jpg 700w, https:\/\/berndfischer.com\/en\/wp-content\/uploads\/sites\/3\/2019\/02\/DifBer-03.jpg 1116w\" sizes=\"auto, (max-width: 335px) 100vw, 335px\" data-copyright=\"\" data-headline=\"Differenzierte Ber\u00fchrungen, Bernd Fischer\" data-description=\"Differenzierte Ber\u00fchrungen, Bernd Fischer\" \/><\/a>\n\t\t\t<\/dt><\/dl><br style=\"clear: both\" \/><dl class='gallery-item'>\n\t\t\t<dt class='gallery-icon landscape'>\n\t\t\t\t<a href='https:\/\/berndfischer.com\/en\/wp-content\/uploads\/sites\/3\/2019\/02\/DifBer-04.jpg'><img loading=\"lazy\" decoding=\"async\" width=\"335\" height=\"240\" src=\"https:\/\/berndfischer.com\/en\/wp-content\/uploads\/sites\/3\/2019\/02\/DifBer-04-335x240.jpg\" class=\"attachment-medium size-medium\" alt=\"Differenzierte Ber\u00fchrungen, Bernd Fischer\" srcset=\"https:\/\/berndfischer.com\/en\/wp-content\/uploads\/sites\/3\/2019\/02\/DifBer-04-335x240.jpg 335w, https:\/\/berndfischer.com\/en\/wp-content\/uploads\/sites\/3\/2019\/02\/DifBer-04-768x549.jpg 768w, https:\/\/berndfischer.com\/en\/wp-content\/uploads\/sites\/3\/2019\/02\/DifBer-04-700x501.jpg 700w, https:\/\/berndfischer.com\/en\/wp-content\/uploads\/sites\/3\/2019\/02\/DifBer-04.jpg 1116w\" sizes=\"auto, (max-width: 335px) 100vw, 335px\" data-copyright=\"\" data-headline=\"Differenzierte Ber\u00fchrungen, Bernd Fischer\" data-description=\"Differenzierte Ber\u00fchrungen, Bernd Fischer\" \/><\/a>\n\t\t\t<\/dt><\/dl><dl class='gallery-item'>\n\t\t\t<dt class='gallery-icon landscape'>\n\t\t\t\t<a href='https:\/\/berndfischer.com\/en\/wp-content\/uploads\/sites\/3\/2019\/02\/DifBer-05.jpg'><img loading=\"lazy\" decoding=\"async\" width=\"335\" height=\"240\" src=\"https:\/\/berndfischer.com\/en\/wp-content\/uploads\/sites\/3\/2019\/02\/DifBer-05-335x240.jpg\" class=\"attachment-medium size-medium\" alt=\"Differenzierte Ber\u00fchrungen, Bernd Fischer\" srcset=\"https:\/\/berndfischer.com\/en\/wp-content\/uploads\/sites\/3\/2019\/02\/DifBer-05-335x240.jpg 335w, https:\/\/berndfischer.com\/en\/wp-content\/uploads\/sites\/3\/2019\/02\/DifBer-05-768x549.jpg 768w, https:\/\/berndfischer.com\/en\/wp-content\/uploads\/sites\/3\/2019\/02\/DifBer-05-700x501.jpg 700w, https:\/\/berndfischer.com\/en\/wp-content\/uploads\/sites\/3\/2019\/02\/DifBer-05.jpg 1116w\" sizes=\"auto, (max-width: 335px) 100vw, 335px\" data-copyright=\"\" data-headline=\"Differenzierte Ber\u00fchrungen, Bernd Fischer\" data-description=\"Differenzierte Ber\u00fchrungen, Bernd Fischer\" \/><\/a>\n\t\t\t<\/dt><\/dl>\n\t\t\t<br style='clear: both' \/>\n\t\t<\/div>\n<\/p>\n<\/section>\n<section class=\"full-width\" style=\"margin-top: 5px;\">Differenzierte Ber\u00fchrung<br \/>\nBernd Fischer, 1990<br \/>\nFrankfurt\/Main, Ev. Regionalverband Frankfurt\/Main<br \/>\nAusstellungskatalog<br \/>\n9 Schwarz-Wei\u00df-Abbildungen<br \/>\nFormat: 29,7 x 21 cm, 8 Seiten<br \/>\nOffsetdruck, Softcover<\/section>\n<section class=\"full-width\" style=\"margin-top: 20px;\"><a href=\"https:\/\/berndfischer.com\/en\/publications\/stories-without-words\/\"><img loading=\"lazy\" decoding=\"async\" class=\"alignleft size-full\" src=\"https:\/\/berndfischer.com\/wp-content\/themes\/lapso\/images\/navi-button-rw.png\" alt=\"Zur\u00fcck\" width=\"35\" height=\"35\"><\/a><a href=\"https:\/\/berndfischer.com\/en\/publications\/\"><img loading=\"lazy\" decoding=\"async\" class=\"alignleft size-full\" src=\"https:\/\/berndfischer.com\/wp-content\/themes\/lapso\/images\/navi-button-up.png\" alt=\"Publications\" width=\"35\" height=\"35\"><\/a><a href=\"https:\/\/berndfischer.com\/en\/publications\/asynchronous-movements\/\"><img loading=\"lazy\" decoding=\"async\" class=\"alignleft size-full\" src=\"https:\/\/berndfischer.com\/wp-content\/themes\/lapso\/images\/navi-button-ff.png\" alt=\"Vorw\u00e4rts\" width=\"35\" height=\"35\"><\/a><\/section>\n","protected":false},"excerpt":{"rendered":"<p>Differenzierte Ber\u00fchrung (Differentiated touches) Der Ausstellungskatalog Differenzierte Ber\u00fchrung zeigt die Ausstellung im Frankfurter Dominikanerkloster, so wie sie zu sehen gewesen ist.&nbsp;Die abgebildeten Arbeiten ber\u00fchren die Illusion, den K\u00f6rper und den &#8230;<\/p>\n","protected":false},"author":1,"featured_media":0,"parent":5116,"menu_order":5,"comment_status":"closed","ping_status":"closed","template":"page-publications-sub.php","meta":{"_acf_changed":false,"footnotes":""},"class_list":["post-5215","page","type-page","status-publish","hentry"],"acf":[],"yoast_head":"<!-- This site is optimized with the Yoast SEO plugin v26.9 - https:\/\/yoast.com\/product\/yoast-seo-wordpress\/ -->\n<title>Differentiated touches - Bernd Fischer EN<\/title>\n<meta name=\"robots\" content=\"index, follow, max-snippet:-1, max-image-preview:large, max-video-preview:-1\" \/>\n<link rel=\"canonical\" href=\"https:\/\/berndfischer.com\/en\/publications\/differentiated-touches\/\" \/>\n<meta property=\"og:locale\" content=\"en_GB\" \/>\n<meta property=\"og:type\" content=\"article\" \/>\n<meta property=\"og:title\" content=\"Differentiated touches - Bernd Fischer EN\" \/>\n<meta property=\"og:description\" content=\"Differenzierte Ber\u00fchrung (Differentiated touches) Der Ausstellungskatalog Differenzierte Ber\u00fchrung zeigt die Ausstellung im Frankfurter Dominikanerkloster, so wie sie zu sehen gewesen ist.&nbsp;Die abgebildeten Arbeiten ber\u00fchren die Illusion, den K\u00f6rper und den ...\" \/>\n<meta property=\"og:url\" content=\"https:\/\/berndfischer.com\/en\/publications\/differentiated-touches\/\" \/>\n<meta property=\"og:site_name\" content=\"Bernd Fischer EN\" \/>\n<meta property=\"article:modified_time\" content=\"2019-02-19T08:13:25+00:00\" \/>\n<meta property=\"og:image\" content=\"https:\/\/berndfischer.com\/en\/wp-content\/uploads\/sites\/3\/2019\/02\/DifBer-01-335x240.jpg\" \/>\n<meta name=\"twitter:card\" content=\"summary_large_image\" \/>\n<meta name=\"twitter:label1\" content=\"Estimated reading time\" \/>\n\t<meta name=\"twitter:data1\" content=\"1 minute\" \/>\n<script type=\"application\/ld+json\" class=\"yoast-schema-graph\">{\"@context\":\"https:\/\/schema.org\",\"@graph\":[{\"@type\":\"WebPage\",\"@id\":\"https:\/\/berndfischer.com\/en\/publications\/differentiated-touches\/\",\"url\":\"https:\/\/berndfischer.com\/en\/publications\/differentiated-touches\/\",\"name\":\"Differentiated touches - Bernd Fischer EN\",\"isPartOf\":{\"@id\":\"https:\/\/berndfischer.com\/en\/#website\"},\"primaryImageOfPage\":{\"@id\":\"https:\/\/berndfischer.com\/en\/publications\/differentiated-touches\/#primaryimage\"},\"image\":{\"@id\":\"https:\/\/berndfischer.com\/en\/publications\/differentiated-touches\/#primaryimage\"},\"thumbnailUrl\":\"https:\/\/berndfischer.com\/wp-content\/uploads\/2019\/02\/DifBer-01-700x500.jpg\",\"datePublished\":\"2019-02-18T10:04:00+00:00\",\"dateModified\":\"2019-02-19T08:13:25+00:00\",\"breadcrumb\":{\"@id\":\"https:\/\/berndfischer.com\/en\/publications\/differentiated-touches\/#breadcrumb\"},\"inLanguage\":\"en-GB\",\"potentialAction\":[{\"@type\":\"ReadAction\",\"target\":[\"https:\/\/berndfischer.com\/en\/publications\/differentiated-touches\/\"]}]},{\"@type\":\"ImageObject\",\"inLanguage\":\"en-GB\",\"@id\":\"https:\/\/berndfischer.com\/en\/publications\/differentiated-touches\/#primaryimage\",\"url\":\"https:\/\/berndfischer.com\/wp-content\/uploads\/2019\/02\/DifBer-01-700x500.jpg\",\"contentUrl\":\"https:\/\/berndfischer.com\/wp-content\/uploads\/2019\/02\/DifBer-01-700x500.jpg\"},{\"@type\":\"BreadcrumbList\",\"@id\":\"https:\/\/berndfischer.com\/en\/publications\/differentiated-touches\/#breadcrumb\",\"itemListElement\":[{\"@type\":\"ListItem\",\"position\":1,\"name\":\"Home\",\"item\":\"https:\/\/berndfischer.com\/en\/\"},{\"@type\":\"ListItem\",\"position\":2,\"name\":\"Publications\",\"item\":\"https:\/\/berndfischer.com\/en\/publications\/\"},{\"@type\":\"ListItem\",\"position\":3,\"name\":\"Differentiated touches\"}]},{\"@type\":\"WebSite\",\"@id\":\"https:\/\/berndfischer.com\/en\/#website\",\"url\":\"https:\/\/berndfischer.com\/en\/\",\"name\":\"Bernd Fischer EN\",\"description\":\"Painted and printed colour\",\"potentialAction\":[{\"@type\":\"SearchAction\",\"target\":{\"@type\":\"EntryPoint\",\"urlTemplate\":\"https:\/\/berndfischer.com\/en\/?s={search_term_string}\"},\"query-input\":{\"@type\":\"PropertyValueSpecification\",\"valueRequired\":true,\"valueName\":\"search_term_string\"}}],\"inLanguage\":\"en-GB\"}]}<\/script>\n<!-- \/ Yoast SEO plugin. -->","yoast_head_json":{"title":"Differentiated touches - Bernd Fischer EN","robots":{"index":"index","follow":"follow","max-snippet":"max-snippet:-1","max-image-preview":"max-image-preview:large","max-video-preview":"max-video-preview:-1"},"canonical":"https:\/\/berndfischer.com\/en\/publications\/differentiated-touches\/","og_locale":"en_GB","og_type":"article","og_title":"Differentiated touches - Bernd Fischer EN","og_description":"Differenzierte Ber\u00fchrung (Differentiated touches) Der Ausstellungskatalog Differenzierte Ber\u00fchrung zeigt die Ausstellung im Frankfurter Dominikanerkloster, so wie sie zu sehen gewesen ist.&nbsp;Die abgebildeten Arbeiten ber\u00fchren die Illusion, den K\u00f6rper und den ...","og_url":"https:\/\/berndfischer.com\/en\/publications\/differentiated-touches\/","og_site_name":"Bernd Fischer EN","article_modified_time":"2019-02-19T08:13:25+00:00","og_image":[{"url":"https:\/\/berndfischer.com\/en\/wp-content\/uploads\/sites\/3\/2019\/02\/DifBer-01-335x240.jpg","type":"","width":"","height":""}],"twitter_card":"summary_large_image","twitter_misc":{"Estimated reading time":"1 minute"},"schema":{"@context":"https:\/\/schema.org","@graph":[{"@type":"WebPage","@id":"https:\/\/berndfischer.com\/en\/publications\/differentiated-touches\/","url":"https:\/\/berndfischer.com\/en\/publications\/differentiated-touches\/","name":"Differentiated touches - Bernd Fischer EN","isPartOf":{"@id":"https:\/\/berndfischer.com\/en\/#website"},"primaryImageOfPage":{"@id":"https:\/\/berndfischer.com\/en\/publications\/differentiated-touches\/#primaryimage"},"image":{"@id":"https:\/\/berndfischer.com\/en\/publications\/differentiated-touches\/#primaryimage"},"thumbnailUrl":"https:\/\/berndfischer.com\/wp-content\/uploads\/2019\/02\/DifBer-01-700x500.jpg","datePublished":"2019-02-18T10:04:00+00:00","dateModified":"2019-02-19T08:13:25+00:00","breadcrumb":{"@id":"https:\/\/berndfischer.com\/en\/publications\/differentiated-touches\/#breadcrumb"},"inLanguage":"en-GB","potentialAction":[{"@type":"ReadAction","target":["https:\/\/berndfischer.com\/en\/publications\/differentiated-touches\/"]}]},{"@type":"ImageObject","inLanguage":"en-GB","@id":"https:\/\/berndfischer.com\/en\/publications\/differentiated-touches\/#primaryimage","url":"https:\/\/berndfischer.com\/wp-content\/uploads\/2019\/02\/DifBer-01-700x500.jpg","contentUrl":"https:\/\/berndfischer.com\/wp-content\/uploads\/2019\/02\/DifBer-01-700x500.jpg"},{"@type":"BreadcrumbList","@id":"https:\/\/berndfischer.com\/en\/publications\/differentiated-touches\/#breadcrumb","itemListElement":[{"@type":"ListItem","position":1,"name":"Home","item":"https:\/\/berndfischer.com\/en\/"},{"@type":"ListItem","position":2,"name":"Publications","item":"https:\/\/berndfischer.com\/en\/publications\/"},{"@type":"ListItem","position":3,"name":"Differentiated touches"}]},{"@type":"WebSite","@id":"https:\/\/berndfischer.com\/en\/#website","url":"https:\/\/berndfischer.com\/en\/","name":"Bernd Fischer EN","description":"Painted and printed colour","potentialAction":[{"@type":"SearchAction","target":{"@type":"EntryPoint","urlTemplate":"https:\/\/berndfischer.com\/en\/?s={search_term_string}"},"query-input":{"@type":"PropertyValueSpecification","valueRequired":true,"valueName":"search_term_string"}}],"inLanguage":"en-GB"}]}},"_links":{"self":[{"href":"https:\/\/berndfischer.com\/en\/wp-json\/wp\/v2\/pages\/5215","targetHints":{"allow":["GET"]}}],"collection":[{"href":"https:\/\/berndfischer.com\/en\/wp-json\/wp\/v2\/pages"}],"about":[{"href":"https:\/\/berndfischer.com\/en\/wp-json\/wp\/v2\/types\/page"}],"author":[{"embeddable":true,"href":"https:\/\/berndfischer.com\/en\/wp-json\/wp\/v2\/users\/1"}],"replies":[{"embeddable":true,"href":"https:\/\/berndfischer.com\/en\/wp-json\/wp\/v2\/comments?post=5215"}],"version-history":[{"count":6,"href":"https:\/\/berndfischer.com\/en\/wp-json\/wp\/v2\/pages\/5215\/revisions"}],"predecessor-version":[{"id":5299,"href":"https:\/\/berndfischer.com\/en\/wp-json\/wp\/v2\/pages\/5215\/revisions\/5299"}],"up":[{"embeddable":true,"href":"https:\/\/berndfischer.com\/en\/wp-json\/wp\/v2\/pages\/5116"}],"wp:attachment":[{"href":"https:\/\/berndfischer.com\/en\/wp-json\/wp\/v2\/media?parent=5215"}],"curies":[{"name":"wp","href":"https:\/\/api.w.org\/{rel}","templated":true}]}}