{"id":55,"date":"2015-07-19T12:21:28","date_gmt":"2015-07-19T10:21:28","guid":{"rendered":"https:\/\/berndfischer.com\/?page_id=55"},"modified":"2019-11-14T16:44:26","modified_gmt":"2019-11-14T15:44:26","slug":"design-jobs","status":"publish","type":"page","link":"https:\/\/berndfischer.com\/en\/references\/design-jobs\/","title":{"rendered":"Design jobs"},"content":{"rendered":"<div id=\"col-left-360\" style=\"padding-top: 60px;\"><div id=\"new-royalslider-45\" class=\"royalSlider new-royalslider-45 rsMinW rsContentSlider\" style=\"width:360px;height:350px;;\" data-rs-options='{&quot;template&quot;:&quot;default&quot;,&quot;image_generation&quot;:{&quot;imageWidth&quot;:360,&quot;imageHeight&quot;:240,&quot;thumbImageWidth&quot;:&quot;&quot;,&quot;thumbImageHeight&quot;:&quot;&quot;},&quot;thumbs&quot;:{&quot;thumbWidth&quot;:96,&quot;thumbHeight&quot;:72},&quot;autoPlay&quot;:{&quot;enabled&quot;:&quot;true&quot;,&quot;delay&quot;:4000,&quot;stopAtAction&quot;:&quot;false&quot;},&quot;fullscreen&quot;:{&quot;nativeFS&quot;:&quot;true&quot;},&quot;deeplinking&quot;:{&quot;change&quot;:&quot;true&quot;,&quot;prefix&quot;:&quot;rasterweiten-1&quot;},&quot;block&quot;:{&quot;fadeEffect&quot;:&quot;false&quot;,&quot;moveOffset&quot;:20,&quot;speed&quot;:400,&quot;delay&quot;:200},&quot;width&quot;:&quot;360px&quot;,&quot;height&quot;:&quot;350px&quot;,&quot;autoScaleSliderWidth&quot;:560,&quot;autoScaleSliderHeight&quot;:700,&quot;imageScaleMode&quot;:&quot;fit&quot;,&quot;imageScalePadding&quot;:0,&quot;controlNavigation&quot;:&quot;none&quot;,&quot;arrowsNav&quot;:&quot;false&quot;,&quot;arrowsNavAutoHide&quot;:&quot;false&quot;,&quot;arrowsNavHideOnTouch&quot;:&quot;true&quot;,&quot;globalCaptionInside&quot;:&quot;true&quot;,&quot;transitionType&quot;:&quot;fade&quot;,&quot;transitionSpeed&quot;:700,&quot;loop&quot;:&quot;true&quot;,&quot;keyboardNavEnabled&quot;:&quot;true&quot;,&quot;fadeinLoadedSlide&quot;:&quot;false&quot;,&quot;controlsInside&quot;:&quot;false&quot;,&quot;allowCSS3&quot;:&quot;false&quot;}'>\n<div class=\"rsSlideRoot\">\n  <img decoding=\"async\" class=\"rsImg\" src=\"https:\/\/berndfischer.com\/en\/wp-content\/uploads\/sites\/3\/2015\/09\/Bernd-Fischer-Auftragsarbeiten_-Glasfries-Kreissparkasse-Starnberg-360x240.jpg\" alt=\"Glass fries for the meeting room\"\/>\n  \n  \n  <h3>Glass fries for the meeting room<\/h3>\n  <p>2008, ceramic paint on clear glass<\/br>\r\n<a href=\"https:\/\/berndfischer.com\/en\/commissioned-works\/architecture-related-works\/glass-fries-for-the-meeting-room-at-the-central-office\/\">\u00bb view<\/a><\/p>\n  \n<\/div>\n<div class=\"rsSlideRoot\">\n  <img decoding=\"async\" class=\"rsImg\" src=\"https:\/\/berndfischer.com\/en\/wp-content\/uploads\/sites\/3\/2015\/09\/Bernd-Fischer-Auftragsarbeiten-Hufeland-Haus-360x240.jpg\" alt=\"Glass painting for the chapel in Hufelandhaus\"\/>\n  \n  \n  <h3>Glass painting for the chapel in Hufelandhaus<\/h3>\n  <p>2010, highly light-resistant enamel colors on clear glass<\/br>\r\n<a href=\"https:\/\/berndfischer.com\/en\/commissioned-works\/architecture-related-works\/glass-painting-for-the-chapel-in-hufelandhaus\/\">\u00bbview<\/a><\/p>\n  \n<\/div>\n<div class=\"rsSlideRoot\">\n  <img decoding=\"async\" class=\"rsImg\" src=\"https:\/\/berndfischer.com\/en\/wp-content\/uploads\/sites\/3\/2015\/09\/Bernd-Fischer-Auftragsarbeiten_Investorpreis-360x240.jpg\" alt=\"Sculpture for the Award for Innovative Personnel\"\/>\n  \n  \n  <h3>Sculpture for the Award for Innovative Personnel<\/h3>\n  <p>2012, metal<\/br>\r\n<a href=\"https:\/\/berndfischer.com\/en\/commissioned-works\/artworks-to-award-outstanding-achievement\/sculpture-for-the-award-for-innovative-personnel\/\">\u00bb view<\/a><\/p>\n  \n<\/div>\n<div class=\"rsSlideRoot\">\n  <img decoding=\"async\" class=\"rsImg\" src=\"https:\/\/berndfischer.com\/en\/wp-content\/uploads\/sites\/3\/2015\/09\/Bernd-Fischer-Auftragsarbeiten_2009-Alte-Oper-360x240.jpg\" alt=\"The sculpture of the first Innovation Award world wide\"\/>\n  \n  \n  <h3>The sculpture of the first Innovation Award world wide<\/h3>\n  <p>1979,  engraved carrier plate made of brushed stainless steel, with added fine-ground steel elements<\/br>\r\n<a href=\"https:\/\/berndfischer.com\/en\/commissioned-works\/artworks-to-award-outstanding-achievement\/the-sculpture-of-the-first-innovation-award-world-wide\/\">\u00bb view<\/a><\/p>\n  \n<\/div>\n<div class=\"rsSlideRoot\">\n  <img decoding=\"async\" class=\"rsImg\" src=\"https:\/\/berndfischer.com\/en\/wp-content\/uploads\/sites\/3\/2015\/09\/Bernd-Fischer-Auftragsarbeiten_Preise-2-360x240.jpg\" alt=\"German Job Investor Award\"\/>\n  \n  \n  <h3>German Job Investor Award<\/h3>\n  <p>1997 and 2009, screen print on aluminum<\/br>\r\n<a href=\"https:\/\/berndfischer.com\/en\/commissioned-works\/artworks-to-award-outstanding-achievement\/german-job-investor-award\/\">\u00bb view<\/a><\/p>\n  \n<\/div>\n<div class=\"rsSlideRoot\">\n  <img decoding=\"async\" class=\"rsImg\" src=\"https:\/\/berndfischer.com\/en\/wp-content\/uploads\/sites\/3\/2015\/09\/Bernd-Fischer-AuftragsarbeitenSankt-Peter-360x240.jpg\" alt=\"Chapel room Saint Peter Youth Culture Church\"\/>\n  \n  \n  <h3>Chapel room Saint Peter Youth Culture Church<\/h3>\n  <p>2007, Interior design<\/br>\r\n<a href=\"https:\/\/berndfischer.com\/en\/commissioned-works\/sacral-interior-design-and-objects\/chapel-room-saint-peter-youth-culture-church\/\">\u00bb view<\/a><\/p>\n  \n<\/div>\n<div class=\"rsSlideRoot\">\n  <img decoding=\"async\" class=\"rsImg\" src=\"https:\/\/berndfischer.com\/en\/wp-content\/uploads\/sites\/3\/2015\/09\/Bernd-Fischer-Auftragsarbeiten_Attika-Dobergmuseum-360x240.jpg\" alt=\"Glass painting for the parapet Doberg Museum in B\u00fcnde\"\/>\n  \n  \n  <h3>Glass painting for the parapet Doberg Museum in B\u00fcnde<\/h3>\n  <p>2011, ceramic colors on safety glass<\/br>\r\n<a href=\"https:\/\/berndfischer.com\/en\/commissioned-works\/architecture-related-works\/glass-painting-for-the-parapet-doberg-museum-in-bunde\/\">\u00bb view<\/a><\/p>\n  \n<\/div>\n<div class=\"rsSlideRoot\">\n  <img decoding=\"async\" class=\"rsImg\" src=\"https:\/\/berndfischer.com\/en\/wp-content\/uploads\/sites\/3\/2015\/09\/Bernd-Fischer-Auftragsarbeiten_Glasschiebewand-360x240.jpg\" alt=\"Sliding glass wall for a conference room\"\/>\n  \n  \n  <h3>Sliding glass wall for a conference room<\/h3>\n  <p>2004, ceramic colors on safety glass panels<\/br>\r\n<a href=\"https:\/\/berndfischer.com\/en\/commissioned-works\/architecture-related-works\/sliding-glass-wall-for-a-conference-room\/\">\u00bb view<\/a><\/p>\n  \n<\/div>\n<div class=\"rsSlideRoot\">\n  <img decoding=\"async\" class=\"rsImg\" src=\"https:\/\/berndfischer.com\/en\/wp-content\/uploads\/sites\/3\/2015\/09\/Bernd-Fischer-Auftragsarbeiten_Philanthropin-360x240.jpg\" alt=\"Memorial Plaque, Philanthropin\"\/>\n  \n  \n  <h3>Memorial Plaque, Philanthropin<\/h3>\n  <p>2013, ceramic colors on safety glass<\/br>\r\n<a href=\"https:\/\/berndfischer.com\/en\/commissioned-works\/commemorative-plaques\/gedenktafel-am-philanthropin-frankfurt-am-main\/\">\u00bb view<\/a><\/p>\n  \n<\/div>\n<div class=\"rsSlideRoot\">\n  <img decoding=\"async\" class=\"rsImg\" src=\"https:\/\/berndfischer.com\/en\/wp-content\/uploads\/sites\/3\/2015\/09\/Bernd-Fischer-Auftragsarbeiten_Gedenktafel-Freudenberger-360x240.jpg\" alt=\"Memorial Plaque for Dr. Rudolf Freudenberger\"\/>\n  \n  \n  <h3>Memorial Plaque for Dr. Rudolf Freudenberger<\/h3>\n  <p>2014, Brass plaque, shaped<\/br>\r\n<a href=\"https:\/\/berndfischer.com\/en\/commissioned-works\/commemorative-plaques\/dr-rudolf-freudenberger-gedenktafel\/\">\u00bb view<\/a><\/p>\n  \n<\/div>\n<div class=\"rsSlideRoot\">\n  <img decoding=\"async\" class=\"rsImg\" src=\"https:\/\/berndfischer.com\/en\/wp-content\/uploads\/sites\/3\/2015\/09\/Bernd-Fischer-Auftragsarbeiten_GT-Bergen-Enkheim-360x240.jpg\" alt=\"Bergen-Enkheim\u2019s Jewish community\"\/>\n  \n  \n  <h3>Bergen-Enkheim\u2019s Jewish community<\/h3>\n  <p>2009,four steel bands run through a metal plate<\/br>\r\n<a href=\"https:\/\/berndfischer.com\/en\/commissioned-works\/commemorative-plaques\/bergen-enkheim-jewish-community-frankfurtmain\/\">\u00bb view<\/a><\/p>\n  \n<\/div>\n<div class=\"rsSlideRoot\">\n  <img decoding=\"async\" class=\"rsImg\" src=\"https:\/\/berndfischer.com\/en\/wp-content\/uploads\/sites\/3\/2015\/09\/Bernd-Fischer-Auftragsarbeiten_Anne-Frank-Marbachweg-360x240.jpg\" alt=\"Anne-Frank-Glass stele\"\/>\n  \n  \n  <h3>Anne-Frank-Glass stele<\/h3>\n  <p>2009, safety glass, stainless steel profile<\/br>\r\n<a href=\"https:\/\/berndfischer.com\/en\/commissioned-works\/commemorative-plaques\/anne-frank-stele-am-marbachweg\/\">\u00bb view<\/a><\/p>\n  \n<\/div>\n<div class=\"rsSlideRoot\">\n  <img decoding=\"async\" class=\"rsImg\" src=\"https:\/\/berndfischer.com\/en\/wp-content\/uploads\/sites\/3\/2015\/09\/Bernd-Fischer-Auftragsarbeiten_Marktkirche--360x240.jpg\" alt=\"Market church Wiesbaden\"\/>\n  \n  \n  <h3>Market church Wiesbaden<\/h3>\n  <p>2010, Redesign of the candle and prayer corner<\/br>\r\n<a href=\"https:\/\/berndfischer.com\/en\/commissioned-works\/sacral-interior-design-and-objects\/redesign-of-the-candle-and-prayer-corner-in-the-right-aisle-of-the-marktkirche\/\">\u00bb view<\/a><\/p>\n  \n<\/div>\n<div class=\"rsSlideRoot\">\n  <img decoding=\"async\" class=\"rsImg\" src=\"https:\/\/berndfischer.com\/en\/wp-content\/uploads\/sites\/3\/2015\/09\/Bernd-Fischer-Freie-Arbeiten-Portrait-360x240.jpg\" alt=\"Dr. Ernst Gloede portait\"\/>\n  \n  \n  <h3>Dr. Ernst Gloede portait<\/h3>\n  <p>1996, printed colour on plywood panel<\/br>\r\n<a href=\"https:\/\/berndfischer.com\/en\/commissioned-works\/portraits\/\">\u00bb view<\/a><\/p>\n  \n<\/div>\n<div class=\"rsSlideRoot\">\n  <img decoding=\"async\" class=\"rsImg\" src=\"https:\/\/berndfischer.com\/en\/wp-content\/uploads\/sites\/3\/2015\/09\/Bernd-Fischer-Auftragsarbeiten_Bueroglastuer-360x240.jpg\" alt=\"Full glass door for an office\"\/>\n  \n  \n  <h3>Full glass door for an office<\/h3>\n  <p>Ceramic paints on safety glass<\/br>\r\n<a href=\"https:\/\/berndfischer.com\/en\/commissioned-works\/architecture-related-works\/full-glass-door-for-an-office\/\">\u00bb view<\/a><\/p>\n  \n<\/div>\n\n<\/div>\n<\/div>\n<div id=\"col-right-500\">\n<h1>Design jobs<\/h1>\n<h3>2018<\/h3>\n<p>Gestaltung der Ganzglast\u00fcranlage in der Evangelischen Kirche,<br \/>\nRodenbach (Altenstadt)\/Wetterau<\/p>\n<h3>2017<\/h3>\n<p>Gestaltung der Gedenktafel<br \/>\nf\u00fcr im Dienst zu tote gekommene Polizisten,<br \/>\nHessisches Ministerium des Innern und f\u00fcr Sport, Wiesbaden<\/p>\n<h3>2016<\/h3>\n<p>Gestaltung der Gedenktafel auf dem H\u00fclya-Platz,<br \/>\nOrtsbeirat 2\/Stadt Frankfurt\/Main, Frankfurt-Bockenheim<\/p>\n<h3>2014<\/h3>\n<p>Architekturbezogene Glasmalerei,<br \/>\nPrivat, Frankfurt\/Main<\/p>\n<h3>2014<\/h3>\n<p>Gestaltung der Dr.-Rudolf-Freudenberger-Gedenktafel,<br \/>\nStolpersteingruppe, Frankfurt-Bergen-Enkheim<\/p>\n<h3>2014<\/h3>\n<p>Gestaltung einer Glas Stele,<br \/>\nSpar- und Bauverein Paderborn eG, Paderborn<\/p>\n<h3>2013<\/h3>\n<p><span style=\"font-size: 1em;\">Gestaltung der Gedenktafel zur Erinnerung an das Arbeitserziehungslager Heddernheim,<br \/>\nOrtsbeirat 8\/Stadt Frankfurt-Main, Frankfurt-Heddernheim<\/span><\/p>\n<h3>2013<\/h3>\n<p>Gestaltung der Gedenktafel f\u00fcr die Lichtigfeld-Schule,<br \/>\nJ\u00fcdische Gemeinde Frankfurt\/Main, Stadt Frankfurt\/Main, Philanthropin, Frankfurt\/Main<\/p>\n<h3>2013<\/h3>\n<p>Gestaltung des \u201eRaums der Stille\u201c im \u201eHaus am Urselbach\u201c,<br \/>\nEvangelischer Verein f\u00fcr Innere Mission Frankfurt\/Main,<br \/>\nOberursel-Taunus<\/p>\n<h3>2012<\/h3>\n<p>Glasmalerei, S. Newell Holding GmbH,<br \/>\nM\u00fchlheim\/Main<\/p>\n<h3>2012<\/h3>\n<p>Gestaltung der Skulptur \u201eInnovative Personalkonzepte\u201c,<br \/>\nFrankfurter Allgemeine Zeitung<\/p>\n<h3>2011<\/h3>\n<p>Gestaltung der Museumsattika des Dobergmuseums,<br \/>\nStadt B\u00fcnde, B\u00fcnde<\/p>\n<h3>2010<\/h3>\n<p>Gestaltung der &#8220;Andachtsecke&#8221; der Marktkirche,<br \/>\nEvangelische Marktkirchengemeinde, Wiesbaden<\/p>\n<h3>2009<\/h3>\n<p>Gestaltung der Gedenktafel zur Erinnerung an die Deportationen der J\u00fcdischen Gemeinde Bergen-Enkheim,<br \/>\nStadt Frankfurt\/Main-Ortsbeirat 16, Frankfurt-Bergen-Enkheim<\/p>\n<h3>2009<\/h3>\n<p>Gestaltung der Anne-Frank-Gedenkstele,<br \/>\nOrtsbeirat 9\/ Stadt Frankfurt\/Main, Frankfurt-Dornbusch<\/p>\n<h3>2009<\/h3>\n<p>Gestaltung der Anne-Frank-Fotogedenkwand in der Dornbuschpassage,<br \/>\nOrtsbeirat 9, Frankfurt-Dornbusch<\/p>\n<h3>2008<\/h3>\n<p>Architekturbezogene Glasmalerei,<br \/>\nEvangelischer Verein f\u00fcr Innere Mission Frankfurt\/Main,<br \/>\nFrankfurt-Seckbach<\/p>\n<h3>2008<\/h3>\n<p>Gestaltung der Gedenktafel zu Doktorgradentziehungen,<br \/>\nJustus-Liebig-Universit\u00e4t, Gie\u00dfen<\/p>\n<h3>2008<\/h3>\n<p>Architekturbezogene Glasmalerei,<br \/>\nKreissparkassenzentrale M\u00fcnchen Starnberg, M\u00fcnchen<\/p>\n<h3>2006\/2007<\/h3>\n<p>Wettbewerbsgewinner und Realisation der Kapellengestaltung,<br \/>\njugend-kultur-kirche sankt peter,<br \/>\njugend-kultur-kirche sankt peter gGmbH\/Evangelischer Regionalverband Frankfurt, Frankfurt\/Main<\/p>\n<h3>2005<\/h3>\n<p>Gestaltung Julius-Fl\u00f6rsheim-Gedenktafel,<br \/>\nBr\u00fcder-Grimm-Schule, Klaus Kaduk und Magdalene Simon, Frankfurt\/Main<\/p>\n<h3>2004\/2005\/2006<\/h3>\n<p>Architekturbezogene Glasmalerei,<br \/>\nPrivat, N\u00fcrnberg und Offenbach\/Main, Glasbau Frommen GmbH, Offenbach\/Main<\/p>\n<h3>2003<\/h3>\n<p>Rednerpult und Kerzenst\u00e4nder,<br \/>\nEvangelische Johanneskirchengemeinde, Hanau<\/p>\n<h3>2002<\/h3>\n<p>Gestaltung der Lore-Breslau-Gedenktafel,<br \/>\nGeorg-B\u00fcchner-Schule, Frankfurt\/Main<\/p>\n<h3>2000<\/h3>\n<p>Gestaltung der Auszeichnungstafel<br \/>\ndes \u201eDeutschen Arbeitsplatzinvestor-Preises f\u00fcr die Schaffung von Arbeitspl\u00e4tzen f\u00fcr Schwerbehinderte\u201c,<br \/>\nHeckler &amp; Koch, Oberndorf\/Neckar<\/p>\n<h3>1997<\/h3>\n<p>Gestaltung der Auszeichnungstafel<br \/>\n\u201eDeutschen Arbeitsplatzinvestor-Preises\u201c,<br \/>\nWirtschaftsclub Rhein-Main, Frankfurt\/Main<\/p>\n<h3>1979<\/h3>\n<p>Gestaltung der Skulptur des 1. Innovationspreises weltweit,<br \/>\nWirtschaftsclub Rhein-Main, Frankfurt\/Main<\/p>\n<p>* Angabenfolge: Jahr der Fertigstellung, Gestaltungsgegenstand, Auftraggeber, Ort in dem sich die Arbeit befindet<\/p>\n<p><a href=\"https:\/\/berndfischer.com\/en\/references\/works-can-be-found-in-the-possession-of\/\">\u00bb Works can be found in the possession of<\/a><br \/>\n<a href=\"https:\/\/berndfischer.com\/en\/references\/exhibitions\/\">\u00bb Exhibitions at, for example<\/a><br \/>\n<a href=\"https:\/\/berndfischer.com\/en\/references\/texts\/\">\u00bb Texts<\/a><\/p>\n<\/div>\n","protected":false},"excerpt":{"rendered":"<p>Design jobs 2018 Gestaltung der Ganzglast\u00fcranlage in der Evangelischen Kirche, Rodenbach (Altenstadt)\/Wetterau 2017 Gestaltung der Gedenktafel f\u00fcr im Dienst zu tote gekommene Polizisten, Hessisches Ministerium des Innern und f\u00fcr Sport, &#8230;<\/p>\n","protected":false},"author":1,"featured_media":0,"parent":257,"menu_order":730,"comment_status":"closed","ping_status":"closed","template":"page-statisch-left.php","meta":{"_acf_changed":false,"footnotes":""},"class_list":["post-55","page","type-page","status-publish","hentry"],"acf":[],"yoast_head":"<!-- This site is optimized with the Yoast SEO plugin v26.9 - https:\/\/yoast.com\/product\/yoast-seo-wordpress\/ -->\n<title>Design jobs - Bernd Fischer EN<\/title>\n<meta name=\"robots\" content=\"index, follow, max-snippet:-1, max-image-preview:large, max-video-preview:-1\" \/>\n<link rel=\"canonical\" href=\"https:\/\/berndfischer.com\/en\/references\/design-jobs\/\" \/>\n<meta property=\"og:locale\" content=\"en_GB\" \/>\n<meta property=\"og:type\" content=\"article\" \/>\n<meta property=\"og:title\" content=\"Design jobs - Bernd Fischer EN\" \/>\n<meta property=\"og:description\" content=\"Design jobs 2018 Gestaltung der Ganzglast\u00fcranlage in der Evangelischen Kirche, Rodenbach (Altenstadt)\/Wetterau 2017 Gestaltung der Gedenktafel f\u00fcr im Dienst zu tote gekommene Polizisten, Hessisches Ministerium des Innern und f\u00fcr Sport, ...\" \/>\n<meta property=\"og:url\" content=\"https:\/\/berndfischer.com\/en\/references\/design-jobs\/\" \/>\n<meta property=\"og:site_name\" content=\"Bernd Fischer EN\" \/>\n<meta property=\"article:modified_time\" content=\"2019-11-14T15:44:26+00:00\" \/>\n<meta name=\"twitter:card\" content=\"summary_large_image\" \/>\n<meta name=\"twitter:label1\" content=\"Estimated reading time\" \/>\n\t<meta name=\"twitter:data1\" content=\"2 minutes\" \/>\n<script type=\"application\/ld+json\" class=\"yoast-schema-graph\">{\"@context\":\"https:\/\/schema.org\",\"@graph\":[{\"@type\":\"WebPage\",\"@id\":\"https:\/\/berndfischer.com\/en\/references\/design-jobs\/\",\"url\":\"https:\/\/berndfischer.com\/en\/references\/design-jobs\/\",\"name\":\"Design jobs - Bernd Fischer EN\",\"isPartOf\":{\"@id\":\"https:\/\/berndfischer.com\/en\/#website\"},\"datePublished\":\"2015-07-19T10:21:28+00:00\",\"dateModified\":\"2019-11-14T15:44:26+00:00\",\"breadcrumb\":{\"@id\":\"https:\/\/berndfischer.com\/en\/references\/design-jobs\/#breadcrumb\"},\"inLanguage\":\"en-GB\",\"potentialAction\":[{\"@type\":\"ReadAction\",\"target\":[\"https:\/\/berndfischer.com\/en\/references\/design-jobs\/\"]}]},{\"@type\":\"BreadcrumbList\",\"@id\":\"https:\/\/berndfischer.com\/en\/references\/design-jobs\/#breadcrumb\",\"itemListElement\":[{\"@type\":\"ListItem\",\"position\":1,\"name\":\"Home\",\"item\":\"https:\/\/berndfischer.com\/en\/\"},{\"@type\":\"ListItem\",\"position\":2,\"name\":\"References\",\"item\":\"https:\/\/berndfischer.com\/en\/references\/\"},{\"@type\":\"ListItem\",\"position\":3,\"name\":\"Design jobs\"}]},{\"@type\":\"WebSite\",\"@id\":\"https:\/\/berndfischer.com\/en\/#website\",\"url\":\"https:\/\/berndfischer.com\/en\/\",\"name\":\"Bernd Fischer EN\",\"description\":\"Painted and printed colour\",\"potentialAction\":[{\"@type\":\"SearchAction\",\"target\":{\"@type\":\"EntryPoint\",\"urlTemplate\":\"https:\/\/berndfischer.com\/en\/?s={search_term_string}\"},\"query-input\":{\"@type\":\"PropertyValueSpecification\",\"valueRequired\":true,\"valueName\":\"search_term_string\"}}],\"inLanguage\":\"en-GB\"}]}<\/script>\n<!-- \/ Yoast SEO plugin. -->","yoast_head_json":{"title":"Design jobs - Bernd Fischer EN","robots":{"index":"index","follow":"follow","max-snippet":"max-snippet:-1","max-image-preview":"max-image-preview:large","max-video-preview":"max-video-preview:-1"},"canonical":"https:\/\/berndfischer.com\/en\/references\/design-jobs\/","og_locale":"en_GB","og_type":"article","og_title":"Design jobs - Bernd Fischer EN","og_description":"Design jobs 2018 Gestaltung der Ganzglast\u00fcranlage in der Evangelischen Kirche, Rodenbach (Altenstadt)\/Wetterau 2017 Gestaltung der Gedenktafel f\u00fcr im Dienst zu tote gekommene Polizisten, Hessisches Ministerium des Innern und f\u00fcr Sport, ...","og_url":"https:\/\/berndfischer.com\/en\/references\/design-jobs\/","og_site_name":"Bernd Fischer EN","article_modified_time":"2019-11-14T15:44:26+00:00","twitter_card":"summary_large_image","twitter_misc":{"Estimated reading time":"2 minutes"},"schema":{"@context":"https:\/\/schema.org","@graph":[{"@type":"WebPage","@id":"https:\/\/berndfischer.com\/en\/references\/design-jobs\/","url":"https:\/\/berndfischer.com\/en\/references\/design-jobs\/","name":"Design jobs - Bernd Fischer EN","isPartOf":{"@id":"https:\/\/berndfischer.com\/en\/#website"},"datePublished":"2015-07-19T10:21:28+00:00","dateModified":"2019-11-14T15:44:26+00:00","breadcrumb":{"@id":"https:\/\/berndfischer.com\/en\/references\/design-jobs\/#breadcrumb"},"inLanguage":"en-GB","potentialAction":[{"@type":"ReadAction","target":["https:\/\/berndfischer.com\/en\/references\/design-jobs\/"]}]},{"@type":"BreadcrumbList","@id":"https:\/\/berndfischer.com\/en\/references\/design-jobs\/#breadcrumb","itemListElement":[{"@type":"ListItem","position":1,"name":"Home","item":"https:\/\/berndfischer.com\/en\/"},{"@type":"ListItem","position":2,"name":"References","item":"https:\/\/berndfischer.com\/en\/references\/"},{"@type":"ListItem","position":3,"name":"Design jobs"}]},{"@type":"WebSite","@id":"https:\/\/berndfischer.com\/en\/#website","url":"https:\/\/berndfischer.com\/en\/","name":"Bernd Fischer EN","description":"Painted and printed colour","potentialAction":[{"@type":"SearchAction","target":{"@type":"EntryPoint","urlTemplate":"https:\/\/berndfischer.com\/en\/?s={search_term_string}"},"query-input":{"@type":"PropertyValueSpecification","valueRequired":true,"valueName":"search_term_string"}}],"inLanguage":"en-GB"}]}},"_links":{"self":[{"href":"https:\/\/berndfischer.com\/en\/wp-json\/wp\/v2\/pages\/55","targetHints":{"allow":["GET"]}}],"collection":[{"href":"https:\/\/berndfischer.com\/en\/wp-json\/wp\/v2\/pages"}],"about":[{"href":"https:\/\/berndfischer.com\/en\/wp-json\/wp\/v2\/types\/page"}],"author":[{"embeddable":true,"href":"https:\/\/berndfischer.com\/en\/wp-json\/wp\/v2\/users\/1"}],"replies":[{"embeddable":true,"href":"https:\/\/berndfischer.com\/en\/wp-json\/wp\/v2\/comments?post=55"}],"version-history":[{"count":8,"href":"https:\/\/berndfischer.com\/en\/wp-json\/wp\/v2\/pages\/55\/revisions"}],"predecessor-version":[{"id":5355,"href":"https:\/\/berndfischer.com\/en\/wp-json\/wp\/v2\/pages\/55\/revisions\/5355"}],"up":[{"embeddable":true,"href":"https:\/\/berndfischer.com\/en\/wp-json\/wp\/v2\/pages\/257"}],"wp:attachment":[{"href":"https:\/\/berndfischer.com\/en\/wp-json\/wp\/v2\/media?parent=55"}],"curies":[{"name":"wp","href":"https:\/\/api.w.org\/{rel}","templated":true}]}}