{"id":601,"date":"2015-07-24T21:14:34","date_gmt":"2015-07-24T19:14:34","guid":{"rendered":"https:\/\/berndfischer.com\/?page_id=601"},"modified":"2019-11-28T08:52:56","modified_gmt":"2019-11-28T07:52:56","slug":"georg-buechner-schule","status":"publish","type":"page","link":"https:\/\/berndfischer.com\/en\/teaching\/georg-buechner-schule\/","title":{"rendered":"Georg-B\u00fcchner-Schule"},"content":{"rendered":"<p>In 2000 I was asked by the principal of the Georg B\u00fcchner School, Ms. Gisela Haase, to design a commemorative plate for the school. In 1993 the \u201cSpureunsuche\u201d AG ( \u201cInvestigation\u201d extra-curricular work group) began their research at the Georg B\u00fcchner School, Frankfurt. Their research followed and documented parts of the life and tragic story of the Jewish pupil, Lore Breslau, during the Third Reich and pointed out the questionable role of the school in the era of National Socialism.* The fate of Lore Breslau was to be remembered on a commemorative plate.<\/p>\n<div id=\"attachment_1373\" style=\"width: 710px\" class=\"wp-caption alignleft\"><a href=\"https:\/\/berndfischer.com\/wp-content\/uploads\/2015\/08\/georg-buechner-schule-1.jpg\"><img loading=\"lazy\" decoding=\"async\" aria-describedby=\"caption-attachment-1373\" class=\"wp-image-1373 size-full\" src=\"https:\/\/berndfischer.com\/en\/wp-content\/uploads\/sites\/3\/2015\/08\/georg-buechner-schule-1.jpg\" alt=\"Model-detail by Bernd Fischer\" width=\"700\" height=\"390\" srcset=\"https:\/\/berndfischer.com\/en\/wp-content\/uploads\/sites\/3\/2015\/08\/georg-buechner-schule-1.jpg 700w, https:\/\/berndfischer.com\/en\/wp-content\/uploads\/sites\/3\/2015\/08\/georg-buechner-schule-1-330x184.jpg 330w\" sizes=\"auto, (max-width: 700px) 100vw, 700px\" \/><\/a><p id=\"caption-attachment-1373\" class=\"wp-caption-text\">Model-detail by Bernd Fischer<\/p><\/div>\n<p>I suggested creating an archive. This would contain the results of research on the subject so far and any future research and would be available to view. I believed this could make it a more vital and effective part of school life. My concrete suggestion was to design a bookcase together with the pupils, whose appearance would be clearly related to its content.<br \/>\nThis idea met with a positive response and I was given the task of directing an extra-curricular work group.<br \/>\nThe work group prepared three possible designs. I designed a fourth. A true-to-scale model was made of each of the designs along with photos and drawings. Tables and stools built specially for the purpose would allow it to be exhibited in different places or in the school.<br \/>\nThe project was not realized due to fire protection requirements which have since come into effect. It would have either compromised the original design concepts or been too expensive to build.<\/p>\n<section class=\"full-width\">\n<div id=\"attachment_1370\" style=\"width: 345px\" class=\"wp-caption alignleft\"><a href=\"https:\/\/berndfischer.com\/wp-content\/uploads\/2015\/08\/georg-buechner-schule-2.jpg\"><img loading=\"lazy\" decoding=\"async\" aria-describedby=\"caption-attachment-1370\" class=\"wp-image-1370\" src=\"https:\/\/berndfischer.com\/wp-content\/uploads\/2015\/08\/georg-buechner-schule-2-330x163.jpg\" alt=\"Model 1: Annegret Gabriel, Hanna Johe, Jannie Fr\u00fchwald\" width=\"335\" height=\"165\" srcset=\"https:\/\/berndfischer.com\/en\/wp-content\/uploads\/sites\/3\/2015\/08\/georg-buechner-schule-2-330x163.jpg 330w, https:\/\/berndfischer.com\/en\/wp-content\/uploads\/sites\/3\/2015\/08\/georg-buechner-schule-2.jpg 700w\" sizes=\"auto, (max-width: 335px) 100vw, 335px\" \/><\/a><p id=\"caption-attachment-1370\" class=\"wp-caption-text\">Model 1: Annegret Gabriel, Hanna Johe, Jannie Fr\u00fchwald<\/p><\/div>\n<div id=\"attachment_1371\" style=\"width: 345px\" class=\"wp-caption alignright\"><a href=\"https:\/\/berndfischer.com\/wp-content\/uploads\/2015\/08\/georg-buechner-schule-3.jpg\"><img loading=\"lazy\" decoding=\"async\" aria-describedby=\"caption-attachment-1371\" class=\"wp-image-1371\" src=\"https:\/\/berndfischer.com\/wp-content\/uploads\/2015\/08\/georg-buechner-schule-3-330x163.jpg\" alt=\"Model 2: Selma Altekin, G\u00f6n\u00fcl Pinar, Jannie Fr\u00fchwald\" width=\"335\" height=\"165\" srcset=\"https:\/\/berndfischer.com\/en\/wp-content\/uploads\/sites\/3\/2015\/08\/georg-buechner-schule-3-330x163.jpg 330w, https:\/\/berndfischer.com\/en\/wp-content\/uploads\/sites\/3\/2015\/08\/georg-buechner-schule-3.jpg 700w\" sizes=\"auto, (max-width: 335px) 100vw, 335px\" \/><\/a><p id=\"caption-attachment-1371\" class=\"wp-caption-text\">Model 2: Selma Altekin, G\u00f6n\u00fcl Pinar, Jannie Fr\u00fchwald<\/p><\/div>\n<\/section>\n<section class=\"full-width\">\n<div id=\"attachment_1372\" style=\"width: 345px\" class=\"wp-caption alignleft\"><a href=\"https:\/\/berndfischer.com\/wp-content\/uploads\/2015\/08\/georg-buechner-schule-4.jpg\"><img loading=\"lazy\" decoding=\"async\" aria-describedby=\"caption-attachment-1372\" class=\"wp-image-1372\" src=\"https:\/\/berndfischer.com\/wp-content\/uploads\/2015\/08\/georg-buechner-schule-4-330x163.jpg\" alt=\"Model 3: Jakob Habermann, Sung-Joo Kim, Alie Sesay, Inge Gembach-R\u00f6ntgen\" width=\"335\" height=\"165\" srcset=\"https:\/\/berndfischer.com\/en\/wp-content\/uploads\/sites\/3\/2015\/08\/georg-buechner-schule-4-330x163.jpg 330w, https:\/\/berndfischer.com\/en\/wp-content\/uploads\/sites\/3\/2015\/08\/georg-buechner-schule-4.jpg 700w\" sizes=\"auto, (max-width: 335px) 100vw, 335px\" \/><\/a><p id=\"caption-attachment-1372\" class=\"wp-caption-text\">Model 3: Jakob Habermann, Sung-Joo Kim, Alie Sesay, Inge Gembach-R\u00f6ntgen<\/p><\/div>\n<p><em>* Jannie Fr\u00fchwald and Inge Gembach-R\u00f6ntgen: &#8220;A place for remembrance in the Georg B\u00fcchner School &#8211; the examination process\u201d, see Bernd Fischer: &#8220;A place for remembrance at the Georg B\u00fcchnerSchool&#8221;. pdf, page 2<\/em><\/p>\n<\/section>\n<p><span style=\"color: #ffcc00;\"><a href=\"https:\/\/berndfischer.com\/wp-content\/uploads\/2015\/08\/bernd-fischer_ein_ort_des_gedenkens.pdf\" target=\"_blank\" rel=\"noopener noreferrer\">\u00bb Ein Ort des Gedenkens an der Georg-B\u00fcchner-Schule (pdf)<\/a><\/span><br \/>\n<a class=\"exlink\" href=\"http:\/\/www.ffmhist.de\/ffm33-45\/portal01\/portal01.php?ziel=t_ak_schule_gedenken_03\" target=\"_blank\" rel=\"noopener noreferrer\">\u00bb Spurensuche an der Georg-B\u00fcchner-Schule<\/a><br \/>\n<a href=\"https:\/\/berndfischer.com\/wp-content\/uploads\/2015\/07\/presse-gbs.pdf\" target=\"_blank\" rel=\"noopener noreferrer\">\u00bb Resonanz der Presse (pdf)<\/a><br \/>\n<a href=\"https:\/\/berndfischer.com\/wp-content\/uploads\/2015\/07\/ausstellungsfaltblatt_2001_nikolaikirche_ffm.pdf\" target=\"_blank\" rel=\"noopener noreferrer\">\u00bb Ausstellungsfaltblatt Nikolaikirche_FfM (pdf)<\/a><br \/>\n<a href=\"https:\/\/berndfischer.com\/auftragsarbeiten\/gedenktafeln\/gedenktafel-lore-breslau\/\">\u00bb Realisierte Gedenktafel von Bernd Fischer<\/a><\/p>\n<h3>More Teaching<\/h3>\n<p><a href=\"https:\/\/berndfischer.com\/en\/teaching\/albert-schweitzer-school\/\">\u00bb Albert-Schweizer-School<\/a><br \/>\n<a href=\"https:\/\/berndfischer.com\/en\/teaching\/anne-frank-schule\/\">\u00bb Anne-Frank-Schule, Frankfurt\/Main<\/a><br \/>\n<a href=\"https:\/\/berndfischer.com\/en\/teaching\/art-academy\/\">\u00bb Art Academy<\/a><br \/>\n<a href=\"https:\/\/berndfischer.com\/en\/teaching\/business\/\">\u00bb Business <\/a><br \/>\n<a class=\"exlink\" href=\"http:\/\/www.werkstatthaus-offenbach.de\" target=\"_blank\" rel=\"noopener noreferrer\">\u00bb BILDUNG+PROJEKTE<\/a><\/p>\n","protected":false},"excerpt":{"rendered":"<p>In 2000 I was asked by the principal of the Georg B\u00fcchner School, Ms. Gisela Haase, to design a commemorative plate for the school. In 1993 the \u201cSpureunsuche\u201d AG ( &#8230;<\/p>\n","protected":false},"author":1,"featured_media":0,"parent":12,"menu_order":325,"comment_status":"closed","ping_status":"closed","template":"","meta":{"_acf_changed":false,"footnotes":""},"class_list":["post-601","page","type-page","status-publish","hentry"],"acf":[],"yoast_head":"<!-- This site is optimized with the Yoast SEO plugin v26.9 - https:\/\/yoast.com\/product\/yoast-seo-wordpress\/ -->\n<title>Georg-B\u00fcchner-Schule - Bernd Fischer EN<\/title>\n<meta name=\"robots\" content=\"index, follow, max-snippet:-1, max-image-preview:large, max-video-preview:-1\" \/>\n<link rel=\"canonical\" href=\"https:\/\/berndfischer.com\/en\/teaching\/georg-buechner-schule\/\" \/>\n<meta property=\"og:locale\" content=\"en_GB\" \/>\n<meta property=\"og:type\" content=\"article\" \/>\n<meta property=\"og:title\" content=\"Georg-B\u00fcchner-Schule - Bernd Fischer EN\" \/>\n<meta property=\"og:description\" content=\"In 2000 I was asked by the principal of the Georg B\u00fcchner School, Ms. Gisela Haase, to design a commemorative plate for the school. In 1993 the \u201cSpureunsuche\u201d AG ( ...\" \/>\n<meta property=\"og:url\" content=\"https:\/\/berndfischer.com\/en\/teaching\/georg-buechner-schule\/\" \/>\n<meta property=\"og:site_name\" content=\"Bernd Fischer EN\" \/>\n<meta property=\"article:modified_time\" content=\"2019-11-28T07:52:56+00:00\" \/>\n<meta property=\"og:image\" content=\"https:\/\/berndfischer.com\/en\/wp-content\/uploads\/sites\/3\/2015\/08\/georg-buechner-schule-1.jpg\" \/>\n\t<meta property=\"og:image:width\" content=\"700\" \/>\n\t<meta property=\"og:image:height\" content=\"390\" \/>\n\t<meta property=\"og:image:type\" content=\"image\/jpeg\" \/>\n<meta name=\"twitter:card\" content=\"summary_large_image\" \/>\n<meta name=\"twitter:label1\" content=\"Estimated reading time\" \/>\n\t<meta name=\"twitter:data1\" content=\"2 minutes\" \/>\n<script type=\"application\/ld+json\" class=\"yoast-schema-graph\">{\"@context\":\"https:\/\/schema.org\",\"@graph\":[{\"@type\":\"WebPage\",\"@id\":\"https:\/\/berndfischer.com\/en\/teaching\/georg-buechner-schule\/\",\"url\":\"https:\/\/berndfischer.com\/en\/teaching\/georg-buechner-schule\/\",\"name\":\"Georg-B\u00fcchner-Schule - Bernd Fischer EN\",\"isPartOf\":{\"@id\":\"https:\/\/berndfischer.com\/en\/#website\"},\"primaryImageOfPage\":{\"@id\":\"https:\/\/berndfischer.com\/en\/teaching\/georg-buechner-schule\/#primaryimage\"},\"image\":{\"@id\":\"https:\/\/berndfischer.com\/en\/teaching\/georg-buechner-schule\/#primaryimage\"},\"thumbnailUrl\":\"https:\/\/berndfischer.com\/en\/wp-content\/uploads\/sites\/3\/2015\/08\/georg-buechner-schule-1.jpg\",\"datePublished\":\"2015-07-24T19:14:34+00:00\",\"dateModified\":\"2019-11-28T07:52:56+00:00\",\"breadcrumb\":{\"@id\":\"https:\/\/berndfischer.com\/en\/teaching\/georg-buechner-schule\/#breadcrumb\"},\"inLanguage\":\"en-GB\",\"potentialAction\":[{\"@type\":\"ReadAction\",\"target\":[\"https:\/\/berndfischer.com\/en\/teaching\/georg-buechner-schule\/\"]}]},{\"@type\":\"ImageObject\",\"inLanguage\":\"en-GB\",\"@id\":\"https:\/\/berndfischer.com\/en\/teaching\/georg-buechner-schule\/#primaryimage\",\"url\":\"https:\/\/berndfischer.com\/en\/wp-content\/uploads\/sites\/3\/2015\/08\/georg-buechner-schule-1.jpg\",\"contentUrl\":\"https:\/\/berndfischer.com\/en\/wp-content\/uploads\/sites\/3\/2015\/08\/georg-buechner-schule-1.jpg\",\"width\":700,\"height\":390},{\"@type\":\"BreadcrumbList\",\"@id\":\"https:\/\/berndfischer.com\/en\/teaching\/georg-buechner-schule\/#breadcrumb\",\"itemListElement\":[{\"@type\":\"ListItem\",\"position\":1,\"name\":\"Home\",\"item\":\"https:\/\/berndfischer.com\/en\/\"},{\"@type\":\"ListItem\",\"position\":2,\"name\":\"Teaching\",\"item\":\"https:\/\/berndfischer.com\/en\/teaching\/\"},{\"@type\":\"ListItem\",\"position\":3,\"name\":\"Georg-B\u00fcchner-Schule\"}]},{\"@type\":\"WebSite\",\"@id\":\"https:\/\/berndfischer.com\/en\/#website\",\"url\":\"https:\/\/berndfischer.com\/en\/\",\"name\":\"Bernd Fischer EN\",\"description\":\"Painted and printed colour\",\"potentialAction\":[{\"@type\":\"SearchAction\",\"target\":{\"@type\":\"EntryPoint\",\"urlTemplate\":\"https:\/\/berndfischer.com\/en\/?s={search_term_string}\"},\"query-input\":{\"@type\":\"PropertyValueSpecification\",\"valueRequired\":true,\"valueName\":\"search_term_string\"}}],\"inLanguage\":\"en-GB\"}]}<\/script>\n<!-- \/ Yoast SEO plugin. -->","yoast_head_json":{"title":"Georg-B\u00fcchner-Schule - Bernd Fischer EN","robots":{"index":"index","follow":"follow","max-snippet":"max-snippet:-1","max-image-preview":"max-image-preview:large","max-video-preview":"max-video-preview:-1"},"canonical":"https:\/\/berndfischer.com\/en\/teaching\/georg-buechner-schule\/","og_locale":"en_GB","og_type":"article","og_title":"Georg-B\u00fcchner-Schule - Bernd Fischer EN","og_description":"In 2000 I was asked by the principal of the Georg B\u00fcchner School, Ms. Gisela Haase, to design a commemorative plate for the school. In 1993 the \u201cSpureunsuche\u201d AG ( ...","og_url":"https:\/\/berndfischer.com\/en\/teaching\/georg-buechner-schule\/","og_site_name":"Bernd Fischer EN","article_modified_time":"2019-11-28T07:52:56+00:00","og_image":[{"width":700,"height":390,"url":"https:\/\/berndfischer.com\/en\/wp-content\/uploads\/sites\/3\/2015\/08\/georg-buechner-schule-1.jpg","type":"image\/jpeg"}],"twitter_card":"summary_large_image","twitter_misc":{"Estimated reading time":"2 minutes"},"schema":{"@context":"https:\/\/schema.org","@graph":[{"@type":"WebPage","@id":"https:\/\/berndfischer.com\/en\/teaching\/georg-buechner-schule\/","url":"https:\/\/berndfischer.com\/en\/teaching\/georg-buechner-schule\/","name":"Georg-B\u00fcchner-Schule - Bernd Fischer EN","isPartOf":{"@id":"https:\/\/berndfischer.com\/en\/#website"},"primaryImageOfPage":{"@id":"https:\/\/berndfischer.com\/en\/teaching\/georg-buechner-schule\/#primaryimage"},"image":{"@id":"https:\/\/berndfischer.com\/en\/teaching\/georg-buechner-schule\/#primaryimage"},"thumbnailUrl":"https:\/\/berndfischer.com\/en\/wp-content\/uploads\/sites\/3\/2015\/08\/georg-buechner-schule-1.jpg","datePublished":"2015-07-24T19:14:34+00:00","dateModified":"2019-11-28T07:52:56+00:00","breadcrumb":{"@id":"https:\/\/berndfischer.com\/en\/teaching\/georg-buechner-schule\/#breadcrumb"},"inLanguage":"en-GB","potentialAction":[{"@type":"ReadAction","target":["https:\/\/berndfischer.com\/en\/teaching\/georg-buechner-schule\/"]}]},{"@type":"ImageObject","inLanguage":"en-GB","@id":"https:\/\/berndfischer.com\/en\/teaching\/georg-buechner-schule\/#primaryimage","url":"https:\/\/berndfischer.com\/en\/wp-content\/uploads\/sites\/3\/2015\/08\/georg-buechner-schule-1.jpg","contentUrl":"https:\/\/berndfischer.com\/en\/wp-content\/uploads\/sites\/3\/2015\/08\/georg-buechner-schule-1.jpg","width":700,"height":390},{"@type":"BreadcrumbList","@id":"https:\/\/berndfischer.com\/en\/teaching\/georg-buechner-schule\/#breadcrumb","itemListElement":[{"@type":"ListItem","position":1,"name":"Home","item":"https:\/\/berndfischer.com\/en\/"},{"@type":"ListItem","position":2,"name":"Teaching","item":"https:\/\/berndfischer.com\/en\/teaching\/"},{"@type":"ListItem","position":3,"name":"Georg-B\u00fcchner-Schule"}]},{"@type":"WebSite","@id":"https:\/\/berndfischer.com\/en\/#website","url":"https:\/\/berndfischer.com\/en\/","name":"Bernd Fischer EN","description":"Painted and printed colour","potentialAction":[{"@type":"SearchAction","target":{"@type":"EntryPoint","urlTemplate":"https:\/\/berndfischer.com\/en\/?s={search_term_string}"},"query-input":{"@type":"PropertyValueSpecification","valueRequired":true,"valueName":"search_term_string"}}],"inLanguage":"en-GB"}]}},"_links":{"self":[{"href":"https:\/\/berndfischer.com\/en\/wp-json\/wp\/v2\/pages\/601","targetHints":{"allow":["GET"]}}],"collection":[{"href":"https:\/\/berndfischer.com\/en\/wp-json\/wp\/v2\/pages"}],"about":[{"href":"https:\/\/berndfischer.com\/en\/wp-json\/wp\/v2\/types\/page"}],"author":[{"embeddable":true,"href":"https:\/\/berndfischer.com\/en\/wp-json\/wp\/v2\/users\/1"}],"replies":[{"embeddable":true,"href":"https:\/\/berndfischer.com\/en\/wp-json\/wp\/v2\/comments?post=601"}],"version-history":[{"count":4,"href":"https:\/\/berndfischer.com\/en\/wp-json\/wp\/v2\/pages\/601\/revisions"}],"predecessor-version":[{"id":5387,"href":"https:\/\/berndfischer.com\/en\/wp-json\/wp\/v2\/pages\/601\/revisions\/5387"}],"up":[{"embeddable":true,"href":"https:\/\/berndfischer.com\/en\/wp-json\/wp\/v2\/pages\/12"}],"wp:attachment":[{"href":"https:\/\/berndfischer.com\/en\/wp-json\/wp\/v2\/media?parent=601"}],"curies":[{"name":"wp","href":"https:\/\/api.w.org\/{rel}","templated":true}]}}