{"id":663,"date":"2015-07-24T23:41:17","date_gmt":"2015-07-24T21:41:17","guid":{"rendered":"https:\/\/berndfischer.com\/?page_id=663"},"modified":"2015-10-20T19:53:17","modified_gmt":"2015-10-20T17:53:17","slug":"about-the-lore-breslau-commemora-plaque","status":"publish","type":"page","link":"https:\/\/berndfischer.com\/en\/references\/texts\/about-the-lore-breslau-commemora-plaque\/","title":{"rendered":"About the Lore Breslau  commemora plaque"},"content":{"rendered":"<h3>Excerpt from an address by Ursula K\u00f6nig<\/h3>\n<p>on the occasion of the presentation of the commemora-tion panels to the school community of Frankfurt\u2019s Georg B\u00fcchner School on October 19, 2002:<\/p>\n<p><img loading=\"lazy\" decoding=\"async\" class=\"alignleft size-full wp-image-1697\" src=\"https:\/\/berndfischer.com\/wp-content\/uploads\/2015\/07\/Gedenktafel-Lore-Breslau.jpg\" alt=\"Gedenktafel Lore Breslau\" width=\"700\" height=\"137\" srcset=\"https:\/\/berndfischer.com\/en\/wp-content\/uploads\/sites\/3\/2015\/07\/Gedenktafel-Lore-Breslau.jpg 700w, https:\/\/berndfischer.com\/en\/wp-content\/uploads\/sites\/3\/2015\/07\/Gedenktafel-Lore-Breslau-330x65.jpg 330w\" sizes=\"auto, (max-width: 700px) 100vw, 700px\" \/><\/p>\n<p>&#8230;It is certainly no coincidence that a connection with Bernd Fischer was established in the con-text of this project at the Georg B\u00fcchner School. He is an artist who deals in a particular way with questions such as &#8220;what is man&#8221;, &#8220;how does man perceive the world&#8221;, or &#8220;how does man respond to the world&#8221;.<\/p>\n<p>His main work is characterized by large sized paintings highlighted with X-ray images applied by silk-screen printing. What lies underneath the surface, the multi-layered, is what concerns him. For this reason there exists a very impressive, contemporary form of the portrait theme in his work.<br \/>\nHe is an artist who has repeatedly accepted projects from a variety of social groups, with pru-dence. This is how he came to design the Innovation Award for German Economy which is pre-sented once a year. In addition to this Bernd Fischer also designed the Workplace Investor Award which two years ago was extended to include an Investor&#8217;s Award for Handicapped Em-ployees.<br \/>\nThe Georg B\u00fcchner School study group, &#8220;Spurensuche&#8221; (tracing paths) painstakingly researched the life of former pupil, Lore Breslau, in order to recall her fate to memory. This work of re-membering is now eternalized by two commemorative panels. Bernd Fischer was commissioned to create a commemorative panel for Lore Breslau and for the accompanying poem by Rose Ausl\u00e4nder.<br \/>\nHow does an artist deal with such a complex task?<\/p>\n<p>Language is terribly objective in dealing with the suffering hidden behind these short sentences. Bernd Fischer created two panels which could have been one yet which in their wholeness are an expression of their diverseness. A diverseness which points to something common.<\/p>\n<p>Laminated aluminum plates were used for both panels. The text which concerns Lore Breslau&#8217;s life can be read in the light colored metal which has been worked out of the anodized black surface.<\/p>\n<p>This girl&#8217;s fate, her name, her date of birth and death is extracted from the darkness of anonymity in a way which serves as an example for many thousands, from forgetting into the light of re-membering and the conscious commemoration of a deceased one by the living.<\/p>\n<div id=\"attachment_1980\" style=\"width: 345px\" class=\"wp-caption alignleft\"><img loading=\"lazy\" decoding=\"async\" aria-describedby=\"caption-attachment-1980\" class=\"wp-image-1980\" src=\"https:\/\/berndfischer.com\/wp-content\/uploads\/2015\/07\/texte_koenig_schulfoto.jpg\" alt=\"Gedenktafel Lore Breslauu\" width=\"335\" height=\"215\" \/><p id=\"caption-attachment-1980\" class=\"wp-caption-text\">Figure: The mounted plates in the school. Photograph by Klaus Stra\u00dfheim (from: school publication)<\/p><\/div>\n<p>&#8220;Humans have forbidden me myself&#8221; writes Rose Ausl\u00e4nder. Into her present breaks a dark force of ignoring, dark rule. In her vivid words Rose Ausl\u00e4nder writes about this darkness. Here the facts are reversed. Rose Ausl\u00e4nder is alive, she is standing in the light. As a lyricist, affected her-self, she utilizes her art and reflects on crimes which humans fall prey to. From the brightness of life she makes visible the shadows of human actions.<\/p>\n<p>The text of the poem is inscribed into the upper layer, the light aluminum layer and becomes visible through the black layer of the plate below. The perspectives of both texts share a common point of reference by making an issue of crimes against humanity. The fonts on both plates are the same. The material of the plates is both different and the same.<\/p>\n<p>It is important for Bernd Fischer not to use colors. Instead he uses the material of the layered plates not only as carrier but as language media which points to the content. It is also a contem-porary material he chooses. The size of the plates arises from the amount of text in exactly the same font size, the distance between the lines and the distance to the edges. No color is lighter than white and none darker than black, of light and darkness.<br \/>\nGod divided the light from the darkness and god called the light day, and the darkness night. (Genesis 3-5) The artist was concerned with doing justice to the complex content and messages and to the earnestness of the task with as little in the way of artistic means as possible &#8230;<br \/>\n(L.G.)<\/p>\n<p><a href=\"https:\/\/berndfischer.com\/en\/commissioned-works\/commemorative-plaques\/gedenktafel-lore-breslau\/\">\u00bb to the commemorative plaque<\/a><\/p>\n","protected":false},"excerpt":{"rendered":"<p>Excerpt from an address by Ursula K\u00f6nig on the occasion of the presentation of the commemora-tion panels to the school community of Frankfurt\u2019s Georg B\u00fcchner School on October 19, 2002: &#8230;<\/p>\n","protected":false},"author":1,"featured_media":0,"parent":57,"menu_order":772,"comment_status":"closed","ping_status":"closed","template":"","meta":{"_acf_changed":false,"footnotes":""},"class_list":["post-663","page","type-page","status-publish","hentry"],"acf":[],"yoast_head":"<!-- This site is optimized with the Yoast SEO plugin v26.9 - https:\/\/yoast.com\/product\/yoast-seo-wordpress\/ -->\n<title>About the Lore Breslau commemora plaque - Bernd Fischer EN<\/title>\n<meta name=\"robots\" content=\"index, follow, max-snippet:-1, max-image-preview:large, max-video-preview:-1\" \/>\n<link rel=\"canonical\" href=\"https:\/\/berndfischer.com\/en\/references\/texts\/about-the-lore-breslau-commemora-plaque\/\" \/>\n<meta property=\"og:locale\" content=\"en_GB\" \/>\n<meta property=\"og:type\" content=\"article\" \/>\n<meta property=\"og:title\" content=\"About the Lore Breslau commemora plaque - Bernd Fischer EN\" \/>\n<meta property=\"og:description\" content=\"Excerpt from an address by Ursula K\u00f6nig on the occasion of the presentation of the commemora-tion panels to the school community of Frankfurt\u2019s Georg B\u00fcchner School on October 19, 2002: ...\" \/>\n<meta property=\"og:url\" content=\"https:\/\/berndfischer.com\/en\/references\/texts\/about-the-lore-breslau-commemora-plaque\/\" \/>\n<meta property=\"og:site_name\" content=\"Bernd Fischer EN\" \/>\n<meta property=\"article:modified_time\" content=\"2015-10-20T17:53:17+00:00\" \/>\n<meta property=\"og:image\" content=\"https:\/\/berndfischer.com\/en\/wp-content\/uploads\/sites\/3\/2015\/07\/Gedenktafel-Lore-Breslau.jpg\" \/>\n\t<meta property=\"og:image:width\" content=\"700\" \/>\n\t<meta property=\"og:image:height\" content=\"137\" \/>\n\t<meta property=\"og:image:type\" content=\"image\/jpeg\" \/>\n<meta name=\"twitter:card\" content=\"summary_large_image\" \/>\n<meta name=\"twitter:label1\" content=\"Estimated reading time\" \/>\n\t<meta name=\"twitter:data1\" content=\"3 minutes\" \/>\n<script type=\"application\/ld+json\" class=\"yoast-schema-graph\">{\"@context\":\"https:\/\/schema.org\",\"@graph\":[{\"@type\":\"WebPage\",\"@id\":\"https:\/\/berndfischer.com\/en\/references\/texts\/about-the-lore-breslau-commemora-plaque\/\",\"url\":\"https:\/\/berndfischer.com\/en\/references\/texts\/about-the-lore-breslau-commemora-plaque\/\",\"name\":\"About the Lore Breslau commemora plaque - Bernd Fischer EN\",\"isPartOf\":{\"@id\":\"https:\/\/berndfischer.com\/en\/#website\"},\"primaryImageOfPage\":{\"@id\":\"https:\/\/berndfischer.com\/en\/references\/texts\/about-the-lore-breslau-commemora-plaque\/#primaryimage\"},\"image\":{\"@id\":\"https:\/\/berndfischer.com\/en\/references\/texts\/about-the-lore-breslau-commemora-plaque\/#primaryimage\"},\"thumbnailUrl\":\"https:\/\/berndfischer.com\/wp-content\/uploads\/2015\/07\/Gedenktafel-Lore-Breslau.jpg\",\"datePublished\":\"2015-07-24T21:41:17+00:00\",\"dateModified\":\"2015-10-20T17:53:17+00:00\",\"breadcrumb\":{\"@id\":\"https:\/\/berndfischer.com\/en\/references\/texts\/about-the-lore-breslau-commemora-plaque\/#breadcrumb\"},\"inLanguage\":\"en-GB\",\"potentialAction\":[{\"@type\":\"ReadAction\",\"target\":[\"https:\/\/berndfischer.com\/en\/references\/texts\/about-the-lore-breslau-commemora-plaque\/\"]}]},{\"@type\":\"ImageObject\",\"inLanguage\":\"en-GB\",\"@id\":\"https:\/\/berndfischer.com\/en\/references\/texts\/about-the-lore-breslau-commemora-plaque\/#primaryimage\",\"url\":\"https:\/\/berndfischer.com\/wp-content\/uploads\/2015\/07\/Gedenktafel-Lore-Breslau.jpg\",\"contentUrl\":\"https:\/\/berndfischer.com\/wp-content\/uploads\/2015\/07\/Gedenktafel-Lore-Breslau.jpg\"},{\"@type\":\"BreadcrumbList\",\"@id\":\"https:\/\/berndfischer.com\/en\/references\/texts\/about-the-lore-breslau-commemora-plaque\/#breadcrumb\",\"itemListElement\":[{\"@type\":\"ListItem\",\"position\":1,\"name\":\"Home\",\"item\":\"https:\/\/berndfischer.com\/en\/\"},{\"@type\":\"ListItem\",\"position\":2,\"name\":\"References\",\"item\":\"https:\/\/berndfischer.com\/en\/references\/\"},{\"@type\":\"ListItem\",\"position\":3,\"name\":\"Texts\",\"item\":\"https:\/\/berndfischer.com\/en\/references\/texts\/\"},{\"@type\":\"ListItem\",\"position\":4,\"name\":\"About the Lore Breslau commemora plaque\"}]},{\"@type\":\"WebSite\",\"@id\":\"https:\/\/berndfischer.com\/en\/#website\",\"url\":\"https:\/\/berndfischer.com\/en\/\",\"name\":\"Bernd Fischer EN\",\"description\":\"Painted and printed colour\",\"potentialAction\":[{\"@type\":\"SearchAction\",\"target\":{\"@type\":\"EntryPoint\",\"urlTemplate\":\"https:\/\/berndfischer.com\/en\/?s={search_term_string}\"},\"query-input\":{\"@type\":\"PropertyValueSpecification\",\"valueRequired\":true,\"valueName\":\"search_term_string\"}}],\"inLanguage\":\"en-GB\"}]}<\/script>\n<!-- \/ Yoast SEO plugin. -->","yoast_head_json":{"title":"About the Lore Breslau commemora plaque - Bernd Fischer EN","robots":{"index":"index","follow":"follow","max-snippet":"max-snippet:-1","max-image-preview":"max-image-preview:large","max-video-preview":"max-video-preview:-1"},"canonical":"https:\/\/berndfischer.com\/en\/references\/texts\/about-the-lore-breslau-commemora-plaque\/","og_locale":"en_GB","og_type":"article","og_title":"About the Lore Breslau commemora plaque - Bernd Fischer EN","og_description":"Excerpt from an address by Ursula K\u00f6nig on the occasion of the presentation of the commemora-tion panels to the school community of Frankfurt\u2019s Georg B\u00fcchner School on October 19, 2002: ...","og_url":"https:\/\/berndfischer.com\/en\/references\/texts\/about-the-lore-breslau-commemora-plaque\/","og_site_name":"Bernd Fischer EN","article_modified_time":"2015-10-20T17:53:17+00:00","og_image":[{"width":700,"height":137,"url":"https:\/\/berndfischer.com\/en\/wp-content\/uploads\/sites\/3\/2015\/07\/Gedenktafel-Lore-Breslau.jpg","type":"image\/jpeg"}],"twitter_card":"summary_large_image","twitter_misc":{"Estimated reading time":"3 minutes"},"schema":{"@context":"https:\/\/schema.org","@graph":[{"@type":"WebPage","@id":"https:\/\/berndfischer.com\/en\/references\/texts\/about-the-lore-breslau-commemora-plaque\/","url":"https:\/\/berndfischer.com\/en\/references\/texts\/about-the-lore-breslau-commemora-plaque\/","name":"About the Lore Breslau commemora plaque - Bernd Fischer EN","isPartOf":{"@id":"https:\/\/berndfischer.com\/en\/#website"},"primaryImageOfPage":{"@id":"https:\/\/berndfischer.com\/en\/references\/texts\/about-the-lore-breslau-commemora-plaque\/#primaryimage"},"image":{"@id":"https:\/\/berndfischer.com\/en\/references\/texts\/about-the-lore-breslau-commemora-plaque\/#primaryimage"},"thumbnailUrl":"https:\/\/berndfischer.com\/wp-content\/uploads\/2015\/07\/Gedenktafel-Lore-Breslau.jpg","datePublished":"2015-07-24T21:41:17+00:00","dateModified":"2015-10-20T17:53:17+00:00","breadcrumb":{"@id":"https:\/\/berndfischer.com\/en\/references\/texts\/about-the-lore-breslau-commemora-plaque\/#breadcrumb"},"inLanguage":"en-GB","potentialAction":[{"@type":"ReadAction","target":["https:\/\/berndfischer.com\/en\/references\/texts\/about-the-lore-breslau-commemora-plaque\/"]}]},{"@type":"ImageObject","inLanguage":"en-GB","@id":"https:\/\/berndfischer.com\/en\/references\/texts\/about-the-lore-breslau-commemora-plaque\/#primaryimage","url":"https:\/\/berndfischer.com\/wp-content\/uploads\/2015\/07\/Gedenktafel-Lore-Breslau.jpg","contentUrl":"https:\/\/berndfischer.com\/wp-content\/uploads\/2015\/07\/Gedenktafel-Lore-Breslau.jpg"},{"@type":"BreadcrumbList","@id":"https:\/\/berndfischer.com\/en\/references\/texts\/about-the-lore-breslau-commemora-plaque\/#breadcrumb","itemListElement":[{"@type":"ListItem","position":1,"name":"Home","item":"https:\/\/berndfischer.com\/en\/"},{"@type":"ListItem","position":2,"name":"References","item":"https:\/\/berndfischer.com\/en\/references\/"},{"@type":"ListItem","position":3,"name":"Texts","item":"https:\/\/berndfischer.com\/en\/references\/texts\/"},{"@type":"ListItem","position":4,"name":"About the Lore Breslau commemora plaque"}]},{"@type":"WebSite","@id":"https:\/\/berndfischer.com\/en\/#website","url":"https:\/\/berndfischer.com\/en\/","name":"Bernd Fischer EN","description":"Painted and printed colour","potentialAction":[{"@type":"SearchAction","target":{"@type":"EntryPoint","urlTemplate":"https:\/\/berndfischer.com\/en\/?s={search_term_string}"},"query-input":{"@type":"PropertyValueSpecification","valueRequired":true,"valueName":"search_term_string"}}],"inLanguage":"en-GB"}]}},"_links":{"self":[{"href":"https:\/\/berndfischer.com\/en\/wp-json\/wp\/v2\/pages\/663","targetHints":{"allow":["GET"]}}],"collection":[{"href":"https:\/\/berndfischer.com\/en\/wp-json\/wp\/v2\/pages"}],"about":[{"href":"https:\/\/berndfischer.com\/en\/wp-json\/wp\/v2\/types\/page"}],"author":[{"embeddable":true,"href":"https:\/\/berndfischer.com\/en\/wp-json\/wp\/v2\/users\/1"}],"replies":[{"embeddable":true,"href":"https:\/\/berndfischer.com\/en\/wp-json\/wp\/v2\/comments?post=663"}],"version-history":[{"count":2,"href":"https:\/\/berndfischer.com\/en\/wp-json\/wp\/v2\/pages\/663\/revisions"}],"predecessor-version":[{"id":4567,"href":"https:\/\/berndfischer.com\/en\/wp-json\/wp\/v2\/pages\/663\/revisions\/4567"}],"up":[{"embeddable":true,"href":"https:\/\/berndfischer.com\/en\/wp-json\/wp\/v2\/pages\/57"}],"wp:attachment":[{"href":"https:\/\/berndfischer.com\/en\/wp-json\/wp\/v2\/media?parent=663"}],"curies":[{"name":"wp","href":"https:\/\/api.w.org\/{rel}","templated":true}]}}