{"id":821,"date":"2015-08-03T11:16:08","date_gmt":"2015-08-03T09:16:08","guid":{"rendered":"https:\/\/berndfischer.com\/?page_id=821"},"modified":"2019-11-14T11:09:58","modified_gmt":"2019-11-14T10:09:58","slug":"julius-floersheim-commemorative-plaque-brueder-grimm-schule","status":"publish","type":"page","link":"https:\/\/berndfischer.com\/en\/commissioned-works\/commemorative-plaques\/julius-floersheim-commemorative-plaque-brueder-grimm-schule\/","title":{"rendered":"Julius-Fl\u00f6rsheim, Frankfurt\/Main"},"content":{"rendered":"<h1>Julius-Fl\u00f6rsheim<\/h1>\n<p><img loading=\"lazy\" decoding=\"async\" class=\"alignleft size-full wp-image-1701\" src=\"https:\/\/berndfischer.com\/wp-content\/uploads\/2015\/08\/Gedenktafel-Julius-Fl\u00f6rsheim.jpg\" alt=\"Gedenktafel Julius Fl\u00f6rsheim\" width=\"700\" height=\"359\" srcset=\"https:\/\/berndfischer.com\/en\/wp-content\/uploads\/sites\/3\/2015\/08\/Gedenktafel-Julius-Fl\u00f6rsheim.jpg 700w, https:\/\/berndfischer.com\/en\/wp-content\/uploads\/sites\/3\/2015\/08\/Gedenktafel-Julius-Fl\u00f6rsheim-330x169.jpg 330w\" sizes=\"auto, (max-width: 700px) 100vw, 700px\" \/><em>Julius Fl\u00f6rsheim Commemorative plaque at\u00a0Br\u00fcder-Grimm-Schule<br \/>\nFrankfurt am Main<\/em><br \/>\n<em>2005<\/em><\/p>\n<h3>Assignment<\/h3>\n<p>A plaque serving as a memorial to a former teacher and two of his colleagues was to be mounted in the school.<\/p>\n<h3>Concept<\/h3>\n<p>Bernd Fischer&#8217;s concept was to design a commemorative plaque which would endure thanks to the information documented by the school itself. &#8220;Julius Fl\u00f6rsheim, a Jewish teacher at the Br\u00fcder Grimm Secondary School in Frankfurt\/Main&#8221; a research project undertaken at the school and published in 2003 formed the basic material source on which Fischer&#8217;s artistic solution was based. Quotes by pupils who succinctly expressed their motivation for the project, their feelings or the knowledge they gained was just as important to Bernd Fischer as the information on the historical event.<\/p>\n<h3>\u00a0Unveiling the Memorial Plaque on 10.\u00a0March 2005<\/h3>\n<p><a href=\"https:\/\/berndfischer.com\/wp-content\/uploads\/2015\/08\/Julius-Fl\u00f6rsheim-Gedenktafel-4.jpg\"><img loading=\"lazy\" decoding=\"async\" class=\"alignleft wp-image-3723 size-medium\" src=\"https:\/\/berndfischer.com\/wp-content\/uploads\/2015\/08\/Julius-Fl\u00f6rsheim-Gedenktafel-4-335x210.jpg\" alt=\"\u00dcbergabefeier in der Br\u00fcder-Grimm-Schule, 2005\" width=\"335\" height=\"210\" srcset=\"https:\/\/berndfischer.com\/en\/wp-content\/uploads\/sites\/3\/2015\/08\/Julius-Fl\u00f6rsheim-Gedenktafel-4-335x210.jpg 335w, https:\/\/berndfischer.com\/en\/wp-content\/uploads\/sites\/3\/2015\/08\/Julius-Fl\u00f6rsheim-Gedenktafel-4.jpg 700w\" sizes=\"auto, (max-width: 335px) 100vw, 335px\" \/><\/a><a href=\"https:\/\/berndfischer.com\/wp-content\/uploads\/2015\/08\/Julius-Fl\u00f6rsheim-Gedenktafel-1.jpg\"><img loading=\"lazy\" decoding=\"async\" class=\"alignleft wp-image-3719 size-medium\" src=\"https:\/\/berndfischer.com\/wp-content\/uploads\/2015\/08\/Julius-Fl\u00f6rsheim-Gedenktafel-1-335x210.jpg\" alt=\"Magdalene Simon, Initiatorin der Spurensuche und Gedenktafel (im gelben Jackett)\" width=\"335\" height=\"210\" srcset=\"https:\/\/berndfischer.com\/en\/wp-content\/uploads\/sites\/3\/2015\/08\/Julius-Fl\u00f6rsheim-Gedenktafel-1-335x210.jpg 335w, https:\/\/berndfischer.com\/en\/wp-content\/uploads\/sites\/3\/2015\/08\/Julius-Fl\u00f6rsheim-Gedenktafel-1.jpg 700w\" sizes=\"auto, (max-width: 335px) 100vw, 335px\" \/><\/a><a href=\"https:\/\/berndfischer.com\/wp-content\/uploads\/2015\/08\/Julius-Fl\u00f6rsheim-Gedenktafel-3.jpg\"><img loading=\"lazy\" decoding=\"async\" class=\"alignleft wp-image-3721 size-medium\" src=\"https:\/\/berndfischer.com\/wp-content\/uploads\/2015\/08\/Julius-Fl\u00f6rsheim-Gedenktafel-3-335x210.jpg\" alt=\"(Von links) Schwiegertochter von Mr. Fl\u00f6rsheim, Werner Bernhard Fl\u00f6rsheim, Enkeltochter von Mr. Fl\u00f6rsheim, Klaus Kaduk, Sch\u00fclerinnen und Eltern \" width=\"335\" height=\"210\" srcset=\"https:\/\/berndfischer.com\/en\/wp-content\/uploads\/sites\/3\/2015\/08\/Julius-Fl\u00f6rsheim-Gedenktafel-3-335x210.jpg 335w, https:\/\/berndfischer.com\/en\/wp-content\/uploads\/sites\/3\/2015\/08\/Julius-Fl\u00f6rsheim-Gedenktafel-3.jpg 700w\" sizes=\"auto, (max-width: 335px) 100vw, 335px\" \/><\/a><a href=\"https:\/\/berndfischer.com\/wp-content\/uploads\/2015\/08\/Julius-Fl\u00f6rsheim-Gedenktafel-2.jpg\"><img loading=\"lazy\" decoding=\"async\" class=\"alignleft wp-image-3725 size-medium\" src=\"https:\/\/berndfischer.com\/wp-content\/uploads\/2015\/08\/Julius-Fl\u00f6rsheim-Gedenktafel-2-335x209.jpg\" alt=\"Vor der Julius Fl\u00f6rsheim Gedenktafel in der Br\u00fcder-Grimm-Schule\" width=\"335\" height=\"209\" srcset=\"https:\/\/berndfischer.com\/en\/wp-content\/uploads\/sites\/3\/2015\/08\/Julius-Fl\u00f6rsheim-Gedenktafel-2-335x209.jpg 335w, https:\/\/berndfischer.com\/en\/wp-content\/uploads\/sites\/3\/2015\/08\/Julius-Fl\u00f6rsheim-Gedenktafel-2.jpg 700w\" sizes=\"auto, (max-width: 335px) 100vw, 335px\" \/><\/a><\/p>\n<h3><\/h3>\n<h3>Artistic\/functional solution<\/h3>\n<p>Bernd Fischer decided to use a screen-printing technique on two joined panes of glass.<br \/>\n&#8211; On the upper glass surface are quotes from pupils. Through this upper glass panel another is visible below, recognizable through the difference in surface material and how the two levels are placed together (this can be seen when walking past the plaque).<\/p>\n<section class=\"left\"><a href=\"https:\/\/berndfischer.com\/en\/wp-content\/uploads\/sites\/3\/2015\/08\/SCHULA2-2.jpg\"><img loading=\"lazy\" decoding=\"async\" class=\"alignleft wp-image-4878 size-thumbnail\" src=\"https:\/\/berndfischer.com\/en\/wp-content\/uploads\/sites\/3\/2015\/08\/SCHULA2-2-100x100.jpg\" alt=\"An excerpt of the document is used in the design, with it being inverted as a negative as the background to the biographical data on teacher Julius Fl\u00f6rsheim. Source: Publication by the Geschichts-AG der Schule:\u201dJulius Fl\u00f6rsheim. A Jewish teacher at the Br\u00fcder Grimm Secondary School in Frankfurt\/Main,\u201d 2003 \" width=\"100\" height=\"100\" \/><\/a><a href=\"https:\/\/berndfischer.com\/en\/wp-content\/uploads\/sites\/3\/2015\/08\/SCHULA1-2.jpg\"><img loading=\"lazy\" decoding=\"async\" class=\"alignleft wp-image-4877 size-thumbnail\" src=\"https:\/\/berndfischer.com\/en\/wp-content\/uploads\/sites\/3\/2015\/08\/SCHULA1-2-100x100.jpg\" alt=\"An excerpt of the document is used in the design, with it being inverted as a negative as the background to the biographical data on teacher Julius Fl\u00f6rsheim. Source: Publication by the Geschichts-AG der Schule:\u201dJulius Fl\u00f6rsheim. A Jewish teacher at the Br\u00fcder Grimm Secondary School in Frankfurt\/Main,\u201d 2003 \" width=\"100\" height=\"100\" \/><\/a><br \/>\n<em>File\u00a0Fl\u00f6rsheim<\/em><\/section>\n<p>On the lower glass plate is a photograph showing prisoners at the Buchenwald concentration camp, school authority documents (Fl\u00f6rsheim records) and a biographical note on a former teacher and two of his colleagues. This information which has been brought to light by the school project now lies like a deeper archaeological layer made visible beneath the words of the pupils in 2003. The images and text were rendered with extremely resistant colors in the chosen printing process. Bernd Fischer&#8217;s interest in glass as a material was due not only to its transparency but also to the objective, neutral effect it produces.<\/p>\n<h3>Text<\/h3>\n<p style=\"padding-left: 30px;\">Julius Fl\u00f6rsheim taught at this school from 1914 to 1935.<br \/>\nHe enjoyed his work as a teacher.<br \/>\nThe headmaster Fafflock and his colleague Ruppel spoke up for him and<br \/>\nopposed the prevailing Nazi racial laws.<br \/>\nRuppel interceded on behalf of Fl\u00f6rsheim\u2019s son Werner Bernhard, enabling the latter to emigrate to England.<br \/>\nOn 19 Octoober 1941 Julius Fl\u00f6rsheim, his wife Jenny and his son Kurt were deported from Frankfurt\/ Main to Litzmannstadt ghetto in Lodz.<br \/>\nAll trace of them vanished there.<\/p>\n<p style=\"padding-left: 30px;\">\u201cPeople should not remain silent about the deportations, because only if we speak out can we prevent people having to undergo such suffering.\u201d<br \/>\nJasmin and Lidija<\/p>\n<p style=\"padding-left: 30px;\">\u201cWe want to learn to take notice and not ignore things. That is what we have decided.\u201d<br \/>\nAdriajana, Marianna and Sabrina.<\/p>\n<p style=\"padding-left: 30px;\">\u201cWho has the courage, who overcomes lethargy, who helps today when people suffer injustice?\u201d<br \/>\nAdriajana, Marianna and Sabrina.<\/p>\n<p style=\"padding-left: 30px;\">\u201cI believe history always repeats itself, and I want to know how I have to act in order to counter discrimination, intolerance and racism.\u201d<br \/>\n\u201cOf the 1,125 persons transported on 19 October, 1941 (number varies, some sources talk of 1,113, some even of 1,180) from Frankfurt to Litzmannstadt ghetto in Lodz, only three survived.\u201d<\/p>\n<p style=\"padding-left: 30px;\">Quotes<br \/>\nPupils of the Br\u00fcder Grimm School 2002-3<br \/>\nIllustrations: New arrivals at roll call in Buchenwald Concentration Camp November 1938. United States Holocaust Museum, Washington D.C.<br \/>\nRecords from the City of Frankfurt, on the dismissal of Julius Fl\u00f6rsheim, in the Institut f\u00fcr Stadtgeschichte, Frankfurt\/Main.<br \/>\nFrom: \u201cJulius Fl\u00f6rsheim \u2013 ein J\u00fcdischer Lehrer an der Br\u00fcder-Grimm-Mittelschule, Frankfurt am Main, 1914-1935\u201d. Publication by the Geschichts-AG, Br\u00fcder-Grimm School, FFM, 2003<br \/>\nConcept and realization of the plaque Bernd Fischer, Offenbach\/Main, 2004<\/p>\n<h3>Technical details<\/h3>\n<p>Two glass panels measuring 76 x 120 cm are joined into one. These are printed with ceramic colors in black (upper and lower panels) and white (lower panel). Ceramic colors are extremely durable, light-fast and weather resistant. The glass is processed into safety glass with a final thickness of 10 mm. This thickness of glass is resistant to fairly strong football kicks. The laminated panel is mounted outside approximately two cm from the wall with four spacers.<\/p>\n<p><a href=\"https:\/\/berndfischer.com\/en\/references\/texts\/a-memorial-plaque-as-art\/\">\u00bb Martin Benn on the work<\/a><\/p>\n","protected":false},"excerpt":{"rendered":"<p>Julius-Fl\u00f6rsheim Julius Fl\u00f6rsheim Commemorative plaque at\u00a0Br\u00fcder-Grimm-Schule Frankfurt am Main 2005 Assignment A plaque serving as a memorial to a former teacher and two of his colleagues was to be mounted &#8230;<\/p>\n","protected":false},"author":1,"featured_media":1702,"parent":43,"menu_order":249,"comment_status":"closed","ping_status":"closed","template":"page-ohne-headline.php","meta":{"_acf_changed":false,"footnotes":""},"class_list":["post-821","page","type-page","status-publish","has-post-thumbnail","hentry"],"acf":[],"yoast_head":"<!-- This site is optimized with the Yoast SEO plugin v26.9 - https:\/\/yoast.com\/product\/yoast-seo-wordpress\/ -->\n<title>Julius-Fl\u00f6rsheim, Frankfurt\/Main - Bernd Fischer EN<\/title>\n<meta name=\"robots\" content=\"index, follow, max-snippet:-1, max-image-preview:large, max-video-preview:-1\" \/>\n<link rel=\"canonical\" href=\"https:\/\/berndfischer.com\/en\/commissioned-works\/commemorative-plaques\/julius-floersheim-commemorative-plaque-brueder-grimm-schule\/\" \/>\n<meta property=\"og:locale\" content=\"en_GB\" \/>\n<meta property=\"og:type\" content=\"article\" \/>\n<meta property=\"og:title\" content=\"Julius-Fl\u00f6rsheim, Frankfurt\/Main - Bernd Fischer EN\" \/>\n<meta property=\"og:description\" content=\"Julius-Fl\u00f6rsheim Julius Fl\u00f6rsheim Commemorative plaque at\u00a0Br\u00fcder-Grimm-Schule Frankfurt am Main 2005 Assignment A plaque serving as a memorial to a former teacher and two of his colleagues was to be mounted ...\" \/>\n<meta property=\"og:url\" content=\"https:\/\/berndfischer.com\/en\/commissioned-works\/commemorative-plaques\/julius-floersheim-commemorative-plaque-brueder-grimm-schule\/\" \/>\n<meta property=\"og:site_name\" content=\"Bernd Fischer EN\" \/>\n<meta property=\"article:modified_time\" content=\"2019-11-14T10:09:58+00:00\" \/>\n<meta property=\"og:image\" content=\"https:\/\/berndfischer.com\/en\/wp-content\/uploads\/sites\/3\/2015\/08\/Thumb-Gedenktafel-Julius-Fl\u00f6rsheim.jpg\" \/>\n\t<meta property=\"og:image:width\" content=\"130\" \/>\n\t<meta property=\"og:image:height\" content=\"130\" \/>\n\t<meta property=\"og:image:type\" content=\"image\/jpeg\" \/>\n<meta name=\"twitter:card\" content=\"summary_large_image\" \/>\n<meta name=\"twitter:label1\" content=\"Estimated reading time\" \/>\n\t<meta name=\"twitter:data1\" content=\"3 minutes\" \/>\n<script type=\"application\/ld+json\" class=\"yoast-schema-graph\">{\"@context\":\"https:\/\/schema.org\",\"@graph\":[{\"@type\":\"WebPage\",\"@id\":\"https:\/\/berndfischer.com\/en\/commissioned-works\/commemorative-plaques\/julius-floersheim-commemorative-plaque-brueder-grimm-schule\/\",\"url\":\"https:\/\/berndfischer.com\/en\/commissioned-works\/commemorative-plaques\/julius-floersheim-commemorative-plaque-brueder-grimm-schule\/\",\"name\":\"Julius-Fl\u00f6rsheim, Frankfurt\/Main - Bernd Fischer EN\",\"isPartOf\":{\"@id\":\"https:\/\/berndfischer.com\/en\/#website\"},\"primaryImageOfPage\":{\"@id\":\"https:\/\/berndfischer.com\/en\/commissioned-works\/commemorative-plaques\/julius-floersheim-commemorative-plaque-brueder-grimm-schule\/#primaryimage\"},\"image\":{\"@id\":\"https:\/\/berndfischer.com\/en\/commissioned-works\/commemorative-plaques\/julius-floersheim-commemorative-plaque-brueder-grimm-schule\/#primaryimage\"},\"thumbnailUrl\":\"https:\/\/berndfischer.com\/en\/wp-content\/uploads\/sites\/3\/2015\/08\/Thumb-Gedenktafel-Julius-Fl\u00f6rsheim.jpg\",\"datePublished\":\"2015-08-03T09:16:08+00:00\",\"dateModified\":\"2019-11-14T10:09:58+00:00\",\"breadcrumb\":{\"@id\":\"https:\/\/berndfischer.com\/en\/commissioned-works\/commemorative-plaques\/julius-floersheim-commemorative-plaque-brueder-grimm-schule\/#breadcrumb\"},\"inLanguage\":\"en-GB\",\"potentialAction\":[{\"@type\":\"ReadAction\",\"target\":[\"https:\/\/berndfischer.com\/en\/commissioned-works\/commemorative-plaques\/julius-floersheim-commemorative-plaque-brueder-grimm-schule\/\"]}]},{\"@type\":\"ImageObject\",\"inLanguage\":\"en-GB\",\"@id\":\"https:\/\/berndfischer.com\/en\/commissioned-works\/commemorative-plaques\/julius-floersheim-commemorative-plaque-brueder-grimm-schule\/#primaryimage\",\"url\":\"https:\/\/berndfischer.com\/en\/wp-content\/uploads\/sites\/3\/2015\/08\/Thumb-Gedenktafel-Julius-Fl\u00f6rsheim.jpg\",\"contentUrl\":\"https:\/\/berndfischer.com\/en\/wp-content\/uploads\/sites\/3\/2015\/08\/Thumb-Gedenktafel-Julius-Fl\u00f6rsheim.jpg\",\"width\":130,\"height\":130,\"caption\":\"Gedenktafel Julius Fl\u00f6rsheim\"},{\"@type\":\"BreadcrumbList\",\"@id\":\"https:\/\/berndfischer.com\/en\/commissioned-works\/commemorative-plaques\/julius-floersheim-commemorative-plaque-brueder-grimm-schule\/#breadcrumb\",\"itemListElement\":[{\"@type\":\"ListItem\",\"position\":1,\"name\":\"Home\",\"item\":\"https:\/\/berndfischer.com\/en\/\"},{\"@type\":\"ListItem\",\"position\":2,\"name\":\"Commissioned works\",\"item\":\"https:\/\/berndfischer.com\/en\/commissioned-works\/\"},{\"@type\":\"ListItem\",\"position\":3,\"name\":\"Commemorative plaques\",\"item\":\"https:\/\/berndfischer.com\/en\/commissioned-works\/commemorative-plaques\/\"},{\"@type\":\"ListItem\",\"position\":4,\"name\":\"Julius-Fl\u00f6rsheim, Frankfurt\/Main\"}]},{\"@type\":\"WebSite\",\"@id\":\"https:\/\/berndfischer.com\/en\/#website\",\"url\":\"https:\/\/berndfischer.com\/en\/\",\"name\":\"Bernd Fischer EN\",\"description\":\"Painted and printed colour\",\"potentialAction\":[{\"@type\":\"SearchAction\",\"target\":{\"@type\":\"EntryPoint\",\"urlTemplate\":\"https:\/\/berndfischer.com\/en\/?s={search_term_string}\"},\"query-input\":{\"@type\":\"PropertyValueSpecification\",\"valueRequired\":true,\"valueName\":\"search_term_string\"}}],\"inLanguage\":\"en-GB\"}]}<\/script>\n<!-- \/ Yoast SEO plugin. -->","yoast_head_json":{"title":"Julius-Fl\u00f6rsheim, Frankfurt\/Main - Bernd Fischer EN","robots":{"index":"index","follow":"follow","max-snippet":"max-snippet:-1","max-image-preview":"max-image-preview:large","max-video-preview":"max-video-preview:-1"},"canonical":"https:\/\/berndfischer.com\/en\/commissioned-works\/commemorative-plaques\/julius-floersheim-commemorative-plaque-brueder-grimm-schule\/","og_locale":"en_GB","og_type":"article","og_title":"Julius-Fl\u00f6rsheim, Frankfurt\/Main - Bernd Fischer EN","og_description":"Julius-Fl\u00f6rsheim Julius Fl\u00f6rsheim Commemorative plaque at\u00a0Br\u00fcder-Grimm-Schule Frankfurt am Main 2005 Assignment A plaque serving as a memorial to a former teacher and two of his colleagues was to be mounted ...","og_url":"https:\/\/berndfischer.com\/en\/commissioned-works\/commemorative-plaques\/julius-floersheim-commemorative-plaque-brueder-grimm-schule\/","og_site_name":"Bernd Fischer EN","article_modified_time":"2019-11-14T10:09:58+00:00","og_image":[{"width":130,"height":130,"url":"https:\/\/berndfischer.com\/en\/wp-content\/uploads\/sites\/3\/2015\/08\/Thumb-Gedenktafel-Julius-Fl\u00f6rsheim.jpg","type":"image\/jpeg"}],"twitter_card":"summary_large_image","twitter_misc":{"Estimated reading time":"3 minutes"},"schema":{"@context":"https:\/\/schema.org","@graph":[{"@type":"WebPage","@id":"https:\/\/berndfischer.com\/en\/commissioned-works\/commemorative-plaques\/julius-floersheim-commemorative-plaque-brueder-grimm-schule\/","url":"https:\/\/berndfischer.com\/en\/commissioned-works\/commemorative-plaques\/julius-floersheim-commemorative-plaque-brueder-grimm-schule\/","name":"Julius-Fl\u00f6rsheim, Frankfurt\/Main - Bernd Fischer EN","isPartOf":{"@id":"https:\/\/berndfischer.com\/en\/#website"},"primaryImageOfPage":{"@id":"https:\/\/berndfischer.com\/en\/commissioned-works\/commemorative-plaques\/julius-floersheim-commemorative-plaque-brueder-grimm-schule\/#primaryimage"},"image":{"@id":"https:\/\/berndfischer.com\/en\/commissioned-works\/commemorative-plaques\/julius-floersheim-commemorative-plaque-brueder-grimm-schule\/#primaryimage"},"thumbnailUrl":"https:\/\/berndfischer.com\/en\/wp-content\/uploads\/sites\/3\/2015\/08\/Thumb-Gedenktafel-Julius-Fl\u00f6rsheim.jpg","datePublished":"2015-08-03T09:16:08+00:00","dateModified":"2019-11-14T10:09:58+00:00","breadcrumb":{"@id":"https:\/\/berndfischer.com\/en\/commissioned-works\/commemorative-plaques\/julius-floersheim-commemorative-plaque-brueder-grimm-schule\/#breadcrumb"},"inLanguage":"en-GB","potentialAction":[{"@type":"ReadAction","target":["https:\/\/berndfischer.com\/en\/commissioned-works\/commemorative-plaques\/julius-floersheim-commemorative-plaque-brueder-grimm-schule\/"]}]},{"@type":"ImageObject","inLanguage":"en-GB","@id":"https:\/\/berndfischer.com\/en\/commissioned-works\/commemorative-plaques\/julius-floersheim-commemorative-plaque-brueder-grimm-schule\/#primaryimage","url":"https:\/\/berndfischer.com\/en\/wp-content\/uploads\/sites\/3\/2015\/08\/Thumb-Gedenktafel-Julius-Fl\u00f6rsheim.jpg","contentUrl":"https:\/\/berndfischer.com\/en\/wp-content\/uploads\/sites\/3\/2015\/08\/Thumb-Gedenktafel-Julius-Fl\u00f6rsheim.jpg","width":130,"height":130,"caption":"Gedenktafel Julius Fl\u00f6rsheim"},{"@type":"BreadcrumbList","@id":"https:\/\/berndfischer.com\/en\/commissioned-works\/commemorative-plaques\/julius-floersheim-commemorative-plaque-brueder-grimm-schule\/#breadcrumb","itemListElement":[{"@type":"ListItem","position":1,"name":"Home","item":"https:\/\/berndfischer.com\/en\/"},{"@type":"ListItem","position":2,"name":"Commissioned works","item":"https:\/\/berndfischer.com\/en\/commissioned-works\/"},{"@type":"ListItem","position":3,"name":"Commemorative plaques","item":"https:\/\/berndfischer.com\/en\/commissioned-works\/commemorative-plaques\/"},{"@type":"ListItem","position":4,"name":"Julius-Fl\u00f6rsheim, Frankfurt\/Main"}]},{"@type":"WebSite","@id":"https:\/\/berndfischer.com\/en\/#website","url":"https:\/\/berndfischer.com\/en\/","name":"Bernd Fischer EN","description":"Painted and printed colour","potentialAction":[{"@type":"SearchAction","target":{"@type":"EntryPoint","urlTemplate":"https:\/\/berndfischer.com\/en\/?s={search_term_string}"},"query-input":{"@type":"PropertyValueSpecification","valueRequired":true,"valueName":"search_term_string"}}],"inLanguage":"en-GB"}]}},"_links":{"self":[{"href":"https:\/\/berndfischer.com\/en\/wp-json\/wp\/v2\/pages\/821","targetHints":{"allow":["GET"]}}],"collection":[{"href":"https:\/\/berndfischer.com\/en\/wp-json\/wp\/v2\/pages"}],"about":[{"href":"https:\/\/berndfischer.com\/en\/wp-json\/wp\/v2\/types\/page"}],"author":[{"embeddable":true,"href":"https:\/\/berndfischer.com\/en\/wp-json\/wp\/v2\/users\/1"}],"replies":[{"embeddable":true,"href":"https:\/\/berndfischer.com\/en\/wp-json\/wp\/v2\/comments?post=821"}],"version-history":[{"count":13,"href":"https:\/\/berndfischer.com\/en\/wp-json\/wp\/v2\/pages\/821\/revisions"}],"predecessor-version":[{"id":5344,"href":"https:\/\/berndfischer.com\/en\/wp-json\/wp\/v2\/pages\/821\/revisions\/5344"}],"up":[{"embeddable":true,"href":"https:\/\/berndfischer.com\/en\/wp-json\/wp\/v2\/pages\/43"}],"wp:featuredmedia":[{"embeddable":true,"href":"https:\/\/berndfischer.com\/en\/wp-json\/wp\/v2\/media\/1702"}],"wp:attachment":[{"href":"https:\/\/berndfischer.com\/en\/wp-json\/wp\/v2\/media?parent=821"}],"curies":[{"name":"wp","href":"https:\/\/api.w.org\/{rel}","templated":true}]}}