{"id":846,"date":"2015-08-03T13:20:36","date_gmt":"2015-08-03T11:20:36","guid":{"rendered":"https:\/\/berndfischer.com\/?page_id=846"},"modified":"2015-10-20T20:34:18","modified_gmt":"2015-10-20T18:34:18","slug":"bernd-fischer-2","status":"publish","type":"page","link":"https:\/\/berndfischer.com\/en\/references\/texts\/bernd-fischer-2\/","title":{"rendered":"Bernd Fischer"},"content":{"rendered":"<h3>from: &#8220;Zeitgen\u00f6ssische Kunst in der Deutschen Bank&#8221; (Contemporary Art in the Deutsche Bank), catalogue of the Deutsche Bank Collection, Frankfurt\/Main<\/h3>\n<p>Bernd Fischer attended the Hochschule f\u00fcr Gestaltung (School of Design) from 1974 until 1980 under Hans Peter M\u00fcnch and the St\u00e4del School in Frankfurt\/Main from 1976 until 1982 under Michael Croissant. He considers his student years &#8220;in hindsight, as a time of trying out different approaches, intensively getting to know the medium and myself&#8221;.<\/p>\n<h3><a href=\"https:\/\/berndfischer.com\/wp-content\/uploads\/2015\/08\/Texte-Ingrid-M\u00f6ssinger-2.jpg\"><img loading=\"lazy\" decoding=\"async\" class=\"alignleft size-medium wp-image-2002\" src=\"https:\/\/berndfischer.com\/wp-content\/uploads\/2015\/08\/Texte-Ingrid-M\u00f6ssinger-2-335x224.jpg\" alt=\"Vier einzelne Objekte O.T.\" width=\"335\" height=\"224\" srcset=\"https:\/\/berndfischer.com\/en\/wp-content\/uploads\/sites\/3\/2015\/08\/Texte-Ingrid-M\u00f6ssinger-2-335x224.jpg 335w, https:\/\/berndfischer.com\/en\/wp-content\/uploads\/sites\/3\/2015\/08\/Texte-Ingrid-M\u00f6ssinger-2.jpg 700w, https:\/\/berndfischer.com\/en\/wp-content\/uploads\/sites\/3\/2015\/08\/Texte-Ingrid-M\u00f6ssinger-2-600x400.jpg 600w\" sizes=\"auto, (max-width: 335px) 100vw, 335px\" \/><\/a>Four Single Objects Without Title<\/h3>\n<p>1978<br \/>\nColor on Wood<br \/>\nEach approx. max. 30 x 50 cm<br \/>\nPhotograph: Hanging in atelier, St\u00e4del School<br \/>\nObject left: Christian Friedrichs;<br \/>\nObject upper center: Later Innovation Award<\/p>\n<p>For a while he experimented with objects made of waste timber, a path which soon &#8220;appeared as a dead-end-street&#8221;. This is why he took up painting again, because he believed that with it he would be able to realize his idea of figure. In spite of this, Fischer&#8217;s paintings are reminiscent of the period with objects because he rejects conventionally-shaped picture carriers such as regular squares, for example. The works on nettle, canvas and wood are of asymmetric shape or consist of several parts. Figure or object is also always placed in relation to the pure area of color. In so doing Fischer suggests that today the theme of figure needs to be rethought and reformulated.<\/p>\n<p>The development in the shape of the picture carrier ranges from plates joined directly with one another to extreme horizontal or vertical formats, serial sequences of single panels, narrow slats concentrated into areas of color all the way to asymmetrically rearranged rhombi from which ar-eas are sawn out to accommodate smaller partial areas. For Fischer turning to painting means an experiment not just with color but especially with form. The fact that form in particular has an important effect can be seen in the exemplary comparison of two works. In a picture which con-sists of ten narrow, upright rectangles Fischer deals with one of his favorite subjects, flying in undefined space. Here the form which divides the color continuity is joined together again by the image content (flight of birds).<\/p>\n<h3><a href=\"https:\/\/berndfischer.com\/wp-content\/uploads\/2015\/08\/Texte-Ingrid-M\u00f6ssinger-6-Kopie.jpg\"><img loading=\"lazy\" decoding=\"async\" class=\"alignleft wp-image-2009 size-medium\" src=\"https:\/\/berndfischer.com\/wp-content\/uploads\/2015\/08\/Texte-Ingrid-M\u00f6ssinger-6-Kopie-335x231.jpg\" alt=\"Vogelflug mit Spieglung\" width=\"335\" height=\"231\" srcset=\"https:\/\/berndfischer.com\/en\/wp-content\/uploads\/sites\/3\/2015\/08\/Texte-Ingrid-M\u00f6ssinger-6-Kopie-335x231.jpg 335w, https:\/\/berndfischer.com\/en\/wp-content\/uploads\/sites\/3\/2015\/08\/Texte-Ingrid-M\u00f6ssinger-6-Kopie.jpg 700w\" sizes=\"auto, (max-width: 335px) 100vw, 335px\" \/><\/a>Bird Flight With Mirror image<\/h3>\n<p>1983<br \/>\nTempera \/ oil nettle, ten parts<br \/>\n170 x 300 cm<\/p>\n<p>By contrast, where the picture space consists of narrow slats a color continuity appears even without reference to content, because here color alone seems to push the image to the right. Just how important form is for Fischer&#8217;s work can be seen from the fact that the impression of instability is achieved mainly through shapes which deviate from symmetrical geometry. Longer and shorter, wider and narrower panels are joined together at such sharp angles that they result in narrow gaps which lend an overall impression of fragility to the works. In addition, the affinity of the individual parts can be deciphered through the painting rather than through the form, this is for instance the case when the rectangular shape of the small panel is repeated on the accompanying larger panel. In Fischer&#8217;s works, in other words, form can be changed and color is merely placed in relation to it. In a reversal of traditional panel painting the more stabile moment is not form but color. Expressed in this exchangeability of the relation-ship of parts of shapes to one another is a current awareness of irreversibility and instability.<\/p>\n<h3><a href=\"https:\/\/berndfischer.com\/wp-content\/uploads\/2015\/08\/Texte-Ingrid-M\u00f6ssinger-5.jpg\"><img loading=\"lazy\" decoding=\"async\" class=\"alignleft wp-image-2008 size-medium\" src=\"https:\/\/berndfischer.com\/wp-content\/uploads\/2015\/08\/Texte-Ingrid-M\u00f6ssinger-5-335x344.jpg\" alt=\"Astronaut\" width=\"335\" height=\"344\" srcset=\"https:\/\/berndfischer.com\/en\/wp-content\/uploads\/sites\/3\/2015\/08\/Texte-Ingrid-M\u00f6ssinger-5-335x344.jpg 335w, https:\/\/berndfischer.com\/en\/wp-content\/uploads\/sites\/3\/2015\/08\/Texte-Ingrid-M\u00f6ssinger-5.jpg 540w\" sizes=\"auto, (max-width: 335px) 100vw, 335px\" \/><\/a>Astronaut<\/h3>\n<p>1985<br \/>\npainted and printed color on canvas and calico<br \/>\ntwo parts, 125 x 135 cm<br \/>\nEvonic Services GmbH<br \/>\n(was befor Degussa H\u00fcls AG)<\/p>\n<p>Fischer&#8217;s preferred subjects are bird, hand and astronaut. Flying &#8211; as natural as it is to a bird, makes man dependent on technology. What first appeared as a liberation shackles him. Shrouded as if in a cocoon he is forced to submit to artificial conditions which turns him into the human-machine astronaut. The very physical and psychological conditions which constitute man are encapsulated. In this context the hand as carrier of direct movements, of tactile sense and immediate human warmth acquires the character of a symbol for the longing for manual balance in a world of \u2018de-manualized technicity&#8217;. Since technology results in the abandoning of the direct movements translated by the hand, its central depiction is a symbol for the grief over the loss of individual potential.<\/p>\n<h3><a href=\"https:\/\/berndfischer.com\/wp-content\/uploads\/2015\/08\/Texte-Ingrid-M\u00f6ssinger-3.jpg\"><img loading=\"lazy\" decoding=\"async\" class=\"alignleft size-medium wp-image-2003\" src=\"https:\/\/berndfischer.com\/wp-content\/uploads\/2015\/08\/Texte-Ingrid-M\u00f6ssinger-3-335x272.jpg\" alt=\"Kopf\" width=\"335\" height=\"272\" srcset=\"https:\/\/berndfischer.com\/en\/wp-content\/uploads\/sites\/3\/2015\/08\/Texte-Ingrid-M\u00f6ssinger-3-335x272.jpg 335w, https:\/\/berndfischer.com\/en\/wp-content\/uploads\/sites\/3\/2015\/08\/Texte-Ingrid-M\u00f6ssinger-3.jpg 684w\" sizes=\"auto, (max-width: 335px) 100vw, 335px\" \/><\/a>Head<\/h3>\n<p>1986<br \/>\nTempera on wood, two parts<br \/>\n113 x 144 cm<br \/>\nDeutsche Bank, Frankfurt\/Main<\/p>\n","protected":false},"excerpt":{"rendered":"<p>from: &#8220;Zeitgen\u00f6ssische Kunst in der Deutschen Bank&#8221; (Contemporary Art in the Deutsche Bank), catalogue of the Deutsche Bank Collection, Frankfurt\/Main Bernd Fischer attended the Hochschule f\u00fcr Gestaltung (School of Design) &#8230;<\/p>\n","protected":false},"author":1,"featured_media":0,"parent":57,"menu_order":774,"comment_status":"closed","ping_status":"closed","template":"","meta":{"_acf_changed":false,"footnotes":""},"class_list":["post-846","page","type-page","status-publish","hentry"],"acf":[],"yoast_head":"<!-- This site is optimized with the Yoast SEO plugin v26.9 - https:\/\/yoast.com\/product\/yoast-seo-wordpress\/ -->\n<title>Bernd Fischer - Bernd Fischer EN<\/title>\n<meta name=\"robots\" content=\"index, follow, max-snippet:-1, max-image-preview:large, max-video-preview:-1\" \/>\n<link rel=\"canonical\" href=\"https:\/\/berndfischer.com\/en\/references\/texts\/bernd-fischer-2\/\" \/>\n<meta property=\"og:locale\" content=\"en_GB\" \/>\n<meta property=\"og:type\" content=\"article\" \/>\n<meta property=\"og:title\" content=\"Bernd Fischer - Bernd Fischer EN\" \/>\n<meta property=\"og:description\" content=\"from: &#8220;Zeitgen\u00f6ssische Kunst in der Deutschen Bank&#8221; (Contemporary Art in the Deutsche Bank), catalogue of the Deutsche Bank Collection, Frankfurt\/Main Bernd Fischer attended the Hochschule f\u00fcr Gestaltung (School of Design) ...\" \/>\n<meta property=\"og:url\" content=\"https:\/\/berndfischer.com\/en\/references\/texts\/bernd-fischer-2\/\" \/>\n<meta property=\"og:site_name\" content=\"Bernd Fischer EN\" \/>\n<meta property=\"article:modified_time\" content=\"2015-10-20T18:34:18+00:00\" \/>\n<meta name=\"twitter:card\" content=\"summary_large_image\" \/>\n<meta name=\"twitter:label1\" content=\"Estimated reading time\" \/>\n\t<meta name=\"twitter:data1\" content=\"4 minutes\" \/>\n<script type=\"application\/ld+json\" class=\"yoast-schema-graph\">{\"@context\":\"https:\/\/schema.org\",\"@graph\":[{\"@type\":\"WebPage\",\"@id\":\"https:\/\/berndfischer.com\/en\/references\/texts\/bernd-fischer-2\/\",\"url\":\"https:\/\/berndfischer.com\/en\/references\/texts\/bernd-fischer-2\/\",\"name\":\"Bernd Fischer - Bernd Fischer EN\",\"isPartOf\":{\"@id\":\"https:\/\/berndfischer.com\/en\/#website\"},\"datePublished\":\"2015-08-03T11:20:36+00:00\",\"dateModified\":\"2015-10-20T18:34:18+00:00\",\"breadcrumb\":{\"@id\":\"https:\/\/berndfischer.com\/en\/references\/texts\/bernd-fischer-2\/#breadcrumb\"},\"inLanguage\":\"en-GB\",\"potentialAction\":[{\"@type\":\"ReadAction\",\"target\":[\"https:\/\/berndfischer.com\/en\/references\/texts\/bernd-fischer-2\/\"]}]},{\"@type\":\"BreadcrumbList\",\"@id\":\"https:\/\/berndfischer.com\/en\/references\/texts\/bernd-fischer-2\/#breadcrumb\",\"itemListElement\":[{\"@type\":\"ListItem\",\"position\":1,\"name\":\"Home\",\"item\":\"https:\/\/berndfischer.com\/en\/\"},{\"@type\":\"ListItem\",\"position\":2,\"name\":\"References\",\"item\":\"https:\/\/berndfischer.com\/en\/references\/\"},{\"@type\":\"ListItem\",\"position\":3,\"name\":\"Texts\",\"item\":\"https:\/\/berndfischer.com\/en\/references\/texts\/\"},{\"@type\":\"ListItem\",\"position\":4,\"name\":\"Bernd Fischer\"}]},{\"@type\":\"WebSite\",\"@id\":\"https:\/\/berndfischer.com\/en\/#website\",\"url\":\"https:\/\/berndfischer.com\/en\/\",\"name\":\"Bernd Fischer EN\",\"description\":\"Painted and printed colour\",\"potentialAction\":[{\"@type\":\"SearchAction\",\"target\":{\"@type\":\"EntryPoint\",\"urlTemplate\":\"https:\/\/berndfischer.com\/en\/?s={search_term_string}\"},\"query-input\":{\"@type\":\"PropertyValueSpecification\",\"valueRequired\":true,\"valueName\":\"search_term_string\"}}],\"inLanguage\":\"en-GB\"}]}<\/script>\n<!-- \/ Yoast SEO plugin. -->","yoast_head_json":{"title":"Bernd Fischer - Bernd Fischer EN","robots":{"index":"index","follow":"follow","max-snippet":"max-snippet:-1","max-image-preview":"max-image-preview:large","max-video-preview":"max-video-preview:-1"},"canonical":"https:\/\/berndfischer.com\/en\/references\/texts\/bernd-fischer-2\/","og_locale":"en_GB","og_type":"article","og_title":"Bernd Fischer - Bernd Fischer EN","og_description":"from: &#8220;Zeitgen\u00f6ssische Kunst in der Deutschen Bank&#8221; (Contemporary Art in the Deutsche Bank), catalogue of the Deutsche Bank Collection, Frankfurt\/Main Bernd Fischer attended the Hochschule f\u00fcr Gestaltung (School of Design) ...","og_url":"https:\/\/berndfischer.com\/en\/references\/texts\/bernd-fischer-2\/","og_site_name":"Bernd Fischer EN","article_modified_time":"2015-10-20T18:34:18+00:00","twitter_card":"summary_large_image","twitter_misc":{"Estimated reading time":"4 minutes"},"schema":{"@context":"https:\/\/schema.org","@graph":[{"@type":"WebPage","@id":"https:\/\/berndfischer.com\/en\/references\/texts\/bernd-fischer-2\/","url":"https:\/\/berndfischer.com\/en\/references\/texts\/bernd-fischer-2\/","name":"Bernd Fischer - Bernd Fischer EN","isPartOf":{"@id":"https:\/\/berndfischer.com\/en\/#website"},"datePublished":"2015-08-03T11:20:36+00:00","dateModified":"2015-10-20T18:34:18+00:00","breadcrumb":{"@id":"https:\/\/berndfischer.com\/en\/references\/texts\/bernd-fischer-2\/#breadcrumb"},"inLanguage":"en-GB","potentialAction":[{"@type":"ReadAction","target":["https:\/\/berndfischer.com\/en\/references\/texts\/bernd-fischer-2\/"]}]},{"@type":"BreadcrumbList","@id":"https:\/\/berndfischer.com\/en\/references\/texts\/bernd-fischer-2\/#breadcrumb","itemListElement":[{"@type":"ListItem","position":1,"name":"Home","item":"https:\/\/berndfischer.com\/en\/"},{"@type":"ListItem","position":2,"name":"References","item":"https:\/\/berndfischer.com\/en\/references\/"},{"@type":"ListItem","position":3,"name":"Texts","item":"https:\/\/berndfischer.com\/en\/references\/texts\/"},{"@type":"ListItem","position":4,"name":"Bernd Fischer"}]},{"@type":"WebSite","@id":"https:\/\/berndfischer.com\/en\/#website","url":"https:\/\/berndfischer.com\/en\/","name":"Bernd Fischer EN","description":"Painted and printed colour","potentialAction":[{"@type":"SearchAction","target":{"@type":"EntryPoint","urlTemplate":"https:\/\/berndfischer.com\/en\/?s={search_term_string}"},"query-input":{"@type":"PropertyValueSpecification","valueRequired":true,"valueName":"search_term_string"}}],"inLanguage":"en-GB"}]}},"_links":{"self":[{"href":"https:\/\/berndfischer.com\/en\/wp-json\/wp\/v2\/pages\/846","targetHints":{"allow":["GET"]}}],"collection":[{"href":"https:\/\/berndfischer.com\/en\/wp-json\/wp\/v2\/pages"}],"about":[{"href":"https:\/\/berndfischer.com\/en\/wp-json\/wp\/v2\/types\/page"}],"author":[{"embeddable":true,"href":"https:\/\/berndfischer.com\/en\/wp-json\/wp\/v2\/users\/1"}],"replies":[{"embeddable":true,"href":"https:\/\/berndfischer.com\/en\/wp-json\/wp\/v2\/comments?post=846"}],"version-history":[{"count":3,"href":"https:\/\/berndfischer.com\/en\/wp-json\/wp\/v2\/pages\/846\/revisions"}],"predecessor-version":[{"id":4589,"href":"https:\/\/berndfischer.com\/en\/wp-json\/wp\/v2\/pages\/846\/revisions\/4589"}],"up":[{"embeddable":true,"href":"https:\/\/berndfischer.com\/en\/wp-json\/wp\/v2\/pages\/57"}],"wp:attachment":[{"href":"https:\/\/berndfischer.com\/en\/wp-json\/wp\/v2\/media?parent=846"}],"curies":[{"name":"wp","href":"https:\/\/api.w.org\/{rel}","templated":true}]}}