{"id":985,"date":"2015-08-04T10:48:09","date_gmt":"2015-08-04T08:48:09","guid":{"rendered":"https:\/\/berndfischer.com\/?page_id=985"},"modified":"2017-11-09T10:11:28","modified_gmt":"2017-11-09T09:11:28","slug":"the-sculpture-of-the-first-innovation-award-world-wide","status":"publish","type":"page","link":"https:\/\/berndfischer.com\/en\/commissioned-works\/artworks-to-award-outstanding-achievement\/the-sculpture-of-the-first-innovation-award-world-wide\/","title":{"rendered":"The sculpture of the first Innovation Award world wide"},"content":{"rendered":"<p><img loading=\"lazy\" decoding=\"async\" class=\"alignleft wp-image-1825 size-full\" src=\"https:\/\/berndfischer.com\/wp-content\/uploads\/2015\/08\/Innovationspreis-der-deutschen-Wirtschaft-1.jpg\" alt=\"Innovationspreis der Deutschen Wirtschaft\" width=\"700\" height=\"539\" srcset=\"https:\/\/berndfischer.com\/en\/wp-content\/uploads\/sites\/3\/2015\/08\/Innovationspreis-der-deutschen-Wirtschaft-1.jpg 700w, https:\/\/berndfischer.com\/en\/wp-content\/uploads\/sites\/3\/2015\/08\/Innovationspreis-der-deutschen-Wirtschaft-1-330x254.jpg 330w\" sizes=\"auto, (max-width: 700px) 100vw, 700px\" \/><\/p>\n<p>Successively engraved carrier plate\u00a0made of brushed stainless steel,<br \/>\nwith added fine-ground steel elements<br \/>\nH 55 x B 70 x T 4,3 cm<br \/>\nRhine-Main Business Club<\/p>\n<h3>Assignment<\/h3>\n<p>In 1979, at the Hochschule f\u00fcr Bildende K\u00fcnste, St\u00e4delschule in Frankfurt\/Main, the Wirtschaftsclub Rhein-Main (Rhine\/Main Business Club) commended a sculpture which was created as part of the school\u2019s internal competition. The work was conceived as a future award for German companies who develop an exceptional, innovative product or who develop and introduce an intellectual innovation to the market. Bernd Fischer\u2019s work was selected by a jury of professors.<\/p>\n<p>Innovationspreis der Deutschen Wirtschaft (Innovation Prize of the German Economy)<\/p>\n<p>An artwork to celebrate innovative achievement<\/p>\n<p>A steel object is mounted in front of a stainless steel plate. The name of the award and all the companies who have received the award are engraved on the back of the plate. The artwork is designed to be hung on the wall.<\/p>\n<p>The dynamic aspect of the object used in the innovation prize is of paramount importance. A dynamic which on the one hand projects into the unknown surrounding space but which also remains effective within the object itself. This can be likened to an innovation which, while developed from the known and visible, opens up unknown possibilities beyond. Innovation is understood here as a dynamic which projects beyond the known into a new, future space.<\/p>\n<p>The names of the award winners engraved consecutively into the plate form an annually changing document of exceptional innovative achievement &#8211; that is, until there is no more space left for future engravings. When this happens the work is complete and becomes a historic testament to outstanding innovative achievement in German economy at the turn of the century.<\/p>\n<p><a href=\"https:\/\/berndfischer.com\/en\/wp-content\/uploads\/sites\/3\/2015\/08\/Bernd-Fischer-Innovationspreis.jpg\"><img loading=\"lazy\" decoding=\"async\" class=\"alignleft wp-image-4799 size-medium\" src=\"https:\/\/berndfischer.com\/en\/wp-content\/uploads\/sites\/3\/2015\/08\/Bernd-Fischer-Innovationspreis-335x220.jpg\" alt=\"28th Awards Ceremony in Alter Oper, Frankfurt \/Main, 2008; opening address by the President of Wirtschaftsclub Rhein-Main and initiator of the award\" width=\"335\" height=\"220\" srcset=\"https:\/\/berndfischer.com\/en\/wp-content\/uploads\/sites\/3\/2015\/08\/Bernd-Fischer-Innovationspreis-335x220.jpg 335w, https:\/\/berndfischer.com\/en\/wp-content\/uploads\/sites\/3\/2015\/08\/Bernd-Fischer-Innovationspreis.jpg 700w\" sizes=\"auto, (max-width: 335px) 100vw, 335px\" \/><\/a><\/p>\n<p><em>28th Awards Ceremony in Alter Oper, Frankfurt \/Main, 2008; opening address by the President of Wirtschaftsclub Rhein-Main and initiator of the award<\/em><\/p>\n","protected":false},"excerpt":{"rendered":"<p>Successively engraved carrier plate\u00a0made of brushed stainless steel, with added fine-ground steel elements H 55 x B 70 x T 4,3 cm Rhine-Main Business Club Assignment In 1979, at the &#8230;<\/p>\n","protected":false},"author":1,"featured_media":1814,"parent":37,"menu_order":219,"comment_status":"closed","ping_status":"closed","template":"","meta":{"_acf_changed":false,"footnotes":""},"class_list":["post-985","page","type-page","status-publish","has-post-thumbnail","hentry"],"acf":[],"yoast_head":"<!-- This site is optimized with the Yoast SEO plugin v26.9 - https:\/\/yoast.com\/product\/yoast-seo-wordpress\/ -->\n<title>The sculpture of the first Innovation Award world wide - Bernd Fischer EN<\/title>\n<meta name=\"robots\" content=\"index, follow, max-snippet:-1, max-image-preview:large, max-video-preview:-1\" \/>\n<link rel=\"canonical\" href=\"https:\/\/berndfischer.com\/en\/commissioned-works\/artworks-to-award-outstanding-achievement\/the-sculpture-of-the-first-innovation-award-world-wide\/\" \/>\n<meta property=\"og:locale\" content=\"en_GB\" \/>\n<meta property=\"og:type\" content=\"article\" \/>\n<meta property=\"og:title\" content=\"The sculpture of the first Innovation Award world wide - Bernd Fischer EN\" \/>\n<meta property=\"og:description\" content=\"Successively engraved carrier plate\u00a0made of brushed stainless steel, with added fine-ground steel elements H 55 x B 70 x T 4,3 cm Rhine-Main Business Club Assignment In 1979, at the ...\" \/>\n<meta property=\"og:url\" content=\"https:\/\/berndfischer.com\/en\/commissioned-works\/artworks-to-award-outstanding-achievement\/the-sculpture-of-the-first-innovation-award-world-wide\/\" \/>\n<meta property=\"og:site_name\" content=\"Bernd Fischer EN\" \/>\n<meta property=\"article:modified_time\" content=\"2017-11-09T09:11:28+00:00\" \/>\n<meta property=\"og:image\" content=\"https:\/\/berndfischer.com\/en\/wp-content\/uploads\/sites\/3\/2015\/08\/Thumb-Innovationspreis.jpg\" \/>\n\t<meta property=\"og:image:width\" content=\"130\" \/>\n\t<meta property=\"og:image:height\" content=\"130\" \/>\n\t<meta property=\"og:image:type\" content=\"image\/jpeg\" \/>\n<meta name=\"twitter:card\" content=\"summary_large_image\" \/>\n<meta name=\"twitter:label1\" content=\"Estimated reading time\" \/>\n\t<meta name=\"twitter:data1\" content=\"2 minutes\" \/>\n<script type=\"application\/ld+json\" class=\"yoast-schema-graph\">{\"@context\":\"https:\/\/schema.org\",\"@graph\":[{\"@type\":\"WebPage\",\"@id\":\"https:\/\/berndfischer.com\/en\/commissioned-works\/artworks-to-award-outstanding-achievement\/the-sculpture-of-the-first-innovation-award-world-wide\/\",\"url\":\"https:\/\/berndfischer.com\/en\/commissioned-works\/artworks-to-award-outstanding-achievement\/the-sculpture-of-the-first-innovation-award-world-wide\/\",\"name\":\"The sculpture of the first Innovation Award world wide - Bernd Fischer EN\",\"isPartOf\":{\"@id\":\"https:\/\/berndfischer.com\/en\/#website\"},\"primaryImageOfPage\":{\"@id\":\"https:\/\/berndfischer.com\/en\/commissioned-works\/artworks-to-award-outstanding-achievement\/the-sculpture-of-the-first-innovation-award-world-wide\/#primaryimage\"},\"image\":{\"@id\":\"https:\/\/berndfischer.com\/en\/commissioned-works\/artworks-to-award-outstanding-achievement\/the-sculpture-of-the-first-innovation-award-world-wide\/#primaryimage\"},\"thumbnailUrl\":\"https:\/\/berndfischer.com\/en\/wp-content\/uploads\/sites\/3\/2015\/08\/Thumb-Innovationspreis.jpg\",\"datePublished\":\"2015-08-04T08:48:09+00:00\",\"dateModified\":\"2017-11-09T09:11:28+00:00\",\"breadcrumb\":{\"@id\":\"https:\/\/berndfischer.com\/en\/commissioned-works\/artworks-to-award-outstanding-achievement\/the-sculpture-of-the-first-innovation-award-world-wide\/#breadcrumb\"},\"inLanguage\":\"en-GB\",\"potentialAction\":[{\"@type\":\"ReadAction\",\"target\":[\"https:\/\/berndfischer.com\/en\/commissioned-works\/artworks-to-award-outstanding-achievement\/the-sculpture-of-the-first-innovation-award-world-wide\/\"]}]},{\"@type\":\"ImageObject\",\"inLanguage\":\"en-GB\",\"@id\":\"https:\/\/berndfischer.com\/en\/commissioned-works\/artworks-to-award-outstanding-achievement\/the-sculpture-of-the-first-innovation-award-world-wide\/#primaryimage\",\"url\":\"https:\/\/berndfischer.com\/en\/wp-content\/uploads\/sites\/3\/2015\/08\/Thumb-Innovationspreis.jpg\",\"contentUrl\":\"https:\/\/berndfischer.com\/en\/wp-content\/uploads\/sites\/3\/2015\/08\/Thumb-Innovationspreis.jpg\",\"width\":130,\"height\":130,\"caption\":\"Innovationspreis der Deutschen Wirtschaft\"},{\"@type\":\"BreadcrumbList\",\"@id\":\"https:\/\/berndfischer.com\/en\/commissioned-works\/artworks-to-award-outstanding-achievement\/the-sculpture-of-the-first-innovation-award-world-wide\/#breadcrumb\",\"itemListElement\":[{\"@type\":\"ListItem\",\"position\":1,\"name\":\"Home\",\"item\":\"https:\/\/berndfischer.com\/en\/\"},{\"@type\":\"ListItem\",\"position\":2,\"name\":\"Commissioned works\",\"item\":\"https:\/\/berndfischer.com\/en\/commissioned-works\/\"},{\"@type\":\"ListItem\",\"position\":3,\"name\":\"Artworks to award outstanding achievement\",\"item\":\"https:\/\/berndfischer.com\/en\/commissioned-works\/artworks-to-award-outstanding-achievement\/\"},{\"@type\":\"ListItem\",\"position\":4,\"name\":\"The sculpture of the first Innovation Award world wide\"}]},{\"@type\":\"WebSite\",\"@id\":\"https:\/\/berndfischer.com\/en\/#website\",\"url\":\"https:\/\/berndfischer.com\/en\/\",\"name\":\"Bernd Fischer EN\",\"description\":\"Painted and printed colour\",\"potentialAction\":[{\"@type\":\"SearchAction\",\"target\":{\"@type\":\"EntryPoint\",\"urlTemplate\":\"https:\/\/berndfischer.com\/en\/?s={search_term_string}\"},\"query-input\":{\"@type\":\"PropertyValueSpecification\",\"valueRequired\":true,\"valueName\":\"search_term_string\"}}],\"inLanguage\":\"en-GB\"}]}<\/script>\n<!-- \/ Yoast SEO plugin. -->","yoast_head_json":{"title":"The sculpture of the first Innovation Award world wide - Bernd Fischer EN","robots":{"index":"index","follow":"follow","max-snippet":"max-snippet:-1","max-image-preview":"max-image-preview:large","max-video-preview":"max-video-preview:-1"},"canonical":"https:\/\/berndfischer.com\/en\/commissioned-works\/artworks-to-award-outstanding-achievement\/the-sculpture-of-the-first-innovation-award-world-wide\/","og_locale":"en_GB","og_type":"article","og_title":"The sculpture of the first Innovation Award world wide - Bernd Fischer EN","og_description":"Successively engraved carrier plate\u00a0made of brushed stainless steel, with added fine-ground steel elements H 55 x B 70 x T 4,3 cm Rhine-Main Business Club Assignment In 1979, at the ...","og_url":"https:\/\/berndfischer.com\/en\/commissioned-works\/artworks-to-award-outstanding-achievement\/the-sculpture-of-the-first-innovation-award-world-wide\/","og_site_name":"Bernd Fischer EN","article_modified_time":"2017-11-09T09:11:28+00:00","og_image":[{"width":130,"height":130,"url":"https:\/\/berndfischer.com\/en\/wp-content\/uploads\/sites\/3\/2015\/08\/Thumb-Innovationspreis.jpg","type":"image\/jpeg"}],"twitter_card":"summary_large_image","twitter_misc":{"Estimated reading time":"2 minutes"},"schema":{"@context":"https:\/\/schema.org","@graph":[{"@type":"WebPage","@id":"https:\/\/berndfischer.com\/en\/commissioned-works\/artworks-to-award-outstanding-achievement\/the-sculpture-of-the-first-innovation-award-world-wide\/","url":"https:\/\/berndfischer.com\/en\/commissioned-works\/artworks-to-award-outstanding-achievement\/the-sculpture-of-the-first-innovation-award-world-wide\/","name":"The sculpture of the first Innovation Award world wide - Bernd Fischer EN","isPartOf":{"@id":"https:\/\/berndfischer.com\/en\/#website"},"primaryImageOfPage":{"@id":"https:\/\/berndfischer.com\/en\/commissioned-works\/artworks-to-award-outstanding-achievement\/the-sculpture-of-the-first-innovation-award-world-wide\/#primaryimage"},"image":{"@id":"https:\/\/berndfischer.com\/en\/commissioned-works\/artworks-to-award-outstanding-achievement\/the-sculpture-of-the-first-innovation-award-world-wide\/#primaryimage"},"thumbnailUrl":"https:\/\/berndfischer.com\/en\/wp-content\/uploads\/sites\/3\/2015\/08\/Thumb-Innovationspreis.jpg","datePublished":"2015-08-04T08:48:09+00:00","dateModified":"2017-11-09T09:11:28+00:00","breadcrumb":{"@id":"https:\/\/berndfischer.com\/en\/commissioned-works\/artworks-to-award-outstanding-achievement\/the-sculpture-of-the-first-innovation-award-world-wide\/#breadcrumb"},"inLanguage":"en-GB","potentialAction":[{"@type":"ReadAction","target":["https:\/\/berndfischer.com\/en\/commissioned-works\/artworks-to-award-outstanding-achievement\/the-sculpture-of-the-first-innovation-award-world-wide\/"]}]},{"@type":"ImageObject","inLanguage":"en-GB","@id":"https:\/\/berndfischer.com\/en\/commissioned-works\/artworks-to-award-outstanding-achievement\/the-sculpture-of-the-first-innovation-award-world-wide\/#primaryimage","url":"https:\/\/berndfischer.com\/en\/wp-content\/uploads\/sites\/3\/2015\/08\/Thumb-Innovationspreis.jpg","contentUrl":"https:\/\/berndfischer.com\/en\/wp-content\/uploads\/sites\/3\/2015\/08\/Thumb-Innovationspreis.jpg","width":130,"height":130,"caption":"Innovationspreis der Deutschen Wirtschaft"},{"@type":"BreadcrumbList","@id":"https:\/\/berndfischer.com\/en\/commissioned-works\/artworks-to-award-outstanding-achievement\/the-sculpture-of-the-first-innovation-award-world-wide\/#breadcrumb","itemListElement":[{"@type":"ListItem","position":1,"name":"Home","item":"https:\/\/berndfischer.com\/en\/"},{"@type":"ListItem","position":2,"name":"Commissioned works","item":"https:\/\/berndfischer.com\/en\/commissioned-works\/"},{"@type":"ListItem","position":3,"name":"Artworks to award outstanding achievement","item":"https:\/\/berndfischer.com\/en\/commissioned-works\/artworks-to-award-outstanding-achievement\/"},{"@type":"ListItem","position":4,"name":"The sculpture of the first Innovation Award world wide"}]},{"@type":"WebSite","@id":"https:\/\/berndfischer.com\/en\/#website","url":"https:\/\/berndfischer.com\/en\/","name":"Bernd Fischer EN","description":"Painted and printed colour","potentialAction":[{"@type":"SearchAction","target":{"@type":"EntryPoint","urlTemplate":"https:\/\/berndfischer.com\/en\/?s={search_term_string}"},"query-input":{"@type":"PropertyValueSpecification","valueRequired":true,"valueName":"search_term_string"}}],"inLanguage":"en-GB"}]}},"_links":{"self":[{"href":"https:\/\/berndfischer.com\/en\/wp-json\/wp\/v2\/pages\/985","targetHints":{"allow":["GET"]}}],"collection":[{"href":"https:\/\/berndfischer.com\/en\/wp-json\/wp\/v2\/pages"}],"about":[{"href":"https:\/\/berndfischer.com\/en\/wp-json\/wp\/v2\/types\/page"}],"author":[{"embeddable":true,"href":"https:\/\/berndfischer.com\/en\/wp-json\/wp\/v2\/users\/1"}],"replies":[{"embeddable":true,"href":"https:\/\/berndfischer.com\/en\/wp-json\/wp\/v2\/comments?post=985"}],"version-history":[{"count":8,"href":"https:\/\/berndfischer.com\/en\/wp-json\/wp\/v2\/pages\/985\/revisions"}],"predecessor-version":[{"id":4918,"href":"https:\/\/berndfischer.com\/en\/wp-json\/wp\/v2\/pages\/985\/revisions\/4918"}],"up":[{"embeddable":true,"href":"https:\/\/berndfischer.com\/en\/wp-json\/wp\/v2\/pages\/37"}],"wp:featuredmedia":[{"embeddable":true,"href":"https:\/\/berndfischer.com\/en\/wp-json\/wp\/v2\/media\/1814"}],"wp:attachment":[{"href":"https:\/\/berndfischer.com\/en\/wp-json\/wp\/v2\/media?parent=985"}],"curies":[{"name":"wp","href":"https:\/\/api.w.org\/{rel}","templated":true}]}}